{"id":407,"date":"2023-06-29T21:18:31","date_gmt":"2023-06-29T19:18:31","guid":{"rendered":"http:\/\/orisha-ossain.com\/?post_type=product&#038;p=407"},"modified":"2026-03-11T14:16:23","modified_gmt":"2026-03-11T13:16:23","slug":"rape-murici","status":"publish","type":"product","link":"https:\/\/orisha-ossain.com\/fr\/product\/rape-murici\/","title":{"rendered":"Rap\u00e9 Murici"},"content":{"rendered":"<h2>Viol Murici<\/h2>\n<p>Ce puissant Rap\u00e9 est fabriqu\u00e9 avec les ashes de l'arbre sacr\u00e9 Murici (<em>Byrsonima Crassifolia<\/em>), m\u00e9lang\u00e9 de mani\u00e8re experte avec du M\u00f3i mapacho. Originaire de la tribu des Kaxinawa, ce tabac \u00e0 priser unique est d'une grande puissance et d\u00e9livre une vibration intens\u00e9ment claire et nette.<\/p>\n<p>Le peuple Kaxinawa attribue \u00e0 Murici une \u00e9nergie forte et distinctement f\u00e9minine, ce qui en fait un choix parfait pour ceux qui recherchent une purification et un alignement spirituels profonds. Son \u00e9nergie est cens\u00e9e agir sp\u00e9cifiquement sur les chakras sup\u00e9rieurs, facilitant une prise de conscience accrue et une connexion avec les domaines sup\u00e9rieurs de la conscience.<\/p>\n<p>Un m\u00e9lange parfait pour la m\u00e9ditation profonde, les pratiques spirituelles et les moments de transformation.<\/p>\n<figure id=\"attachment_165\" aria-describedby=\"caption-attachment-165\" style=\"width: 225px\" class=\"wp-caption aligncenter\"><a href=\"http:\/\/orisha-ossain.com\/wp-content\/uploads\/2023\/06\/Byrsonima-Crassifolia.jpg\"><img decoding=\"async\" class=\"wp-image-165 size-medium\" src=\"http:\/\/orisha-ossain.com\/wp-content\/uploads\/2023\/06\/Byrsonima-Crassifolia-225x300.jpg\" alt=\"Arbre Byrsonima Crassifolia avec des feuilles vertes, la barre est utilis\u00e9e pour le murici rap\u00e9\" width=\"225\" height=\"300\" srcset=\"https:\/\/orisha-ossain.com\/wp-content\/uploads\/2023\/06\/Byrsonima-Crassifolia-225x300.jpg 225w, https:\/\/orisha-ossain.com\/wp-content\/uploads\/2023\/06\/Byrsonima-Crassifolia-768x1024.jpg 768w, https:\/\/orisha-ossain.com\/wp-content\/uploads\/2023\/06\/Byrsonima-Crassifolia.jpg 800w\" sizes=\"(max-width: 225px) 100vw, 225px\" \/><\/a><figcaption id=\"caption-attachment-165\" class=\"wp-caption-text\">Byrsonima Crassifolia, Murici<\/figcaption><\/figure>\n<h2>Usage tribal<\/h2>\n<p>La tribu Kaxinawa utilise son Rap\u00e9 \u00e0 diff\u00e9rentes fins. Par exemple, il soulage les douleurs physiques et les maux de t\u00eate et nettoie les sinus. En outre, les Kaxinawas utilisent le Rap\u00e9 pour la gu\u00e9rison mentale, le plus souvent en combinaison avec des chants.<br \/>\nLe rap\u00e9 relie la tribu aux esprits de la jungle et, selon les ingr\u00e9dients sp\u00e9cifiques, il peut gu\u00e9rir, augmenter la concentration, am\u00e9liorer la chasse ou \u00eatre un lien avec l'esprit de la nature. Les Kaxinawa aiment exp\u00e9rimenter et utiliser un large \u00e9ventail d'ingr\u00e9dients pour leur rap\u00e9.<\/p>\n<p><a href=\"http:\/\/orisha-ossain.com\/wp-content\/uploads\/2024\/01\/99e1768fcbdd5819eb0fdb9e77374914.jpg\"><img decoding=\"async\" class=\"aligncenter wp-image-2589 size-full\" src=\"http:\/\/orisha-ossain.com\/wp-content\/uploads\/2024\/01\/99e1768fcbdd5819eb0fdb9e77374914.jpg\" alt=\"\" width=\"960\" height=\"640\" srcset=\"https:\/\/orisha-ossain.com\/wp-content\/uploads\/2024\/01\/99e1768fcbdd5819eb0fdb9e77374914.jpg 960w, https:\/\/orisha-ossain.com\/wp-content\/uploads\/2024\/01\/99e1768fcbdd5819eb0fdb9e77374914-300x200.jpg 300w, https:\/\/orisha-ossain.com\/wp-content\/uploads\/2024\/01\/99e1768fcbdd5819eb0fdb9e77374914-768x512.jpg 768w\" sizes=\"(max-width: 960px) 100vw, 960px\" \/><\/a><\/p>\n<ul>\n<li><\/li>\n<\/ul>","protected":false},"excerpt":{"rendered":"<p>Ce Murici rap\u00e9 provient de la tribu Kaxinawa. Pour fabriquer ce tabac \u00e0 priser, les ashes de l'arbre Murici (Byrsonima Crassifolia) sont m\u00e9lang\u00e9s \u00e0 du M\u00f3i mapacho. Ce m\u00e9lange de Rap\u00e9 a une force puissante, donnant une vibration tr\u00e8s nette et extr\u00eamement purifiante. Les Indiens Kaxinawa disent que le Murici poss\u00e8de une \u00e9nergie forte mais f\u00e9minine qui agit sp\u00e9cifiquement sur les chakras sup\u00e9rieurs.<\/p>","protected":false},"featured_media":35645,"template":"","meta":{"_seopress_robots_primary_cat":"none","_seopress_titles_title":"Rap\u00e9 Murici - Byrsonima Crassifolia - Orisha Ossain","_seopress_titles_desc":"This rap\u00e9 Murici on this page comes from the Kaxinawa tribe. To make this snuff the ashes of the Murici tree (Byrsonima Crassifolia) are mixed with","_seopress_robots_index":"","_kad_blocks_custom_css":"","_kad_blocks_head_custom_js":"","_kad_blocks_body_custom_js":"","_kad_blocks_footer_custom_js":"","_kad_post_transparent":"default","_kad_post_title":"","_kad_post_layout":"default","_kad_post_sidebar_id":"","_kad_post_content_style":"default","_kad_post_vertical_padding":"default","_kad_post_feature":"","_kad_post_feature_position":"","_kad_post_header":false,"_kad_post_footer":false,"_kad_post_classname":""},"product_brand":[],"product_cat":[50],"product_tag":[56],"class_list":{"0":"post-407","1":"product","2":"type-product","3":"status-publish","4":"has-post-thumbnail","6":"product_cat-rape","7":"product_tag-kaxinawa","9":"first","10":"instock","11":"taxable","12":"shipping-taxable","13":"purchasable","14":"product-type-variable","15":"entry","16":"content-bg","17":"loop-entry"},"taxonomy_info":{"product_cat":[{"value":50,"label":"Rap\u00e9"}],"product_tag":[{"value":56,"label":"Kaxinawa"}]},"featured_image_src_large":["https:\/\/orisha-ossain.com\/wp-content\/uploads\/2024\/11\/Murici_Orisha_Ossain.png",736,736,false],"author_info":[],"comment_info":"","_links":{"self":[{"href":"https:\/\/orisha-ossain.com\/fr\/wp-json\/wp\/v2\/product\/407","targetHints":{"allow":["GET"]}}],"collection":[{"href":"https:\/\/orisha-ossain.com\/fr\/wp-json\/wp\/v2\/product"}],"about":[{"href":"https:\/\/orisha-ossain.com\/fr\/wp-json\/wp\/v2\/types\/product"}],"wp:featuredmedia":[{"embeddable":true,"href":"https:\/\/orisha-ossain.com\/fr\/wp-json\/wp\/v2\/media\/35645"}],"wp:attachment":[{"href":"https:\/\/orisha-ossain.com\/fr\/wp-json\/wp\/v2\/media?parent=407"}],"wp:term":[{"taxonomy":"product_brand","embeddable":true,"href":"https:\/\/orisha-ossain.com\/fr\/wp-json\/wp\/v2\/product_brand?post=407"},{"taxonomy":"product_cat","embeddable":true,"href":"https:\/\/orisha-ossain.com\/fr\/wp-json\/wp\/v2\/product_cat?post=407"},{"taxonomy":"product_tag","embeddable":true,"href":"https:\/\/orisha-ossain.com\/fr\/wp-json\/wp\/v2\/product_tag?post=407"}],"curies":[{"name":"wp","href":"https:\/\/api.w.org\/{rel}","templated":true}]}}