{"id":3951,"date":"2024-09-20T14:08:15","date_gmt":"2024-09-20T12:08:15","guid":{"rendered":"http:\/\/orisha-ossain.com\/?post_type=product&#038;p=3951"},"modified":"2026-04-16T13:49:50","modified_gmt":"2026-04-16T11:49:50","slug":"kuripe-natural","status":"publish","type":"product","link":"https:\/\/orisha-ossain.com\/fr\/product\/kuripe-natural\/","title":{"rendered":"Kuripe Naturel"},"content":{"rendered":"<h1>Kuripe Naturel<\/h1>\n<p>Il s'agit d'un Kuripe tr\u00e8s naturel. Il s'agit simplement d'un morceau d'une branche d'arbre. Simple et beau.<\/p>\n<p><img decoding=\"async\" class=\"aligncenter wp-image-43441 size-full\" src=\"https:\/\/orisha-ossain.com\/wp-content\/uploads\/2025\/05\/nat0444.jpg\" alt=\"\" width=\"1955\" height=\"2025\" srcset=\"https:\/\/orisha-ossain.com\/wp-content\/uploads\/2025\/05\/nat0444.jpg 1955w, https:\/\/orisha-ossain.com\/wp-content\/uploads\/2025\/05\/nat0444-290x300.jpg 290w, https:\/\/orisha-ossain.com\/wp-content\/uploads\/2025\/05\/nat0444-989x1024.jpg 989w, https:\/\/orisha-ossain.com\/wp-content\/uploads\/2025\/05\/nat0444-768x795.jpg 768w, https:\/\/orisha-ossain.com\/wp-content\/uploads\/2025\/05\/nat0444-1483x1536.jpg 1483w, https:\/\/orisha-ossain.com\/wp-content\/uploads\/2025\/05\/nat0444-12x12.jpg 12w\" sizes=\"(max-width: 1955px) 100vw, 1955px\" \/><\/p>\n<p>&nbsp;<\/p>\n<p>&nbsp;<\/p>\n<p>&nbsp;<\/p>\n<figure id=\"attachment_1352\" aria-describedby=\"caption-attachment-1352\" style=\"width: 169px\" class=\"wp-caption alignright\"><a href=\"http:\/\/orisha-ossain.com\/wp-content\/uploads\/2023\/08\/paco-01.jpg\"><img decoding=\"async\" class=\"wp-image-1352 size-medium\" src=\"http:\/\/orisha-ossain.com\/wp-content\/uploads\/2023\/08\/paco-01-169x300.jpg\" alt=\"\" width=\"169\" height=\"300\" srcset=\"https:\/\/orisha-ossain.com\/wp-content\/uploads\/2023\/08\/paco-01-169x300.jpg 169w, https:\/\/orisha-ossain.com\/wp-content\/uploads\/2023\/08\/paco-01.jpg 517w\" sizes=\"(max-width: 169px) 100vw, 169px\" \/><\/a><figcaption id=\"caption-attachment-1352\" class=\"wp-caption-text\">Trois parties qui formeront un nouveau Kuripe<\/figcaption><\/figure>\n<h2>Artisanat<\/h2>\n<p>Le Tepi et le Kuripe que fabrique Paco ont tous un aspect tr\u00e8s organique. Toutes les pi\u00e8ces ont leur propre caract\u00e8re. Il utilise diverses techniques pour r\u00e9aliser des connexions tr\u00e8s nettes et solides entre les sections de ses instruments chamaniques. Un probl\u00e8me courant avec un Kuripe en forme de V est qu'une partie du tabac \u00e0 priser reste coinc\u00e9e dans le fond du V. La solution de Paco est de cr\u00e9er un fond \u00e0 l'int\u00e9rieur du Kuripe qui a une forme incurv\u00e9e. De cette fa\u00e7on, vous soufflerez toujours tout le tabac \u00e0 priser de votre sarbacane. Ses pi\u00e8ces sont tr\u00e8s puissantes. En g\u00e9n\u00e9ral, la force de soufflage de ses sarbacanes est assez \u00e9lev\u00e9e et assure une entr\u00e9e profonde dans le Rap\u00e9. Ce sont toutes des pi\u00e8ces de haute qualit\u00e9 qui dureront tr\u00e8s longtemps.<\/p>\n<p>&nbsp;<\/p>\n<p>&nbsp;<\/p>\n<figure id=\"attachment_1353\" aria-describedby=\"caption-attachment-1353\" style=\"width: 169px\" class=\"wp-caption alignleft\"><a href=\"http:\/\/orisha-ossain.com\/wp-content\/uploads\/2023\/08\/paco-02.jpg\"><img decoding=\"async\" class=\"size-medium wp-image-1353\" src=\"http:\/\/orisha-ossain.com\/wp-content\/uploads\/2023\/08\/paco-02-169x300.jpg\" alt=\"\" width=\"169\" height=\"300\" srcset=\"https:\/\/orisha-ossain.com\/wp-content\/uploads\/2023\/08\/paco-02-169x300.jpg 169w, https:\/\/orisha-ossain.com\/wp-content\/uploads\/2023\/08\/paco-02.jpg 520w\" sizes=\"(max-width: 169px) 100vw, 169px\" \/><\/a><figcaption id=\"caption-attachment-1353\" class=\"wp-caption-text\">Une corde de peau de ch\u00e8vre est attach\u00e9e<\/figcaption><\/figure>\n<h2>Remarquable !<\/h2>\n<p>Pendant la semaine que j'ai pass\u00e9e avec Paco, j'ai appr\u00e9ci\u00e9 le temps pass\u00e9 \u00e0 m'asseoir \u00e0 c\u00f4t\u00e9 de lui et \u00e0 l'observer pendant qu'il travaillait. Ensemble, nous avons cr\u00e9\u00e9 mon nouveau Kuripe personnel. J'ai beaucoup appr\u00e9ci\u00e9 le temps que nous avons pass\u00e9 ensemble. Pour aider un peu Paco, je lui ai achet\u00e9 de nouveaux outils de base, comme une lime \u00e0 bois et une r\u00e2pe. Certains de ses outils \u00e9taient trop vieux et le ralentissaient beaucoup. Paco utilise diff\u00e9rents types de bois. Du pin local au bois de cannelle en passant par un bois amazonien appel\u00e9 \"Roxinho\". Toutes les pi\u00e8ces ont un aspect et une fr\u00e9quence uniques. Le haut niveau d'artisanat rend ses pi\u00e8ces exceptionnelles.  Simple, organique, beau et puissant sont quelques mots qui expriment ce que je ressens en regardant et en tenant son art.<\/p>\n<p>&nbsp;<\/p>\n<p>&nbsp;<\/p>\n<figure id=\"attachment_1354\" aria-describedby=\"caption-attachment-1354\" style=\"width: 170px\" class=\"wp-caption alignright\"><a href=\"http:\/\/orisha-ossain.com\/wp-content\/uploads\/2023\/08\/paco-03.jpg\"><img decoding=\"async\" class=\"wp-image-1354 size-medium\" src=\"http:\/\/orisha-ossain.com\/wp-content\/uploads\/2023\/08\/paco-03-170x300.jpg\" alt=\"\" width=\"170\" height=\"300\" srcset=\"https:\/\/orisha-ossain.com\/wp-content\/uploads\/2023\/08\/paco-03-170x300.jpg 170w, https:\/\/orisha-ossain.com\/wp-content\/uploads\/2023\/08\/paco-03.jpg 520w\" sizes=\"(max-width: 170px) 100vw, 170px\" \/><\/a><figcaption id=\"caption-attachment-1354\" class=\"wp-caption-text\">Inspection finale<\/figcaption><\/figure>\n<h2>Sur mesure<\/h2>\n<p>Paco travaillait comme m\u00e9canicien automobile, mais il s'est senti appel\u00e9 \u00e0 changer compl\u00e8tement de vie. Vivant \u00e0 la campagne avec sa merveilleuse femme et sa fille, il a r\u00e9ussi \u00e0 trouver un autre moyen de subvenir aux besoins de sa famille. Son seul revenu provient de ses \u0153uvres d'art, ce qui ne veut pas dire qu'il produit \u00e0 la cha\u00eene. Paco aime les contacts personnels. Il aime \u00e9tablir une relation \u00e9troite avec ses clients afin de pouvoir traduire leur \u00e9nergie et leurs souhaits dans l'\u0153uvre qu'il va r\u00e9aliser. Si vous avez des souhaits sp\u00e9cifiques pour un Tepi ou un Kuripe que vous aimeriez faire r\u00e9aliser par lui, n'h\u00e9sitez pas \u00e0 me contacter.<\/p>\n<figure id=\"attachment_1359\" aria-describedby=\"caption-attachment-1359\" style=\"width: 300px\" class=\"wp-caption aligncenter\"><a href=\"http:\/\/orisha-ossain.com\/wp-content\/uploads\/2023\/08\/P-A-e1582819785384.jpeg\"><img decoding=\"async\" class=\"wp-image-1359 size-medium\" src=\"http:\/\/orisha-ossain.com\/wp-content\/uploads\/2023\/08\/P-A-e1582819785384-300x225.jpeg\" alt=\"\" width=\"300\" height=\"225\" srcset=\"https:\/\/orisha-ossain.com\/wp-content\/uploads\/2023\/08\/P-A-e1582819785384-300x225.jpeg 300w, https:\/\/orisha-ossain.com\/wp-content\/uploads\/2023\/08\/P-A-e1582819785384-1024x768.jpeg 1024w, https:\/\/orisha-ossain.com\/wp-content\/uploads\/2023\/08\/P-A-e1582819785384-768x576.jpeg 768w, https:\/\/orisha-ossain.com\/wp-content\/uploads\/2023\/08\/P-A-e1582819785384-1536x1152.jpeg 1536w, https:\/\/orisha-ossain.com\/wp-content\/uploads\/2023\/08\/P-A-e1582819785384.jpeg 1600w\" sizes=\"(max-width: 300px) 100vw, 300px\" \/><\/a><figcaption id=\"caption-attachment-1359\" class=\"wp-caption-text\">Paco et moi<\/figcaption><\/figure>\n<h2 style=\"text-align: center;\"><a href=\"http:\/\/orisha-ossain.com\/fr\/product-category\/tepi\/\">Tepi<\/a> et Kuripe<span style=\"font-size: 16px;\">\u00a0<\/span><\/h2>\n<p style=\"text-align: center;\">Jetez un coup d'\u0153il \u00e0 la collection de Tepi et Kuripe. Diff\u00e9rents styles de diff\u00e9rents artistes sont disponibles. <a style=\"font-weight: bold; font-family: var(--global-body-font-family);\" href=\"http:\/\/orisha-ossain.com\/wp-content\/uploads\/2023\/06\/Tepi-Blessings.jpg\"><img decoding=\"async\" class=\"wp-image-55 size-medium aligncenter\" src=\"http:\/\/orisha-ossain.com\/wp-content\/uploads\/2023\/06\/Tepi-Blessings-300x199.jpg\" alt=\"Tepis recevant les b\u00e9n\u00e9dictions de leurs cr\u00e9ateurs\" width=\"300\" height=\"199\" srcset=\"https:\/\/orisha-ossain.com\/wp-content\/uploads\/2023\/06\/Tepi-Blessings-300x199.jpg 300w, https:\/\/orisha-ossain.com\/wp-content\/uploads\/2023\/06\/Tepi-Blessings.jpg 640w\" sizes=\"(max-width: 300px) 100vw, 300px\" \/><\/a><span style=\"font-size: 14px; font-family: var(--global-body-font-family);\">Tepis recevant les b\u00e9n\u00e9dictions de leurs cr\u00e9ateurs<\/span><\/p>","protected":false},"excerpt":{"rendered":"<p>Mon ami Paco a parcouru la for\u00eat atlantique br\u00e9silienne \u00e0 la recherche de branches en forme de V avec le bon angle pour un kuripe. Avec un peu de nettoyage et de per\u00e7age de pr\u00e9cision, le r\u00e9sultat est tr\u00e8s naturel et propre.<\/p>\n<p>Bois d'oranger<\/p>","protected":false},"featured_media":43440,"template":"","meta":{"_seopress_robots_primary_cat":"none","_seopress_titles_title":"Kuripe Natural - Made From Orange Tree Wood","_seopress_titles_desc":"","_seopress_robots_index":"","_kad_blocks_custom_css":"","_kad_blocks_head_custom_js":"","_kad_blocks_body_custom_js":"","_kad_blocks_footer_custom_js":"","_kad_post_transparent":"default","_kad_post_title":"","_kad_post_layout":"default","_kad_post_sidebar_id":"","_kad_post_content_style":"default","_kad_post_vertical_padding":"default","_kad_post_feature":"","_kad_post_feature_position":"","_kad_post_header":false,"_kad_post_footer":false,"_kad_post_classname":""},"product_brand":[],"product_cat":[67],"product_tag":[75],"class_list":{"0":"post-3951","1":"product","2":"type-product","3":"status-publish","4":"has-post-thumbnail","6":"product_cat-kuripe","7":"product_tag-kuripe","9":"first","10":"outofstock","11":"taxable","12":"shipping-taxable","13":"purchasable","14":"product-type-simple","15":"entry","16":"content-bg","17":"loop-entry"},"taxonomy_info":{"product_cat":[{"value":67,"label":"Kuripe"}],"product_tag":[{"value":75,"label":"Kuripe"}]},"featured_image_src_large":["https:\/\/orisha-ossain.com\/wp-content\/uploads\/2025\/05\/nat044-1024x1024.jpg",1024,1024,true],"author_info":[],"comment_info":"","_links":{"self":[{"href":"https:\/\/orisha-ossain.com\/fr\/wp-json\/wp\/v2\/product\/3951","targetHints":{"allow":["GET"]}}],"collection":[{"href":"https:\/\/orisha-ossain.com\/fr\/wp-json\/wp\/v2\/product"}],"about":[{"href":"https:\/\/orisha-ossain.com\/fr\/wp-json\/wp\/v2\/types\/product"}],"wp:featuredmedia":[{"embeddable":true,"href":"https:\/\/orisha-ossain.com\/fr\/wp-json\/wp\/v2\/media\/43440"}],"wp:attachment":[{"href":"https:\/\/orisha-ossain.com\/fr\/wp-json\/wp\/v2\/media?parent=3951"}],"wp:term":[{"taxonomy":"product_brand","embeddable":true,"href":"https:\/\/orisha-ossain.com\/fr\/wp-json\/wp\/v2\/product_brand?post=3951"},{"taxonomy":"product_cat","embeddable":true,"href":"https:\/\/orisha-ossain.com\/fr\/wp-json\/wp\/v2\/product_cat?post=3951"},{"taxonomy":"product_tag","embeddable":true,"href":"https:\/\/orisha-ossain.com\/fr\/wp-json\/wp\/v2\/product_tag?post=3951"}],"curies":[{"name":"wp","href":"https:\/\/api.w.org\/{rel}","templated":true}]}}