{"id":39302,"date":"2025-02-02T14:31:54","date_gmt":"2025-02-02T13:31:54","guid":{"rendered":"https:\/\/orisha-ossain.com\/?post_type=product&#038;p=39302"},"modified":"2026-04-18T17:18:17","modified_gmt":"2026-04-18T15:18:17","slug":"rape-bobinsana","status":"publish","type":"product","link":"https:\/\/orisha-ossain.com\/fr\/product\/rape-bobinsana\/","title":{"rendered":"Rap\u00e9 Bobinsana"},"content":{"rendered":"<h2>Rap\u00e9 Bobinsana - Un m\u00e9lange sacr\u00e9 pour l'ouverture du c\u0153ur et la clart\u00e9 spirituelle<\/h2>\n<p>Le Rap\u00e9 Bobinsana est connu pour ses effets doux mais profonds sur le mental, le c\u0153ur et l'esprit. \u00c0 la demande de mes pr\u00e9cieux clients, ce m\u00e9lange sp\u00e9cial a \u00e9t\u00e9 ajout\u00e9 \u00e0 la collection, offrant une exp\u00e9rience profond\u00e9ment enrichissante enracin\u00e9e dans les anciennes traditions amazoniennes.<\/p>\n<h2>Qu'est-ce qui rend Rap\u00e9 Bobinsana unique ?<\/h2>\n<p>Ce m\u00e9lange sp\u00e9cial rap\u00e9 associe les propri\u00e9t\u00e9s de mise \u00e0 la terre du Mapacho (Nicotiana rustica) finement pulv\u00e9ris\u00e9 \u00e0 l'essence de Bobinsana qui ouvre le c\u0153ur et au pouvoir purificateur des ashes sacr\u00e9s, ce qui donne un m\u00e9lange \u00e9quilibr\u00e9 et puissant con\u00e7u pour la gu\u00e9rison personnelle et l'usage c\u00e9r\u00e9moniel.<\/p>\n<ul>\n<li>Favorise l'ouverture d'esprit, l'empathie et la lib\u00e9ration des \u00e9motions<\/li>\n<li>Renforce l'ancrage spirituel et la connexion \u00e0 la nature<\/li>\n<li>Favorise la gu\u00e9rison \u00e9motionnelle, en particulier pendant les p\u00e9riodes de deuil et de perte.<\/li>\n<li>Favorise les r\u00eaves lucides et les exp\u00e9riences visionnaires<\/li>\n<li>\u00c9limine le brouillard mental, am\u00e9liore la clart\u00e9, la concentration et l'attention.<\/li>\n<\/ul>\n<h3>Les origines de Bobinsana dans les pratiques chamaniques<\/h3>\n<p>Le Bobinsana (Calliandra angustifolia) est utilis\u00e9 depuis des si\u00e8cles dans diverses c\u00e9r\u00e9monies chamaniques en Am\u00e9rique du Sud, en particulier dans le bassin amazonien. Consid\u00e9r\u00e9 comme une plante enseignante sacr\u00e9e, le Bobinsana est traditionnellement utilis\u00e9 pour favoriser l'ouverture d'esprit, la gu\u00e9rison \u00e9motionnelle et une forte connexion avec la nature. Les chamans int\u00e8grent souvent le bobinsana \u00e0 leur r\u00e9gime alimentaire et \u00e0 leurs rituels afin d'am\u00e9liorer leurs visions spirituelles, d'approfondir leurs \u00e9tats m\u00e9ditatifs et de favoriser l'empathie et la compassion.<\/p>\n<h4>Un alli\u00e9 v\u00e9g\u00e9tal doux et puissant<\/h4>\n<p>Le Bobinsana est souvent consid\u00e9r\u00e9 comme une \"plante enseignante\", v\u00e9n\u00e9r\u00e9e pour sa capacit\u00e9 \u00e0 guider les utilisateurs dans leurs voyages \u00e9motionnels et spirituels. Sa nature douce convient \u00e0 ceux qui recherchent du r\u00e9confort pendant les p\u00e9riodes de d\u00e9tresse \u00e9motionnelle, tandis que ses propri\u00e9t\u00e9s visionnaires offrent un outil profond pour l'exploration int\u00e9rieure et la d\u00e9couverte de soi.<\/p>\n<h4>Fabriqu\u00e9 \u00e0 la main avec tradition et respect<\/h4>\n<p>Mon Rap\u00e9 Bobinsana est soigneusement fabriqu\u00e9 par des artisans indig\u00e8nes qui suivent des m\u00e9thodes ancestrales pour garantir la plus haute qualit\u00e9. Chaque lot est fabriqu\u00e9 avec intention, respect et une profonde compr\u00e9hension des plantes sacr\u00e9es utilis\u00e9es, pour vous offrir un produit qui honore l'h\u00e9ritage amazonien et l'esprit de Bobinsana.<\/p>\n<h4>Parfait pour les c\u00e9r\u00e9monies et l'usage personnel<\/h4>\n<p>Qu'il s'agisse de c\u00e9r\u00e9monies chamaniques, de m\u00e9ditation ou simplement de la recherche d'une connexion plus profonde avec son moi int\u00e9rieur, Rap\u00e9 Bobinsana offre une voie vers l'\u00e9quilibre \u00e9motionnel, la clart\u00e9 spirituelle et une compassion sinc\u00e8re.<\/p>\n<figure id=\"attachment_40027\" aria-describedby=\"caption-attachment-40027\" style=\"width: 375px\" class=\"wp-caption aligncenter\"><img decoding=\"async\" class=\"wp-image-40027 size-full\" src=\"https:\/\/orisha-ossain.com\/wp-content\/uploads\/2025\/02\/Calliandra-angustifolia.jpg\" alt=\"Calliandra angustifolia, plante \u00e9galement appel\u00e9e bobinsana, les feuilles en poudre sont utilis\u00e9es pour rap\u00e9 bobinsana\" width=\"375\" height=\"500\" srcset=\"https:\/\/orisha-ossain.com\/wp-content\/uploads\/2025\/02\/Calliandra-angustifolia.jpg 375w, https:\/\/orisha-ossain.com\/wp-content\/uploads\/2025\/02\/Calliandra-angustifolia-225x300.jpg 225w, https:\/\/orisha-ossain.com\/wp-content\/uploads\/2025\/02\/Calliandra-angustifolia-9x12.jpg 9w\" sizes=\"(max-width: 375px) 100vw, 375px\" \/><figcaption id=\"caption-attachment-40027\" class=\"wp-caption-text\">Bobinsana, Calliandra angustifolia<\/figcaption><\/figure>\n<h4>A propos du Bobinsana (Calliandra angustifolia)<\/h4>\n<p>Le Bobinsana est traditionnellement consid\u00e9r\u00e9 comme un stimulant doux, connu pour favoriser l'ouverture d'esprit, l'empathie, la compassion et une connexion profonde avec la nature. Il offre un puissant ancrage spirituel et peut favoriser les r\u00eaves lucides, color\u00e9s et visionnaires.<br \/>\nV\u00e9n\u00e9r\u00e9 en tant que \"professeur de plantes\", le Bobinsana aide les chamans \u00e0 entrer en contact avec les esprits des plantes, les guidant sur la voie de la sagesse et de l'apprentissage spirituel. Cette plante sacr\u00e9e est appr\u00e9ci\u00e9e pour ses effets \u00e0 la fois doux et profonds, qui favorisent la clart\u00e9, la concentration et la gu\u00e9rison \u00e9motionnelle. Elle est particuli\u00e8rement utile \u00e0 ceux qui traversent une crise cardiaque, un deuil ou une perte, car elle apporte r\u00e9confort et compassion \u00e0 l'\u00e2me.<\/p>","protected":false},"excerpt":{"rendered":"<p>Le Rap\u00e9 Bobinsana existe depuis un certain temps. C'est le dernier ajout \u00e0 la collection. L'herbe Bobinsana est bien connue dans diverses pratiques chamaniques mais n'a jamais \u00e9t\u00e9 utilis\u00e9e pour le rap\u00e9 par les chamans indiens. C'est donc un tabac \u00e0 priser fabriqu\u00e9 par des caboclos qui ont choisi d'en faire ce merveilleux rap\u00e9.<\/p>\n<p>Ce rap\u00e9 qui ouvre le c\u0153ur est fabriqu\u00e9 avec.<\/p>\n<ul>\n<li>Arapiraca Mapacho<\/li>\n<li>Tsunu ash<\/li>\n<li>Bobinsana (Calliandra angustifolia)<\/li>\n<\/ul>","protected":false},"featured_media":37205,"template":"","meta":{"_seopress_robots_primary_cat":"none","_seopress_titles_title":"%%post_title%% - Calliandra Angustifolia - Heart Opening Snuff","_seopress_titles_desc":"Rap\u00e9 Bobinsana has been around for a while. It's the latest addition to the collection. The Bobinsana herb is well known in various shamanic practices.","_seopress_robots_index":"","_kad_blocks_custom_css":"","_kad_blocks_head_custom_js":"","_kad_blocks_body_custom_js":"","_kad_blocks_footer_custom_js":"","_kad_post_transparent":"default","_kad_post_title":"","_kad_post_layout":"default","_kad_post_sidebar_id":"","_kad_post_content_style":"default","_kad_post_vertical_padding":"default","_kad_post_feature":"","_kad_post_feature_position":"","_kad_post_header":false,"_kad_post_footer":false,"_kad_post_classname":""},"product_brand":[],"product_cat":[50],"product_tag":[54],"class_list":{"0":"post-39302","1":"product","2":"type-product","3":"status-publish","4":"has-post-thumbnail","6":"product_cat-rape","7":"product_tag-caboclo","9":"first","10":"instock","11":"taxable","12":"shipping-taxable","13":"purchasable","14":"product-type-variable","15":"entry","16":"content-bg","17":"loop-entry"},"taxonomy_info":{"product_cat":[{"value":50,"label":"Rap\u00e9"}],"product_tag":[{"value":54,"label":"Caboclo"}]},"featured_image_src_large":["https:\/\/orisha-ossain.com\/wp-content\/uploads\/2024\/12\/Bobinsana_Orisha_Ossain.png",736,736,false],"author_info":[],"comment_info":"","_links":{"self":[{"href":"https:\/\/orisha-ossain.com\/fr\/wp-json\/wp\/v2\/product\/39302","targetHints":{"allow":["GET"]}}],"collection":[{"href":"https:\/\/orisha-ossain.com\/fr\/wp-json\/wp\/v2\/product"}],"about":[{"href":"https:\/\/orisha-ossain.com\/fr\/wp-json\/wp\/v2\/types\/product"}],"wp:featuredmedia":[{"embeddable":true,"href":"https:\/\/orisha-ossain.com\/fr\/wp-json\/wp\/v2\/media\/37205"}],"wp:attachment":[{"href":"https:\/\/orisha-ossain.com\/fr\/wp-json\/wp\/v2\/media?parent=39302"}],"wp:term":[{"taxonomy":"product_brand","embeddable":true,"href":"https:\/\/orisha-ossain.com\/fr\/wp-json\/wp\/v2\/product_brand?post=39302"},{"taxonomy":"product_cat","embeddable":true,"href":"https:\/\/orisha-ossain.com\/fr\/wp-json\/wp\/v2\/product_cat?post=39302"},{"taxonomy":"product_tag","embeddable":true,"href":"https:\/\/orisha-ossain.com\/fr\/wp-json\/wp\/v2\/product_tag?post=39302"}],"curies":[{"name":"wp","href":"https:\/\/api.w.org\/{rel}","templated":true}]}}