{"id":388,"date":"2023-06-29T20:49:32","date_gmt":"2023-06-29T18:49:32","guid":{"rendered":"http:\/\/orisha-ossain.com\/?post_type=product&#038;p=388"},"modified":"2026-02-12T09:19:19","modified_gmt":"2026-02-12T08:19:19","slug":"kambo-sticks","status":"publish","type":"product","link":"https:\/\/orisha-ossain.com\/fr\/product\/kambo-sticks\/","title":{"rendered":"B\u00e2tons de Kamb\u00f4"},"content":{"rendered":"<h2><span style=\"font-size: 12pt;\">B\u00e2tons de Kamb\u00f4<\/span><\/h2>\n<p>B\u00e2tons de Kamb\u00f4 double face de la tribu des Matses. Ces b\u00e2tonnets Kamb\u00f4 contiennent chacun environ 120\/150 points de s\u00e9cr\u00e9tion de grenouille Phyllomedusa Bicolor. Les b\u00e2tonnets proviennent directement de la tribu des Matses du P\u00e9rou, dans la r\u00e9gion de l'Amazonie. Je propose une seule taille de b\u00e2tonnets de Kamb\u00f4.<\/p>\n<p>Les b\u00e2tons de Kamb\u00f4 sont fabriqu\u00e9s \u00e0 la main par le peuple indig\u00e8ne des Matses. Le nombre de pointes, l'\u00e9paisseur de la m\u00e9decine et la taille varient donc d'un b\u00e2ton \u00e0 l'autre et d'un lot \u00e0 l'autre. Les dimensions du b\u00e2ton sont d'environ 12,5 cm sur 2,5 cm.<\/p>\n<p><img decoding=\"async\" class=\"aligncenter wp-image-53020 size-thumbnail\" src=\"https:\/\/orisha-ossain.com\/wp-content\/uploads\/2026\/02\/kabost-300x300.jpg\" alt=\"\" width=\"300\" height=\"300\" srcset=\"https:\/\/orisha-ossain.com\/wp-content\/uploads\/2026\/02\/kabost-300x300.jpg 300w, https:\/\/orisha-ossain.com\/wp-content\/uploads\/2026\/02\/kabost-12x12.jpg 12w, https:\/\/orisha-ossain.com\/wp-content\/uploads\/2026\/02\/kabost-75x75.jpg 75w, https:\/\/orisha-ossain.com\/wp-content\/uploads\/2026\/02\/kabost-465x465.jpg 465w, https:\/\/orisha-ossain.com\/wp-content\/uploads\/2026\/02\/kabost-100x100.jpg 100w\" sizes=\"(max-width: 300px) 100vw, 300px\" \/><\/p>\n<p>Chaque b\u00e2ton de m\u00e9decine Kamb\u00f4 est accompagn\u00e9 d'un ou de plusieurs b\u00e2tons \u00e0 br\u00fbler pour br\u00fbler les points. Il s'agit de b\u00e2tons traditionnels que la tribu p\u00e9ruvienne des Matses utilise pour br\u00fbler les points appel\u00e9s \"Tambshi\".<\/p>\n<figure id=\"attachment_256\" aria-describedby=\"caption-attachment-256\" style=\"width: 300px\" class=\"wp-caption aligncenter\"><a href=\"http:\/\/orisha-ossain.com\/wp-content\/uploads\/2023\/06\/KamboSapoPhyllomedusaBicolor.jpg\"><img decoding=\"async\" class=\"wp-image-256 size-medium\" src=\"https:\/\/orisha-ossain.com\/wp-content\/uploads\/2023\/06\/KamboSapoPhyllomedusaBicolor-300x200.jpg\" alt=\"2 Kambo Sapo Phyllomedusa Bicolor assis sur une branche, b\u00e2tons de kambo\" width=\"300\" height=\"200\" srcset=\"https:\/\/orisha-ossain.com\/wp-content\/uploads\/2023\/06\/KamboSapoPhyllomedusaBicolor-300x200.jpg 300w, https:\/\/orisha-ossain.com\/wp-content\/uploads\/2023\/06\/KamboSapoPhyllomedusaBicolor.jpg 600w\" sizes=\"(max-width: 300px) 100vw, 300px\" \/><\/a><figcaption id=\"caption-attachment-256\" class=\"wp-caption-text\">Sapo Phyllomedusa Bicolor<\/figcaption><\/figure>\n<h2><span style=\"font-size: 12pt;\">\u00c0 propos de Kamb\u00f4<\/span><\/h2>\n<p>Le kamb\u00f4 est une s\u00e9cr\u00e9tion de la grenouille singe g\u00e9ante, \u00e9galement connue sous le nom de Phyllomedusa bicolor. Ces b\u00e2tons de Kambo proviennent directement de la tribu indig\u00e8ne des Matses du P\u00e9rou, dans la jungle amazonienne. Au P\u00e9rou, les Matses donnent deux noms \u00e0 ce rem\u00e8de : \"Sapo\" et \"Acat\u00e9\". Au Br\u00e9sil, il est commun\u00e9ment appel\u00e9 \"Kamb\u00f4\".<\/p>\n<p><a href=\"http:\/\/orisha-ossain.com\/wp-content\/uploads\/2023\/06\/kambo-trippy-1.jpg\"><img decoding=\"async\" class=\"alignright wp-image-257 size-medium\" src=\"https:\/\/orisha-ossain.com\/wp-content\/uploads\/2023\/06\/kambo-trippy-1-300x198.jpg\" alt=\"grenouille kambo, b\u00e2tons kambo\" width=\"300\" height=\"198\" srcset=\"https:\/\/orisha-ossain.com\/wp-content\/uploads\/2023\/06\/kambo-trippy-1-300x198.jpg 300w, https:\/\/orisha-ossain.com\/wp-content\/uploads\/2023\/06\/kambo-trippy-1.jpg 600w\" sizes=\"(max-width: 300px) 100vw, 300px\" \/><\/a><\/p>\n<p>&nbsp;<\/p>\n<h2><span style=\"font-size: 12pt;\">Phyllomedusa bicolor &amp; habitat<\/span><\/h2>\n<p><em>Phyllomedusa bicolor<\/em> est une grenouille arboricole amicale et nocturne qui vit dans les arbres de la for\u00eat amazonienne. Les m\u00e2les peuvent atteindre 91-103 mm de long, tandis que les femelles mesurent 111-119 mm. Le dos de la grenouille est vert fonc\u00e9 et le ventre est blanc-jaune clair ou cr\u00e8me. Deux grandes glandes pro\u00e9minentes s'\u00e9tendent derri\u00e8re les yeux.<\/p>\n<p>La grenouille est toujours indemne pendant le processus d'extraction des s\u00e9cr\u00e9tions et n'est que l\u00e9g\u00e8rement stress\u00e9e pendant une tr\u00e8s courte p\u00e9riode. En g\u00e9n\u00e9ral, les indig\u00e8nes consid\u00e8rent qu'il est extr\u00eamement mal vu de blesser la grenouille de quelque mani\u00e8re que ce soit, car cela pourrait offenser les esprits animaux de la jungle et entra\u00eener des malheurs.<\/p>\n<p>Ces grenouilles vivent dans les parties les plus profondes de la for\u00eat amazonienne, dans des pays tels que l'Allemagne, l'Autriche, la France, l'Italie, l'Espagne, l'Italie et le Royaume-Uni.<\/p>\n<ul>\n<li><span style=\"font-size: 12pt;\">Bolivie<\/span><\/li>\n<li><span style=\"font-size: 12pt;\">Br\u00e9sil<\/span><\/li>\n<li><span style=\"font-size: 12pt;\">Colombie<\/span><\/li>\n<li><span style=\"font-size: 12pt;\">P\u00e9rou<\/span><\/li>\n<li><span style=\"font-size: 12pt;\">Guyane fran\u00e7aise<\/span><\/li>\n<li><span style=\"font-size: 12pt;\">Suriname<br \/>\n<\/span><\/li>\n<li><span style=\"font-size: 12pt;\">Venezuela<\/span><\/li>\n<\/ul>\n<h2><span style=\"font-size: 12pt;\">Les bienfaits du Kamb\u00f4<\/span><\/h2>\n<p>Le kamb\u00f4 est utilis\u00e9 depuis longtemps par diverses tribus indig\u00e8nes de la jungle amazonienne. Ils utilisent ce m\u00e9dicament sacr\u00e9 pour renforcer leur syst\u00e8me immunitaire et am\u00e9liorer leurs comp\u00e9tences de chasseur, en aiguisant leurs facult\u00e9s de perception et leur conscience lors de la chasse dans la jungle amazonienne.<\/p>\n<p>Une autre fonction traditionnelle du Kamb\u00f4 est de lever le \"panema\". Il s'agit de la malchance, de la d\u00e9pression, de la paresse, de la tristesse ou des influences \u00e9nerg\u00e9tiques n\u00e9gatives qui attirent les difficult\u00e9s et les maladies.<\/p>\n<h2><span style=\"font-size: 12pt;\">Mythologie du Kamb\u00f4\u00a0<\/span><\/h2>\n<p>Selon une l\u00e9gende Kaxinaw\u00e1 (Huni Kuin - une tribu indig\u00e8ne du Br\u00e9sil), les indig\u00e8nes du village \u00e9taient tr\u00e8s malades et le chaman Kampu avait fait tout ce qui \u00e9tait possible pour les gu\u00e9rir. Il avait essay\u00e9 toutes les herbes m\u00e9dicinales qu'il connaissait, mais aucune n'avait pu soulager l'agonie de son peuple.<\/p>\n<p>Le chaman Kampu entra alors dans la for\u00eat et, sous l'effet de l'ayahuasca, re\u00e7ut la visite du grand Dieu. Celui-ci apporta dans ses mains une grenouille, dont il pr\u00e9leva une s\u00e9cr\u00e9tion blanche, et lui enseigna comment l'appliquer.<\/p>\n<p>En retournant dans sa tribu et en suivant les directives qu'il avait re\u00e7ues, le chaman Kampu a pu gu\u00e9rir sa communaut\u00e9. Apr\u00e8s sa mort, l'esprit de Kampu a commenc\u00e9 \u00e0 vivre dans la grenouille et les indig\u00e8nes ont commenc\u00e9 \u00e0 utiliser sa s\u00e9cr\u00e9tion pour rester actifs et en bonne sant\u00e9.<\/p>\n<p><a href=\"http:\/\/orisha-ossain.com\/wp-content\/uploads\/2023\/06\/kambo-stick-dots.jpeg\"><img decoding=\"async\" class=\"aligncenter wp-image-391 size-medium\" src=\"https:\/\/orisha-ossain.com\/wp-content\/uploads\/2023\/06\/kambo-stick-dots-293x300.jpeg\" alt=\"S\u00e9cr\u00e9tion de grenouille Kamb\u00f4 pr\u00eate \u00e0 l&#039;emploi, b\u00e2tonnets de kambo\" width=\"293\" height=\"300\" srcset=\"https:\/\/orisha-ossain.com\/wp-content\/uploads\/2023\/06\/kambo-stick-dots-293x300.jpeg 293w, https:\/\/orisha-ossain.com\/wp-content\/uploads\/2023\/06\/kambo-stick-dots.jpeg 600w\" sizes=\"(max-width: 293px) 100vw, 293px\" \/><\/a><\/p>\n<h2><span style=\"font-size: 12pt;\">Chimie des peptides Kamb\u00f4<\/span><\/h2>\n<p>Le Kamb\u00f4 contient de nombreux peptides bioactifs. Ces peptides contribuent \u00e0 la gu\u00e9rison et \u00e0 la purification en profondeur de nombreux maux et affections. Vous trouverez ci-dessous un r\u00e9sum\u00e9 des diff\u00e9rents peptides contenus dans le Kamb\u00f4.<\/p>\n<ul>\n<li>Phyllom\u00e9dusine<\/li>\n<li>Phyllokinin<\/li>\n<li>Phylloaerulein<\/li>\n<li>Dermorphine<\/li>\n<li>Deltorphine<\/li>\n<li>Dermaseptine et Ad\u00e9nor\u00e9guline<\/li>\n<li>Phyllolitorin \/ Rohdei-Litorin<\/li>\n<li>Tryptophilines<b><br \/>\n<\/b><\/li>\n<\/ul>\n<p>Une \u00e9tude plus approfondie des compos\u00e9s chimiques importants du Kamb\u00f4 est disponible. <a href=\"https:\/\/kambohealth.com\/kambo-peptides\/\">ici.<\/a><\/p>\n<h2><span style=\"font-size: 12pt;\">Clause de non-responsabilit\u00e9<\/span><\/h2>\n<p>Veuillez noter que cette m\u00e9decine sacr\u00e9e est tr\u00e8s puissante et potentiellement dangereuse et toxique, si elle n'est pas utilis\u00e9e dans le cadre et le contexte appropri\u00e9s, avec une pr\u00e9paration ad\u00e9quate, et guid\u00e9e par une personne exp\u00e9riment\u00e9e appliquant la m\u00e9decine.<\/p>\n<p>Ce produit n'est PAS vendu pour la consommation humaine. Il n'est vendu qu'\u00e0 des fins de recherche, de botanique et d'\u00e9ducation. Lorsque vous achetez cet article, vous acceptez de ne pas l'ing\u00e9rer et vous acceptez toute responsabilit\u00e9 l\u00e9gale si vous le faites.<\/p>\n<p><a href=\"http:\/\/orisha-ossain.com\/wp-content\/uploads\/2023\/06\/kambo3.jpg\"><img decoding=\"async\" class=\"aligncenter wp-image-255 size-full\" src=\"https:\/\/orisha-ossain.com\/wp-content\/uploads\/2023\/06\/kambo3.jpg\" alt=\"chaman tenant un Kamb\u00f4 Sapo , b\u00e2tons de kambo\" width=\"580\" height=\"366\" srcset=\"https:\/\/orisha-ossain.com\/wp-content\/uploads\/2023\/06\/kambo3.jpg 580w, https:\/\/orisha-ossain.com\/wp-content\/uploads\/2023\/06\/kambo3-300x189.jpg 300w\" sizes=\"(max-width: 580px) 100vw, 580px\" \/><\/a><\/p>\n<h2><span style=\"font-size: 12pt;\"><strong>Voici quelques articles en ligne et liens de recherche int\u00e9ressants sur le Kamb\u00f4 pour votre information<\/strong><\/span><\/h2>\n<p><a href=\"http:\/\/reset.me\/story\/kambo-natures-vaccine-for-the-mind-and-body\/\" target=\"_blank\" rel=\"noopener noreferrer\">Kamb\u00f4<\/a><a title=\"Kambo - L&#039;esprit du chaman\" href=\"http:\/\/www.ayahuasca.com\/spirit\/kambo-the-spirit-of-the-shaman\" target=\"_blank\" rel=\"noopener noreferrer\"> - L'esprit du chaman<\/a><\/p>\n<p><a title=\"S\u00e9cr\u00e9tions de grenouilles et magie de la chasse en Haute Amazonie\" href=\"http:\/\/www.erowid.org\/references\/refs_view.php?A=ShowDoc1&amp;ID=6657\">S\u00e9cr\u00e9tions de grenouilles et magie de la chasse en Haute Amazonie<\/a><\/p>\n<p><a href=\"https:\/\/static1.squarespace.com\/static\/6553769c35c257393cae4c28\/t\/668e75c4aa05d812a0f5f9b4\/1720612293351\/kambo-natures-vaccine-mind-body.pdf\" target=\"_blank\" rel=\"noopener\">Kamb\u00f4 - Le vaccin de la nature pour le corps et l'esprit<\/a><\/p>\n<p><strong>Si vous \u00eates un praticien de Kamb\u00f4 d\u00e9butant ou inexp\u00e9riment\u00e9, je vous recommande vivement de rechercher un praticien de Kamb\u00f4 exp\u00e9riment\u00e9 dans votre r\u00e9gion. Voir le lien ci-dessous.<\/strong><\/p>\n<p><a href=\"https:\/\/www.kambointernational.com\/practitioner-directory\"><span style=\"font-size: 12pt;\">Trouver un praticien de Kambo<\/span><\/a><\/p>\n<p>&nbsp;<\/p>","protected":false},"excerpt":{"rendered":"<p>B\u00e2tons de Kamb\u00f4 double face de la tribu des Matses. Ces b\u00e2tonnets Kamb\u00f4 contiennent chacun environ 120\/150 points de s\u00e9cr\u00e9tion de grenouille Phyllomedusa Bicolor. Les b\u00e2tonnets proviennent directement de la tribu Matses du P\u00e9rou, dans la r\u00e9gion amazonienne.<br \/>\nJe propose une seule taille de b\u00e2tonnets Kamb\u00f4.<\/p>","protected":false},"featured_media":253,"template":"","meta":{"_seopress_robots_primary_cat":"none","_seopress_titles_title":"%%post_title%% - Phyllomedusa bicolor - Matses Kambo","_seopress_titles_desc":"Double-sided Kamb\u00f4 sticks from the Matses tribe These Kambo sticks hold about\u00a0 130\/ 150 dots each. Phyllomedusa Bicolor frog.","_seopress_robots_index":"","_kad_blocks_custom_css":"","_kad_blocks_head_custom_js":"","_kad_blocks_body_custom_js":"","_kad_blocks_footer_custom_js":"","_kad_post_transparent":"default","_kad_post_title":"","_kad_post_layout":"default","_kad_post_sidebar_id":"","_kad_post_content_style":"default","_kad_post_vertical_padding":"default","_kad_post_feature":"","_kad_post_feature_position":"","_kad_post_header":false,"_kad_post_footer":false,"_kad_post_classname":""},"product_brand":[],"product_cat":[68],"product_tag":[],"class_list":{"0":"post-388","1":"product","2":"type-product","3":"status-publish","4":"has-post-thumbnail","6":"product_cat-kambo","8":"first","9":"instock","10":"taxable","11":"shipping-taxable","12":"purchasable","13":"product-type-variable","14":"entry","15":"content-bg","16":"loop-entry"},"taxonomy_info":{"product_cat":[{"value":68,"label":"Kamb\u00f4"}]},"featured_image_src_large":["https:\/\/orisha-ossain.com\/wp-content\/uploads\/2023\/06\/kam01.jpg",600,400,false],"author_info":[],"comment_info":"","_links":{"self":[{"href":"https:\/\/orisha-ossain.com\/fr\/wp-json\/wp\/v2\/product\/388","targetHints":{"allow":["GET"]}}],"collection":[{"href":"https:\/\/orisha-ossain.com\/fr\/wp-json\/wp\/v2\/product"}],"about":[{"href":"https:\/\/orisha-ossain.com\/fr\/wp-json\/wp\/v2\/types\/product"}],"wp:featuredmedia":[{"embeddable":true,"href":"https:\/\/orisha-ossain.com\/fr\/wp-json\/wp\/v2\/media\/253"}],"wp:attachment":[{"href":"https:\/\/orisha-ossain.com\/fr\/wp-json\/wp\/v2\/media?parent=388"}],"wp:term":[{"taxonomy":"product_brand","embeddable":true,"href":"https:\/\/orisha-ossain.com\/fr\/wp-json\/wp\/v2\/product_brand?post=388"},{"taxonomy":"product_cat","embeddable":true,"href":"https:\/\/orisha-ossain.com\/fr\/wp-json\/wp\/v2\/product_cat?post=388"},{"taxonomy":"product_tag","embeddable":true,"href":"https:\/\/orisha-ossain.com\/fr\/wp-json\/wp\/v2\/product_tag?post=388"}],"curies":[{"name":"wp","href":"https:\/\/api.w.org\/{rel}","templated":true}]}}