{"id":38342,"date":"2025-01-01T17:03:35","date_gmt":"2025-01-01T16:03:35","guid":{"rendered":"https:\/\/orisha-ossain.com\/?post_type=product&#038;p=38342"},"modified":"2026-02-16T15:30:44","modified_gmt":"2026-02-16T14:30:44","slug":"immune-support","status":"publish","type":"product","link":"https:\/\/orisha-ossain.com\/fr\/product\/immune-support\/","title":{"rendered":"Soutien immunitaire"},"content":{"rendered":"<h2>Renforcez votre parcours de bien-\u00eatre holistique.<\/h2>\n<p>Fusionnez les effets d'ouverture du c\u0153ur du Cacao de c\u00e9r\u00e9monie et l'essence transformatrice du \"Roi des champignons m\u00e9dicinaux\", le Chaga, en soutenant votre syst\u00e8me immunitaire et en activant votre connexion \u00e0 votre chakra sup\u00e9rieur, en vous donnant les moyens de vous fixer des objectifs \u00e9lev\u00e9s, de vous approprier votre pouvoir et de manifester tous les d\u00e9sirs de votre c\u0153ur.<\/p>\n<p><b>Principaux avantages \ud80c\udefc\ud80c\udf4a<\/b><\/p>\n<ul>\n<li aria-level=\"1\">Immuno-modulation<\/li>\n<li aria-level=\"1\">Riche en antioxydants<\/li>\n<li aria-level=\"1\">Anti-inflammatoire<\/li>\n<\/ul>\n<ul>\n<li style=\"list-style-type: none;\"><b style=\"font-family: var(--global-body-font-family);\">Profil \u00e9nergique : <\/b><span style=\"font-family: var(--global-body-font-family);\">Activation du troisi\u00e8me \u0153il, purification, mise \u00e0 la terre du pouvoir int\u00e9rieur.<\/span><\/li>\n<\/ul>\n<p><img decoding=\"async\" class=\"aligncenter wp-image-38097 size-full\" style=\"font-family: var(--global-body-font-family);\" src=\"https:\/\/orisha-ossain.com\/wp-content\/uploads\/2024\/12\/OLD-NAME-2.webp\" alt=\"\" width=\"1080\" height=\"1080\" srcset=\"https:\/\/orisha-ossain.com\/wp-content\/uploads\/2024\/12\/OLD-NAME-2.webp 1080w, https:\/\/orisha-ossain.com\/wp-content\/uploads\/2024\/12\/OLD-NAME-2-300x300.webp 300w, https:\/\/orisha-ossain.com\/wp-content\/uploads\/2024\/12\/OLD-NAME-2-1024x1024.webp 1024w, https:\/\/orisha-ossain.com\/wp-content\/uploads\/2024\/12\/OLD-NAME-2-768x768.webp 768w, https:\/\/orisha-ossain.com\/wp-content\/uploads\/2024\/12\/OLD-NAME-2-12x12.webp 12w, https:\/\/orisha-ossain.com\/wp-content\/uploads\/2024\/12\/OLD-NAME-2-75x75.webp 75w, https:\/\/orisha-ossain.com\/wp-content\/uploads\/2024\/12\/OLD-NAME-2-465x465.webp 465w, https:\/\/orisha-ossain.com\/wp-content\/uploads\/2024\/12\/OLD-NAME-2-100x100.webp 100w\" sizes=\"(max-width: 1080px) 100vw, 1080px\" \/><\/p>\n<div class=\"elementor-element elementor-element-fc15602 elementor-widget elementor-widget-text-editor\" data-id=\"fc15602\" data-element_type=\"widget\" data-widget_type=\"text-editor.default\">\n<div class=\"elementor-widget-container\">\n<h2><strong>Soutien immunitaire - M\u00e9lange m\u00e9dicinal de cacao<\/strong><\/h2>\n<p>D\u00e9couvrez le chemin vers le bien-\u00eatre holistique avec notre <strong>Cacao de c\u00e9r\u00e9monie du Belize<\/strong>Ce m\u00e9lange est compos\u00e9 d'\u00e9pices traditionnelles telles que le poivre de Cayenne, la cannelle et la vanille. Enrichi du puissant champignon Chaga, souvent qualifi\u00e9 de \"roi des champignons m\u00e9dicinaux\", ce m\u00e9lange renforce les d\u00e9fenses naturelles de votre corps et approfondit votre connexion aux chakras sup\u00e9rieurs. Rempli d'antioxydants puissants et de compos\u00e9s qui renforcent le syst\u00e8me immunitaire, il vous aide \u00e0 retrouver une sant\u00e9 \u00e9clatante et un alignement spirituel.<\/p>\n<p><strong>Chaga - Le roi des champignons m\u00e9dicinaux<\/strong><\/p>\n<p>Reconnu depuis des si\u00e8cles par les tribus sib\u00e9riennes et les chamans, le chaga est un champignon fonctionnel non psych\u00e9d\u00e9lique c\u00e9l\u00e9br\u00e9 pour ses remarquables propri\u00e9t\u00e9s immunitaires et sa capacit\u00e9 \u00e0 activer le Troisi\u00e8me \u0152il. Ses b\u00eata-glucanes jouent un r\u00f4le cl\u00e9 dans la r\u00e9gulation du syst\u00e8me immunitaire, que ce soit en calmant une r\u00e9ponse trop active ou en reconstruisant une r\u00e9ponse affaiblie. Les antioxydants exceptionnels du Chaga, tels que la SOD (Super Oxyde Dismutase) et la m\u00e9lanine, combattent efficacement le stress oxydatif et neutralisent les radicaux libres. Le chaga r\u00e8gne v\u00e9ritablement en ma\u00eetre dans le royaume des champignons avec le taux d'antioxydants le plus \u00e9lev\u00e9 de toutes les sources alimentaires connues.<\/p>\n<p><strong>D\u00e9couvrez la synergie de la sagesse ancienne et du bien-\u00eatre moderne \u00e0 chaque gorg\u00e9e de ce m\u00e9lange de cacao qui renforce le syst\u00e8me immunitaire.<\/strong><\/p>\n<\/div>\n<\/div>","protected":false},"excerpt":{"rendered":"<h3>Cacao de c\u00e9r\u00e9monie - Belize - 100 Grammes<\/h3>\n<ul>\n<li>Champignon Chaga \u00e0 double extrait 15:1<\/li>\n<li>Infusion d'\u00e9pices traditionnelles mayas : Piment de Cayenne, Cannelle, Vanille<\/li>\n<\/ul>\n<p>&nbsp;<\/p>","protected":false},"featured_media":38095,"template":"","meta":{"_seopress_robots_primary_cat":"none","_seopress_titles_title":"","_seopress_titles_desc":"","_seopress_robots_index":"","_kad_blocks_custom_css":"","_kad_blocks_head_custom_js":"","_kad_blocks_body_custom_js":"","_kad_blocks_footer_custom_js":"","_kad_post_transparent":"default","_kad_post_title":"","_kad_post_layout":"default","_kad_post_sidebar_id":"","_kad_post_content_style":"default","_kad_post_vertical_padding":"default","_kad_post_feature":"","_kad_post_feature_position":"","_kad_post_header":false,"_kad_post_footer":false,"_kad_post_classname":""},"product_brand":[],"product_cat":[150],"product_tag":[151],"class_list":{"0":"post-38342","1":"product","2":"type-product","3":"status-publish","4":"has-post-thumbnail","6":"product_cat-cacao","7":"product_tag-cacao","9":"first","10":"instock","11":"taxable","12":"shipping-taxable","13":"purchasable","14":"product-type-simple","15":"entry","16":"content-bg","17":"loop-entry"},"taxonomy_info":{"product_cat":[{"value":150,"label":"Cacao"}],"product_tag":[{"value":151,"label":"Cacao"}]},"featured_image_src_large":["https:\/\/orisha-ossain.com\/wp-content\/uploads\/2024\/12\/OLD-NAME-1024x1024.webp",1024,1024,true],"author_info":[],"comment_info":"","_links":{"self":[{"href":"https:\/\/orisha-ossain.com\/fr\/wp-json\/wp\/v2\/product\/38342","targetHints":{"allow":["GET"]}}],"collection":[{"href":"https:\/\/orisha-ossain.com\/fr\/wp-json\/wp\/v2\/product"}],"about":[{"href":"https:\/\/orisha-ossain.com\/fr\/wp-json\/wp\/v2\/types\/product"}],"wp:featuredmedia":[{"embeddable":true,"href":"https:\/\/orisha-ossain.com\/fr\/wp-json\/wp\/v2\/media\/38095"}],"wp:attachment":[{"href":"https:\/\/orisha-ossain.com\/fr\/wp-json\/wp\/v2\/media?parent=38342"}],"wp:term":[{"taxonomy":"product_brand","embeddable":true,"href":"https:\/\/orisha-ossain.com\/fr\/wp-json\/wp\/v2\/product_brand?post=38342"},{"taxonomy":"product_cat","embeddable":true,"href":"https:\/\/orisha-ossain.com\/fr\/wp-json\/wp\/v2\/product_cat?post=38342"},{"taxonomy":"product_tag","embeddable":true,"href":"https:\/\/orisha-ossain.com\/fr\/wp-json\/wp\/v2\/product_tag?post=38342"}],"curies":[{"name":"wp","href":"https:\/\/api.w.org\/{rel}","templated":true}]}}