{"id":38198,"date":"2025-01-05T14:37:31","date_gmt":"2025-01-05T13:37:31","guid":{"rendered":"https:\/\/orisha-ossain.com\/?post_type=product&#038;p=38198"},"modified":"2026-04-11T23:47:49","modified_gmt":"2026-04-11T21:47:49","slug":"pure-natural-grade","status":"publish","type":"product","link":"https:\/\/orisha-ossain.com\/fr\/product\/pure-natural-grade\/","title":{"rendered":"Puret\u00e9 naturelle"},"content":{"rendered":"<h2><strong>Cacao de c\u00e9r\u00e9monie : Un approvisionnement cibl\u00e9 au c\u0153ur du Belize<\/strong><\/h2>\n<p>Ce cacao c\u00e9r\u00e9moniel d'origine unique provient des montagnes Maya du sud du Belize, l'une des r\u00e9gions les plus vierges et les plus rurales du pays. Il est r\u00e9colt\u00e9 et produit par environ 400 familles d'agriculteurs indig\u00e8nes mayas des nations Mopan et Q'eqchi. Ces agriculteurs d\u00e9vou\u00e9s cultivent l'ancienne vari\u00e9t\u00e9 Criollo \"Heirloom\", souvent appel\u00e9e la Reine du Cacao, c\u00e9l\u00e9br\u00e9e pour sa qualit\u00e9 exceptionnelle et son h\u00e9ritage.<\/p>\n<h3><strong>Pourquoi choisir ce cacao ?<\/strong><\/h3>\n<ul>\n<li>Origine unique du sud du Belize<\/li>\n<li>Cultiv\u00e9 par des agriculteurs indig\u00e8nes Mopan et Q'eqchi Maya<\/li>\n<li>Ancienne vari\u00e9t\u00e9 de cacao Criollo \"Heirloom\".<\/li>\n<li>Produits issus d'exploitations familiales durables et respectueux de l'\u00e9thique<\/li>\n<\/ul>\n<h3>Profil \u00e9nerg\u00e9tique :<\/h3>\n<p>Haute vibration, douceur, \u00e9nergie et ouverture du c\u0153ur - parfait pour les c\u00e9r\u00e9monies et les pratiques de pleine conscience.<\/p>\n<p><img decoding=\"async\" class=\"aligncenter wp-image-38202 size-large\" src=\"https:\/\/orisha-ossain.com\/wp-content\/uploads\/2024\/12\/Natural-1024x1024.webp\" alt=\"\" width=\"1024\" height=\"1024\" srcset=\"https:\/\/orisha-ossain.com\/wp-content\/uploads\/2024\/12\/Natural-1024x1024.webp 1024w, https:\/\/orisha-ossain.com\/wp-content\/uploads\/2024\/12\/Natural-300x300.webp 300w, https:\/\/orisha-ossain.com\/wp-content\/uploads\/2024\/12\/Natural-768x768.webp 768w, https:\/\/orisha-ossain.com\/wp-content\/uploads\/2024\/12\/Natural-12x12.webp 12w, https:\/\/orisha-ossain.com\/wp-content\/uploads\/2024\/12\/Natural-75x75.webp 75w, https:\/\/orisha-ossain.com\/wp-content\/uploads\/2024\/12\/Natural-465x465.webp 465w, https:\/\/orisha-ossain.com\/wp-content\/uploads\/2024\/12\/Natural-100x100.webp 100w, https:\/\/orisha-ossain.com\/wp-content\/uploads\/2024\/12\/Natural.webp 1080w\" sizes=\"(max-width: 1024px) 100vw, 1024px\" \/><\/p>\n<h3>Cacao Criollo : La reine du cacao<\/h3>\n<p>Le cacao Criollo, souvent appel\u00e9 la \"Reine du cacao\", est une vari\u00e9t\u00e9 ancestrale r\u00e9put\u00e9e pour sa qualit\u00e9 exceptionnelle. Repr\u00e9sentant seulement 5% de la production mondiale de cacao, c'est le type de cacao le plus rare et le plus pris\u00e9. Ces f\u00e8ves sont les v\u00e9ritables diamants du cacaoyer et produisent certaines des saveurs les plus raffin\u00e9es au monde.<\/p>\n<p>Pour obtenir l'appellation \"Heirloom\", le cacao doit avoir une signification historique, culturelle, botanique, g\u00e9ographique et gustative. En 2015, le Maya Mountain Cacao provenant de fermes du district de Toledo au Belize, y compris des villages comme San Antonio, Santa Elena et Pueblo Viejo- a \u00e9t\u00e9 reconnu comme Heirloom Cacao par le prestigieux Heirloom Preservation Project (HCP). Cette d\u00e9signation c\u00e9l\u00e8bre sa distinction comme l'un des 20 meilleurs cacaos au monde.<\/p>\n<h3>Pourquoi choisir Criollo Heirloom Cacao ?<\/h3>\n<ul>\n<li>Ne repr\u00e9sente que 5% de la production mondiale de cacao<\/li>\n<li>Connu pour sa saveur et sa qualit\u00e9 sup\u00e9rieures<\/li>\n<li>Reconnu comme l'un des 20 meilleurs cacaos au monde par le HCP<\/li>\n<li>Cultiv\u00e9 dans le district de Toledo, au Belize, riche en culture.<\/li>\n<\/ul>\n<h3><strong>D\u00e9couvrez le luxe rare du cacao Criollo - un v\u00e9ritable joyau dans le monde du chocolat.<\/strong><\/h3>\n<p>&nbsp;<\/p>","protected":false},"excerpt":{"rendered":"<h3>Cacao de c\u00e9r\u00e9monie - Belize - 100 Grammes<\/h3>\n<p>100 % Cacao brut pur.<\/p>\n<ul>\n<li>Des agriculteurs familiaux indig\u00e8nes mayas<\/li>\n<li>Bio | Durable | \u00c9thique<\/li>\n<li>Tri\u00e9 \u00e0 la main | S\u00e9ch\u00e9 au soleil<\/li>\n<\/ul>","protected":false},"featured_media":38201,"template":"","meta":{"_seopress_robots_primary_cat":"none","_seopress_titles_title":"Cereomial Grade Cacao from Belize - 100% Raw Cacao - Criollo","_seopress_titles_desc":"","_seopress_robots_index":"","_kad_blocks_custom_css":"","_kad_blocks_head_custom_js":"","_kad_blocks_body_custom_js":"","_kad_blocks_footer_custom_js":"","_kad_post_transparent":"default","_kad_post_title":"","_kad_post_layout":"default","_kad_post_sidebar_id":"","_kad_post_content_style":"default","_kad_post_vertical_padding":"default","_kad_post_feature":"","_kad_post_feature_position":"","_kad_post_header":false,"_kad_post_footer":false,"_kad_post_classname":""},"product_brand":[],"product_cat":[150],"product_tag":[151],"class_list":{"0":"post-38198","1":"product","2":"type-product","3":"status-publish","4":"has-post-thumbnail","6":"product_cat-cacao","7":"product_tag-cacao","9":"first","10":"instock","11":"taxable","12":"shipping-taxable","13":"purchasable","14":"product-type-simple","15":"entry","16":"content-bg","17":"loop-entry"},"taxonomy_info":{"product_cat":[{"value":150,"label":"Cacao"}],"product_tag":[{"value":151,"label":"Cacao"}]},"featured_image_src_large":["https:\/\/orisha-ossain.com\/wp-content\/uploads\/2024\/12\/IMG_6348-1536x2048-1.webp",500,500,false],"author_info":[],"comment_info":"","_links":{"self":[{"href":"https:\/\/orisha-ossain.com\/fr\/wp-json\/wp\/v2\/product\/38198","targetHints":{"allow":["GET"]}}],"collection":[{"href":"https:\/\/orisha-ossain.com\/fr\/wp-json\/wp\/v2\/product"}],"about":[{"href":"https:\/\/orisha-ossain.com\/fr\/wp-json\/wp\/v2\/types\/product"}],"wp:featuredmedia":[{"embeddable":true,"href":"https:\/\/orisha-ossain.com\/fr\/wp-json\/wp\/v2\/media\/38201"}],"wp:attachment":[{"href":"https:\/\/orisha-ossain.com\/fr\/wp-json\/wp\/v2\/media?parent=38198"}],"wp:term":[{"taxonomy":"product_brand","embeddable":true,"href":"https:\/\/orisha-ossain.com\/fr\/wp-json\/wp\/v2\/product_brand?post=38198"},{"taxonomy":"product_cat","embeddable":true,"href":"https:\/\/orisha-ossain.com\/fr\/wp-json\/wp\/v2\/product_cat?post=38198"},{"taxonomy":"product_tag","embeddable":true,"href":"https:\/\/orisha-ossain.com\/fr\/wp-json\/wp\/v2\/product_tag?post=38198"}],"curies":[{"name":"wp","href":"https:\/\/api.w.org\/{rel}","templated":true}]}}