{"id":381,"date":"2023-06-29T20:57:22","date_gmt":"2023-06-29T18:57:22","guid":{"rendered":"http:\/\/orisha-ossain.com\/?post_type=product&#038;p=381"},"modified":"2026-04-17T15:47:20","modified_gmt":"2026-04-17T13:47:20","slug":"sananga","status":"publish","type":"product","link":"https:\/\/orisha-ossain.com\/fr\/product\/sananga\/","title":{"rendered":"Sananga"},"content":{"rendered":"<h2><span style=\"font-size: 12pt;\">Sananga<\/span><\/h2>\n<p>Il s'agit d'un extrait liquide forestier sp\u00e9cial qui a un lien \u00e9troit avec les m\u00e9decines chamaniques et ses qualit\u00e9s curatives uniques. J'esp\u00e8re que vous trouverez qu'il s'agit d'un ajout significatif \u00e0 l'assortiment d'Orisha Ossain.<\/p>\n<h2><span style=\"font-size: 12pt;\">L'arbuste<\/span><\/h2>\n<p>Les Indiens d'Amazonie appellent l'arbuste sananga \"Apocynaceae\". Il existe deux variantes du sananga. Leurs noms latins sont Tabernaentana Undalata et Tabernaentana Sahanho. Le type undalata semble \u00eatre plus pr\u00e9sent au P\u00e9rou et le sahanho vient du Br\u00e9sil. On m'a dit qu'il existait deux autres sous-vari\u00e9t\u00e9s, mais l'information s'arr\u00eate l\u00e0. Nous ne disposons pas de toutes les connaissances analytiques sur le sananga et c'est ainsi. En fin de compte, nous ne pouvons vraiment nous connecter \u00e0 la m\u00e9decine que lorsque nous l'utilisons. L'information est utile, mais elle peut aussi distraire ou m\u00eame induire en erreur si l'on ne conna\u00eet pas tous les d\u00e9tails. La v\u00e9ritable connaissance se trouve toujours \u00e0 l'int\u00e9rieur du m\u00e9dicament.<\/p>\n<p><a href=\"http:\/\/orisha-ossain.com\/wp-content\/uploads\/2023\/06\/Sananga-application.jpg\"><img decoding=\"async\" class=\"aligncenter wp-image-274 size-medium\" src=\"http:\/\/orisha-ossain.com\/wp-content\/uploads\/2023\/06\/Sananga-application-300x201.jpg\" alt=\"gros plan d&#039;un Indien recevant un traitement avec le collyre Sananga, Tabernaentana Sahanho\" width=\"300\" height=\"201\" srcset=\"https:\/\/orisha-ossain.com\/wp-content\/uploads\/2023\/06\/Sananga-application-300x201.jpg 300w, https:\/\/orisha-ossain.com\/wp-content\/uploads\/2023\/06\/Sananga-application.jpg 612w\" sizes=\"(max-width: 300px) 100vw, 300px\" \/><\/a><\/p>\n<h2><span style=\"font-size: 12pt;\">Usage tribal<\/span><\/h2>\n<p>Plusieurs tribus amazoniennes utilisent le collyre sananga pour am\u00e9liorer leurs techniques de chasse. L'esprit du sananga aide \u00e0 nettoyer en profondeur au niveau \u00e9nerg\u00e9tique, physique, \u00e9motionnel et spirituel. Il aide \u00e9galement \u00e0 d\u00e9bloquer tous les chakras et \u00e0 lib\u00e9rer toute \u00e9nergie bloqu\u00e9e.<\/p>\n<p>Traditionnellement, les tribus utilisent le collyre pour \u00e9liminer les \"panemas\". Le panemas est synonyme de malchance \u00e0 la chasse et dans la vie. D\u00e9pression, paresse, manque de motivation, manque de concentration, mauvaise humeur, crises de col\u00e8re, tristesse et mauvaise humeur. Il influence positivement tous les facteurs qui attirent les difficult\u00e9s et les maladies.<\/p>\n<p>Plusieurs tribus d'Amazonie utilisent le sananga pour am\u00e9liorer leurs techniques de chasse, ce qui leur donne une sorte de vision nocturne. Il donne \u00e9galement une plus grande profondeur de perception et une vue plus nette et plus raffin\u00e9e et aide \u00e0 am\u00e9liorer la myopie et l'hyperm\u00e9tropie. Il aide ainsi les Indiens \u00e0 percevoir les moindres mouvements dans la for\u00eat lorsqu'ils chassent et leur donne la force de se d\u00e9placer dans la for\u00eat dense.<\/p>\n<p><a href=\"http:\/\/orisha-ossain.com\/wp-content\/uploads\/2023\/06\/Sananga.jpg\"><img decoding=\"async\" class=\"aligncenter wp-image-273 size-medium\" src=\"http:\/\/orisha-ossain.com\/wp-content\/uploads\/2023\/06\/Sananga-300x300.jpg\" alt=\"gros plan de 2 mains dont l&#039;une tient un couteau, d\u00e9chiquetant la racine de Sananga, Tabernaentana Undalata, Tabernaentana Sahanho\" width=\"300\" height=\"300\" srcset=\"https:\/\/orisha-ossain.com\/wp-content\/uploads\/2023\/06\/Sananga-300x300.jpg 300w, https:\/\/orisha-ossain.com\/wp-content\/uploads\/2023\/06\/Sananga-100x100.jpg 100w, https:\/\/orisha-ossain.com\/wp-content\/uploads\/2023\/06\/Sananga-465x465.jpg 465w, https:\/\/orisha-ossain.com\/wp-content\/uploads\/2023\/06\/Sananga-150x150.jpg 150w, https:\/\/orisha-ossain.com\/wp-content\/uploads\/2023\/06\/Sananga.jpg 500w\" sizes=\"(max-width: 300px) 100vw, 300px\" \/><\/a><\/p>\n<h2><span style=\"font-size: 12pt;\">La pr\u00e9paration<\/span><\/h2>\n<p>Le sananga est fabriqu\u00e9 en faisant tremper la racine\/l'\u00e9corce de l'arbuste dans de l'eau. Les racines doivent d'abord \u00eatre bien nettoy\u00e9es. Apr\u00e8s le nettoyage, les racines sont d\u00e9barrass\u00e9es de leur couche ext\u00e9rieure. Ces racines sont laiss\u00e9es dans l'eau pendant plusieurs heures. Il s'agit d'une m\u00e9thode d'extraction assez simple, qui ressemble \u00e0 s'y m\u00e9prendre \u00e0 la fabrication du th\u00e9.<\/p>\n<h2><span style=\"font-size: 12pt;\">Une citation<\/span><\/h2>\n<p>Tuin Hua Kaxinaw\u00e1, chaman du village de Caucho, explique le but du sananga.<\/p>\n<p><span class=\"\">\"Les yeux sont les fen\u00eatres de tout ce que nous voyons et concevons.\u00a0<\/span>Nos yeux stockent tout sur eux, m\u00eame notre histoire. L'esprit du Sananga facilite la gu\u00e9rison. Il expulse tous les maux de l'\u00e2me et de la mati\u00e8re. \"<\/p>\n<h2><span style=\"font-size: 12pt;\">Les bienfaits de Sananga<\/span><\/h2>\n<div id=\"ds_div\">\n<p>Les tribus amazoniennes connaissent les bienfaits du collyre sananga depuis des si\u00e8cles, voire plus. Au cours de la derni\u00e8re d\u00e9cennie, ce m\u00e9dicament et ses bienfaits ont \u00e9galement atteint le reste du monde. Les gens utilisent souvent le sananga avant une c\u00e9r\u00e9monie d'ayahuasca\/kambo ou comme traitement autonome.<\/p>\n<p>Sur le plan \u00e9nerg\u00e9tique, sananga aide \u00e0 ouvrir la vision int\u00e9rieure, le troisi\u00e8me \u0153il, les visions. Il active la glande pin\u00e9ale et dissipe toute confusion mentale. Il soulage \u00e9galement les pens\u00e9es n\u00e9gatives et nettoie en profondeur toute l'aura, de l'int\u00e9rieur vers l'ext\u00e9rieur.<\/p>\n<p>Un r\u00e9sum\u00e9 du pouvoir potentiel de sananga.<\/p>\n<p>- D\u00e9toxifie l'organisme.<br \/>\n- Augmente la perception visuelle et am\u00e9liore les couleurs.<br \/>\n- Suppression de la col\u00e8re int\u00e9rieure \u00e0 long terme.<br \/>\n- R\u00e9initialise le champ \u00e9nerg\u00e9tique.<br \/>\n- Traite les maladies mentales caus\u00e9es par des \u00e9nergies n\u00e9gatives dans le corps.<\/p>\n<p>Il aide \u00e9galement \u00e0 r\u00e9aligner et \u00e0 ouvrir tous les chakras, en particulier le troisi\u00e8me \u0153il et le chakra de la couronne. Le sananga a le potentiel d'augmenter votre visualisation et vos id\u00e9es spirituelles. Parmi les autres utilisations traditionnelles, citons l'utilisation comme f\u00e9brifuge, \u00e9m\u00e9tique, diur\u00e9tique, apaisant et pour de nombreux autres usages, notamment les affections cutan\u00e9es. Le sananga aide \u00e9galement \u00e0 soulager les probl\u00e8mes dentaires. Il combat \u00e9galement les blessures et soigne diverses l\u00e9sions oculaires.<\/p>\n<p>Un autre aspect th\u00e9rapeutique important de la famille des Apocynaceae est son activit\u00e9 antimicrobienne. Le sananga est un puissant antioxydant, anticanc\u00e9reux, antif\u00e9brile, anti-inflammatoire, antimycobact\u00e9rien et antimicrobien. Sanamga peut \u00e9galement aider \u00e0 lib\u00e9rer les traumatismes du pass\u00e9. Il aide \u00e0 lib\u00e9rer les \u00e9nergies n\u00e9gatives bloqu\u00e9es et \u00e0 fermer les trous dans nos champs auriques. Il aide \u00e9galement \u00e0 faire des r\u00eaves lucides.<\/p>\n<p>Un article int\u00e9ressant sur le sananga : <a href=\"https:\/\/psychedelictimes.com\/traditional-medicines\/scientific-studies-hint-at-how-sananga-eye-drops-treat-ocular-diseases\/\" target=\"_blank\" rel=\"noopener noreferrer\">Des \u00e9tudes scientifiques indiquent comment les gouttes oculaires Sananga traitent les maladies oculaires<\/a><\/p>\n<h2><span style=\"font-size: 12pt;\">Comment administrer la sananga<\/span><\/h2>\n<p>Le Sananga est appliqu\u00e9 de pr\u00e9f\u00e9rence par un ami pendant que vous \u00eates allong\u00e9 dans un endroit confortable. Le receveur garde les yeux ferm\u00e9s. Deux gouttes sont plac\u00e9es \u00e0 l'int\u00e9rieur des orbites. Vous ouvrez ensuite les yeux pour que les gouttes puissent couler sur vos globes oculaires. L'effet est instantan\u00e9 et, selon la force du Sananga, il peut \u00eatre l\u00e9ger mais, en g\u00e9n\u00e9ral, il est assez fort. Ce traitement peut \u00eatre assez douloureux. Gardez les yeux ferm\u00e9s, respirez profond\u00e9ment et d\u00e9tendez-vous sous l'effet de cette force. Une fois que la force a diminu\u00e9, ouvrez \u00e0 nouveau les yeux pour continuer le processus.<\/p>\n<h2><span style=\"font-size: 12pt;\">Stockage<\/span><\/h2>\n<p>Avec le temps, le collyre sananga perd de sa force. Il est donc important de le conserver au frais et \u00e0 l'abri de la lumi\u00e8re. Le r\u00e9frig\u00e9rateur est l'endroit id\u00e9al. Agitez bien le produit avant de l'utiliser.<\/p>\n<\/div>\n<p>&nbsp;<\/p>","protected":false},"excerpt":{"rendered":"<p>Sananga collyre. J'ai filtr\u00e9 le liquide Sananga afin qu'il ne contienne aucun r\u00e9sidu de mati\u00e8re v\u00e9g\u00e9tale. Ce Sananga est compl\u00e8tement propre, frais et fort. Disponible en flacons de verre bleu cobalt de 5 ml et 10 ml avec un compte-gouttes.<\/p>","protected":false},"featured_media":1475,"template":"","meta":{"_seopress_robots_primary_cat":"none","_seopress_titles_title":"%%post_title%% - Eye Drops - Tabernaentana Sahanho - Shamanic","_seopress_titles_desc":"Sanganga knows , Tabernaentana Undalata & Tabernaentana Sahanho. Sananga cleans deeply on an energetic, physical, emotional and spiritual level.","_seopress_robots_index":"","_kad_blocks_custom_css":"","_kad_blocks_head_custom_js":"","_kad_blocks_body_custom_js":"","_kad_blocks_footer_custom_js":"","_kad_post_transparent":"default","_kad_post_title":"","_kad_post_layout":"default","_kad_post_sidebar_id":"","_kad_post_content_style":"default","_kad_post_vertical_padding":"default","_kad_post_feature":"","_kad_post_feature_position":"","_kad_post_header":false,"_kad_post_footer":false,"_kad_post_classname":""},"product_brand":[],"product_cat":[51],"product_tag":[],"class_list":{"0":"post-381","1":"product","2":"type-product","3":"status-publish","4":"has-post-thumbnail","6":"product_cat-sananga","8":"first","9":"instock","10":"taxable","11":"shipping-taxable","12":"purchasable","13":"product-type-variable","14":"entry","15":"content-bg","16":"loop-entry"},"taxonomy_info":{"product_cat":[{"value":51,"label":"Sananga"}]},"featured_image_src_large":["https:\/\/orisha-ossain.com\/wp-content\/uploads\/2023\/08\/002.jpg",809,756,false],"author_info":[],"comment_info":"","_links":{"self":[{"href":"https:\/\/orisha-ossain.com\/fr\/wp-json\/wp\/v2\/product\/381","targetHints":{"allow":["GET"]}}],"collection":[{"href":"https:\/\/orisha-ossain.com\/fr\/wp-json\/wp\/v2\/product"}],"about":[{"href":"https:\/\/orisha-ossain.com\/fr\/wp-json\/wp\/v2\/types\/product"}],"wp:featuredmedia":[{"embeddable":true,"href":"https:\/\/orisha-ossain.com\/fr\/wp-json\/wp\/v2\/media\/1475"}],"wp:attachment":[{"href":"https:\/\/orisha-ossain.com\/fr\/wp-json\/wp\/v2\/media?parent=381"}],"wp:term":[{"taxonomy":"product_brand","embeddable":true,"href":"https:\/\/orisha-ossain.com\/fr\/wp-json\/wp\/v2\/product_brand?post=381"},{"taxonomy":"product_cat","embeddable":true,"href":"https:\/\/orisha-ossain.com\/fr\/wp-json\/wp\/v2\/product_cat?post=381"},{"taxonomy":"product_tag","embeddable":true,"href":"https:\/\/orisha-ossain.com\/fr\/wp-json\/wp\/v2\/product_tag?post=381"}],"curies":[{"name":"wp","href":"https:\/\/api.w.org\/{rel}","templated":true}]}}