{"id":38087,"date":"2025-01-05T14:37:16","date_gmt":"2025-01-05T13:37:16","guid":{"rendered":"https:\/\/orisha-ossain.com\/?post_type=product&#038;p=38087"},"modified":"2026-04-03T15:50:11","modified_gmt":"2026-04-03T13:50:11","slug":"pasion","status":"publish","type":"product","link":"https:\/\/orisha-ossain.com\/fr\/product\/pasion\/","title":{"rendered":"Pasi\u00f3n"},"content":{"rendered":"<h2>Allumez votre passion int\u00e9rieure<\/h2>\n<p>Embrassez les effets d'ouverture du c\u0153ur du Cacao c\u00e9r\u00e9moniel et la joie et le bonheur exaltants apport\u00e9s par le Mucuna Pruriens.  Permettez \u00e0 votre lumi\u00e8re int\u00e9rieure de briller et partagez avec le monde qui vous entoure l'amour qui coule au plus profond de votre c\u0153ur.<\/p>\n<p><img decoding=\"async\" class=\"aligncenter wp-image-38093 size-large\" src=\"https:\/\/orisha-ossain.com\/wp-content\/uploads\/2024\/12\/Pasion-9-1024x1024.webp\" alt=\"\" width=\"1024\" height=\"1024\" srcset=\"https:\/\/orisha-ossain.com\/wp-content\/uploads\/2024\/12\/Pasion-9-1024x1024.webp 1024w, https:\/\/orisha-ossain.com\/wp-content\/uploads\/2024\/12\/Pasion-9-300x300.webp 300w, https:\/\/orisha-ossain.com\/wp-content\/uploads\/2024\/12\/Pasion-9-768x768.webp 768w, https:\/\/orisha-ossain.com\/wp-content\/uploads\/2024\/12\/Pasion-9-12x12.webp 12w, https:\/\/orisha-ossain.com\/wp-content\/uploads\/2024\/12\/Pasion-9-75x75.webp 75w, https:\/\/orisha-ossain.com\/wp-content\/uploads\/2024\/12\/Pasion-9-465x465.webp 465w, https:\/\/orisha-ossain.com\/wp-content\/uploads\/2024\/12\/Pasion-9-100x100.webp 100w, https:\/\/orisha-ossain.com\/wp-content\/uploads\/2024\/12\/Pasion-9.webp 1080w\" sizes=\"(max-width: 1024px) 100vw, 1024px\" \/><\/p>\n<h2>Principaux avantages<\/h2>\n<ul>\n<li aria-level=\"1\">Stimulation de l'humeur<\/li>\n<li aria-level=\"1\">L'\u00e9quilibre hormonal<\/li>\n<li aria-level=\"1\">Am\u00e9lioration de la libido<\/li>\n<\/ul>\n<p><b>Profil \u00e9nergique :<\/b>\u00a0Apaisement, amour, l\u00e9g\u00e8ret\u00e9 de l'\u00eatre, \u00e9l\u00e9vation, \u00e9veil, activation de la force vitale.<\/p>\n<h2 data-pm-slice=\"1 1 []\"><strong>Herbe adaptog\u00e8ne - Mucuna Pruriens : le \"haricot \u00e0 dopamine\".<\/strong><\/h2>\n<h3>D\u00e9bloquer le pouvoir de la joie, de la vitalit\u00e9 et de la clart\u00e9 cognitive<\/h3>\n<p>Connu sous des noms tels que Kapikachhu, Velvet Bean, et le c\u00e9l\u00e8bre Dopamine Bean, le Mucuna Pruriens est un tr\u00e9sor naturel. L'une des sources les plus riches en L-Dopa, cette l\u00e9gumineuse remarquable favorise directement la production de dopamine, un neurotransmetteur essentiel aux sentiments de joie, de motivation et de bien-\u00eatre. V\u00e9n\u00e9r\u00e9 depuis des si\u00e8cles par la m\u00e9decine ayurv\u00e9dique et traditionnelle, ce superaliment adaptog\u00e8ne offre de profonds bienfaits pour le corps et l'esprit.<\/p>\n<h3>Approvisionnement avec soin et tradition<\/h3>\n<p>Cet extrait de Mucuna Pruriens provient de petites exploitations familiales situ\u00e9es au c\u0153ur du Rajasthan, en Inde. Ces exploitations respectent les pratiques agricoles traditionnelles, garantissant ainsi une qualit\u00e9 et une puissance optimales tout en pr\u00e9servant l'int\u00e9grit\u00e9 naturelle de la terre. Depuis des g\u00e9n\u00e9rations, le Mucuna Pruriens est utilis\u00e9 comme aliment de base et comme rem\u00e8de th\u00e9rapeutique, c\u00e9l\u00e8bre pour sa capacit\u00e9 \u00e0 nourrir et \u00e0 rajeunir.<\/p>\n<h3>Les bienfaits du Mucuna Pruriens<\/h3>\n<ol start=\"1\" data-spread=\"true\">\n<li><strong>Booster d'humeur et d'\u00e9nergie<\/strong>:\n<ul data-spread=\"false\">\n<li>Des niveaux \u00e9lev\u00e9s de L-Dopa favorisent la production de dopamine, ce qui renforce les sentiments de bonheur, de motivation et de vitalit\u00e9.<\/li>\n<\/ul>\n<\/li>\n<li><strong>Am\u00e9lioration naturelle de la libido<\/strong>:\n<ul data-spread=\"false\">\n<li>Favorise la sant\u00e9 reproductive et stimule la libido chez les hommes et les femmes, am\u00e9liorant ainsi la vitalit\u00e9 g\u00e9n\u00e9rale et l'intimit\u00e9.<\/li>\n<\/ul>\n<\/li>\n<li><strong>Sant\u00e9 c\u00e9r\u00e9brale et soutien cognitif<\/strong>:\n<ul data-spread=\"false\">\n<li>Agit comme un puissant nootropique, am\u00e9liorant la clart\u00e9 mentale, la concentration et la m\u00e9moire tout en prot\u00e9geant le cerveau contre le stress oxydatif.<\/li>\n<\/ul>\n<\/li>\n<li><strong>Propri\u00e9t\u00e9s adaptog\u00e8nes<\/strong>:\n<ul data-spread=\"false\">\n<li>Aide l'organisme \u00e0 s'adapter au stress et \u00e0 maintenir l'\u00e9quilibre, ce qui favorise la r\u00e9silience et le bien-\u00eatre g\u00e9n\u00e9ral.<\/li>\n<\/ul>\n<\/li>\n<\/ol>\n<h3>Profil \u00e9nerg\u00e9tique<\/h3>\n<ul data-spread=\"false\">\n<li><strong>Revigorant<\/strong>: Stimule l'\u00e9nergie et la vitalit\u00e9.<\/li>\n<li><strong>Mise \u00e0 la terre<\/strong>: Stabilise l'humeur et favorise la clart\u00e9 mentale.<\/li>\n<li><strong>Ouverture<\/strong>: Favorise la joie et la connexion \u00e9motionnelle.<\/li>\n<\/ul>\n<h3>Comment utiliser le Mucuna Pruriens<\/h3>\n<ul data-spread=\"false\">\n<li><strong>Poudre<\/strong>: M\u00e9langez 1 \u00e0 2 cuill\u00e8res \u00e0 caf\u00e9 \u00e0 vos smoothies, th\u00e9s ou laits v\u00e9g\u00e9taux pr\u00e9f\u00e9r\u00e9s pour obtenir une boisson cr\u00e9meuse et nourrissante.<\/li>\n<li><strong>Capsules<\/strong>: Pratique pour une suppl\u00e9mentation quotidienne, id\u00e9al pour une utilisation en d\u00e9placement.<\/li>\n<li><strong>Teinture<\/strong>: Ajouter quelques gouttes d'eau ou de jus de fruit pour une absorption et un effet rapides.<\/li>\n<\/ul>\n<h3>Pourquoi choisir notre Mucuna Pruriens ?<\/h3>\n<ul data-spread=\"false\">\n<li><strong>100% Naturel et biologique<\/strong>: Pas d'additifs synth\u00e9tiques ni de produits de remplissage.<\/li>\n<li><strong>Teneur \u00e9lev\u00e9e en L-Dopa<\/strong>: Pour une puissance et une efficacit\u00e9 maximales.<\/li>\n<li><strong>Sources d'approvisionnement durables<\/strong>: Soutenir les petits exploitants agricoles et les pratiques traditionnelles.<\/li>\n<li><strong>Test\u00e9 par des tiers<\/strong>: Garantir la puret\u00e9, la s\u00e9curit\u00e9 et la qualit\u00e9.<\/li>\n<\/ul>\n<h3>Acc\u00e9der \u00e0 la f\u00e9licit\u00e9 et \u00e0 l'\u00e9quilibre<\/h3>\n<p>Chaque dose de Mucuna Pruriens est une invitation \u00e0 lib\u00e9rer tout votre potentiel. Que vous cherchiez \u00e0 am\u00e9liorer votre humeur, \u00e0 renforcer votre clart\u00e9 mentale ou \u00e0 revigorer votre vitalit\u00e9, cette plante adaptog\u00e8ne a tout ce qu'il vous faut.<\/p>\n<p><strong>Commander aujourd'hui<\/strong> <strong>et d\u00e9couvrez les bienfaits transformateurs du Mucuna Pruriens, le haricot \u00e0 dopamine naturel !<\/strong><\/p>","protected":false},"excerpt":{"rendered":"<h3><b>Cacao de c\u00e9r\u00e9monie\u00a0<\/b><strong>- Belize - 100 grammes<\/strong><\/h3>\n<ul>\n<li><b><strong>\u00a0<\/strong><\/b>Extrait de Mucuna Prurien (Kapikachhu)<\/li>\n<li><b>\u00a0<\/b>Infusion de p\u00e9tales de rose et de vanille<\/li>\n<\/ul>","protected":false},"featured_media":38094,"template":"","meta":{"_seopress_robots_primary_cat":"none","_seopress_titles_title":"","_seopress_titles_desc":"","_seopress_robots_index":"","_kad_blocks_custom_css":"","_kad_blocks_head_custom_js":"","_kad_blocks_body_custom_js":"","_kad_blocks_footer_custom_js":"","_kad_post_transparent":"default","_kad_post_title":"","_kad_post_layout":"default","_kad_post_sidebar_id":"","_kad_post_content_style":"default","_kad_post_vertical_padding":"default","_kad_post_feature":"","_kad_post_feature_position":"","_kad_post_header":false,"_kad_post_footer":false,"_kad_post_classname":""},"product_brand":[],"product_cat":[150],"product_tag":[151],"class_list":{"0":"post-38087","1":"product","2":"type-product","3":"status-publish","4":"has-post-thumbnail","6":"product_cat-cacao","7":"product_tag-cacao","9":"first","10":"instock","11":"taxable","12":"shipping-taxable","13":"purchasable","14":"product-type-simple","15":"entry","16":"content-bg","17":"loop-entry"},"taxonomy_info":{"product_cat":[{"value":150,"label":"Cacao"}],"product_tag":[{"value":151,"label":"Cacao"}]},"featured_image_src_large":["https:\/\/orisha-ossain.com\/wp-content\/uploads\/2024\/12\/Pasion-transparent-1024x1024.webp",1024,1024,true],"author_info":[],"comment_info":"","_links":{"self":[{"href":"https:\/\/orisha-ossain.com\/fr\/wp-json\/wp\/v2\/product\/38087","targetHints":{"allow":["GET"]}}],"collection":[{"href":"https:\/\/orisha-ossain.com\/fr\/wp-json\/wp\/v2\/product"}],"about":[{"href":"https:\/\/orisha-ossain.com\/fr\/wp-json\/wp\/v2\/types\/product"}],"wp:featuredmedia":[{"embeddable":true,"href":"https:\/\/orisha-ossain.com\/fr\/wp-json\/wp\/v2\/media\/38094"}],"wp:attachment":[{"href":"https:\/\/orisha-ossain.com\/fr\/wp-json\/wp\/v2\/media?parent=38087"}],"wp:term":[{"taxonomy":"product_brand","embeddable":true,"href":"https:\/\/orisha-ossain.com\/fr\/wp-json\/wp\/v2\/product_brand?post=38087"},{"taxonomy":"product_cat","embeddable":true,"href":"https:\/\/orisha-ossain.com\/fr\/wp-json\/wp\/v2\/product_cat?post=38087"},{"taxonomy":"product_tag","embeddable":true,"href":"https:\/\/orisha-ossain.com\/fr\/wp-json\/wp\/v2\/product_tag?post=38087"}],"curies":[{"name":"wp","href":"https:\/\/api.w.org\/{rel}","templated":true}]}}