{"id":38070,"date":"2025-01-05T14:37:46","date_gmt":"2025-01-05T13:37:46","guid":{"rendered":"https:\/\/orisha-ossain.com\/?post_type=product&#038;p=38070"},"modified":"2026-04-03T15:50:11","modified_gmt":"2026-04-03T13:50:11","slug":"signature-blend","status":"publish","type":"product","link":"https:\/\/orisha-ossain.com\/fr\/product\/signature-blend\/","title":{"rendered":"M\u00e9lange Signature"},"content":{"rendered":"<h2>Cacao c\u00e9r\u00e9moniel Signature Blend<\/h2>\n<p>D\u00e9couvrez des possibilit\u00e9s infinies avec notre cacao de c\u00e9r\u00e9monie, provenant des tribus indig\u00e8nes mayas du sud du Belize. Cultiv\u00e9 de mani\u00e8re organique pour s'harmoniser avec la riche biodiversit\u00e9 de la terre, ce cacao incarne la durabilit\u00e9 \u00e0 la base. Infus\u00e9 d'\u00e9pices indig\u00e8nes, il c\u00e9l\u00e8bre les traditions sacr\u00e9es du peuple maya, honorant leur pass\u00e9 tout en embrassant le pr\u00e9sent et en inspirant l'avenir.<\/p>\n<p>\u00c0 chaque gorg\u00e9e, votre c\u0153ur s'ouvre \u00e0 un monde de potentiel. Osez r\u00eaver, lib\u00e9rez votre cr\u00e9ativit\u00e9 et commencez \u00e0 construire la vie que vous avez toujours d\u00e9sir\u00e9e.<\/p>\n<p><strong>Profil \u00e9nerg\u00e9tique :<\/strong> Revigorant, ancr\u00e9 dans la r\u00e9alit\u00e9, ouvrant le c\u0153ur.<\/p>\n<p><img decoding=\"async\" class=\"aligncenter wp-image-38091 size-large\" src=\"https:\/\/orisha-ossain.com\/wp-content\/uploads\/2024\/12\/Signature-Blend-6-1024x1024.webp\" alt=\"\" width=\"1024\" height=\"1024\" srcset=\"https:\/\/orisha-ossain.com\/wp-content\/uploads\/2024\/12\/Signature-Blend-6-1024x1024.webp 1024w, https:\/\/orisha-ossain.com\/wp-content\/uploads\/2024\/12\/Signature-Blend-6-300x300.webp 300w, https:\/\/orisha-ossain.com\/wp-content\/uploads\/2024\/12\/Signature-Blend-6-768x768.webp 768w, https:\/\/orisha-ossain.com\/wp-content\/uploads\/2024\/12\/Signature-Blend-6-12x12.webp 12w, https:\/\/orisha-ossain.com\/wp-content\/uploads\/2024\/12\/Signature-Blend-6-75x75.webp 75w, https:\/\/orisha-ossain.com\/wp-content\/uploads\/2024\/12\/Signature-Blend-6-465x465.webp 465w, https:\/\/orisha-ossain.com\/wp-content\/uploads\/2024\/12\/Signature-Blend-6-100x100.webp 100w, https:\/\/orisha-ossain.com\/wp-content\/uploads\/2024\/12\/Signature-Blend-6.webp 1080w\" sizes=\"(max-width: 1024px) 100vw, 1024px\" \/><\/p>","protected":false},"excerpt":{"rendered":"<h3>Cacao de c\u00e9r\u00e9monie - Montagne Maya - Belize - 100 Grammes<\/h3>\n<p><b>Infusion d'\u00e9pices traditionnelles mayas :<\/b><\/p>\n<ul>\n<li><strong>Poivre de Cayenne<\/strong>Le feu - active le feu int\u00e9rieur, am\u00e9liore la circulation et la vitalit\u00e9.<\/li>\n<li><strong>Cannelle<\/strong>Le lait de ch\u00e8vre et le lait de ch\u00e8vre sont des produits de premi\u00e8re qualit\u00e9.<\/li>\n<li><strong>Vanille<\/strong>Le cacao est une substance chimique qui stimule l'esprit et renforce l'amour qu'il suscite.<\/li>\n<\/ul>","protected":false},"featured_media":38092,"template":"","meta":{"_seopress_robots_primary_cat":"none","_seopress_titles_title":"Ceremonial Cacao - Signature Blend Cayenne Cinnamon Vanilla","_seopress_titles_desc":"Experience heart-opening moments with ceremonial cacao. Sustainably grown by Maya tribes in Belize, it\u2019s infused with native spices to ground","_seopress_robots_index":"","_kad_blocks_custom_css":"","_kad_blocks_head_custom_js":"","_kad_blocks_body_custom_js":"","_kad_blocks_footer_custom_js":"","_kad_post_transparent":"default","_kad_post_title":"","_kad_post_layout":"default","_kad_post_sidebar_id":"","_kad_post_content_style":"default","_kad_post_vertical_padding":"default","_kad_post_feature":"","_kad_post_feature_position":"","_kad_post_header":false,"_kad_post_footer":false,"_kad_post_classname":""},"product_brand":[],"product_cat":[150],"product_tag":[151],"class_list":{"0":"post-38070","1":"product","2":"type-product","3":"status-publish","4":"has-post-thumbnail","6":"product_cat-cacao","7":"product_tag-cacao","9":"first","10":"instock","11":"taxable","12":"shipping-taxable","13":"purchasable","14":"product-type-simple","15":"entry","16":"content-bg","17":"loop-entry"},"taxonomy_info":{"product_cat":[{"value":150,"label":"Cacao"}],"product_tag":[{"value":151,"label":"Cacao"}]},"featured_image_src_large":["https:\/\/orisha-ossain.com\/wp-content\/uploads\/2024\/12\/Signature-Blend-transparent-1024x1024.webp",1024,1024,true],"author_info":[],"comment_info":"","_links":{"self":[{"href":"https:\/\/orisha-ossain.com\/fr\/wp-json\/wp\/v2\/product\/38070","targetHints":{"allow":["GET"]}}],"collection":[{"href":"https:\/\/orisha-ossain.com\/fr\/wp-json\/wp\/v2\/product"}],"about":[{"href":"https:\/\/orisha-ossain.com\/fr\/wp-json\/wp\/v2\/types\/product"}],"wp:featuredmedia":[{"embeddable":true,"href":"https:\/\/orisha-ossain.com\/fr\/wp-json\/wp\/v2\/media\/38092"}],"wp:attachment":[{"href":"https:\/\/orisha-ossain.com\/fr\/wp-json\/wp\/v2\/media?parent=38070"}],"wp:term":[{"taxonomy":"product_brand","embeddable":true,"href":"https:\/\/orisha-ossain.com\/fr\/wp-json\/wp\/v2\/product_brand?post=38070"},{"taxonomy":"product_cat","embeddable":true,"href":"https:\/\/orisha-ossain.com\/fr\/wp-json\/wp\/v2\/product_cat?post=38070"},{"taxonomy":"product_tag","embeddable":true,"href":"https:\/\/orisha-ossain.com\/fr\/wp-json\/wp\/v2\/product_tag?post=38070"}],"curies":[{"name":"wp","href":"https:\/\/api.w.org\/{rel}","templated":true}]}}