{"id":3651,"date":"2024-07-26T12:25:42","date_gmt":"2024-07-26T10:25:42","guid":{"rendered":"http:\/\/orisha-ossain.com\/?post_type=product&#038;p=3651"},"modified":"2026-03-11T10:26:01","modified_gmt":"2026-03-11T09:26:01","slug":"tepi-natural","status":"publish","type":"product","link":"https:\/\/orisha-ossain.com\/fr\/product\/tepi-natural\/","title":{"rendered":"Tepi Natural"},"content":{"rendered":"<p><img decoding=\"async\" class=\"aligncenter wp-image-53589 size-full\" src=\"https:\/\/orisha-ossain.com\/wp-content\/uploads\/2026\/03\/20260310_125146.jpg\" alt=\"\" width=\"1577\" height=\"1779\" srcset=\"https:\/\/orisha-ossain.com\/wp-content\/uploads\/2026\/03\/20260310_125146.jpg 1577w, https:\/\/orisha-ossain.com\/wp-content\/uploads\/2026\/03\/20260310_125146-266x300.jpg 266w, https:\/\/orisha-ossain.com\/wp-content\/uploads\/2026\/03\/20260310_125146-908x1024.jpg 908w, https:\/\/orisha-ossain.com\/wp-content\/uploads\/2026\/03\/20260310_125146-768x866.jpg 768w, https:\/\/orisha-ossain.com\/wp-content\/uploads\/2026\/03\/20260310_125146-1362x1536.jpg 1362w, https:\/\/orisha-ossain.com\/wp-content\/uploads\/2026\/03\/20260310_125146-11x12.jpg 11w\" sizes=\"(max-width: 1577px) 100vw, 1577px\" \/><\/p>\n<p>La pi\u00e8ce pr\u00e9sent\u00e9e est l'\u0153uvre de mon cher ami Paco. Il vit dans le sud du Br\u00e9sil, pr\u00e8s de Porto Alegre. J'ai rendu visite \u00e0 Paco dans sa maison du sud et j'ai pass\u00e9 un peu de temps avec lui pour en savoir plus sur lui et sur son travail. L'\u00e9thique de travail de Paco est assez particuli\u00e8re. Le bois qu'il utilise provient de maisons d\u00e9molies ou d'arbres morts dans la nature. Les os qu'il utilise proviennent d'animaux tu\u00e9s sur la route ou morts naturellement. Ni Paco ni personne d'autre n'a eu \u00e0 sacrifier directement un arbre ou un animal pour r\u00e9aliser l'une de ses \u0153uvres d'art. Et chaque pi\u00e8ce qu'il r\u00e9alise est unique. L'\u0153uvre de Paco fait partie int\u00e9grante d'Orisha Ossain.<\/p>\n<figure id=\"attachment_1352\" aria-describedby=\"caption-attachment-1352\" style=\"width: 169px\" class=\"wp-caption alignright\"><a href=\"http:\/\/orisha-ossain.com\/wp-content\/uploads\/2023\/08\/paco-01.jpg\"><img decoding=\"async\" class=\"wp-image-1352 size-medium\" src=\"http:\/\/orisha-ossain.com\/wp-content\/uploads\/2023\/08\/paco-01-169x300.jpg\" alt=\"\" width=\"169\" height=\"300\" srcset=\"https:\/\/orisha-ossain.com\/wp-content\/uploads\/2023\/08\/paco-01-169x300.jpg 169w, https:\/\/orisha-ossain.com\/wp-content\/uploads\/2023\/08\/paco-01.jpg 517w\" sizes=\"(max-width: 169px) 100vw, 169px\" \/><\/a><figcaption id=\"caption-attachment-1352\" class=\"wp-caption-text\">Trois parties qui formeront un nouveau Kuripe<\/figcaption><\/figure>\n<h2>Artisanat<\/h2>\n<p>Le Tepi et le Kuripe que fabrique Paco ont tous un aspect tr\u00e8s organique. Toutes les pi\u00e8ces ont leur propre caract\u00e8re. Il utilise diverses techniques pour r\u00e9aliser des connexions tr\u00e8s nettes et solides entre les sections de ses instruments chamaniques. Un probl\u00e8me courant avec un Kuripe en forme de V est qu'une partie du tabac \u00e0 priser reste coinc\u00e9e dans le fond du V. La solution de Paco est de cr\u00e9er un fond \u00e0 l'int\u00e9rieur du Kuripe qui a une forme incurv\u00e9e. De cette fa\u00e7on, vous soufflerez toujours tout le tabac \u00e0 priser de votre sarbacane. Ses pi\u00e8ces sont tr\u00e8s puissantes. En g\u00e9n\u00e9ral, la force de soufflage de ses sarbacanes est assez \u00e9lev\u00e9e et assure une entr\u00e9e profonde dans le Rap\u00e9. Ce sont toutes des pi\u00e8ces de haute qualit\u00e9 qui dureront tr\u00e8s longtemps.<a style=\"font-weight: bold;\" href=\"http:\/\/orisha-ossain.com\/wp-content\/uploads\/2023\/08\/paco-02.jpg\"><img decoding=\"async\" class=\"size-medium wp-image-1353 alignnone\" src=\"http:\/\/orisha-ossain.com\/wp-content\/uploads\/2023\/08\/paco-02-169x300.jpg\" alt=\"\" width=\"169\" height=\"300\" srcset=\"https:\/\/orisha-ossain.com\/wp-content\/uploads\/2023\/08\/paco-02-169x300.jpg 169w, https:\/\/orisha-ossain.com\/wp-content\/uploads\/2023\/08\/paco-02.jpg 520w\" sizes=\"(max-width: 169px) 100vw, 169px\" \/><\/a><\/p>\n<p>Une corde de peau de ch\u00e8vre est attach\u00e9e<\/p>\n<h2>Remarquable !<\/h2>\n<p>Pendant la semaine que j'ai pass\u00e9e avec Paco, j'ai appr\u00e9ci\u00e9 le temps pass\u00e9 \u00e0 m'asseoir \u00e0 c\u00f4t\u00e9 de lui et \u00e0 l'observer pendant qu'il travaillait. Ensemble, nous avons cr\u00e9\u00e9 mon nouveau Kuripe personnel. J'ai beaucoup appr\u00e9ci\u00e9 le temps que nous avons pass\u00e9 ensemble. Pour aider un peu Paco, je lui ai achet\u00e9 de nouveaux outils de base, comme une lime \u00e0 bois et une r\u00e2pe. Certains de ses outils \u00e9taient trop vieux et le ralentissaient beaucoup. Paco utilise diff\u00e9rents types de bois. Du pin local au bois de cannelle en passant par un bois amazonien appel\u00e9 \"Roxinho\". Toutes les pi\u00e8ces ont un aspect et une fr\u00e9quence uniques. Le haut niveau d'artisanat rend ses pi\u00e8ces exceptionnelles.  Simple, organique, beau et puissant sont quelques mots qui expriment ce que je ressens en regardant et en tenant son art.<\/p>\n<figure id=\"attachment_1354\" aria-describedby=\"caption-attachment-1354\" style=\"width: 170px\" class=\"wp-caption alignright\"><a href=\"http:\/\/orisha-ossain.com\/wp-content\/uploads\/2023\/08\/paco-03.jpg\"><img decoding=\"async\" class=\"wp-image-1354 size-medium\" src=\"http:\/\/orisha-ossain.com\/wp-content\/uploads\/2023\/08\/paco-03-170x300.jpg\" alt=\"\" width=\"170\" height=\"300\" srcset=\"https:\/\/orisha-ossain.com\/wp-content\/uploads\/2023\/08\/paco-03-170x300.jpg 170w, https:\/\/orisha-ossain.com\/wp-content\/uploads\/2023\/08\/paco-03.jpg 520w\" sizes=\"(max-width: 170px) 100vw, 170px\" \/><\/a><figcaption id=\"caption-attachment-1354\" class=\"wp-caption-text\">Inspection finale<\/figcaption><\/figure>\n<h2>Sur mesure<\/h2>\n<p>Paco travaillait comme m\u00e9canicien automobile, mais il s'est senti appel\u00e9 \u00e0 changer compl\u00e8tement de vie. Vivant \u00e0 la campagne avec sa merveilleuse femme et sa fille, il a r\u00e9ussi \u00e0 trouver un autre moyen de subvenir aux besoins de sa famille. Son seul revenu provient de ses \u0153uvres d'art, ce qui ne veut pas dire qu'il produit \u00e0 la cha\u00eene. Paco aime les contacts personnels. Il aime \u00e9tablir une relation \u00e9troite avec ses clients afin de pouvoir traduire leur \u00e9nergie et leurs souhaits dans l'\u0153uvre qu'il va r\u00e9aliser. Si vous avez des souhaits sp\u00e9cifiques pour un Tepi ou un Kuripe que vous aimeriez faire r\u00e9aliser par lui, n'h\u00e9sitez pas \u00e0 me contacter.<\/p>\n<figure id=\"attachment_1359\" aria-describedby=\"caption-attachment-1359\" style=\"width: 300px\" class=\"wp-caption aligncenter\"><a href=\"http:\/\/orisha-ossain.com\/wp-content\/uploads\/2023\/08\/P-A-e1582819785384.jpeg\"><img decoding=\"async\" class=\"wp-image-1359 size-medium\" src=\"http:\/\/orisha-ossain.com\/wp-content\/uploads\/2023\/08\/P-A-e1582819785384-300x225.jpeg\" alt=\"\" width=\"300\" height=\"225\" srcset=\"https:\/\/orisha-ossain.com\/wp-content\/uploads\/2023\/08\/P-A-e1582819785384-300x225.jpeg 300w, https:\/\/orisha-ossain.com\/wp-content\/uploads\/2023\/08\/P-A-e1582819785384-1024x768.jpeg 1024w, https:\/\/orisha-ossain.com\/wp-content\/uploads\/2023\/08\/P-A-e1582819785384-768x576.jpeg 768w, https:\/\/orisha-ossain.com\/wp-content\/uploads\/2023\/08\/P-A-e1582819785384-1536x1152.jpeg 1536w, https:\/\/orisha-ossain.com\/wp-content\/uploads\/2023\/08\/P-A-e1582819785384.jpeg 1600w\" sizes=\"(max-width: 300px) 100vw, 300px\" \/><\/a><figcaption id=\"caption-attachment-1359\" class=\"wp-caption-text\">Paco et moi<\/figcaption><\/figure>\n<h2 style=\"text-align: center;\"><a href=\"http:\/\/orisha-ossain.com\/fr\/product-category\/tepi\/\">Tepi<\/a> et Kuripe<span style=\"font-size: 16px;\">\u00a0<\/span><\/h2>\n<p style=\"text-align: center;\">Jetez un coup d'\u0153il \u00e0 la collection de Tepi et Kuripe. Diff\u00e9rents styles de diff\u00e9rents artistes sont disponibles. <a style=\"font-weight: bold; font-family: var(--global-body-font-family);\" href=\"http:\/\/orisha-ossain.com\/wp-content\/uploads\/2023\/06\/Tepi-Blessings.jpg\"><img decoding=\"async\" class=\"wp-image-55 size-medium aligncenter\" src=\"http:\/\/orisha-ossain.com\/wp-content\/uploads\/2023\/06\/Tepi-Blessings-300x199.jpg\" alt=\"Tepis recevant les b\u00e9n\u00e9dictions de leurs cr\u00e9ateurs\" width=\"300\" height=\"199\" srcset=\"https:\/\/orisha-ossain.com\/wp-content\/uploads\/2023\/06\/Tepi-Blessings-300x199.jpg 300w, https:\/\/orisha-ossain.com\/wp-content\/uploads\/2023\/06\/Tepi-Blessings.jpg 640w\" sizes=\"(max-width: 300px) 100vw, 300px\" \/><\/a><span style=\"font-size: 14px; font-family: var(--global-body-font-family);\">Tepis recevant les b\u00e9n\u00e9dictions de leurs cr\u00e9ateurs<\/span><\/p>","protected":false},"excerpt":{"rendered":"<p>Un seul morceau de bois d'oranger Tepi.<br \/>\nTrait\u00e9e avec une laque naturelle pour la protection.<\/p>","protected":false},"featured_media":53587,"template":"","meta":{"_seopress_robots_primary_cat":"none","_seopress_titles_title":"Tepi Natural","_seopress_titles_desc":"","_seopress_robots_index":"","_kad_blocks_custom_css":"","_kad_blocks_head_custom_js":"","_kad_blocks_body_custom_js":"","_kad_blocks_footer_custom_js":"","_kad_post_transparent":"default","_kad_post_title":"","_kad_post_layout":"default","_kad_post_sidebar_id":"","_kad_post_content_style":"default","_kad_post_vertical_padding":"default","_kad_post_feature":"","_kad_post_feature_position":"","_kad_post_header":false,"_kad_post_footer":false,"_kad_post_classname":""},"product_brand":[],"product_cat":[66],"product_tag":[76],"class_list":{"0":"post-3651","1":"product","2":"type-product","3":"status-publish","4":"has-post-thumbnail","6":"product_cat-tepi","7":"product_tag-tepi","9":"first","10":"instock","11":"taxable","12":"shipping-taxable","13":"purchasable","14":"product-type-simple","15":"entry","16":"content-bg","17":"loop-entry"},"taxonomy_info":{"product_cat":[{"value":66,"label":"Tepi"}],"product_tag":[{"value":76,"label":"Tepi"}]},"featured_image_src_large":["https:\/\/orisha-ossain.com\/wp-content\/uploads\/2026\/03\/20260310_125111-1024x890.jpg",1024,890,true],"author_info":[],"comment_info":"","_links":{"self":[{"href":"https:\/\/orisha-ossain.com\/fr\/wp-json\/wp\/v2\/product\/3651","targetHints":{"allow":["GET"]}}],"collection":[{"href":"https:\/\/orisha-ossain.com\/fr\/wp-json\/wp\/v2\/product"}],"about":[{"href":"https:\/\/orisha-ossain.com\/fr\/wp-json\/wp\/v2\/types\/product"}],"wp:featuredmedia":[{"embeddable":true,"href":"https:\/\/orisha-ossain.com\/fr\/wp-json\/wp\/v2\/media\/53587"}],"wp:attachment":[{"href":"https:\/\/orisha-ossain.com\/fr\/wp-json\/wp\/v2\/media?parent=3651"}],"wp:term":[{"taxonomy":"product_brand","embeddable":true,"href":"https:\/\/orisha-ossain.com\/fr\/wp-json\/wp\/v2\/product_brand?post=3651"},{"taxonomy":"product_cat","embeddable":true,"href":"https:\/\/orisha-ossain.com\/fr\/wp-json\/wp\/v2\/product_cat?post=3651"},{"taxonomy":"product_tag","embeddable":true,"href":"https:\/\/orisha-ossain.com\/fr\/wp-json\/wp\/v2\/product_tag?post=3651"}],"curies":[{"name":"wp","href":"https:\/\/api.w.org\/{rel}","templated":true}]}}