{"id":364,"date":"2023-06-29T16:09:28","date_gmt":"2023-06-29T14:09:28","guid":{"rendered":"http:\/\/orisha-ossain.com\/?post_type=product&#038;p=364"},"modified":"2026-03-30T13:14:34","modified_gmt":"2026-03-30T11:14:34","slug":"rape-9-ervas","status":"publish","type":"product","link":"https:\/\/orisha-ossain.com\/fr\/product\/rape-9-ervas\/","title":{"rendered":"Rap\u00e9 9 Ervas"},"content":{"rendered":"<h2>Rap\u00e9 9 Ervas<\/h2>\n<p>Ce rap\u00e9 9 Ervas est un m\u00e9lange traditionnel dans la tradition de la culture Kaxinawa. Il s'agit d'un m\u00e9lange de 9 herbes. On fait 3 herbes, 5 herbes ou 7 herbes. Les 9 herbes ne sont pas une recette fixe, il existe des variations de diff\u00e9rentes s\u00e9lections d'herbes. En g\u00e9n\u00e9ral, on choisit neuf herbes qui fonctionnent bien dans rap\u00e9 et qui ouvrent le syst\u00e8me respiratoire en soulageant les probl\u00e8mes qui y sont li\u00e9s.<br \/>\nCe m\u00e9lange particulier a \u00e9t\u00e9 r\u00e9alis\u00e9 avec :<\/p>\n<ul>\n<li>\u00a0Cumaru<\/li>\n<li>\u00a0Malvarisco<\/li>\n<li>\u00a0Xip\u00e3o<\/li>\n<li>\u00a0Capemba<\/li>\n<li>\u00a0Eucaliptos<\/li>\n<li>\u00a0Corama<\/li>\n<li>\u00a0Jatob\u00e1<\/li>\n<li>\u00a0Copaiba<\/li>\n<li>\u00a0Cacau<\/li>\n<\/ul>\n<p><a href=\"http:\/\/orisha-ossain.com\/wp-content\/uploads\/2023\/06\/Kaxinawa-9-ervas.jpg\"><img decoding=\"async\" class=\"aligncenter wp-image-259 size-full\" src=\"http:\/\/orisha-ossain.com\/wp-content\/uploads\/2023\/06\/Kaxinawa-9-ervas.jpg\" alt=\"Kaxinawa rap\u00e9 9 Ervas\" width=\"600\" height=\"400\" srcset=\"https:\/\/orisha-ossain.com\/wp-content\/uploads\/2023\/06\/Kaxinawa-9-ervas.jpg 600w, https:\/\/orisha-ossain.com\/wp-content\/uploads\/2023\/06\/Kaxinawa-9-ervas-300x200.jpg 300w\" sizes=\"(max-width: 600px) 100vw, 600px\" \/><\/a><\/p>","protected":false},"excerpt":{"rendered":"<p>Dans la tradition Kaxinawa de fabrication du Rap\u00e9 avec l'ajout d'herbes. Ce rap\u00e9 9 Ervas est un m\u00e9lange traditionnel dans la tradition de la culture Kaxinawa. Il se compose d'un m\u00e9lange de 9 herbes diff\u00e9rentes.<\/p>","protected":false},"featured_media":35610,"template":"","meta":{"_seopress_robots_primary_cat":"none","_seopress_titles_title":"Rap\u00e9 9 Ervas - Nine Herbs Snuff From the Kaxinawa Tribe -","_seopress_titles_desc":"In the Kaxinawa tradition of making Rap\u00e9 with the addition of herbs. This rap\u00e9 9 Ervas is a traditional mixture in tradition of the Kaxinawa culture.","_seopress_robots_index":"","_kad_blocks_custom_css":"","_kad_blocks_head_custom_js":"","_kad_blocks_body_custom_js":"","_kad_blocks_footer_custom_js":"","_kad_post_transparent":"default","_kad_post_title":"","_kad_post_layout":"default","_kad_post_sidebar_id":"","_kad_post_content_style":"default","_kad_post_vertical_padding":"default","_kad_post_feature":"","_kad_post_feature_position":"","_kad_post_header":false,"_kad_post_footer":false,"_kad_post_classname":""},"product_brand":[],"product_cat":[50],"product_tag":[56],"class_list":{"0":"post-364","1":"product","2":"type-product","3":"status-publish","4":"has-post-thumbnail","6":"product_cat-rape","7":"product_tag-kaxinawa","9":"first","10":"instock","11":"taxable","12":"shipping-taxable","13":"purchasable","14":"product-type-variable","15":"entry","16":"content-bg","17":"loop-entry"},"taxonomy_info":{"product_cat":[{"value":50,"label":"Rap\u00e9"}],"product_tag":[{"value":56,"label":"Kaxinawa"}]},"featured_image_src_large":["https:\/\/orisha-ossain.com\/wp-content\/uploads\/2024\/11\/9-Ervas_Orisha_Ossain.png",736,736,false],"author_info":[],"comment_info":"","_links":{"self":[{"href":"https:\/\/orisha-ossain.com\/fr\/wp-json\/wp\/v2\/product\/364","targetHints":{"allow":["GET"]}}],"collection":[{"href":"https:\/\/orisha-ossain.com\/fr\/wp-json\/wp\/v2\/product"}],"about":[{"href":"https:\/\/orisha-ossain.com\/fr\/wp-json\/wp\/v2\/types\/product"}],"wp:featuredmedia":[{"embeddable":true,"href":"https:\/\/orisha-ossain.com\/fr\/wp-json\/wp\/v2\/media\/35610"}],"wp:attachment":[{"href":"https:\/\/orisha-ossain.com\/fr\/wp-json\/wp\/v2\/media?parent=364"}],"wp:term":[{"taxonomy":"product_brand","embeddable":true,"href":"https:\/\/orisha-ossain.com\/fr\/wp-json\/wp\/v2\/product_brand?post=364"},{"taxonomy":"product_cat","embeddable":true,"href":"https:\/\/orisha-ossain.com\/fr\/wp-json\/wp\/v2\/product_cat?post=364"},{"taxonomy":"product_tag","embeddable":true,"href":"https:\/\/orisha-ossain.com\/fr\/wp-json\/wp\/v2\/product_tag?post=364"}],"curies":[{"name":"wp","href":"https:\/\/api.w.org\/{rel}","templated":true}]}}