{"id":35847,"date":"2025-03-24T10:35:26","date_gmt":"2025-03-24T09:35:26","guid":{"rendered":"https:\/\/orisha-ossain.com\/?post_type=product&#038;p=35847"},"modified":"2026-04-17T16:49:42","modified_gmt":"2026-04-17T14:49:42","slug":"sabia-mapacho-roll","status":"publish","type":"product","link":"https:\/\/orisha-ossain.com\/fr\/product\/sabia-mapacho-roll\/","title":{"rendered":"Rouleau de Sabi\u00e1 Mapacho"},"content":{"rendered":"<h2>La puissance des rouleaux Sabi\u00e1 Mapacho<\/h2>\n<p>Nicotiana rustica, souvent appel\u00e9 \"tabac sauvage\", est une vari\u00e9t\u00e9 de tabac robuste et puissante qui se distingue de son cousin plus connu, Nicotiana tabacum. Originaire des Am\u00e9riques, cette plante a \u00e9t\u00e9 cultiv\u00e9e et utilis\u00e9e dans diverses pratiques traditionnelles par les peuples indig\u00e8nes bien avant l'introduction du tabac commercial.<\/p>\n<h3>Tabac Sabi\u00e1 : Une riche tradition br\u00e9silienne<\/h3>\n<p>Le tabac Sabi\u00e1, d\u00e9riv\u00e9 de Nicotiana rustica, est r\u00e9put\u00e9 pour sa force et son noir profond, en particulier dans la r\u00e9gion d'Arapiraca, dans l'\u00c9tat d'Alagoas, au Br\u00e9sil. Cette vari\u00e9t\u00e9 est c\u00e9l\u00e9br\u00e9e non seulement pour ses propri\u00e9t\u00e9s intenses, mais aussi pour sa signification culturelle au Br\u00e9sil. Elle est cultiv\u00e9e dans une r\u00e9gion connue pour son sol riche et fertile, qui contribue \u00e0 la robustesse du tabac.<\/p>\n<h3>Artisanat et durabilit\u00e9<\/h3>\n<p>Fabriqu\u00e9s par des artisans qualifi\u00e9s, les rouleaux de tabac Maya's Sabi\u00e1 sont produits dans le respect des m\u00e9thodes traditionnelles transmises de g\u00e9n\u00e9ration en g\u00e9n\u00e9ration. Chaque rouleau est pr\u00e9par\u00e9 avec soin afin de pr\u00e9server l'h\u00e9ritage culturel et l'authenticit\u00e9 du tabac. Ce processus inclut une approche durable de l'agriculture, aucun pesticide n'\u00e9tant utilis\u00e9 pendant la culture, ce qui garantit un produit pur et naturel qui respecte \u00e0 la fois l'environnement et la sant\u00e9 des consommateurs.<\/p>","protected":false},"excerpt":{"rendered":"<h2 class=\"product_title entry-title\">Rouleaux de Sabi\u00e1 Mapacho - Du Br\u00e9sil<\/h2>\n<p>Sabi\u00e1 Mapacho frais scell\u00e9 sous vide.<\/p>\n<h2 class=\"product_title entry-title\"><span style=\"color: #ff0000;\"><strong style=\"font-family: var(--global-body-font-family); font-size: 16px;\">Ce produit ne peut \u00eatre exp\u00e9di\u00e9 qu'au sein de l'UE.<\/strong><\/span><\/h2>\n<p>Emball\u00e9s sous vide en 100, 250 et 500 grammes, vous recevrez toujours un peu plus car il est difficile de couper pr\u00e9cis\u00e9ment au gramme pr\u00e8s.<\/p>\n<div class=\"woocommerce-product-attributes-item woocommerce-product-attributes-item--attribute_pa_botanical-name\"><span class=\"woocommerce-product-attributes-item__label\"><strong>Nom botanique<\/strong><span class=\"ckit-chosen-attribute_semicolon\">\u00a0-\u00a0<\/span><\/span><span class=\"woocommerce-product-attributes-item__value\">Nicotiana Rustica<\/span><\/div>\n<div class=\"woocommerce-product-attributes-item woocommerce-product-attributes-item--attribute_pa_plant-part\"><span class=\"woocommerce-product-attributes-item__label\"><strong>Partie de la plante<\/strong><span class=\"ckit-chosen-attribute_semicolon\">\u00a0-\u00a0<\/span><\/span><span class=\"woocommerce-product-attributes-item__value\">Feuille<\/span><\/div>\n<div class=\"woocommerce-product-attributes-item woocommerce-product-attributes-item--attribute_pa_country\"><span class=\"woocommerce-product-attributes-item__label\"><strong>Pays<\/strong><span class=\"ckit-chosen-attribute_semicolon\">\u00a0-\u00a0<\/span><\/span><span class=\"woocommerce-product-attributes-item__value\">Br\u00e9sil<\/span><\/div>","protected":false},"featured_media":41116,"template":"","meta":{"_seopress_robots_primary_cat":"none","_seopress_titles_title":"%%post_title%% - Strong Mapacho from Brazil","_seopress_titles_desc":"Sabi\u00e1 Mapacho Rolls. is a robust and potent variety of tobacco that stands distinct from its more commonly known cousin, Nicotiana tabacum.","_seopress_robots_index":"","_kad_blocks_custom_css":"","_kad_blocks_head_custom_js":"","_kad_blocks_body_custom_js":"","_kad_blocks_footer_custom_js":"","_kad_post_transparent":"default","_kad_post_title":"","_kad_post_layout":"default","_kad_post_sidebar_id":"","_kad_post_content_style":"default","_kad_post_vertical_padding":"default","_kad_post_feature":"","_kad_post_feature_position":"","_kad_post_header":false,"_kad_post_footer":false,"_kad_post_classname":""},"product_brand":[],"product_cat":[145],"product_tag":[],"class_list":{"0":"post-35847","1":"product","2":"type-product","3":"status-publish","4":"has-post-thumbnail","6":"product_cat-mapacho","8":"first","9":"instock","10":"taxable","11":"shipping-taxable","12":"purchasable","13":"product-type-variable","14":"entry","15":"content-bg","16":"loop-entry"},"taxonomy_info":{"product_cat":[{"value":145,"label":"Mapacho"}]},"featured_image_src_large":["https:\/\/orisha-ossain.com\/wp-content\/uploads\/2025\/03\/sab-roll-1024x878.png",1024,878,true],"author_info":[],"comment_info":"","_links":{"self":[{"href":"https:\/\/orisha-ossain.com\/fr\/wp-json\/wp\/v2\/product\/35847","targetHints":{"allow":["GET"]}}],"collection":[{"href":"https:\/\/orisha-ossain.com\/fr\/wp-json\/wp\/v2\/product"}],"about":[{"href":"https:\/\/orisha-ossain.com\/fr\/wp-json\/wp\/v2\/types\/product"}],"wp:featuredmedia":[{"embeddable":true,"href":"https:\/\/orisha-ossain.com\/fr\/wp-json\/wp\/v2\/media\/41116"}],"wp:attachment":[{"href":"https:\/\/orisha-ossain.com\/fr\/wp-json\/wp\/v2\/media?parent=35847"}],"wp:term":[{"taxonomy":"product_brand","embeddable":true,"href":"https:\/\/orisha-ossain.com\/fr\/wp-json\/wp\/v2\/product_brand?post=35847"},{"taxonomy":"product_cat","embeddable":true,"href":"https:\/\/orisha-ossain.com\/fr\/wp-json\/wp\/v2\/product_cat?post=35847"},{"taxonomy":"product_tag","embeddable":true,"href":"https:\/\/orisha-ossain.com\/fr\/wp-json\/wp\/v2\/product_tag?post=35847"}],"curies":[{"name":"wp","href":"https:\/\/api.w.org\/{rel}","templated":true}]}}