{"id":35844,"date":"2025-04-10T11:35:15","date_gmt":"2025-04-10T09:35:15","guid":{"rendered":"https:\/\/orisha-ossain.com\/?post_type=product&#038;p=35844"},"modified":"2026-04-10T13:44:59","modified_gmt":"2026-04-10T11:44:59","slug":"sabia-powder","status":"publish","type":"product","link":"https:\/\/orisha-ossain.com\/fr\/product\/sabia-powder\/","title":{"rendered":"Poudre de Sabi\u00e1"},"content":{"rendered":"<h2>\u00c0 propos de Sabi\u00e1 Mapacho<\/h2>\n<p>Le sabi\u00e1, commun\u00e9ment appel\u00e9 tabac de corde, est une variante du c\u00e9l\u00e8bre Nicotiana rustica. Il est devenu un ingr\u00e9dient courant dans les produits de m\u00e9decine naturelle, en particulier ceux utilis\u00e9s par les chamans, les curanderos et les Paj\u00e9s (gu\u00e9risseurs), car cette variante du tabac donne des concoctions puissantes, principalement le Rap\u00e9.<\/p>\n<p>Le sabi\u00e1 est un type d'oiseau br\u00e9silien qui a donn\u00e9 son nom \u00e0 cette vari\u00e9t\u00e9.<\/p>\n<p>Selon la culture chamanique, cette plante peut offrir de grands pouvoirs de gu\u00e9rison pour l'esprit et le corps physique et est donc souvent utilis\u00e9e dans les c\u00e9r\u00e9monies sacr\u00e9es et les rituels de gu\u00e9rison indig\u00e8nes.<\/p>\n<p>Je vends ce tabac non trait\u00e9 en morceaux et en poudre. La poudre est finement moulue \u00e0 environ 100 mesh. Elle est s\u00e9ch\u00e9e \u00e0 l'air, r\u00e9duite en poudre et tamis\u00e9e pour obtenir les meilleurs r\u00e9sultats.<\/p>","protected":false},"excerpt":{"rendered":"<p>Un lot de Sabi\u00e1 mapacho tr\u00e8s finement moulu<br \/>\nSabi\u00e1 est un type fort de N Rustica et un excellent choix pour rap\u00e9.<\/p>","protected":false},"featured_media":37204,"template":"","meta":{"_seopress_robots_primary_cat":"none","_seopress_titles_title":"","_seopress_titles_desc":"","_seopress_robots_index":"","_kad_blocks_custom_css":"","_kad_blocks_head_custom_js":"","_kad_blocks_body_custom_js":"","_kad_blocks_footer_custom_js":"","_kad_post_transparent":"default","_kad_post_title":"","_kad_post_layout":"default","_kad_post_sidebar_id":"","_kad_post_content_style":"default","_kad_post_vertical_padding":"default","_kad_post_feature":"","_kad_post_feature_position":"","_kad_post_header":false,"_kad_post_footer":false,"_kad_post_classname":""},"product_brand":[],"product_cat":[145],"product_tag":[],"class_list":{"0":"post-35844","1":"product","2":"type-product","3":"status-publish","4":"has-post-thumbnail","6":"product_cat-mapacho","8":"first","9":"instock","10":"taxable","11":"shipping-taxable","12":"purchasable","13":"product-type-variable","14":"entry","15":"content-bg","16":"loop-entry"},"taxonomy_info":{"product_cat":[{"value":145,"label":"Mapacho"}]},"featured_image_src_large":["https:\/\/orisha-ossain.com\/wp-content\/uploads\/2024\/12\/Sabia_Orisha_Ossain.png",736,736,false],"author_info":[],"comment_info":"","_links":{"self":[{"href":"https:\/\/orisha-ossain.com\/fr\/wp-json\/wp\/v2\/product\/35844","targetHints":{"allow":["GET"]}}],"collection":[{"href":"https:\/\/orisha-ossain.com\/fr\/wp-json\/wp\/v2\/product"}],"about":[{"href":"https:\/\/orisha-ossain.com\/fr\/wp-json\/wp\/v2\/types\/product"}],"wp:featuredmedia":[{"embeddable":true,"href":"https:\/\/orisha-ossain.com\/fr\/wp-json\/wp\/v2\/media\/37204"}],"wp:attachment":[{"href":"https:\/\/orisha-ossain.com\/fr\/wp-json\/wp\/v2\/media?parent=35844"}],"wp:term":[{"taxonomy":"product_brand","embeddable":true,"href":"https:\/\/orisha-ossain.com\/fr\/wp-json\/wp\/v2\/product_brand?post=35844"},{"taxonomy":"product_cat","embeddable":true,"href":"https:\/\/orisha-ossain.com\/fr\/wp-json\/wp\/v2\/product_cat?post=35844"},{"taxonomy":"product_tag","embeddable":true,"href":"https:\/\/orisha-ossain.com\/fr\/wp-json\/wp\/v2\/product_tag?post=35844"}],"curies":[{"name":"wp","href":"https:\/\/api.w.org\/{rel}","templated":true}]}}