{"id":35841,"date":"2025-04-10T11:35:32","date_gmt":"2025-04-10T09:35:32","guid":{"rendered":"https:\/\/orisha-ossain.com\/?post_type=product&#038;p=35841"},"modified":"2026-04-10T13:44:59","modified_gmt":"2026-04-10T11:44:59","slug":"moi-powder","status":"publish","type":"product","link":"https:\/\/orisha-ossain.com\/fr\/product\/moi-powder\/","title":{"rendered":"Poudre de M\u00f3i"},"content":{"rendered":"<h2>\u00c0 propos de M\u00f3i Mapacho<\/h2>\n<p>C'est au c\u0153ur de l'Amazonie br\u00e9silienne, pr\u00e8s de la fronti\u00e8re avec le P\u00e9rou, que se trouve la source du c\u00e9l\u00e8bre Moi Mapacho, un tabac indig\u00e8ne appr\u00e9ci\u00e9 pour ses qualit\u00e9s uniques. Cultiv\u00e9e par les communaut\u00e9s foresti\u00e8res locales, descendantes des tribus indig\u00e8nes qui se sont m\u00eal\u00e9es aux migrants du Nord-Est pendant le boom du caoutchouc au d\u00e9but du XXe si\u00e8cle, cette vari\u00e9t\u00e9 distincte de nicotiana rustica prosp\u00e8re dans les paysages verdoyants de la Reserva Extrativista dans la r\u00e9gion sup\u00e9rieure de Jurua, nich\u00e9e \u00e0 proximit\u00e9 de la fronti\u00e8re p\u00e9ruvienne.<\/p>\n<p>C'est dans cet environnement immacul\u00e9 que s'\u00e9panouit l'art d\u00e9licat de la culture du Moi Mapacho. Ce tabac exquis, r\u00e9put\u00e9 pour sa douceur par rapport aux autres vari\u00e9t\u00e9s rustica br\u00e9siliennes, d\u00e9gage un ar\u00f4me captivant et poss\u00e8de un caract\u00e8re distinctif qui refl\u00e8te la puret\u00e9 de ses origines. Cultiv\u00e9e sans pesticides, chaque feuille porte en elle l'essence de l'Amazonie sauvage, t\u00e9moignant de la relation harmonieuse entre l'homme et la nature.<\/p>","protected":false},"excerpt":{"rendered":"<p>Un lot de Mo\u00ed Mapacho tr\u00e8s finement moulu. Le Mo\u00ed fait \u00e9galement partie de la vari\u00e9t\u00e9 N Rustica. Il est tr\u00e8s connu au Br\u00e9sil pour son ar\u00f4me et sa saveur uniques.<br \/>\nLes diff\u00e9rents types de rap\u00e9 que vous trouverez ici sont fabriqu\u00e9s avec ce merveilleux Mapacho.<\/p>","protected":false},"featured_media":37202,"template":"","meta":{"_seopress_robots_primary_cat":"none","_seopress_titles_title":"","_seopress_titles_desc":"","_seopress_robots_index":"","_kad_blocks_custom_css":"","_kad_blocks_head_custom_js":"","_kad_blocks_body_custom_js":"","_kad_blocks_footer_custom_js":"","_kad_post_transparent":"default","_kad_post_title":"","_kad_post_layout":"default","_kad_post_sidebar_id":"","_kad_post_content_style":"default","_kad_post_vertical_padding":"default","_kad_post_feature":"","_kad_post_feature_position":"","_kad_post_header":false,"_kad_post_footer":false,"_kad_post_classname":""},"product_brand":[],"product_cat":[145],"product_tag":[],"class_list":{"0":"post-35841","1":"product","2":"type-product","3":"status-publish","4":"has-post-thumbnail","6":"product_cat-mapacho","8":"first","9":"instock","10":"taxable","11":"shipping-taxable","12":"purchasable","13":"product-type-variable","14":"entry","15":"content-bg","16":"loop-entry"},"taxonomy_info":{"product_cat":[{"value":145,"label":"Mapacho"}]},"featured_image_src_large":["https:\/\/orisha-ossain.com\/wp-content\/uploads\/2024\/12\/Moi_Orisha_Ossain.png",736,736,false],"author_info":[],"comment_info":"","_links":{"self":[{"href":"https:\/\/orisha-ossain.com\/fr\/wp-json\/wp\/v2\/product\/35841","targetHints":{"allow":["GET"]}}],"collection":[{"href":"https:\/\/orisha-ossain.com\/fr\/wp-json\/wp\/v2\/product"}],"about":[{"href":"https:\/\/orisha-ossain.com\/fr\/wp-json\/wp\/v2\/types\/product"}],"wp:featuredmedia":[{"embeddable":true,"href":"https:\/\/orisha-ossain.com\/fr\/wp-json\/wp\/v2\/media\/37202"}],"wp:attachment":[{"href":"https:\/\/orisha-ossain.com\/fr\/wp-json\/wp\/v2\/media?parent=35841"}],"wp:term":[{"taxonomy":"product_brand","embeddable":true,"href":"https:\/\/orisha-ossain.com\/fr\/wp-json\/wp\/v2\/product_brand?post=35841"},{"taxonomy":"product_cat","embeddable":true,"href":"https:\/\/orisha-ossain.com\/fr\/wp-json\/wp\/v2\/product_cat?post=35841"},{"taxonomy":"product_tag","embeddable":true,"href":"https:\/\/orisha-ossain.com\/fr\/wp-json\/wp\/v2\/product_tag?post=35841"}],"curies":[{"name":"wp","href":"https:\/\/api.w.org\/{rel}","templated":true}]}}