{"id":35835,"date":"2025-02-01T19:05:12","date_gmt":"2025-02-01T18:05:12","guid":{"rendered":"https:\/\/orisha-ossain.com\/?post_type=product&#038;p=35835"},"modified":"2026-04-17T16:49:42","modified_gmt":"2026-04-17T14:49:42","slug":"moi-mapacho-roll","status":"publish","type":"product","link":"https:\/\/orisha-ossain.com\/fr\/product\/moi-mapacho-roll\/","title":{"rendered":"Rouleau M\u00f3i Mapacho"},"content":{"rendered":"<h2>Rouleau M\u00f3i Mapacho : Un tr\u00e9sor de l'Amazonie br\u00e9silienne<\/h2>\n<p>Cach\u00e9 dans les paysages luxuriants de l'Amazonie br\u00e9silienne, pr\u00e8s de la fronti\u00e8re avec le P\u00e9rou, le l\u00e9gendaire M\u00f3i Mapacho est un tabac indig\u00e8ne pris\u00e9 pour ses qualit\u00e9s distinctes. Cette vari\u00e9t\u00e9 unique de <em>Nicotiana rustica<\/em> est cultiv\u00e9 par les communaut\u00e9s foresti\u00e8res locales, descendants de tribus indig\u00e8nes m\u00e9lang\u00e9es \u00e0 des migrants du nord-est du Br\u00e9sil, arriv\u00e9s lors du boom du caoutchouc au d\u00e9but du 20e si\u00e8cle.<\/p>\n<p>Cultiv\u00e9 dans le riche sol de la Reserva Extrativista de la r\u00e9gion sup\u00e9rieure de Jurua, Moi Mapacho incarne la biodiversit\u00e9 et l'h\u00e9ritage culturel de l'Amazonie. Cette r\u00e9gion abrite des communaut\u00e9s indig\u00e8nes telles que les Ashaninka, les Kuntanawa, les Arara Shaw\u00e3dawa et les Kaxinawa, dont les traditions s'harmonisent avec les rythmes naturels de la r\u00e9gion. Ces communaut\u00e9s appliquent des pratiques durables, garantissant la culture \u00e9thique des ressources foresti\u00e8res telles que les graines, les fruits, le caoutchouc et le c\u00e9l\u00e8bre Moi Mapacho.<\/p>\n<h3>M\u00f3i Mapacho<\/h3>\n<p>Le processus de culture d\u00e9licat de M\u00f3i Mapacho dans cet environnement vierge le distingue des autres. Connu pour sa douceur par rapport aux autres tabacs rustiques br\u00e9siliens, Moi Mapacho poss\u00e8de un ar\u00f4me captivant et un caract\u00e8re unique, refl\u00e9tant ses origines amazoniennes. Exempte de pesticides, chaque feuille capture l'essence de la for\u00eat tropicale intacte, incarnant une relation symbiotique entre l'homme et la nature.<\/p>\n<p>D\u00e9couvrez la qualit\u00e9 in\u00e9gal\u00e9e du rouleau de M\u00f3i Mapacho, un authentique tr\u00e9sor du c\u0153ur de l'Amazonie br\u00e9silienne.<\/p>","protected":false},"excerpt":{"rendered":"<div>\n<h2 class=\"product_title entry-title\">Rouleaux de M\u00f3i Mapacho - Du Br\u00e9sil<\/h2>\n<\/div>\n<div><\/div>\n<div>\n<p>M\u00f3i Mapacho frais emball\u00e9 sous vide.<\/p>\n<p><span style=\"color: #ff0000;\"><strong>Ce produit ne peut \u00eatre exp\u00e9di\u00e9 qu'au sein de l'UE.<\/strong><\/span><\/p>\n<p>Vous recevrez toujours plus que le poids command\u00e9, car il est difficile d'obtenir des mesures pr\u00e9cises en grammes.<\/p>\n<\/div>\n<div><\/div>\n<div class=\"woocommerce-product-attributes-item woocommerce-product-attributes-item--attribute_pa_botanical-name\"><span class=\"woocommerce-product-attributes-item__label\"><strong>Nom botanique<\/strong><span class=\"ckit-chosen-attribute_semicolon\">\u00a0-\u00a0<\/span><\/span><span class=\"woocommerce-product-attributes-item__value\">Nicotiana Rustica<\/span><\/div>\n<div class=\"woocommerce-product-attributes-item woocommerce-product-attributes-item--attribute_pa_plant-part\"><span class=\"woocommerce-product-attributes-item__label\"><strong>Partie de la plante<\/strong><span class=\"ckit-chosen-attribute_semicolon\">\u00a0-\u00a0<\/span><\/span><span class=\"woocommerce-product-attributes-item__value\">Feuille<\/span><\/div>\n<div class=\"woocommerce-product-attributes-item woocommerce-product-attributes-item--attribute_pa_country\"><span class=\"woocommerce-product-attributes-item__label\"><strong>Pays<\/strong><span class=\"ckit-chosen-attribute_semicolon\">\u00a0-\u00a0<\/span><\/span><span class=\"woocommerce-product-attributes-item__value\">Br\u00e9sil<\/span><\/div>","protected":false},"featured_media":38547,"template":"","meta":{"_seopress_robots_primary_cat":"none","_seopress_titles_title":"%%post_title%%","_seopress_titles_desc":"Experience the unmatched quality of M\u00f3i Mapacho roll an authentic treasure from the heart of the Brazilian Amazon.","_seopress_robots_index":"","_kad_blocks_custom_css":"","_kad_blocks_head_custom_js":"","_kad_blocks_body_custom_js":"","_kad_blocks_footer_custom_js":"","_kad_post_transparent":"default","_kad_post_title":"","_kad_post_layout":"default","_kad_post_sidebar_id":"","_kad_post_content_style":"default","_kad_post_vertical_padding":"default","_kad_post_feature":"","_kad_post_feature_position":"","_kad_post_header":false,"_kad_post_footer":false,"_kad_post_classname":""},"product_brand":[],"product_cat":[145],"product_tag":[],"class_list":{"0":"post-35835","1":"product","2":"type-product","3":"status-publish","4":"has-post-thumbnail","6":"product_cat-mapacho","8":"first","9":"instock","10":"taxable","11":"shipping-taxable","12":"purchasable","13":"product-type-variable","14":"entry","15":"content-bg","16":"loop-entry"},"taxonomy_info":{"product_cat":[{"value":145,"label":"Mapacho"}]},"featured_image_src_large":["https:\/\/orisha-ossain.com\/wp-content\/uploads\/2025\/01\/Moi-roll-1024x559.png",1024,559,true],"author_info":[],"comment_info":"","_links":{"self":[{"href":"https:\/\/orisha-ossain.com\/fr\/wp-json\/wp\/v2\/product\/35835","targetHints":{"allow":["GET"]}}],"collection":[{"href":"https:\/\/orisha-ossain.com\/fr\/wp-json\/wp\/v2\/product"}],"about":[{"href":"https:\/\/orisha-ossain.com\/fr\/wp-json\/wp\/v2\/types\/product"}],"wp:featuredmedia":[{"embeddable":true,"href":"https:\/\/orisha-ossain.com\/fr\/wp-json\/wp\/v2\/media\/38547"}],"wp:attachment":[{"href":"https:\/\/orisha-ossain.com\/fr\/wp-json\/wp\/v2\/media?parent=35835"}],"wp:term":[{"taxonomy":"product_brand","embeddable":true,"href":"https:\/\/orisha-ossain.com\/fr\/wp-json\/wp\/v2\/product_brand?post=35835"},{"taxonomy":"product_cat","embeddable":true,"href":"https:\/\/orisha-ossain.com\/fr\/wp-json\/wp\/v2\/product_cat?post=35835"},{"taxonomy":"product_tag","embeddable":true,"href":"https:\/\/orisha-ossain.com\/fr\/wp-json\/wp\/v2\/product_tag?post=35835"}],"curies":[{"name":"wp","href":"https:\/\/api.w.org\/{rel}","templated":true}]}}