{"id":35832,"date":"2025-04-10T11:35:23","date_gmt":"2025-04-10T09:35:23","guid":{"rendered":"https:\/\/orisha-ossain.com\/?post_type=product&#038;p=35832"},"modified":"2026-04-10T13:44:59","modified_gmt":"2026-04-10T11:44:59","slug":"arapiraca-powder","status":"publish","type":"product","link":"https:\/\/orisha-ossain.com\/fr\/product\/arapiraca-powder\/","title":{"rendered":"Arapiraca en poudre"},"content":{"rendered":"<h2>\u00c0 propos d'Arapiraca Mapacho<\/h2>\n<p>L'Arapiraca fait \u00e9galement partie de la vari\u00e9t\u00e9 Nicotiana Rustica. Ce tabac tire son nom de la r\u00e9gion d'o\u00f9 il provient. <a href=\"https:\/\/en.wikipedia.org\/wiki\/Arapiraca\">Arapiraca est une ville<\/a> dans le nord-est du Br\u00e9sil, dans l'\u00c9tat d'Alagoas. La r\u00e9gion autour de la ville d'Arapiraca a toujours cultiv\u00e9 des c\u00e9r\u00e9ales et le manioc a toujours \u00e9t\u00e9 son produit phare depuis 1848. Toutefois, cette situation a commenc\u00e9 \u00e0 changer lentement lorsque le tabac a \u00e9t\u00e9 cultiv\u00e9. Apr\u00e8s les premi\u00e8res plantations de tabac \u00e0 la fin du XIXe si\u00e8cle, il a fallu attendre 50 ans pour qu'une culture saine et vivante du tabac s'installe \u00e0 Arapiraca. Aujourd'hui, la ville porte le surnom de \"capitale br\u00e9silienne du tabac\".<\/p>\n<h2>Introduction au tabac<\/h2>\n<p>Dans notre culture, il y a encore beaucoup de malentendus au sujet du tabac. Nombreux sont ceux qui l'associent \u00e0 la toxicomanie et \u00e0 la mort, ce qui est compr\u00e9hensible \u00e9tant donn\u00e9 qu'il s'agit de l'une des principales causes de mortalit\u00e9 dans certains pays. Mais depuis des milliers d'ann\u00e9es, les soci\u00e9t\u00e9s tribales utilisent le tabac comme m\u00e9dicament et le consid\u00e8rent comme l'une des plantes les plus curatives de la plan\u00e8te.<\/p>\n<p>Il existe sans aucun doute de nombreuses raisons pour expliquer ces points de vue divergents sur le tabac, mais je crois comprendre que les principaux facteurs d\u00e9terminants sont l'intention et le respect.  Le tabac est consid\u00e9r\u00e9 comme un amplificateur d'intentions, de pri\u00e8res et de pens\u00e9es, de sorte que lorsque vous demandez \u00e0 la plante de vous soigner et de vous prot\u00e9ger, c'est ce qui est amplifi\u00e9.  Si vous utilisez rap\u00e9 avec col\u00e8re et de mani\u00e8re habituelle pour soulager la frustration et le d\u00e9sir, cela amplifie quelque chose d'autre. Ceci \u00e9tant dit, je sugg\u00e8re \u00e0 tous ceux qui se sentent appel\u00e9s \u00e0 travailler avec rap\u00e9 d'\u00eatre attentifs \u00e0 leur utilisation.<\/p>\n<h2>Utilisation chamanique<\/h2>\n<p>Dans la culture chamanique, l'utilisation de Nicotiana Rustica et d'autres formes de tabac est souvent un moyen de lib\u00e9rer l'\u00e9nergie. Pour comprendre cela, il faut d'abord comprendre comment un chaman interpr\u00e8te g\u00e9n\u00e9ralement la nature. Pour un chaman, la fronti\u00e8re entre ce monde et le monde des esprits est t\u00e9nue, et tous les organismes vivants ont une essence spirituelle et physique. Le travail du chaman consiste \u00e0 communiquer entre les mondes pour comprendre les propri\u00e9t\u00e9s d'esprits sp\u00e9cifiques, puis \u00e0 rapporter ces id\u00e9es pour la gu\u00e9rison personnelle, la gu\u00e9rison du monde et\/ou la gu\u00e9rison des personnes avec lesquelles il travaille. Ainsi, lorsqu'un chaman voit du tabac, il ne s'agit pas seulement d'une substance physique, mais aussi d'un esprit qui l'accompagne.<\/p>\n<p>Il ne fait aucun doute que la nicotine est une substance qui cr\u00e9e une d\u00e9pendance et que Nicotiana Rustica, en particulier, contient une quantit\u00e9 tr\u00e8s \u00e9lev\u00e9e de nicotine par rapport \u00e0 d'autres types de tabac. Cependant, le fait qu'une substance cr\u00e9e une d\u00e9pendance n'enl\u00e8ve rien au fait qu'elle puisse avoir des propri\u00e9t\u00e9s curatives, ce qui la rend \u00e0 la fois addictive et b\u00e9n\u00e9fique. Nicotiana Rustica est un m\u00e9dicament contradictoire, car il agit \u00e0 la fois comme stimulant et comme relaxant. Les chamans l'utilisent souvent pour aider \u00e0 fixer des intentions et pour \u00e9veiller l'esprit tout en \u00e9tant capable de fixer cet \u00e9veil.<\/p>\n<h2>Production de tabac en cordes<\/h2>\n<p>Le Br\u00e9sil poss\u00e8de une industrie du tabac pr\u00e9industrielle importante et surprenante. La culture du tabac est tr\u00e8s r\u00e9pandue dans certaines r\u00e9gions du Br\u00e9sil et est profond\u00e9ment ancr\u00e9e dans sa culture. Le Br\u00e9sil est le deuxi\u00e8me producteur de tabac au monde. Sur ce march\u00e9, seuls quelques types conviennent \u00e0 la production de rap\u00e9. Pour la production de rap\u00e9, la plupart des gens utilisent exclusivement divers types de tabac \u00e0 cordes de Nicotiana Rustica.<\/p>\n<p>La production de tabac en cordes est un travail artisanal. Le roulage des feuilles de tabac en cordes est encore un m\u00e9tier qui demande de l'exp\u00e9rience et de l'habilet\u00e9. Apr\u00e8s la r\u00e9colte, les feuilles sont tri\u00e9es en fonction de leur qualit\u00e9 et plac\u00e9es sur des claies de s\u00e9chage \u00e0 l'ombre. Apr\u00e8s 8 jours de s\u00e9chage, les feuilles sont pr\u00eates pour la phase suivante. La premi\u00e8re \u00e9tape consiste \u00e0 retirer le grain central des feuilles partiellement s\u00e9ch\u00e9es. Les feuilles fendues sont ensuite entrelac\u00e9es et torsad\u00e9es, ce qui donne au tabac sa forme de corde. Apr\u00e8s avoir atteint le degr\u00e9 de s\u00e9cheresse souhait\u00e9, les cordes de tabac nouvellement form\u00e9es sont laiss\u00e9es \u00e0 m\u00fbrir.  C'est l\u00e0 que le lent processus de fermentation cr\u00e9e plus d'ar\u00f4me et donne l'aspect final brun fonc\u00e9 du tabac en corde.<\/p>\n<h2>Souches<\/h2>\n<p>Toute la poudre de tabac que vous trouvez ici provient de Nicotine Rustica. Il existe plusieurs vari\u00e9t\u00e9s et qualit\u00e9s de tabac au Br\u00e9sil, probablement plus que ce que je connais. Pour rap\u00e9, les producteurs utilisent quelques-unes de ces vari\u00e9t\u00e9s. Il s'agit des tabacs Arapiraca, mo\u00ed (moy) et sabi\u00e1. Outre ces trois types de tabacs, il existe \u00e9galement des tabacs sauvages. La culture des tabacs sauvages a lieu pr\u00e8s des berges des rivi\u00e8res et des espaces d\u00e9gag\u00e9s dans la for\u00eat amazonienne. Dans le pass\u00e9, les tribus indig\u00e8nes d'Amazonie ne disposaient que de tabac sauvage pour fabriquer le rap\u00e9. Mais aujourd'hui, les Indiens du Br\u00e9sil ont acc\u00e8s \u00e0 tous les autres types de tabac et les utilisent tous.<\/p>","protected":false},"excerpt":{"rendered":"<p>Un lot de Mapacho Arapiraca tr\u00e8s finement moulu. Il s'agit d'un Mapacho (Nicotiana Rustica) tr\u00e8s appr\u00e9ci\u00e9 de l'\u00e9tat d'Alagoas au Br\u00e9sil. Merveilleux pour cr\u00e9er vos propres m\u00e9langes rap\u00e9.<\/p>","protected":false},"featured_media":37200,"template":"","meta":{"_seopress_robots_primary_cat":"none","_seopress_titles_title":"","_seopress_titles_desc":"A very finely ground batch of Arapiraca Mapacho. This is a highly valued Mapacho (Nicotiana Rustica) from the state of Alagoas in Brazil. Wonderful to make your own rap\u00e9 blends.","_seopress_robots_index":"","_kad_blocks_custom_css":"","_kad_blocks_head_custom_js":"","_kad_blocks_body_custom_js":"","_kad_blocks_footer_custom_js":"","_kad_post_transparent":"default","_kad_post_title":"","_kad_post_layout":"default","_kad_post_sidebar_id":"","_kad_post_content_style":"default","_kad_post_vertical_padding":"default","_kad_post_feature":"","_kad_post_feature_position":"","_kad_post_header":false,"_kad_post_footer":false,"_kad_post_classname":""},"product_brand":[],"product_cat":[125,145],"product_tag":[],"class_list":{"0":"post-35832","1":"product","2":"type-product","3":"status-publish","4":"has-post-thumbnail","6":"product_cat-incense","7":"product_cat-mapacho","9":"first","10":"instock","11":"taxable","12":"shipping-taxable","13":"purchasable","14":"product-type-variable","15":"entry","16":"content-bg","17":"loop-entry"},"taxonomy_info":{"product_cat":[{"value":125,"label":"Incense"},{"value":145,"label":"Mapacho"}]},"featured_image_src_large":["https:\/\/orisha-ossain.com\/wp-content\/uploads\/2024\/12\/Arapiraca_Orisha_Ossain.png",736,736,false],"author_info":[],"comment_info":"","_links":{"self":[{"href":"https:\/\/orisha-ossain.com\/fr\/wp-json\/wp\/v2\/product\/35832","targetHints":{"allow":["GET"]}}],"collection":[{"href":"https:\/\/orisha-ossain.com\/fr\/wp-json\/wp\/v2\/product"}],"about":[{"href":"https:\/\/orisha-ossain.com\/fr\/wp-json\/wp\/v2\/types\/product"}],"wp:featuredmedia":[{"embeddable":true,"href":"https:\/\/orisha-ossain.com\/fr\/wp-json\/wp\/v2\/media\/37200"}],"wp:attachment":[{"href":"https:\/\/orisha-ossain.com\/fr\/wp-json\/wp\/v2\/media?parent=35832"}],"wp:term":[{"taxonomy":"product_brand","embeddable":true,"href":"https:\/\/orisha-ossain.com\/fr\/wp-json\/wp\/v2\/product_brand?post=35832"},{"taxonomy":"product_cat","embeddable":true,"href":"https:\/\/orisha-ossain.com\/fr\/wp-json\/wp\/v2\/product_cat?post=35832"},{"taxonomy":"product_tag","embeddable":true,"href":"https:\/\/orisha-ossain.com\/fr\/wp-json\/wp\/v2\/product_tag?post=35832"}],"curies":[{"name":"wp","href":"https:\/\/api.w.org\/{rel}","templated":true}]}}