{"id":3522,"date":"2024-07-20T13:05:51","date_gmt":"2024-07-20T11:05:51","guid":{"rendered":"http:\/\/orisha-ossain.com\/?post_type=product&#038;p=3522"},"modified":"2025-04-04T12:55:48","modified_gmt":"2025-04-04T10:55:48","slug":"tepi-maraja","status":"publish","type":"product","link":"https:\/\/orisha-ossain.com\/fr\/product\/tepi-maraja\/","title":{"rendered":"Tepi Maraj\u00e1"},"content":{"rendered":"<h1><span style=\"font-size: 12pt;\">Tepi Maraj\u00e1<\/span><\/h1>\n<p>Ce magnifique tepi combine divers \u00e9l\u00e9ments artistiques, ce qui lui conf\u00e8re un aspect et un toucher distinctifs. Le nom \"Maraj\u00e1\" fait r\u00e9f\u00e9rence \u00e0 une essence de bois de la for\u00eat amazonienne de couleur noire naturelle.<\/p>\n<p><a href=\"http:\/\/orisha-ossain.com\/wp-content\/uploads\/2024\/07\/bw011-e1721381839768.jpg\"><img decoding=\"async\" class=\"aligncenter wp-image-3644 size-full\" src=\"http:\/\/orisha-ossain.com\/wp-content\/uploads\/2024\/07\/bw011-e1721381839768.jpg\" alt=\"\" width=\"2030\" height=\"2181\" srcset=\"https:\/\/orisha-ossain.com\/wp-content\/uploads\/2024\/07\/bw011-e1721381839768.jpg 2030w, https:\/\/orisha-ossain.com\/wp-content\/uploads\/2024\/07\/bw011-e1721381839768-279x300.jpg 279w, https:\/\/orisha-ossain.com\/wp-content\/uploads\/2024\/07\/bw011-e1721381839768-953x1024.jpg 953w, https:\/\/orisha-ossain.com\/wp-content\/uploads\/2024\/07\/bw011-e1721381839768-768x825.jpg 768w, https:\/\/orisha-ossain.com\/wp-content\/uploads\/2024\/07\/bw011-e1721381839768-1430x1536.jpg 1430w, https:\/\/orisha-ossain.com\/wp-content\/uploads\/2024\/07\/bw011-e1721381839768-1906x2048.jpg 1906w\" sizes=\"(max-width: 2030px) 100vw, 2030px\" \/><\/a><\/p>\n<h2 style=\"text-align: center;\">Tepi et <a href=\"http:\/\/orisha-ossain.com\/fr\/product-category\/tepi\/\">Kuripe<span style=\"font-size: 16px;\">\u00a0<\/span><\/a><\/h2>\n<p style=\"text-align: center;\">Jetez un coup d'\u0153il \u00e0 la collection de Tepi et Kuripe. Diff\u00e9rents styles de diff\u00e9rents artistes sont disponibles. <a style=\"font-weight: bold; font-family: var(--global-body-font-family);\" href=\"http:\/\/orisha-ossain.com\/wp-content\/uploads\/2023\/06\/Tepi-Blessings.jpg\"><img decoding=\"async\" class=\"wp-image-55 size-medium aligncenter\" src=\"http:\/\/orisha-ossain.com\/wp-content\/uploads\/2023\/06\/Tepi-Blessings-300x199.jpg\" alt=\"Tepis recevant les b\u00e9n\u00e9dictions de leurs cr\u00e9ateurs\" width=\"300\" height=\"199\" srcset=\"https:\/\/orisha-ossain.com\/wp-content\/uploads\/2023\/06\/Tepi-Blessings-300x199.jpg 300w, https:\/\/orisha-ossain.com\/wp-content\/uploads\/2023\/06\/Tepi-Blessings.jpg 640w\" sizes=\"(max-width: 300px) 100vw, 300px\" \/><\/a><span style=\"font-size: 14px; font-family: var(--global-body-font-family);\">Tepis recevant les b\u00e9n\u00e9dictions de leurs cr\u00e9ateurs<\/span><\/p>","protected":false},"excerpt":{"rendered":"<h1><span style=\"font-size: 12pt;\">Tepi Maraj\u00e1<\/span><\/h1>\n<p>Ce magnifique tepi combine divers \u00e9l\u00e9ments artistiques, ce qui lui conf\u00e8re un aspect et un toucher distinctifs. Le nom \"Maraj\u00e1\" fait r\u00e9f\u00e9rence \u00e0 une essence de bois de la for\u00eat amazonienne de couleur noire naturelle.<\/p>\n<p>Longueur : 35 cm<br \/>\nDiam\u00e8tres : 2,5 cm \/ 1,0 cm<\/p>","protected":false},"featured_media":3646,"template":"","meta":{"_seopress_robots_primary_cat":"none","_seopress_titles_title":"","_seopress_titles_desc":"This wonderful Tepi combines various artful elements that gives this Tepi its distinctive look and feel.\u00a0The name \"Maraj\u00e1\" refers to a","_seopress_robots_index":"","_kad_blocks_custom_css":"","_kad_blocks_head_custom_js":"","_kad_blocks_body_custom_js":"","_kad_blocks_footer_custom_js":"","_kad_post_transparent":"default","_kad_post_title":"","_kad_post_layout":"default","_kad_post_sidebar_id":"","_kad_post_content_style":"default","_kad_post_vertical_padding":"default","_kad_post_feature":"","_kad_post_feature_position":"","_kad_post_header":false,"_kad_post_footer":false,"_kad_post_classname":""},"product_brand":[],"product_cat":[66],"product_tag":[76],"class_list":{"0":"post-3522","1":"product","2":"type-product","3":"status-publish","4":"has-post-thumbnail","6":"product_cat-tepi","7":"product_tag-tepi","9":"first","10":"outofstock","11":"taxable","12":"shipping-taxable","13":"purchasable","14":"product-type-simple","15":"entry","16":"content-bg","17":"loop-entry"},"taxonomy_info":{"product_cat":[{"value":66,"label":"Tepi"}],"product_tag":[{"value":76,"label":"Tepi"}]},"featured_image_src_large":["https:\/\/orisha-ossain.com\/wp-content\/uploads\/2024\/07\/bw011111-1024x776.jpg",1024,776,true],"author_info":[],"comment_info":"","_links":{"self":[{"href":"https:\/\/orisha-ossain.com\/fr\/wp-json\/wp\/v2\/product\/3522","targetHints":{"allow":["GET"]}}],"collection":[{"href":"https:\/\/orisha-ossain.com\/fr\/wp-json\/wp\/v2\/product"}],"about":[{"href":"https:\/\/orisha-ossain.com\/fr\/wp-json\/wp\/v2\/types\/product"}],"wp:featuredmedia":[{"embeddable":true,"href":"https:\/\/orisha-ossain.com\/fr\/wp-json\/wp\/v2\/media\/3646"}],"wp:attachment":[{"href":"https:\/\/orisha-ossain.com\/fr\/wp-json\/wp\/v2\/media?parent=3522"}],"wp:term":[{"taxonomy":"product_brand","embeddable":true,"href":"https:\/\/orisha-ossain.com\/fr\/wp-json\/wp\/v2\/product_brand?post=3522"},{"taxonomy":"product_cat","embeddable":true,"href":"https:\/\/orisha-ossain.com\/fr\/wp-json\/wp\/v2\/product_cat?post=3522"},{"taxonomy":"product_tag","embeddable":true,"href":"https:\/\/orisha-ossain.com\/fr\/wp-json\/wp\/v2\/product_tag?post=3522"}],"curies":[{"name":"wp","href":"https:\/\/api.w.org\/{rel}","templated":true}]}}