{"id":345,"date":"2023-06-28T18:16:23","date_gmt":"2023-06-28T16:16:23","guid":{"rendered":"http:\/\/orisha-ossain.com\/?post_type=product&#038;p=345"},"modified":"2026-03-28T00:02:26","modified_gmt":"2026-03-27T23:02:26","slug":"rape-xacapandare","status":"publish","type":"product","link":"https:\/\/orisha-ossain.com\/fr\/product\/rape-xacapandare\/","title":{"rendered":"Rap\u00e9 Xacapandar\u00e9"},"content":{"rendered":"<h2><span style=\"font-size: 12pt;\">Rap\u00e9 Xacapandar\u00e9<\/span><\/h2>\n<p>Ce tabac \u00e0 priser provient de la r\u00e9gion de Jord\u00e3o, dans l'\u00c9tat d'Acre, au nord-ouest du Br\u00e9sil. C'est un ancien chaman Kaxinawa tr\u00e8s respect\u00e9 qui est \u00e0 l'origine de sa cr\u00e9ation. Le Rap\u00e9 Xacapandar\u00e9 est un tabac \u00e0 priser tr\u00e8s rare.  Le xacapandar\u00e9 est une herbe difficile \u00e0 trouver dans la r\u00e9gion foresti\u00e8re du Jord\u00e3o. Il faut beaucoup de temps et c'est parfois par chance que Kaxinawa rencontre la plante en se promenant dans la for\u00eat.<br \/>\nLe fabricant affirme que ce m\u00e9dicament gu\u00e9rit toutes les maladies. L'herbe est b\u00e9n\u00e9fique pour le syst\u00e8me respiratoire et, selon leurs connaissances, elle aide la m\u00e9moire et renforce l'esprit. Ils disent que ce Rap\u00e9 aide \u00e0 ouvrir l'esprit, \u00e0 chasser les mauvais sentiments, \u00e0 expulser les mauvais esprits et \u00e0 ouvrir le syst\u00e8me respiratoire.<\/p>\n<p>En outre, la composition repose sur le Tsunu ashes et seulement une tr\u00e8s petite quantit\u00e9 de Sabi\u00e1 mapacho de haute qualit\u00e9. Le Rap\u00e9 Xacapandar\u00e9 est une recette sp\u00e9ciale et douce. Il s'agit d'un m\u00e9dicament \u00e9labor\u00e9 avec soin afin d'obtenir un bon \u00e9quilibre entre les diff\u00e9rents ingr\u00e9dients.<\/p>\n<h2><span style=\"font-size: 12pt;\">Autres utilisations<\/span><\/h2>\n<p>Les feuilles sont \u00e9galement utilis\u00e9es comme encens pour la purification. Elles sont \u00e9galement utilis\u00e9es pour les bains afin de nettoyer le corps et l'aura de la personne et elles sont utilis\u00e9es en interne, sous forme de th\u00e9.<\/p>\n<p><a href=\"http:\/\/orisha-ossain.com\/wp-content\/uploads\/2023\/06\/kaxinawa-1.jpg\"><img decoding=\"async\" class=\"aligncenter wp-image-258 size-full\" src=\"https:\/\/orisha-ossain.com\/wp-content\/uploads\/2023\/06\/kaxinawa-1.jpg\" alt=\"Kaxinawa faire rap\u00e9 Xacapandar\u00e9\" width=\"365\" height=\"241\" srcset=\"https:\/\/orisha-ossain.com\/wp-content\/uploads\/2023\/06\/kaxinawa-1.jpg 365w, https:\/\/orisha-ossain.com\/wp-content\/uploads\/2023\/06\/kaxinawa-1-300x198.jpg 300w\" sizes=\"(max-width: 365px) 100vw, 365px\" \/><\/a><\/p>","protected":false},"excerpt":{"rendered":"<p><strong>Maintenant aussi disponible en 20 et 40 grammes<\/strong><\/p>\n<p>Le xacapandar\u00e9 est une herbe indig\u00e8ne de la for\u00eat de la r\u00e9gion de Jord\u00e3o, dans l'\u00c9tat d'Acre. Le xacapandar\u00e9 est une plante tr\u00e8s rare et difficile \u00e0 trouver.  Le tabac \u00e0 priser fabriqu\u00e9 \u00e0 partir de cette plante est doux dans son \u00e9nergie. Ce Xachapandar\u00e9 est fabriqu\u00e9 \u00e0 partir de Tsunu ash et d'une tr\u00e8s petite quantit\u00e9 de Sabi\u00e1 mapacho. Les Kaxinawa qui travaillent avec cette plante disent qu'elle gu\u00e9rit toutes les maladies.<\/p>\n<p>Le xacapandar\u00e9 est une herbe indig\u00e8ne rare provenant des for\u00eats luxuriantes de la r\u00e9gion de Jord\u00e3o dans l'Acre, au Br\u00e9sil. Sa raret\u00e9 et ses propri\u00e9t\u00e9s uniques en font un produit pr\u00e9cieux. Ce Rap\u00e9 est fabriqu\u00e9 avec Tsunu ash et une petite quantit\u00e9 de Sabi\u00e1 mapacho, produisant une \u00e9nergie douce et apaisante adapt\u00e9e aux pratiques de mise \u00e0 la terre et de gu\u00e9rison.<\/p>\n<p>Le peuple Kaxinawa tient le Xacapandar\u00e9 en haute estime, croyant qu'il a le pouvoir de gu\u00e9rir toutes les maladies, ce qui refl\u00e8te son r\u00f4le v\u00e9n\u00e9r\u00e9 dans la m\u00e9decine traditionnelle.<\/p>\n<p>En raison de la disponibilit\u00e9 limit\u00e9e de la plante, ce rap\u00e9 est propos\u00e9 exclusivement en bouteilles individuelles ou de 10 grammes, ce qui en fait une pi\u00e8ce ma\u00eetresse de toute collection.<\/p>","protected":false},"featured_media":35676,"template":"","meta":{"_seopress_robots_primary_cat":"none","_seopress_titles_title":"Rap\u00e9 Xacapandar\u00e9 - Rare & Gentle Snuff - Orisha Ossain","_seopress_titles_desc":"Rap\u00e9 Xacapandar\u00e9 is a herb oriented snuff.  The herb \"Xacapandar\u00e9\" has a gentle & smooth energy. A Excellent beginners option.","_seopress_robots_index":"","_kad_blocks_custom_css":"","_kad_blocks_head_custom_js":"","_kad_blocks_body_custom_js":"","_kad_blocks_footer_custom_js":"","_kad_post_transparent":"default","_kad_post_title":"","_kad_post_layout":"default","_kad_post_sidebar_id":"","_kad_post_content_style":"default","_kad_post_vertical_padding":"default","_kad_post_feature":"","_kad_post_feature_position":"","_kad_post_header":false,"_kad_post_footer":false,"_kad_post_classname":""},"product_brand":[],"product_cat":[50],"product_tag":[56],"class_list":{"0":"post-345","1":"product","2":"type-product","3":"status-publish","4":"has-post-thumbnail","6":"product_cat-rape","7":"product_tag-kaxinawa","9":"first","10":"instock","11":"taxable","12":"shipping-taxable","13":"purchasable","14":"product-type-variable","15":"has-default-attributes","16":"entry","17":"content-bg","18":"loop-entry"},"taxonomy_info":{"product_cat":[{"value":50,"label":"Rap\u00e9"}],"product_tag":[{"value":56,"label":"Kaxinawa"}]},"featured_image_src_large":["https:\/\/orisha-ossain.com\/wp-content\/uploads\/2024\/11\/Xacapandare_Orisha_Ossain.png",736,736,false],"author_info":[],"comment_info":"","_links":{"self":[{"href":"https:\/\/orisha-ossain.com\/fr\/wp-json\/wp\/v2\/product\/345","targetHints":{"allow":["GET"]}}],"collection":[{"href":"https:\/\/orisha-ossain.com\/fr\/wp-json\/wp\/v2\/product"}],"about":[{"href":"https:\/\/orisha-ossain.com\/fr\/wp-json\/wp\/v2\/types\/product"}],"wp:featuredmedia":[{"embeddable":true,"href":"https:\/\/orisha-ossain.com\/fr\/wp-json\/wp\/v2\/media\/35676"}],"wp:attachment":[{"href":"https:\/\/orisha-ossain.com\/fr\/wp-json\/wp\/v2\/media?parent=345"}],"wp:term":[{"taxonomy":"product_brand","embeddable":true,"href":"https:\/\/orisha-ossain.com\/fr\/wp-json\/wp\/v2\/product_brand?post=345"},{"taxonomy":"product_cat","embeddable":true,"href":"https:\/\/orisha-ossain.com\/fr\/wp-json\/wp\/v2\/product_cat?post=345"},{"taxonomy":"product_tag","embeddable":true,"href":"https:\/\/orisha-ossain.com\/fr\/wp-json\/wp\/v2\/product_tag?post=345"}],"curies":[{"name":"wp","href":"https:\/\/api.w.org\/{rel}","templated":true}]}}