{"id":341,"date":"2023-06-28T18:14:13","date_gmt":"2023-06-28T16:14:13","guid":{"rendered":"http:\/\/orisha-ossain.com\/?post_type=product&#038;p=341"},"modified":"2026-04-20T10:04:52","modified_gmt":"2026-04-20T08:04:52","slug":"rape-cacao","status":"publish","type":"product","link":"https:\/\/orisha-ossain.com\/fr\/product\/rape-cacao\/","title":{"rendered":"Rap\u00e9 Cacao"},"content":{"rendered":"<h2>Rap\u00e9 Cacao - Kaxinawa<\/h2>\n<p>Ce m\u00e9lange de cacao rap\u00e9 est fabriqu\u00e9 \u00e0 partir du tronc ashes du cacaoyer sauvage (Theobroma cacao), utilis\u00e9 par le peuple Huni Kuin. Associ\u00e9 \u00e0 un Arapiraca sp\u00e9cial, ce m\u00e9lange incroyable, compar\u00e9 aux autres, a une plus grande capacit\u00e9 \u00e0 apporter de l'endurance et de la vivacit\u00e9, avec un \u00e9norme pouvoir de nettoyage et de purification.<br \/>\nLe bien-\u00eatre que procure ce m\u00e9dicament est unique et donne \u00e0 l'utilisateur un regain de force interne et de r\u00e9sistance mentale qui l'aide dans la vie quotidienne.<\/p>","protected":false},"excerpt":{"rendered":"<p>Le m\u00e9lange de cacao rap\u00e9 est fabriqu\u00e9 \u00e0 partir du tronc ashes du cacaoyer sauvage (Theobroma cacao), utilis\u00e9 par le peuple Huni Kuin. Ce m\u00e9lange incroyable, compar\u00e9 aux autres, a une plus grande capacit\u00e9 \u00e0 apporter de l'endurance et de la vivacit\u00e9, avec un \u00e9norme pouvoir de nettoyage et de purification.<\/p>","protected":false},"featured_media":37206,"template":"","meta":{"_seopress_robots_primary_cat":"none","_seopress_titles_title":"Rap\u00e9 Cacao - Theobroma Cacao - Orisha Ossain","_seopress_titles_desc":"The rap\u00e9 cacao blend is made from the trunk ashes of the wild cacao tree (Theobroma cacao), used by the Huni Kuin people","_seopress_robots_index":"","_kad_blocks_custom_css":"","_kad_blocks_head_custom_js":"","_kad_blocks_body_custom_js":"","_kad_blocks_footer_custom_js":"","_kad_post_transparent":"default","_kad_post_title":"","_kad_post_layout":"default","_kad_post_sidebar_id":"","_kad_post_content_style":"default","_kad_post_vertical_padding":"default","_kad_post_feature":"","_kad_post_feature_position":"","_kad_post_header":false,"_kad_post_footer":false,"_kad_post_classname":""},"product_brand":[],"product_cat":[50],"product_tag":[56],"class_list":{"0":"post-341","1":"product","2":"type-product","3":"status-publish","4":"has-post-thumbnail","6":"product_cat-rape","7":"product_tag-kaxinawa","9":"first","10":"instock","11":"taxable","12":"shipping-taxable","13":"purchasable","14":"product-type-variable","15":"entry","16":"content-bg","17":"loop-entry"},"taxonomy_info":{"product_cat":[{"value":50,"label":"Rap\u00e9"}],"product_tag":[{"value":56,"label":"Kaxinawa"}]},"featured_image_src_large":["https:\/\/orisha-ossain.com\/wp-content\/uploads\/2024\/12\/Cacao_Orisha_Ossain.png",736,736,false],"author_info":[],"comment_info":"","_links":{"self":[{"href":"https:\/\/orisha-ossain.com\/fr\/wp-json\/wp\/v2\/product\/341","targetHints":{"allow":["GET"]}}],"collection":[{"href":"https:\/\/orisha-ossain.com\/fr\/wp-json\/wp\/v2\/product"}],"about":[{"href":"https:\/\/orisha-ossain.com\/fr\/wp-json\/wp\/v2\/types\/product"}],"wp:featuredmedia":[{"embeddable":true,"href":"https:\/\/orisha-ossain.com\/fr\/wp-json\/wp\/v2\/media\/37206"}],"wp:attachment":[{"href":"https:\/\/orisha-ossain.com\/fr\/wp-json\/wp\/v2\/media?parent=341"}],"wp:term":[{"taxonomy":"product_brand","embeddable":true,"href":"https:\/\/orisha-ossain.com\/fr\/wp-json\/wp\/v2\/product_brand?post=341"},{"taxonomy":"product_cat","embeddable":true,"href":"https:\/\/orisha-ossain.com\/fr\/wp-json\/wp\/v2\/product_cat?post=341"},{"taxonomy":"product_tag","embeddable":true,"href":"https:\/\/orisha-ossain.com\/fr\/wp-json\/wp\/v2\/product_tag?post=341"}],"curies":[{"name":"wp","href":"https:\/\/api.w.org\/{rel}","templated":true}]}}