{"id":337,"date":"2023-06-28T18:05:00","date_gmt":"2023-06-28T16:05:00","guid":{"rendered":"http:\/\/orisha-ossain.com\/?post_type=product&#038;p=337"},"modified":"2026-04-16T13:48:01","modified_gmt":"2026-04-16T11:48:01","slug":"rape-xipao","status":"publish","type":"product","link":"https:\/\/orisha-ossain.com\/fr\/product\/rape-xipao\/","title":{"rendered":"Rap\u00e9 Xip\u00e3o"},"content":{"rendered":"<h2><span style=\"font-size: 12pt;\">Rap\u00e9 Xip\u00e3o<\/span><\/h2>\n<p>Rap\u00e9 Xip\u00e3o est issu du peuple Kaximawa (\u00e9galement appel\u00e9 Huni Kuin).  Ce groupe de Huni Kuin vit dans la r\u00e9gion de Jord\u00e3o, dans l'\u00c9tat d'Acre. Jord\u00e3o se trouve au c\u0153ur de la for\u00eat, soit par un petit avion, soit en remontant la rivi\u00e8re en bateau pendant une semaine. C'est une r\u00e9gion magnifique o\u00f9 les indig\u00e8nes vivent au c\u0153ur de la for\u00eat dans leurs aldeias (villages).<\/p>\n<p>Les Kaxinawa utilisent une grande vari\u00e9t\u00e9 d'herbes m\u00e9dicinales dans leur tradition et en ajoutent plusieurs \u00e0 leurs m\u00e9langes rap\u00e9. Le ash de rap\u00e9 Xip\u00e3o the Kaxinawa est fabriqu\u00e9 \u00e0 partir de l'\u00e9corce du cacaoyer de la r\u00e9gion. Le cacao est connu pour ses effets b\u00e9n\u00e9fiques sur la sant\u00e9 cardiovasculaire. Le rap\u00e9 \u00e0 base de cacao ashes a g\u00e9n\u00e9ralement une teinte rouge\u00e2tre typique de cette m\u00e9decine.<\/p>\n<p><strong>Xip\u00e3o - Herbe m\u00e9dicinale des Kaxinawa<\/strong><\/p>\n<p>Le xip\u00e3o est une plante remarquable qui pousse comme un parasite sur les palmiers, connue pour son ar\u00f4me particuli\u00e8rement beau et captivant. Estim\u00e9e par la tribu Kaxinawa pour ses propri\u00e9t\u00e9s m\u00e9dicinales, cette plante unique est traditionnellement utilis\u00e9e pour traiter la grippe, la fi\u00e8vre et les probl\u00e8mes respiratoires, afin de soulager et de soutenir le processus naturel de gu\u00e9rison de l'organisme.<\/p>\n<p>Au-del\u00e0 de ses bienfaits physiques, le Xip\u00e3o est r\u00e9put\u00e9 pour son effet calmant, apaisant les nerfs et favorisant la d\u00e9tente de l'esprit. C'est un alli\u00e9 pr\u00e9cieux pour ceux qui recherchent la tranquillit\u00e9 et l'\u00e9quilibre, tant sur le plan physique qu'\u00e9motionnel.<\/p>","protected":false},"excerpt":{"rendered":"<p>Le xip\u00e3o est une plante qui pousse comme un parasite sur les palmiers et qui a une odeur tr\u00e8s particuli\u00e8re et magnifique. Les Kaxinawa utilisent cette plante m\u00e9dicinale pour traiter la grippe et la fi\u00e8vre. Elle aide \u00e9galement \u00e0 r\u00e9soudre les probl\u00e8mes respiratoires.<\/p>","protected":false},"featured_media":35677,"template":"","meta":{"_seopress_robots_primary_cat":"none","_seopress_titles_title":"Rap\u00e9 Xip\u00e3o - Calming Effect - Relaxing the Mind - Kaxinawa","_seopress_titles_desc":"Xip\u00e3o is a very specific plant that grows as a parasite on palm trees and has a very particular beautiful smell. The Kaxinawa use rap\u00e9 Xip\u00e3o","_seopress_robots_index":"","_kad_blocks_custom_css":"","_kad_blocks_head_custom_js":"","_kad_blocks_body_custom_js":"","_kad_blocks_footer_custom_js":"","_kad_post_transparent":"default","_kad_post_title":"","_kad_post_layout":"default","_kad_post_sidebar_id":"","_kad_post_content_style":"default","_kad_post_vertical_padding":"default","_kad_post_feature":"","_kad_post_feature_position":"","_kad_post_header":false,"_kad_post_footer":false,"_kad_post_classname":""},"product_brand":[],"product_cat":[50],"product_tag":[56],"class_list":{"0":"post-337","1":"product","2":"type-product","3":"status-publish","4":"has-post-thumbnail","6":"product_cat-rape","7":"product_tag-kaxinawa","9":"first","10":"instock","11":"taxable","12":"shipping-taxable","13":"purchasable","14":"product-type-variable","15":"entry","16":"content-bg","17":"loop-entry"},"taxonomy_info":{"product_cat":[{"value":50,"label":"Rap\u00e9"}],"product_tag":[{"value":56,"label":"Kaxinawa"}]},"featured_image_src_large":["https:\/\/orisha-ossain.com\/wp-content\/uploads\/2024\/11\/Xipao_Orisha_Ossain.png",736,736,false],"author_info":[],"comment_info":"","_links":{"self":[{"href":"https:\/\/orisha-ossain.com\/fr\/wp-json\/wp\/v2\/product\/337","targetHints":{"allow":["GET"]}}],"collection":[{"href":"https:\/\/orisha-ossain.com\/fr\/wp-json\/wp\/v2\/product"}],"about":[{"href":"https:\/\/orisha-ossain.com\/fr\/wp-json\/wp\/v2\/types\/product"}],"wp:featuredmedia":[{"embeddable":true,"href":"https:\/\/orisha-ossain.com\/fr\/wp-json\/wp\/v2\/media\/35677"}],"wp:attachment":[{"href":"https:\/\/orisha-ossain.com\/fr\/wp-json\/wp\/v2\/media?parent=337"}],"wp:term":[{"taxonomy":"product_brand","embeddable":true,"href":"https:\/\/orisha-ossain.com\/fr\/wp-json\/wp\/v2\/product_brand?post=337"},{"taxonomy":"product_cat","embeddable":true,"href":"https:\/\/orisha-ossain.com\/fr\/wp-json\/wp\/v2\/product_cat?post=337"},{"taxonomy":"product_tag","embeddable":true,"href":"https:\/\/orisha-ossain.com\/fr\/wp-json\/wp\/v2\/product_tag?post=337"}],"curies":[{"name":"wp","href":"https:\/\/api.w.org\/{rel}","templated":true}]}}