{"id":333,"date":"2023-06-28T17:57:54","date_gmt":"2023-06-28T15:57:54","guid":{"rendered":"http:\/\/orisha-ossain.com\/?post_type=product&#038;p=333"},"modified":"2026-04-09T12:58:02","modified_gmt":"2026-04-09T10:58:02","slug":"rape-palheira","status":"publish","type":"product","link":"https:\/\/orisha-ossain.com\/fr\/product\/rape-palheira\/","title":{"rendered":"Rap\u00e9 Palheira"},"content":{"rendered":"<h2>Rap\u00e9 Palheira - Kaxinawa (Huni Kuin)<\/h2>\n<p>Cette palheira rap\u00e9 n'est jusqu'\u00e0 pr\u00e9sent utilis\u00e9e que par le peuple Huni Kuin, plus pr\u00e9cis\u00e9ment dans la r\u00e9gion d'Igarap\u00e9 do Caucho dans l'Acre. Le palheira ash provient de l'\u00e9corce et du tronc d'un palmier.  Il est fabriqu\u00e9 \u00e0 partir d'une esp\u00e8ce non identifi\u00e9e de la famille botanique des Arecaceae. Outre les palmiers, le ash arapiraca mapacho est \u00e9galement utilis\u00e9.<\/p>\n<p>Ce m\u00e9dicament a un effet plus faible sur le coup, l'\u00e9nergie et la force arrivent progressivement pour aboutir \u00e0 une forte pr\u00e9sence dans le corps. Il calme l'esprit et conduit \u00e0 un \u00e9tat m\u00e9ditatif profond de contemplation et de s\u00e9r\u00e9nit\u00e9. Pris \u00e0 des doses plus \u00e9lev\u00e9es, ce tabac \u00e0 priser n'est plus aussi doux.<\/p>","protected":false},"excerpt":{"rendered":"<p>Cette palheira rap\u00e9 n'est jusqu'\u00e0 pr\u00e9sent utilis\u00e9e que par le peuple Huni Kuin, plus pr\u00e9cis\u00e9ment dans la r\u00e9gion d'Igarap\u00e9 do Caucho dans l'Acre. Le palheira ash provient de l'\u00e9corce et du tronc d'un palmier.  Il est fabriqu\u00e9 \u00e0 partir d'une esp\u00e8ce non identifi\u00e9e de la famille botanique des Arecaceae. Outre le palmier ash, un mapacho arapiraca sp\u00e9cial est utilis\u00e9.<\/p>","protected":false},"featured_media":35651,"template":"","meta":{"_seopress_robots_primary_cat":"none","_seopress_titles_title":"Rap\u00e9 Palheira - Huni Kuin Snuff - Orisha Ossain","_seopress_titles_desc":"This rap\u00e9 Palheira is so far only used by the Huni Kuin people, specifically from the region of Igarap\u00e9 do Caucho in Acre.","_seopress_robots_index":"","_kad_blocks_custom_css":"","_kad_blocks_head_custom_js":"","_kad_blocks_body_custom_js":"","_kad_blocks_footer_custom_js":"","_kad_post_transparent":"default","_kad_post_title":"","_kad_post_layout":"default","_kad_post_sidebar_id":"","_kad_post_content_style":"default","_kad_post_vertical_padding":"default","_kad_post_feature":"","_kad_post_feature_position":"","_kad_post_header":false,"_kad_post_footer":false,"_kad_post_classname":""},"product_brand":[],"product_cat":[50],"product_tag":[56],"class_list":{"0":"post-333","1":"product","2":"type-product","3":"status-publish","4":"has-post-thumbnail","6":"product_cat-rape","7":"product_tag-kaxinawa","9":"first","10":"instock","11":"taxable","12":"shipping-taxable","13":"purchasable","14":"product-type-variable","15":"entry","16":"content-bg","17":"loop-entry"},"taxonomy_info":{"product_cat":[{"value":50,"label":"Rap\u00e9"}],"product_tag":[{"value":56,"label":"Kaxinawa"}]},"featured_image_src_large":["https:\/\/orisha-ossain.com\/wp-content\/uploads\/2024\/11\/Palheira_Orisha_Ossain.png",736,736,false],"author_info":[],"comment_info":"","_links":{"self":[{"href":"https:\/\/orisha-ossain.com\/fr\/wp-json\/wp\/v2\/product\/333","targetHints":{"allow":["GET"]}}],"collection":[{"href":"https:\/\/orisha-ossain.com\/fr\/wp-json\/wp\/v2\/product"}],"about":[{"href":"https:\/\/orisha-ossain.com\/fr\/wp-json\/wp\/v2\/types\/product"}],"wp:featuredmedia":[{"embeddable":true,"href":"https:\/\/orisha-ossain.com\/fr\/wp-json\/wp\/v2\/media\/35651"}],"wp:attachment":[{"href":"https:\/\/orisha-ossain.com\/fr\/wp-json\/wp\/v2\/media?parent=333"}],"wp:term":[{"taxonomy":"product_brand","embeddable":true,"href":"https:\/\/orisha-ossain.com\/fr\/wp-json\/wp\/v2\/product_brand?post=333"},{"taxonomy":"product_cat","embeddable":true,"href":"https:\/\/orisha-ossain.com\/fr\/wp-json\/wp\/v2\/product_cat?post=333"},{"taxonomy":"product_tag","embeddable":true,"href":"https:\/\/orisha-ossain.com\/fr\/wp-json\/wp\/v2\/product_tag?post=333"}],"curies":[{"name":"wp","href":"https:\/\/api.w.org\/{rel}","templated":true}]}}