{"id":329,"date":"2023-06-28T17:53:08","date_gmt":"2023-06-28T15:53:08","guid":{"rendered":"http:\/\/orisha-ossain.com\/?post_type=product&#038;p=329"},"modified":"2025-11-17T00:41:50","modified_gmt":"2025-11-16T23:41:50","slug":"rape-sanu","status":"publish","type":"product","link":"https:\/\/orisha-ossain.com\/fr\/product\/rape-sanu\/","title":{"rendered":"Rap\u00e9 Sanu"},"content":{"rendered":"<h2>Rap\u00e9 Sanu<\/h2>\n<p>Ce rap\u00e9 Sanu provient de la tribu Kaxinawa et est fabriqu\u00e9 \u00e0 partir de moi mapacho, l'\u00e9corce d'un arbre connu sous le nom de Sanu.  Il s'agit d'un rap\u00e9 lisse et brillant.<\/p>\n<p>Cette \u00e9corce d'arbre ash porte plusieurs noms, par exemple Sanun, Sanum, Sono ou Sunum, et peut-\u00eatre d'autres encore. Il n'existe aucune donn\u00e9e factuelle sur cet arbre. Ce qui semble se passer, c'est que selon l'endroit o\u00f9 l'\u00e9corce est collect\u00e9e, le nom fait r\u00e9f\u00e9rence \u00e0 un arbre similaire \u00e0 Tsunu. Dans d'autres r\u00e9gions, il s'agit d'un arbre diff\u00e9rent mais similaire. Il en r\u00e9sulte diff\u00e9rents noms pour ce type de ash.<\/p>\n<p>Il n'y a pas d'autres informations sur le Sanu du Br\u00e9sil. Mais il semble que les propri\u00e9t\u00e9s de l'\u00e9corce et le pouvoir de l'arbre soient tr\u00e8s similaires \u00e0 ceux du Tsunu.<\/p>","protected":false},"excerpt":{"rendered":"<p>Ce rap\u00e9 Sanu provient de la tribu Kaxinawa et est fabriqu\u00e9 \u00e0 partir de moi mapacho et de l'\u00e9corce d'un arbre connu sous le nom de Sanu. Il s'agit d'un rap\u00e9 lisse et brillant.<\/p>","protected":false},"featured_media":35665,"template":"","meta":{"_seopress_robots_primary_cat":"none","_seopress_titles_title":"Rap\u00e9 Sanu - Kaxinawa Tribe - Orisha Ossain","_seopress_titles_desc":"This rap\u00e9 Sanu comes from the Kaxinawa tribe and is made with moi mapacho and the bark of a tree known as Sanu. It is a smooth and bright rap\u00e9.","_seopress_robots_index":"","_kad_blocks_custom_css":"","_kad_blocks_head_custom_js":"","_kad_blocks_body_custom_js":"","_kad_blocks_footer_custom_js":"","_kad_post_transparent":"default","_kad_post_title":"","_kad_post_layout":"default","_kad_post_sidebar_id":"","_kad_post_content_style":"default","_kad_post_vertical_padding":"default","_kad_post_feature":"","_kad_post_feature_position":"","_kad_post_header":false,"_kad_post_footer":false,"_kad_post_classname":""},"product_brand":[],"product_cat":[50],"product_tag":[56],"class_list":{"0":"post-329","1":"product","2":"type-product","3":"status-publish","4":"has-post-thumbnail","6":"product_cat-rape","7":"product_tag-kaxinawa","9":"first","10":"instock","11":"taxable","12":"shipping-taxable","13":"purchasable","14":"product-type-variable","15":"entry","16":"content-bg","17":"loop-entry"},"taxonomy_info":{"product_cat":[{"value":50,"label":"Rap\u00e9"}],"product_tag":[{"value":56,"label":"Kaxinawa"}]},"featured_image_src_large":["https:\/\/orisha-ossain.com\/wp-content\/uploads\/2024\/11\/Sanu_Orisha_Ossain.png",736,736,false],"author_info":[],"comment_info":"","_links":{"self":[{"href":"https:\/\/orisha-ossain.com\/fr\/wp-json\/wp\/v2\/product\/329","targetHints":{"allow":["GET"]}}],"collection":[{"href":"https:\/\/orisha-ossain.com\/fr\/wp-json\/wp\/v2\/product"}],"about":[{"href":"https:\/\/orisha-ossain.com\/fr\/wp-json\/wp\/v2\/types\/product"}],"wp:featuredmedia":[{"embeddable":true,"href":"https:\/\/orisha-ossain.com\/fr\/wp-json\/wp\/v2\/media\/35665"}],"wp:attachment":[{"href":"https:\/\/orisha-ossain.com\/fr\/wp-json\/wp\/v2\/media?parent=329"}],"wp:term":[{"taxonomy":"product_brand","embeddable":true,"href":"https:\/\/orisha-ossain.com\/fr\/wp-json\/wp\/v2\/product_brand?post=329"},{"taxonomy":"product_cat","embeddable":true,"href":"https:\/\/orisha-ossain.com\/fr\/wp-json\/wp\/v2\/product_cat?post=329"},{"taxonomy":"product_tag","embeddable":true,"href":"https:\/\/orisha-ossain.com\/fr\/wp-json\/wp\/v2\/product_tag?post=329"}],"curies":[{"name":"wp","href":"https:\/\/api.w.org\/{rel}","templated":true}]}}