{"id":325,"date":"2023-06-28T17:45:38","date_gmt":"2023-06-28T15:45:38","guid":{"rendered":"http:\/\/orisha-ossain.com\/?post_type=product&#038;p=325"},"modified":"2026-04-02T16:48:44","modified_gmt":"2026-04-02T14:48:44","slug":"rape-capemba","status":"publish","type":"product","link":"https:\/\/orisha-ossain.com\/fr\/product\/rape-capemba\/","title":{"rendered":"Rap\u00e9 Capemba"},"content":{"rendered":"<h2>Rap\u00e9 Capemba<\/h2>\n<p>Rap\u00e9 Capemba est un autre tabac \u00e0 priser sp\u00e9cial des Kaxinawa. Il s'agit d'un rap\u00e9 \u00e0 base d'arapiraca et de Capemba ashes uniquement. Les Capemba ashes sont fabriqu\u00e9s \u00e0 partir d'un palmier sacr\u00e9 qui poss\u00e8de des propri\u00e9t\u00e9s m\u00e9dicinales. On dit que lorsqu'il est consomm\u00e9, il cr\u00e9e du vent, comme les feuilles d'un palmier qui s'agitent sous l'effet de la brise. De la m\u00eame mani\u00e8re, ce vent chasse les maladies du corps.<br \/>\nCapemba apporte une force spirituelle et d\u00e9gage le syst\u00e8me respiratoire en soulageant la sinusite. Il nourrit le c\u0153ur de notre \u00eatre et nous rappelle d'\u00eatre flexibles de toutes les mani\u00e8res imaginables et de rester fid\u00e8les \u00e0 nous-m\u00eames.<\/p>\n<p><a href=\"http:\/\/orisha-ossain.com\/wp-content\/uploads\/2023\/06\/downloads-2.jpg\"><img decoding=\"async\" class=\"size-medium wp-image-245 alignleft\" src=\"http:\/\/orisha-ossain.com\/wp-content\/uploads\/2023\/06\/downloads-2-253x300.jpg\" alt=\"\" width=\"253\" height=\"300\" srcset=\"https:\/\/orisha-ossain.com\/wp-content\/uploads\/2023\/06\/downloads-2-253x300.jpg 253w, https:\/\/orisha-ossain.com\/wp-content\/uploads\/2023\/06\/downloads-2.jpg 337w\" sizes=\"(max-width: 253px) 100vw, 253px\" \/><\/a><\/p>\n<h2>Usage tribal<\/h2>\n<p>La tribu Kaxinawa utilise son Rap\u00e9 \u00e0 diff\u00e9rentes fins. Par exemple, pour soulager les douleurs physiques et les maux de t\u00eate et pour nettoyer les sinus. En outre, les Kaxinawas utilisent le Rap\u00e9 pour la gu\u00e9rison mentale, le plus souvent en combinaison avec des chants.<br \/>\nLe rap\u00e9 relie la tribu aux esprits de la jungle et, selon les ingr\u00e9dients sp\u00e9cifiques, il peut gu\u00e9rir, augmenter la concentration, am\u00e9liorer la chasse ou \u00eatre un lien avec l'esprit de la nature. Les Kaxinawa aiment exp\u00e9rimenter et utilisent un large \u00e9ventail d'ingr\u00e9dients pour leur rap\u00e9.<\/p>\n<h2>\u00c0 propos de la tribu<\/h2>\n<p>Le peuple Kaxinaw\u00e1 (Huni Kuin) est une tribu indig\u00e8ne qui vit au Br\u00e9sil et au P\u00e9rou. Les Kaxinaw\u00e1 sont \u00e9galement connus sous le nom de Cashinau\u00e1, Caxinau\u00e1 ou Kashinawa. Ce nom vient de kashi ou \"chauve-souris\" et de nawa qui signifie \"\u00e9trangers\".<br \/>\nLeur autonyme est Huni Kuin ou \"vrais hommes\" ou \"vrai peuple\", de huni, \"homme\", et kuin signifiant \"r\u00e9el\" ou \"vrai\". Leur langue appartient \u00e0 la famille linguistique Pano, qu'ils appellent hatxa-Kuin (langue vraie). La population est d'environ 4 000 personnes. Les Kaxinawa repr\u00e9sentent 42% de la population indig\u00e8ne de l'\u00c9tat d'Acre, dans l'ouest du Br\u00e9sil.<\/p>\n<p>Si vous voulez en savoir plus sur la tribu, lisez ce qui suit <a href=\"https:\/\/pib.socioambiental.org\/en\/Povo:Huni_Kuin_(Kaxinaw\u00e1)\" target=\"_blank\" rel=\"noopener\">ici<\/a>.<a href=\"http:\/\/orisha-ossain.com\/wp-content\/uploads\/2023\/06\/downloads-1.jpg\"><img decoding=\"async\" class=\"size-medium wp-image-244 aligncenter\" src=\"http:\/\/orisha-ossain.com\/wp-content\/uploads\/2023\/06\/downloads-1-300x200.jpg\" alt=\"\" width=\"300\" height=\"200\" srcset=\"https:\/\/orisha-ossain.com\/wp-content\/uploads\/2023\/06\/downloads-1-300x200.jpg 300w, https:\/\/orisha-ossain.com\/wp-content\/uploads\/2023\/06\/downloads-1.jpg 600w\" sizes=\"(max-width: 300px) 100vw, 300px\" \/><\/a><\/p>\n<h2 style=\"text-align: center;\"><a href=\"http:\/\/orisha-ossain.com\/fr\/product-category\/tepi\/\">Tepi<\/a> et <a href=\"http:\/\/orisha-ossain.com\/fr\/product-category\/tepi\/\">Kuripe<span style=\"font-size: 16px;\">\u00a0<\/span><\/a><\/h2>\n<p style=\"text-align: center;\">Jetez un coup d'\u0153il \u00e0 la collection de Tepi et Kuripe. Diff\u00e9rents styles de diff\u00e9rents artistes sont disponibles. <a style=\"font-weight: bold; font-family: var(--global-body-font-family);\" href=\"http:\/\/orisha-ossain.com\/wp-content\/uploads\/2023\/06\/Tepi-Blessings.jpg\"><img decoding=\"async\" class=\"wp-image-55 size-medium aligncenter\" src=\"http:\/\/orisha-ossain.com\/wp-content\/uploads\/2023\/06\/Tepi-Blessings-300x199.jpg\" alt=\"Tepis recevant les b\u00e9n\u00e9dictions de leurs cr\u00e9ateurs\" width=\"300\" height=\"199\" srcset=\"https:\/\/orisha-ossain.com\/wp-content\/uploads\/2023\/06\/Tepi-Blessings-300x199.jpg 300w, https:\/\/orisha-ossain.com\/wp-content\/uploads\/2023\/06\/Tepi-Blessings.jpg 640w\" sizes=\"(max-width: 300px) 100vw, 300px\" \/><\/a><span style=\"font-size: 14px; font-family: var(--global-body-font-family);\">Tepis recevant les b\u00e9n\u00e9dictions de leurs cr\u00e9ateurs<\/span><\/p>\n<h2>Manutention et tri<\/h2>\n<p>Je passe ce Capemba rap\u00e9 et tous les autres tabacs \u00e0 priser de mon magasin au travers d'un tamis en acier inoxydable de haute qualit\u00e9 de 120 microns. Je conserve \u00e9galement le stock de Rap\u00e9 au sec et dans des r\u00e9cipients sous vide pour en prolonger la fra\u00eecheur et la qualit\u00e9.<\/p>\n<p>Il en r\u00e9sulte que.<\/p>\n<ul>\n<li>une poudre extr\u00eamement fine.<\/li>\n<li>une finesse constante garantie<\/li>\n<li>absorption optimale du tabac \u00e0 priser<\/li>\n<\/ul>","protected":false},"excerpt":{"rendered":"<p>Rap\u00e9 Capemba est un autre mod\u00e8le sp\u00e9cial des Kaxinawa. Il s'agit d'un rap\u00e9 fabriqu\u00e9 uniquement avec des Capemba ashes. Les Capemba ashes sont fabriqu\u00e9s \u00e0 partir d'un palmier sacr\u00e9 qui poss\u00e8de des propri\u00e9t\u00e9s m\u00e9dicinales.<\/p>","protected":false},"featured_media":35622,"template":"","meta":{"_seopress_robots_primary_cat":"none","_seopress_titles_title":"Rap\u00e9 Capemba","_seopress_titles_desc":"Rap\u00e9 Capemba is another special one from the Kaxinawa. This is a rap\u00e9 made with Capemba ashes only. Capemba ashes are made from a sacred","_seopress_robots_index":"","_kad_blocks_custom_css":"","_kad_blocks_head_custom_js":"","_kad_blocks_body_custom_js":"","_kad_blocks_footer_custom_js":"","_kad_post_transparent":"default","_kad_post_title":"","_kad_post_layout":"default","_kad_post_sidebar_id":"","_kad_post_content_style":"default","_kad_post_vertical_padding":"default","_kad_post_feature":"","_kad_post_feature_position":"","_kad_post_header":false,"_kad_post_footer":false,"_kad_post_classname":""},"product_brand":[],"product_cat":[50],"product_tag":[56],"class_list":{"0":"post-325","1":"product","2":"type-product","3":"status-publish","4":"has-post-thumbnail","6":"product_cat-rape","7":"product_tag-kaxinawa","9":"first","10":"instock","11":"taxable","12":"shipping-taxable","13":"purchasable","14":"product-type-variable","15":"entry","16":"content-bg","17":"loop-entry"},"taxonomy_info":{"product_cat":[{"value":50,"label":"Rap\u00e9"}],"product_tag":[{"value":56,"label":"Kaxinawa"}]},"featured_image_src_large":["https:\/\/orisha-ossain.com\/wp-content\/uploads\/2024\/11\/Capemba_Orisha_Ossain.png",736,736,false],"author_info":[],"comment_info":"","_links":{"self":[{"href":"https:\/\/orisha-ossain.com\/fr\/wp-json\/wp\/v2\/product\/325","targetHints":{"allow":["GET"]}}],"collection":[{"href":"https:\/\/orisha-ossain.com\/fr\/wp-json\/wp\/v2\/product"}],"about":[{"href":"https:\/\/orisha-ossain.com\/fr\/wp-json\/wp\/v2\/types\/product"}],"wp:featuredmedia":[{"embeddable":true,"href":"https:\/\/orisha-ossain.com\/fr\/wp-json\/wp\/v2\/media\/35622"}],"wp:attachment":[{"href":"https:\/\/orisha-ossain.com\/fr\/wp-json\/wp\/v2\/media?parent=325"}],"wp:term":[{"taxonomy":"product_brand","embeddable":true,"href":"https:\/\/orisha-ossain.com\/fr\/wp-json\/wp\/v2\/product_brand?post=325"},{"taxonomy":"product_cat","embeddable":true,"href":"https:\/\/orisha-ossain.com\/fr\/wp-json\/wp\/v2\/product_cat?post=325"},{"taxonomy":"product_tag","embeddable":true,"href":"https:\/\/orisha-ossain.com\/fr\/wp-json\/wp\/v2\/product_tag?post=325"}],"curies":[{"name":"wp","href":"https:\/\/api.w.org\/{rel}","templated":true}]}}