{"id":3113,"date":"2024-03-30T12:07:45","date_gmt":"2024-03-30T11:07:45","guid":{"rendered":"http:\/\/orisha-ossain.com\/?post_type=product&#038;p=3113"},"modified":"2026-04-12T17:55:38","modified_gmt":"2026-04-12T15:55:38","slug":"rape-sananga","status":"publish","type":"product","link":"https:\/\/orisha-ossain.com\/fr\/product\/rape-sananga\/","title":{"rendered":"Rap\u00e9 Sananga"},"content":{"rendered":"<h2><span style=\"font-size: 12pt;\">Rap\u00e9 Sananga<\/span><\/h2>\n<p>Ce rap\u00e9 Sananga provient des Indiens Kuntanawa. Il s'agit d'un nouveau type de rap\u00e9 int\u00e9ressant qui int\u00e8gre les ashes de la plante Sananga. C'est un excellent compl\u00e9ment pour les personnes qui travaillent d\u00e9j\u00e0 avec les gouttes oculaires de Sananga.<\/p>\n<h2><span style=\"font-size: 12pt;\">Sananga &amp; Sananga rap\u00e9<\/span><\/h2>\n<p>Lorsque j'ai commenc\u00e9 \u00e0 voyager au Br\u00e9sil, il y a environ 18 ans, j'ai entendu parler d'un rap\u00e9 \u00e0 base de poudre de plantes Sananga. L'id\u00e9e de ce m\u00e9lange n'avait aucun sens pour moi. Le sananga est un extrait liquide utilis\u00e9 pour le traitement des yeux.<br \/>\nPourquoi ajouterait-on de la poudre de cette plante \u00e0 la fabrication de rap\u00e9 ? Tous mes contacts dans le domaine du rap\u00e9 au Br\u00e9sil l'ont confirm\u00e9 et ont d\u00e9clar\u00e9 : \"Il s'agit de deux m\u00e9dicaments distincts qui ne doivent pas \u00eatre m\u00e9lang\u00e9s\".<br \/>\nPlusieurs sources vendent ce type de rap\u00e9 avec du Sananga ou du moins affirment que leur rap\u00e9 contient du Sananga. J'ai toujours pens\u00e9 que je ne voulais pas d'un rap\u00e9 dans mon assortiment o\u00f9 j'ai des sentiments contradictoires.<\/p>\n<h2><span style=\"font-size: 12pt;\">C'est bon, il n'y a plus de conflit<\/span><\/h2>\n<p>Sachant que ce sont les racines et l'\u00e9corce de Sananga ashes qui font partie du m\u00e9lange, tout est \u00e9quilibr\u00e9. Le Sananga ash et tous les ashes sont des sels min\u00e9raux. Les propri\u00e9t\u00e9s curatives viennent de l\u00e0 et de l'empreinte \u00e9nerg\u00e9tique qui a migr\u00e9 de la forme v\u00e9g\u00e9tale aux ashes par le processus de combustion.<\/p>\n<figure id=\"attachment_29575\" aria-describedby=\"caption-attachment-29575\" style=\"width: 600px\" class=\"wp-caption aligncenter\"><a href=\"https:\/\/braziliantobaccosnuffs.com\/wp-content\/uploads\/fotosapplicatie\/kunatawa-ceremonie.jpg\"><img decoding=\"async\" class=\"wp-image-29575 size-full\" src=\"https:\/\/braziliantobaccosnuffs.com\/wp-content\/uploads\/fotosapplicatie\/kunatawa-ceremonie.jpg\" alt=\"C\u00e9r\u00e9monie des Indiens Kuntanawa, fabricants de Sananga rap\u00e9\" width=\"600\" height=\"399\" \/><\/a><figcaption id=\"caption-attachment-29575\" class=\"wp-caption-text\">C\u00e9r\u00e9monie de Kuntanawa en cours<\/figcaption><\/figure>\n<h2 style=\"text-align: left;\"><span style=\"font-size: 12pt;\">\u00c0 propos de la tribu<\/span><\/h2>\n<p>Le peuple Kuntanawa (connu sous le nom de \"tribu du palmier babassu ou de la noix de coco babassu\"). Ils ont toujours d\u00e9fendu leur tradition spirituelle comme principe d'existence.<br \/>\nIls ont toujours utilis\u00e9 des plantes en lien avec les \u00eatres de la for\u00eat et les esprits. Ils ont ainsi appris \u00e0 soigner la tribu gr\u00e2ce \u00e0 la m\u00e9decine traditionnelle. Aujourd'hui encore, le peuple Kuntanawa conserve ses pratiques.<\/p>","protected":false},"excerpt":{"rendered":"<p>Ce rap\u00e9 Sananga provient des Indiens Kuntanawa. Il s'agit d'un nouveau type de rap\u00e9 int\u00e9ressant qui int\u00e8gre les ashes de la plante Sananga. C'est un excellent compl\u00e9ment pour les personnes qui travaillent d\u00e9j\u00e0 avec les gouttes oculaires de Sananga.<\/p>","protected":false},"featured_media":35663,"template":"","meta":{"_seopress_robots_primary_cat":"none","_seopress_titles_title":"Rap\u00e9 Sananga - Kuntanawa - Tribal Snuff from the Amazon -","_seopress_titles_desc":"Rap\u00e9 Sananga is often applied in ceremonial contexts, where it aids in deepening spiritual practices by clearing the mind and grounding the body.","_seopress_robots_index":"","_kad_blocks_custom_css":"","_kad_blocks_head_custom_js":"","_kad_blocks_body_custom_js":"","_kad_blocks_footer_custom_js":"","_kad_post_transparent":"default","_kad_post_title":"","_kad_post_layout":"default","_kad_post_sidebar_id":"","_kad_post_content_style":"default","_kad_post_vertical_padding":"default","_kad_post_feature":"","_kad_post_feature_position":"","_kad_post_header":false,"_kad_post_footer":false,"_kad_post_classname":""},"product_brand":[],"product_cat":[50],"product_tag":[57],"class_list":{"0":"post-3113","1":"product","2":"type-product","3":"status-publish","4":"has-post-thumbnail","6":"product_cat-rape","7":"product_tag-kuntanawa","9":"first","10":"instock","11":"taxable","12":"shipping-taxable","13":"purchasable","14":"product-type-variable","15":"entry","16":"content-bg","17":"loop-entry"},"taxonomy_info":{"product_cat":[{"value":50,"label":"Rap\u00e9"}],"product_tag":[{"value":57,"label":"Kuntanawa"}]},"featured_image_src_large":["https:\/\/orisha-ossain.com\/wp-content\/uploads\/2024\/11\/Sananga_Orisha_Ossain.png",736,736,false],"author_info":[],"comment_info":"","_links":{"self":[{"href":"https:\/\/orisha-ossain.com\/fr\/wp-json\/wp\/v2\/product\/3113","targetHints":{"allow":["GET"]}}],"collection":[{"href":"https:\/\/orisha-ossain.com\/fr\/wp-json\/wp\/v2\/product"}],"about":[{"href":"https:\/\/orisha-ossain.com\/fr\/wp-json\/wp\/v2\/types\/product"}],"wp:featuredmedia":[{"embeddable":true,"href":"https:\/\/orisha-ossain.com\/fr\/wp-json\/wp\/v2\/media\/35663"}],"wp:attachment":[{"href":"https:\/\/orisha-ossain.com\/fr\/wp-json\/wp\/v2\/media?parent=3113"}],"wp:term":[{"taxonomy":"product_brand","embeddable":true,"href":"https:\/\/orisha-ossain.com\/fr\/wp-json\/wp\/v2\/product_brand?post=3113"},{"taxonomy":"product_cat","embeddable":true,"href":"https:\/\/orisha-ossain.com\/fr\/wp-json\/wp\/v2\/product_cat?post=3113"},{"taxonomy":"product_tag","embeddable":true,"href":"https:\/\/orisha-ossain.com\/fr\/wp-json\/wp\/v2\/product_tag?post=3113"}],"curies":[{"name":"wp","href":"https:\/\/api.w.org\/{rel}","templated":true}]}}