{"id":308,"date":"2023-06-27T13:56:03","date_gmt":"2023-06-27T11:56:03","guid":{"rendered":"http:\/\/orisha-ossain.com\/?post_type=product&#038;p=308"},"modified":"2026-03-17T12:33:10","modified_gmt":"2026-03-17T11:33:10","slug":"rape-yawa-menta","status":"publish","type":"product","link":"https:\/\/orisha-ossain.com\/fr\/product\/rape-yawa-menta\/","title":{"rendered":"Rap\u00e9 Yawa Menta"},"content":{"rendered":"<h2>Rap\u00e9 Yawa Menta<\/h2>\n<p>Ce rap\u00e9 Yawa Menta nous vient des for\u00eats d'Acre. Un Yawanawa gris classique \u00e0 la menthe combin\u00e9e. Dans ce Rap\u00e9 particulier, une menthe amazonienne de haute qualit\u00e9 est utilis\u00e9e. Pour moi, c'est un rap\u00e9 frais et fort qui ouvre les sinus plus que d'habitude tout en donnant beaucoup de force. Un tr\u00e8s bon Rap\u00e9 \u00e9quilibr\u00e9, brillant et aromatique.<\/p>\n<h2>Yawanawa Rap\u00e9<\/h2>\n<p>Les Yawanawa appellent leur Rap\u00e9 \"Rume\". Il contient principalement le ash de l'\u00e9corce de l'arbre Tsunu. Ils y ajoutent le ash de l'\u00e9corce de l'arbre Txun\u00fa et une herbe forte qui ressemble au mapacho. Cela donne un m\u00e9lange de Rap\u00e9 sp\u00e9cial et tr\u00e8s unique.<\/p>\n<p>Les tribus amazoniennes utilisent souvent l'\u00e9corce de l'arbre Tsunu pour soigner et gu\u00e9rir. Le rap\u00e9 joue un r\u00f4le de soutien lors des c\u00e9r\u00e9monies d'ayahuasca et est souvent utilis\u00e9 avant l'ayahuasca. Il renforce les effets et l'ouverture de l'esprit pour la c\u00e9r\u00e9monie.  Mais aussi lors d'exp\u00e9riences c\u00e9r\u00e9monielles intenses, il facilite les vomissements et le nettoyage.<\/p>\n<p>\"Nous utilisons principalement le rum\u00ea lors de nos c\u00e9r\u00e9monies sacr\u00e9es avec l'UNI (notre boisson sacr\u00e9e, plus connue sous le nom d'ayahuasca). Mais le rum\u00ea est \u00e9galement consomm\u00e9 l'apr\u00e8s-midi, avant le washing. L'eau nettoie notre corps et notre esprit ; c'est notre moment pr\u00e9f\u00e9r\u00e9 de la journ\u00e9e\".<\/p>\n<h2 style=\"text-align: center;\"><a href=\"http:\/\/orisha-ossain.com\/wp-content\/uploads\/2023\/06\/01111.jpg\"><img decoding=\"async\" class=\"aligncenter wp-image-237 size-medium\" src=\"http:\/\/orisha-ossain.com\/wp-content\/uploads\/2023\/06\/01111-300x287.jpg\" alt=\"rap\u00e9 tsunu rasu\" width=\"300\" height=\"287\" srcset=\"https:\/\/orisha-ossain.com\/wp-content\/uploads\/2023\/06\/01111-300x287.jpg 300w, https:\/\/orisha-ossain.com\/wp-content\/uploads\/2023\/06\/01111.jpg 600w\" sizes=\"(max-width: 300px) 100vw, 300px\" \/><\/a><\/h2>\n<p style=\"text-align: center;\">","protected":false},"excerpt":{"rendered":"<p>Rap\u00e9 Yawa Menta commence comme le tabac \u00e0 priser gris classique Yawanawa Tsunu. Les fabricants ajoutent de la menthe plus tard dans le processus, ce qui lui donne une qualit\u00e9 rafra\u00eechissante. Il ouvre profond\u00e9ment les sinus.<\/p>","protected":false},"featured_media":35678,"template":"","meta":{"_seopress_robots_primary_cat":"none","_seopress_titles_title":"Rap\u00e9 Yawa Menta - Minty Feshness From the Yawanawa Tribe","_seopress_titles_desc":"Rap\u00e9 Yawa Menta fundament is the classic grey Yawanawa tsunu Snuff. Later its combined with mint. It really opens the sinuses","_seopress_robots_index":"","_kad_blocks_custom_css":"","_kad_blocks_head_custom_js":"","_kad_blocks_body_custom_js":"","_kad_blocks_footer_custom_js":"","_kad_post_transparent":"default","_kad_post_title":"","_kad_post_layout":"default","_kad_post_sidebar_id":"","_kad_post_content_style":"default","_kad_post_vertical_padding":"default","_kad_post_feature":"","_kad_post_feature_position":"","_kad_post_header":false,"_kad_post_footer":false,"_kad_post_classname":""},"product_brand":[],"product_cat":[50],"product_tag":[69,62],"class_list":{"0":"post-308","1":"product","2":"type-product","3":"status-publish","4":"has-post-thumbnail","6":"product_cat-rape","7":"product_tag-aromatic","8":"product_tag-yawanawa","10":"first","11":"instock","12":"taxable","13":"shipping-taxable","14":"purchasable","15":"product-type-variable","16":"entry","17":"content-bg","18":"loop-entry"},"taxonomy_info":{"product_cat":[{"value":50,"label":"Rap\u00e9"}],"product_tag":[{"value":69,"label":"Aromatic"},{"value":62,"label":"Yawanawa"}]},"featured_image_src_large":["https:\/\/orisha-ossain.com\/wp-content\/uploads\/2024\/11\/Yawa-Menta_Orisha_Ossain.png",736,736,false],"author_info":[],"comment_info":"","_links":{"self":[{"href":"https:\/\/orisha-ossain.com\/fr\/wp-json\/wp\/v2\/product\/308","targetHints":{"allow":["GET"]}}],"collection":[{"href":"https:\/\/orisha-ossain.com\/fr\/wp-json\/wp\/v2\/product"}],"about":[{"href":"https:\/\/orisha-ossain.com\/fr\/wp-json\/wp\/v2\/types\/product"}],"wp:featuredmedia":[{"embeddable":true,"href":"https:\/\/orisha-ossain.com\/fr\/wp-json\/wp\/v2\/media\/35678"}],"wp:attachment":[{"href":"https:\/\/orisha-ossain.com\/fr\/wp-json\/wp\/v2\/media?parent=308"}],"wp:term":[{"taxonomy":"product_brand","embeddable":true,"href":"https:\/\/orisha-ossain.com\/fr\/wp-json\/wp\/v2\/product_brand?post=308"},{"taxonomy":"product_cat","embeddable":true,"href":"https:\/\/orisha-ossain.com\/fr\/wp-json\/wp\/v2\/product_cat?post=308"},{"taxonomy":"product_tag","embeddable":true,"href":"https:\/\/orisha-ossain.com\/fr\/wp-json\/wp\/v2\/product_tag?post=308"}],"curies":[{"name":"wp","href":"https:\/\/api.w.org\/{rel}","templated":true}]}}