{"id":3073,"date":"2024-03-24T13:48:07","date_gmt":"2024-03-24T12:48:07","guid":{"rendered":"http:\/\/orisha-ossain.com\/?post_type=product&#038;p=3073"},"modified":"2026-04-04T14:29:09","modified_gmt":"2026-04-04T12:29:09","slug":"rape-caupuri","status":"publish","type":"product","link":"https:\/\/orisha-ossain.com\/fr\/product\/rape-caupuri\/","title":{"rendered":"Rap\u00e9 Caupuri"},"content":{"rendered":"<h2>Rap\u00e9 Caupuri<\/h2>\n<p>J'ai cr\u00e9\u00e9 Rap\u00e9 Caupuri en utilisant les ashes de la puissante vigne Caupuri, l'une des vari\u00e9t\u00e9s de caapi les plus puissantes du Br\u00e9sil. Connu pour sa force exceptionnelle, ce tabac \u00e0 priser a une vibration \u00e9lev\u00e9e qui vous permet de vous connecter profond\u00e9ment \u00e0 l'esprit de la vigne caapi. La combinaison avec le sabi\u00e1 mapacho renforce sa puissance, cr\u00e9ant une exp\u00e9rience intense.<\/p>\n<p>Il s'agit d'un rap\u00e9 unique, disponible exclusivement ici. Il dure jusqu'\u00e0 ce que le ash soit enti\u00e8rement utilis\u00e9. Apr\u00e8s avoir test\u00e9 plusieurs variantes, j'ai cr\u00e9\u00e9 une recette bien \u00e9quilibr\u00e9e pour ce nouveau type de rap\u00e9. Les amis qui ont particip\u00e9 \u00e0 la phase de test ont indiqu\u00e9 que le rap\u00e9 Caupuri avait une signature \u00e9nerg\u00e9tique unique. Il apporte une forte sensation initiale suivie d'un \u00e9tat m\u00e9ditatif long et profond.<\/p>\n<p>Dans ma boutique, je propose \u00e9galement d'autres types de rap\u00e9 fabriqu\u00e9s avec les ashes de la vari\u00e9t\u00e9 Banisteriopsis caapi appel\u00e9e Ourinhos (petit or). Il s'agit notamment de rap\u00e9 <a href=\"http:\/\/orisha-ossain.com\/fr\/produit\/rape-mariri\/\">rap\u00e9 Mariri<\/a> et le <a href=\"http:\/\/orisha-ossain.com\/fr\/produit\/rape-aya\/\">Types d'Aya<\/a> chacun ayant des caract\u00e9ristiques et des effets uniques.<\/p>\n<h2>Un r\u00e9cit personnel sur les origines de cette cendre de Caupuri.<\/h2>\n<p>Ce Caupuri br\u00e9silien ash provient des vignes d'une sous-esp\u00e8ce de Banisteriopsis caapi. Connue pour sa puissance exceptionnelle, la vigne Caupuri occupe une place \u00e0 part parmi les vari\u00e9t\u00e9s de caapi. Mon ami Paco, qui vit dans le sud du Br\u00e9sil, m'a fourni ces ashes. Cette vigne poussait juste \u00e0 c\u00f4t\u00e9 de sa maison et, lors de ma visite en 2019, nous avons fum\u00e9 quelques-unes de ses feuilles. Elles se sont av\u00e9r\u00e9es beaucoup plus fortes que les feuilles de la vigne Ourinhos qui poussait de l'autre c\u00f4t\u00e9 de sa propri\u00e9t\u00e9.<\/p>\n<p>Au milieu de l'ann\u00e9e 2024, Paco m'a inform\u00e9 qu'il devait couper la vigne. \u00c0 ma grande surprise, il m'a expliqu\u00e9 qu'il avait br\u00fbl\u00e9 la totalit\u00e9 de la vigne et pr\u00e9par\u00e9 un ash tr\u00e8s propre et raffin\u00e9, parfait pour la fabrication de ce rap\u00e9 unique.<\/p>\n<h2>Un message de Paco<\/h2>\n<p>J'ai re\u00e7u la vigne Caupuri d'un ami de l'\u00e9glise Santo Daime, o\u00f9 j'ai exp\u00e9riment\u00e9 l'ayahuasca pour la premi\u00e8re fois. En 2015, je l'ai plant\u00e9e dans ma cour, o\u00f9 elle est rapidement devenue un gardien protecteur, apportant l'ombre dont j'avais tant besoin. Malheureusement, une temp\u00eate a frapp\u00e9, renversant l'arbre sur lequel elle poussait. Les branches de la vigne sont tomb\u00e9es sur le r\u00e9seau \u00e9lectrique, ce qui ne m'a pas laiss\u00e9 d'autre choix que de la couper. J'avais l'intention de la rendre \u00e0 l'ami qui me l'avait donn\u00e9e \u00e0 l'origine afin qu'il puisse pr\u00e9parer du th\u00e9 \u00e0 partir des lianes de Caupuri.<\/p>\n<p>Cependant, ce plan a \u00e9chou\u00e9 lorsque la maison de mon ami a \u00e9t\u00e9 inond\u00e9e lors d'une grosse temp\u00eate dans le sud, ce qui l'a emp\u00each\u00e9 de produire de l'ayahuasca comme pr\u00e9vu. N'ayant pas d'autre option, j'ai d\u00e9cid\u00e9 de transformer la vigne en ash. Avec le recul, je suis heureux de l'avoir fait, car cela m'a permis de pr\u00e9server quelque chose de significatif et de lui donner une nouvelle raison d'\u00eatre.<\/p>\n<h2>Vigne Caupuri<\/h2>\n<p>La vigne Caupuri est facilement reconnaissable \u00e0 ses gros n\u0153uds et est connue localement sous le nom de \"The General\". R\u00e9put\u00e9 pour \u00eatre l'une des vari\u00e9t\u00e9s de caapi les plus robustes du Br\u00e9sil, le Caupuri prosp\u00e8re dans les r\u00e9gions o\u00f9 l'eau est abondante. Il pousse particuli\u00e8rement bien dans le sud pluvieux du Br\u00e9sil, comme dans sa r\u00e9gion d'origine, l'Amazonie.<\/p>\n<figure id=\"attachment_3081\" aria-describedby=\"caption-attachment-3081\" style=\"width: 330px\" class=\"wp-caption aligncenter\"><a href=\"http:\/\/orisha-ossain.com\/wp-content\/uploads\/2024\/03\/ljklj-1.jpg\"><img decoding=\"async\" class=\"wp-image-3081 size-full\" src=\"https:\/\/orisha-ossain.com\/wp-content\/uploads\/2024\/03\/ljklj-1.jpg\" alt=\"\" width=\"330\" height=\"502\" srcset=\"https:\/\/orisha-ossain.com\/wp-content\/uploads\/2024\/03\/ljklj-1.jpg 330w, https:\/\/orisha-ossain.com\/wp-content\/uploads\/2024\/03\/ljklj-1-197x300.jpg 197w\" sizes=\"(max-width: 330px) 100vw, 330px\" \/><\/a><figcaption id=\"caption-attachment-3081\" class=\"wp-caption-text\">Vigne caupuri dans la for\u00eat amazonienne br\u00e9silienne<\/figcaption><\/figure>\n<p>La vigne Caupuri est une variante importante et unique de la vigne Caupuri. <em>Banisteriopsis caapi<\/em> Cette liane est appr\u00e9ci\u00e9e pour ses propri\u00e9t\u00e9s distinctes dans les c\u00e9r\u00e9monies de l'ayahuasca. Bien qu'elle partage de nombreuses caract\u00e9ristiques avec la famille plus large du caapi, sa structure noueuse, son profil alcalo\u00efde et sa signification culturelle en font un choix pris\u00e9 pour des pratiques spirituelles et curatives sp\u00e9cifiques.<\/p>","protected":false},"excerpt":{"rendered":"<p>Un tout nouveau type de rap\u00e9. Il combine la puissante vigne Caupuri ashes avec le type de mapacho appel\u00e9 sabi\u00e1.<\/p>","protected":false},"featured_media":37209,"template":"","meta":{"_seopress_robots_primary_cat":"none","_seopress_titles_title":"%%post_title%% - One of a Kind - Deep Meditative Energy -","_seopress_titles_desc":"A Brand new type of rap\u00e9. This one combines the powerful Caupuri ashes with the mapacho type sabi\u00e1. Sharp and intense energy.","_seopress_robots_index":"","_kad_blocks_custom_css":"","_kad_blocks_head_custom_js":"","_kad_blocks_body_custom_js":"","_kad_blocks_footer_custom_js":"","_kad_post_transparent":"default","_kad_post_title":"","_kad_post_layout":"default","_kad_post_sidebar_id":"","_kad_post_content_style":"default","_kad_post_vertical_padding":"default","_kad_post_feature":"","_kad_post_feature_position":"","_kad_post_header":false,"_kad_post_footer":false,"_kad_post_classname":""},"product_brand":[],"product_cat":[50],"product_tag":[54],"class_list":{"0":"post-3073","1":"product","2":"type-product","3":"status-publish","4":"has-post-thumbnail","6":"product_cat-rape","7":"product_tag-caboclo","9":"first","10":"instock","11":"taxable","12":"shipping-taxable","13":"purchasable","14":"product-type-variable","15":"entry","16":"content-bg","17":"loop-entry"},"taxonomy_info":{"product_cat":[{"value":50,"label":"Rap\u00e9"}],"product_tag":[{"value":54,"label":"Caboclo"}]},"featured_image_src_large":["https:\/\/orisha-ossain.com\/wp-content\/uploads\/2024\/12\/Caupuri_Orisha_Ossain.png",736,736,false],"author_info":[],"comment_info":"","_links":{"self":[{"href":"https:\/\/orisha-ossain.com\/fr\/wp-json\/wp\/v2\/product\/3073","targetHints":{"allow":["GET"]}}],"collection":[{"href":"https:\/\/orisha-ossain.com\/fr\/wp-json\/wp\/v2\/product"}],"about":[{"href":"https:\/\/orisha-ossain.com\/fr\/wp-json\/wp\/v2\/types\/product"}],"wp:featuredmedia":[{"embeddable":true,"href":"https:\/\/orisha-ossain.com\/fr\/wp-json\/wp\/v2\/media\/37209"}],"wp:attachment":[{"href":"https:\/\/orisha-ossain.com\/fr\/wp-json\/wp\/v2\/media?parent=3073"}],"wp:term":[{"taxonomy":"product_brand","embeddable":true,"href":"https:\/\/orisha-ossain.com\/fr\/wp-json\/wp\/v2\/product_brand?post=3073"},{"taxonomy":"product_cat","embeddable":true,"href":"https:\/\/orisha-ossain.com\/fr\/wp-json\/wp\/v2\/product_cat?post=3073"},{"taxonomy":"product_tag","embeddable":true,"href":"https:\/\/orisha-ossain.com\/fr\/wp-json\/wp\/v2\/product_tag?post=3073"}],"curies":[{"name":"wp","href":"https:\/\/api.w.org\/{rel}","templated":true}]}}