{"id":304,"date":"2023-06-27T13:51:21","date_gmt":"2023-06-27T11:51:21","guid":{"rendered":"http:\/\/orisha-ossain.com\/?post_type=product&#038;p=304"},"modified":"2026-04-16T21:16:50","modified_gmt":"2026-04-16T19:16:50","slug":"rape-yawanawa","status":"publish","type":"product","link":"https:\/\/orisha-ossain.com\/fr\/product\/rape-yawanawa\/","title":{"rendered":"Rap\u00e9 Yawanawa"},"content":{"rendered":"<h2>Rap\u00e9 Yawanawa<\/h2>\n<p>Ce rap\u00e9 Yawanawa est assez gris. Les Yawanawa pr\u00e9f\u00e8rent leur tabac \u00e0 priser avec beaucoup de ash. Voici le rap\u00e9 tribal Yawanawa classique. Il s'agit d'un Tsunu ash combin\u00e9 \u00e0 un moi mapacho. C'est l'un des tabacs \u00e0 priser les plus populaires dans mon magasin.<\/p>\n<h2>Yawanawa Rap\u00e9<\/h2>\n<p>Les Yawanawa appellent leur Rap\u00e9 \"Rume\". Il contient principalement le ash de l'\u00e9corce de l'arbre Tsunu. Ils y ajoutent le ash de l'\u00e9corce de l'arbre Txun\u00fa et une herbe forte qui ressemble au mapacho. Cela donne un m\u00e9lange de Rap\u00e9 sp\u00e9cial et tr\u00e8s unique.<\/p>\n<p>Les tribus amazoniennes utilisent souvent l'\u00e9corce de l'arbre Tsunu pour soigner et gu\u00e9rir. Le rap\u00e9 joue un r\u00f4le de soutien lors des c\u00e9r\u00e9monies d'ayahuasca et est souvent utilis\u00e9 avant l'ayahuasca. Il renforce les effets et l'ouverture de l'esprit pour la c\u00e9r\u00e9monie.  Mais aussi lors d'exp\u00e9riences c\u00e9r\u00e9monielles intenses, il facilite les vomissements et le nettoyage.<\/p>\n<p>\"Nous utilisons principalement le rum\u00ea lors de nos c\u00e9r\u00e9monies sacr\u00e9es avec l'UNI (notre boisson sacr\u00e9e, plus connue sous le nom d'ayahuasca). Mais le rum\u00ea est \u00e9galement consomm\u00e9 l'apr\u00e8s-midi, avant le washing. L'eau nettoie notre corps et notre esprit ; c'est notre moment pr\u00e9f\u00e9r\u00e9 de la journ\u00e9e\".<\/p>\n<h2 style=\"text-align: center;\"><a href=\"http:\/\/orisha-ossain.com\/wp-content\/uploads\/2023\/06\/01111.jpg\"><img decoding=\"async\" class=\"aligncenter wp-image-237 size-medium\" src=\"http:\/\/orisha-ossain.com\/wp-content\/uploads\/2023\/06\/01111-300x287.jpg\" alt=\"rap\u00e9 tsunu rasu\" width=\"300\" height=\"287\" srcset=\"https:\/\/orisha-ossain.com\/wp-content\/uploads\/2023\/06\/01111-300x287.jpg 300w, https:\/\/orisha-ossain.com\/wp-content\/uploads\/2023\/06\/01111.jpg 600w\" sizes=\"(max-width: 300px) 100vw, 300px\" \/><\/a><\/h2>","protected":false},"excerpt":{"rendered":"<p>Ce rap\u00e9 Yawanawa est assez gris. Les Yawanawa pr\u00e9f\u00e8rent leur tabac \u00e0 priser avec beaucoup de ash. Il s'agit du rap\u00e9 tribal classique des Yawanawa.  C'est l'un des plus populaires dans ma boutique.<\/p>","protected":false},"featured_media":35679,"template":"","meta":{"_seopress_robots_primary_cat":"none","_seopress_titles_title":"Rap\u00e9 Yawanawa - The Classic Tsunu Snuff - Orisha Ossain","_seopress_titles_desc":"This rap\u00e9 Yawanawa is quite grey. The Yawanawa's prefer their snuff with much ash. This is the classic Yawanawa tribal rap\u00e9.\u00a0 It is one of the most","_seopress_robots_index":"","_kad_blocks_custom_css":"","_kad_blocks_head_custom_js":"","_kad_blocks_body_custom_js":"","_kad_blocks_footer_custom_js":"","_kad_post_transparent":"default","_kad_post_title":"","_kad_post_layout":"default","_kad_post_sidebar_id":"","_kad_post_content_style":"default","_kad_post_vertical_padding":"default","_kad_post_feature":"","_kad_post_feature_position":"","_kad_post_header":false,"_kad_post_footer":false,"_kad_post_classname":""},"product_brand":[],"product_cat":[50],"product_tag":[62],"class_list":{"0":"post-304","1":"product","2":"type-product","3":"status-publish","4":"has-post-thumbnail","6":"product_cat-rape","7":"product_tag-yawanawa","9":"first","10":"instock","11":"taxable","12":"shipping-taxable","13":"purchasable","14":"product-type-variable","15":"entry","16":"content-bg","17":"loop-entry"},"taxonomy_info":{"product_cat":[{"value":50,"label":"Rap\u00e9"}],"product_tag":[{"value":62,"label":"Yawanawa"}]},"featured_image_src_large":["https:\/\/orisha-ossain.com\/wp-content\/uploads\/2024\/11\/Yawanawa_Orisha_Ossain.png",736,736,false],"author_info":[],"comment_info":"","_links":{"self":[{"href":"https:\/\/orisha-ossain.com\/fr\/wp-json\/wp\/v2\/product\/304","targetHints":{"allow":["GET"]}}],"collection":[{"href":"https:\/\/orisha-ossain.com\/fr\/wp-json\/wp\/v2\/product"}],"about":[{"href":"https:\/\/orisha-ossain.com\/fr\/wp-json\/wp\/v2\/types\/product"}],"wp:featuredmedia":[{"embeddable":true,"href":"https:\/\/orisha-ossain.com\/fr\/wp-json\/wp\/v2\/media\/35679"}],"wp:attachment":[{"href":"https:\/\/orisha-ossain.com\/fr\/wp-json\/wp\/v2\/media?parent=304"}],"wp:term":[{"taxonomy":"product_brand","embeddable":true,"href":"https:\/\/orisha-ossain.com\/fr\/wp-json\/wp\/v2\/product_brand?post=304"},{"taxonomy":"product_cat","embeddable":true,"href":"https:\/\/orisha-ossain.com\/fr\/wp-json\/wp\/v2\/product_cat?post=304"},{"taxonomy":"product_tag","embeddable":true,"href":"https:\/\/orisha-ossain.com\/fr\/wp-json\/wp\/v2\/product_tag?post=304"}],"curies":[{"name":"wp","href":"https:\/\/api.w.org\/{rel}","templated":true}]}}