{"id":300,"date":"2023-06-27T13:46:35","date_gmt":"2023-06-27T11:46:35","guid":{"rendered":"http:\/\/orisha-ossain.com\/?post_type=product&#038;p=300"},"modified":"2026-04-12T17:55:38","modified_gmt":"2026-04-12T15:55:38","slug":"rape-caneleiro","status":"publish","type":"product","link":"https:\/\/orisha-ossain.com\/fr\/product\/rape-caneleiro\/","title":{"rendered":"Rap\u00e9 Caneleiro"},"content":{"rendered":"<h2>Rap\u00e9 Caneleiro<\/h2>\n<p>Ce Rap\u00e9 Caneleiro provient des Yawanawa.  La tribu Yawanawa est connue pour ses tabacs \u00e0 priser, reconnus pour leur teneur \u00e9lev\u00e9e en ash. Cela donne \u00e0 leur Rap\u00e9 une \u00e9nergie unique. Ce Rap\u00e9 se connecte au troisi\u00e8me chakra. Le Rap\u00e9 Caneleiro est tr\u00e8s complet dans ses propri\u00e9t\u00e9s. Il aide beaucoup \u00e0 la sant\u00e9 en travaillant principalement \u00e0 la r\u00e9g\u00e9n\u00e9ration des cellules et \u00e0 l'\u00e9quilibre des hormones. Le feu est l'\u00e9l\u00e9ment spirituel auquel ce rap\u00e9 se connecte.<\/p>\n<p>Pour le rap\u00e9 Caneleiro, ils utilisent le ashes de l'\u00e9corce de Cenostigma macrophyllum. Pour les Indiens de l'Acre, le Caneleiro et le Canela de Velho ont des propri\u00e9t\u00e9s tr\u00e8s similaires et sont trait\u00e9s de la m\u00eame mani\u00e8re. Il s'agit pourtant de deux arbres diff\u00e9rents mais tr\u00e8s proches.<\/p>\n<p><img decoding=\"async\" class=\"size-medium wp-image-286 aligncenter\" src=\"https:\/\/orisha-ossain.com\/wp-content\/uploads\/2023\/06\/ind-300x199.png\" alt=\"\" width=\"300\" height=\"199\" srcset=\"https:\/\/orisha-ossain.com\/wp-content\/uploads\/2023\/06\/ind-300x199.png 300w, https:\/\/orisha-ossain.com\/wp-content\/uploads\/2023\/06\/ind-768x510.png 768w, https:\/\/orisha-ossain.com\/wp-content\/uploads\/2023\/06\/ind.png 783w\" sizes=\"(max-width: 300px) 100vw, 300px\" \/><\/p>\n<h2>A propos de Cenostigma macrophyllum<\/h2>\n<p>Caneleiro (<em>Cenostigma macrophyllum<\/em>) est un arbre \u00e0 fleurs appartenant \u00e0 la famille des fabac\u00e9es\/l\u00e9gumineuses. Cet arbre est d'une grande beaut\u00e9, en particulier lors de ses p\u00e9riodes de floraison p\u00e9renne. Il symbolise la ville de Teresina. Les chercheurs ont enregistr\u00e9 cette esp\u00e8ce br\u00e9silienne pour la premi\u00e8re fois dans le Mato Grosso il y a plus de 150 ans. L'arbre Caneleiro prosp\u00e8re dans les r\u00e9gions du Nord, du Nord-Est, du Midwest et du Sud-Est du Br\u00e9sil.<\/p>\n<p>De septembre \u00e0 d\u00e9cembre et de f\u00e9vrier \u00e0 juillet, l'arbre se couvre de grappes de fleurs jaunes. Ces fleurs, qui ressemblent beaucoup \u00e0 des orchid\u00e9es, attirent de nombreux insectes et oiseaux par leur parfum. L'arbre Caneleiro mesure g\u00e9n\u00e9ralement entre 10 et 20 m\u00e8tres de haut.<\/p>\n<figure id=\"attachment_169\" aria-describedby=\"caption-attachment-169\" style=\"width: 300px\" class=\"wp-caption aligncenter\"><a href=\"http:\/\/orisha-ossain.com\/wp-content\/uploads\/2023\/06\/Cenostigma-Macrophyllum-used-for-Caneleiro-Rape.jpg\"><img decoding=\"async\" class=\"wp-image-169 size-medium\" src=\"http:\/\/orisha-ossain.com\/wp-content\/uploads\/2023\/06\/Cenostigma-Macrophyllum-used-for-Caneleiro-Rape-300x186.jpg\" alt=\"Plusieurs grands arbres Cenostigma Macrophyllum, dont les ashes de l&#039;\u00e9corce sont utilis\u00e9s pour le Rap\u00e9 Caneleiro.\" width=\"300\" height=\"186\" srcset=\"https:\/\/orisha-ossain.com\/wp-content\/uploads\/2023\/06\/Cenostigma-Macrophyllum-used-for-Caneleiro-Rape-300x186.jpg 300w, https:\/\/orisha-ossain.com\/wp-content\/uploads\/2023\/06\/Cenostigma-Macrophyllum-used-for-Caneleiro-Rape.jpg 700w\" sizes=\"(max-width: 300px) 100vw, 300px\" \/><\/a><figcaption id=\"caption-attachment-169\" class=\"wp-caption-text\">L'arbre Cenostigma Macrophyllum<\/figcaption><\/figure>\n<h2 style=\"text-align: center;\"><a href=\"http:\/\/orisha-ossain.com\/wp-content\/uploads\/2023\/06\/01111.jpg\"><img decoding=\"async\" class=\"aligncenter wp-image-237 size-medium\" src=\"http:\/\/orisha-ossain.com\/wp-content\/uploads\/2023\/06\/01111-300x287.jpg\" alt=\"rap\u00e9 tsunu rasu\" width=\"300\" height=\"287\" srcset=\"https:\/\/orisha-ossain.com\/wp-content\/uploads\/2023\/06\/01111-300x287.jpg 300w, https:\/\/orisha-ossain.com\/wp-content\/uploads\/2023\/06\/01111.jpg 600w\" sizes=\"(max-width: 300px) 100vw, 300px\" \/><\/a><\/h2>\n<p style=\"text-align: center;\">","protected":false},"excerpt":{"rendered":"<p>Ce Rap\u00e9 Caneleiro provient de la tribu Yawanawa. Les Yawanawa sont connus pour leurs tabacs \u00e0 priser, qui se distinguent par leur teneur \u00e9lev\u00e9e en ash.<br \/>\nNoms communs : Caneleiro, Canela de Velho, Maraximb\u00e9 ou Fava do Campo<br \/>\nTribu : Yawanawa<br \/>\nOrigine : Acre, Br\u00e9sil.<\/p>","protected":false},"featured_media":35621,"template":"","meta":{"_seopress_robots_primary_cat":"none","_seopress_titles_title":"Rap\u00e9 Caneleiro - Yawanawa Tribal Snuff - Orisha Ossain","_seopress_titles_desc":"This Rap\u00e9 Caneleiro comes from the Yawanawa tribe. The Yawanawa are known for their snuffs, which are distinguished by their high ash content.","_seopress_robots_index":"","_kad_blocks_custom_css":"","_kad_blocks_head_custom_js":"","_kad_blocks_body_custom_js":"","_kad_blocks_footer_custom_js":"","_kad_post_transparent":"default","_kad_post_title":"","_kad_post_layout":"default","_kad_post_sidebar_id":"","_kad_post_content_style":"default","_kad_post_vertical_padding":"default","_kad_post_feature":"","_kad_post_feature_position":"","_kad_post_header":false,"_kad_post_footer":false,"_kad_post_classname":""},"product_brand":[],"product_cat":[50],"product_tag":[62],"class_list":{"0":"post-300","1":"product","2":"type-product","3":"status-publish","4":"has-post-thumbnail","6":"product_cat-rape","7":"product_tag-yawanawa","9":"first","10":"instock","11":"taxable","12":"shipping-taxable","13":"purchasable","14":"product-type-variable","15":"entry","16":"content-bg","17":"loop-entry"},"taxonomy_info":{"product_cat":[{"value":50,"label":"Rap\u00e9"}],"product_tag":[{"value":62,"label":"Yawanawa"}]},"featured_image_src_large":["https:\/\/orisha-ossain.com\/wp-content\/uploads\/2024\/11\/Caneleiro_Orisha_Ossain.png",736,736,false],"author_info":[],"comment_info":"","_links":{"self":[{"href":"https:\/\/orisha-ossain.com\/fr\/wp-json\/wp\/v2\/product\/300","targetHints":{"allow":["GET"]}}],"collection":[{"href":"https:\/\/orisha-ossain.com\/fr\/wp-json\/wp\/v2\/product"}],"about":[{"href":"https:\/\/orisha-ossain.com\/fr\/wp-json\/wp\/v2\/types\/product"}],"wp:featuredmedia":[{"embeddable":true,"href":"https:\/\/orisha-ossain.com\/fr\/wp-json\/wp\/v2\/media\/35621"}],"wp:attachment":[{"href":"https:\/\/orisha-ossain.com\/fr\/wp-json\/wp\/v2\/media?parent=300"}],"wp:term":[{"taxonomy":"product_brand","embeddable":true,"href":"https:\/\/orisha-ossain.com\/fr\/wp-json\/wp\/v2\/product_brand?post=300"},{"taxonomy":"product_cat","embeddable":true,"href":"https:\/\/orisha-ossain.com\/fr\/wp-json\/wp\/v2\/product_cat?post=300"},{"taxonomy":"product_tag","embeddable":true,"href":"https:\/\/orisha-ossain.com\/fr\/wp-json\/wp\/v2\/product_tag?post=300"}],"curies":[{"name":"wp","href":"https:\/\/api.w.org\/{rel}","templated":true}]}}