{"id":296,"date":"2023-06-27T13:31:31","date_gmt":"2023-06-27T11:31:31","guid":{"rendered":"http:\/\/orisha-ossain.com\/?post_type=product&#038;p=296"},"modified":"2026-04-17T13:20:14","modified_gmt":"2026-04-17T11:20:14","slug":"rape-samauma","status":"publish","type":"product","link":"https:\/\/orisha-ossain.com\/fr\/product\/rape-samauma\/","title":{"rendered":"Rap\u00e9 Sama\u00fama"},"content":{"rendered":"<h2>Rap\u00e9 Sama\u00fama<\/h2>\n<p>Le rap\u00e9 Sama\u00fama est un rap\u00e9 sp\u00e9cial de la tribu Yawanawa dans lequel les ashes de l'arbre Sama\u00fama sont utilis\u00e9s. Rap\u00e9 Sama\u00fama, <a href=\"http:\/\/orisha-ossain.com\/fr\/produit\/rape-bashawa\/\">Bashawa<\/a>, <a href=\"http:\/\/orisha-ossain.com\/fr\/produit\/rape-caneleiro\/\">Caneleiro<\/a>, <a href=\"http:\/\/orisha-ossain.com\/fr\/produit\/rape-mulateiro\/\">Mulateiro<\/a>, <a href=\"http:\/\/orisha-ossain.com\/fr\/produit\/rape-yawanawa\/\">Yawanawa<\/a> et <a href=\"http:\/\/orisha-ossain.com\/fr\/produit\/rape-yawa-menta\/\">Yawa-Menta<\/a> dans ma boutique proviennent du m\u00eame groupe d'Indiens Yawanawa. Les Yawanawa disent que Sama\u00fama se connecte \u00e0 l'\u00e9nergie ancestrale et qu'il chauffe \u00e9galement la t\u00eate.<\/p>\n<h2>\u00c0 propos de Sama\u00fama\/Kapok<\/h2>\n<p>Le Sama\u00fama ou Kapok (Ceiba pentandra) pousse en Amazonie. Les indig\u00e8nes br\u00e9siliens qui vivent dans la for\u00eat le consid\u00e8rent comme un arbre sacr\u00e9. Ces arbres imposants atteignent souvent une hauteur de 70 m\u00e8tres, ce qui en fait l'un des plus grands arbres de la flore mondiale. L'arbre Sama\u00fama puise activement l'eau dans les profondeurs du sol amazonien, l'utilisant pour assurer sa subsistance et la partageant g\u00e9n\u00e9reusement avec d'autres esp\u00e8ces v\u00e9g\u00e9tales.<\/p>\n<figure id=\"attachment_183\" aria-describedby=\"caption-attachment-183\" style=\"width: 1024px\" class=\"wp-caption aligncenter\"><a href=\"http:\/\/orisha-ossain.com\/wp-content\/uploads\/2023\/06\/Kapok.jpg\"><img decoding=\"async\" class=\"wp-image-183 size-large\" src=\"https:\/\/orisha-ossain.com\/wp-content\/uploads\/2023\/06\/Kapok-1024x683.jpg\" alt=\"arbre g\u00e9ant amazone rap\u00e9 sama\u00fama\" width=\"1024\" height=\"683\" srcset=\"https:\/\/orisha-ossain.com\/wp-content\/uploads\/2023\/06\/Kapok-1024x683.jpg 1024w, https:\/\/orisha-ossain.com\/wp-content\/uploads\/2023\/06\/Kapok-300x200.jpg 300w, https:\/\/orisha-ossain.com\/wp-content\/uploads\/2023\/06\/Kapok-768x512.jpg 768w, https:\/\/orisha-ossain.com\/wp-content\/uploads\/2023\/06\/Kapok-1536x1024.jpg 1536w, https:\/\/orisha-ossain.com\/wp-content\/uploads\/2023\/06\/Kapok.jpg 1600w\" sizes=\"(max-width: 1024px) 100vw, 1024px\" \/><\/a><figcaption id=\"caption-attachment-183\" class=\"wp-caption-text\">Le g\u00e9ant de la for\u00eat<\/figcaption><\/figure>\n<ul>\n<li>Les indig\u00e8nes consid\u00e8rent Sama\u00fama comme \"la m\u00e8re de tous les arbres\". Ils nomment ses racines sapobemba. Autrefois, les Indiens utilisaient ces racines pour communiquer \u00e0 travers la for\u00eat en les tapotant avec de gros morceaux de bois, envoyant ainsi des messages cod\u00e9s qui se propageaient loin dans la jungle.<\/li>\n<li>Les habitants de la for\u00eat croient que Sama\u00fama poss\u00e8de des pouvoirs magiques. Ils reconnaissent son r\u00f4le dans la protection des autres arbres et des habitants de la for\u00eat. Parfois, les Indiens incorporent l'\u00e9corce de Sama\u00fama comme ingr\u00e9dient dans une version sp\u00e9ciale de l'infusion d'ayahuasca.<\/li>\n<\/ul>\n<figure id=\"attachment_184\" aria-describedby=\"caption-attachment-184\" style=\"width: 1600px\" class=\"wp-caption aligncenter\"><a href=\"http:\/\/orisha-ossain.com\/wp-content\/uploads\/2023\/06\/Kapok-01.jpg\"><img decoding=\"async\" class=\"wp-image-184 size-full\" src=\"https:\/\/orisha-ossain.com\/wp-content\/uploads\/2023\/06\/Kapok-01.jpg\" alt=\"Rap\u00e9 Sama\u00fama fabriqu\u00e9 par la tribu yawanawa\" width=\"1600\" height=\"1065\" srcset=\"https:\/\/orisha-ossain.com\/wp-content\/uploads\/2023\/06\/Kapok-01.jpg 1600w, https:\/\/orisha-ossain.com\/wp-content\/uploads\/2023\/06\/Kapok-01-300x200.jpg 300w, https:\/\/orisha-ossain.com\/wp-content\/uploads\/2023\/06\/Kapok-01-1024x682.jpg 1024w, https:\/\/orisha-ossain.com\/wp-content\/uploads\/2023\/06\/Kapok-01-768x511.jpg 768w, https:\/\/orisha-ossain.com\/wp-content\/uploads\/2023\/06\/Kapok-01-1536x1022.jpg 1536w\" sizes=\"(max-width: 1600px) 100vw, 1600px\" \/><\/a><figcaption id=\"caption-attachment-184\" class=\"wp-caption-text\">L'un des plus grands arbres Sama\u00fama de l'Amazonie<\/figcaption><\/figure>\n<p style=\"text-align: center;\">","protected":false},"excerpt":{"rendered":"<p>La tribu Yawanawa cr\u00e9e un tabac \u00e0 priser sp\u00e9cial appel\u00e9 rap\u00e9 Sama\u00fama Rap\u00e9, qui incorpore des ashes de l'arbre Sama\u00fama.<\/p>","protected":false},"featured_media":35662,"template":"","meta":{"_seopress_robots_primary_cat":"none","_seopress_titles_title":"Rap\u00e9 Sama\u00fama - Clean Yawanawa spirit - Orisha Ossain","_seopress_titles_desc":"Rap\u00e9 Sama\u00fama is a special Rap\u00e9 from the Yawanawa tribe in which the ashes of the Sama\u00fama tree are used. Sama\u00fama Rap\u00e9, Bashawa, Caneleiro,","_seopress_robots_index":"","_kad_blocks_custom_css":"","_kad_blocks_head_custom_js":"","_kad_blocks_body_custom_js":"","_kad_blocks_footer_custom_js":"","_kad_post_transparent":"default","_kad_post_title":"","_kad_post_layout":"default","_kad_post_sidebar_id":"","_kad_post_content_style":"default","_kad_post_vertical_padding":"default","_kad_post_feature":"","_kad_post_feature_position":"","_kad_post_header":false,"_kad_post_footer":false,"_kad_post_classname":""},"product_brand":[],"product_cat":[50],"product_tag":[62],"class_list":{"0":"post-296","1":"product","2":"type-product","3":"status-publish","4":"has-post-thumbnail","6":"product_cat-rape","7":"product_tag-yawanawa","9":"first","10":"instock","11":"taxable","12":"shipping-taxable","13":"purchasable","14":"product-type-variable","15":"entry","16":"content-bg","17":"loop-entry"},"taxonomy_info":{"product_cat":[{"value":50,"label":"Rap\u00e9"}],"product_tag":[{"value":62,"label":"Yawanawa"}]},"featured_image_src_large":["https:\/\/orisha-ossain.com\/wp-content\/uploads\/2024\/11\/Samauma_Orisha_Ossain.png",736,736,false],"author_info":[],"comment_info":"","_links":{"self":[{"href":"https:\/\/orisha-ossain.com\/fr\/wp-json\/wp\/v2\/product\/296","targetHints":{"allow":["GET"]}}],"collection":[{"href":"https:\/\/orisha-ossain.com\/fr\/wp-json\/wp\/v2\/product"}],"about":[{"href":"https:\/\/orisha-ossain.com\/fr\/wp-json\/wp\/v2\/types\/product"}],"wp:featuredmedia":[{"embeddable":true,"href":"https:\/\/orisha-ossain.com\/fr\/wp-json\/wp\/v2\/media\/35662"}],"wp:attachment":[{"href":"https:\/\/orisha-ossain.com\/fr\/wp-json\/wp\/v2\/media?parent=296"}],"wp:term":[{"taxonomy":"product_brand","embeddable":true,"href":"https:\/\/orisha-ossain.com\/fr\/wp-json\/wp\/v2\/product_brand?post=296"},{"taxonomy":"product_cat","embeddable":true,"href":"https:\/\/orisha-ossain.com\/fr\/wp-json\/wp\/v2\/product_cat?post=296"},{"taxonomy":"product_tag","embeddable":true,"href":"https:\/\/orisha-ossain.com\/fr\/wp-json\/wp\/v2\/product_tag?post=296"}],"curies":[{"name":"wp","href":"https:\/\/api.w.org\/{rel}","templated":true}]}}