{"id":288,"date":"2023-06-27T13:19:18","date_gmt":"2023-06-27T11:19:18","guid":{"rendered":"http:\/\/orisha-ossain.com\/?post_type=product&#038;p=288"},"modified":"2026-04-16T13:48:01","modified_gmt":"2026-04-16T11:48:01","slug":"rape-mulateiro","status":"publish","type":"product","link":"https:\/\/orisha-ossain.com\/fr\/product\/rape-mulateiro\/","title":{"rendered":"Rap\u00e9 Mulateiro"},"content":{"rendered":"<h2>Rap\u00e9 Mulateiro<\/h2>\n<p>Ce Rap\u00e9 Mulateiro Yawanawa est un tabac \u00e0 priser fin et fluide, d'aspect gris clair, \u00e0 l'ar\u00f4me agr\u00e9able et tr\u00e8s puissant. Il procure une sensation de puissance et d'\u00e9nergie dans les premiers instants, suivie d'un effet subtil et paisible. Rap\u00e9 Mulateiro aide \u00e0 lib\u00e9rer les pens\u00e9es et \u00e0 entrer dans un espace de paix avec un haut niveau de concentration.<\/p>\n<p>Les Yawanawa disent que le Mulateiro lib\u00e8re les tensions dans les lobes c\u00e9r\u00e9braux droit et gauche, procurant un \u00e9quilibre profond de l'esprit et du corps.<\/p>\n<p>Bashawa, Sama\u00fama, Yawa-Menta, Caneleiro, et ce Rap\u00e9 Mulateiro sont tous fabriqu\u00e9s par le m\u00eame groupe d'Indiens Yawanawa. Je suis heureux de les repr\u00e9senter \u00e0 travers leurs Rap\u00e9 dans ma boutique. Vous trouverez ici tous les types de <a href=\"https:\/\/orisha-ossain.com\/fr\/product-tag\/yawanawa\/\">Yawanawa rap\u00e9<\/a><\/p>\n<h2>A propos de Mulateiro \/ Calycophyllum spruceanum<\/h2>\n<p>Le Calycophyllum spruceanum appartient \u00e0 la famille des Rubiac\u00e9es et est un arbre \u00e0 canop\u00e9e d'une hauteur de 30 m. Au Br\u00e9sil, son nom commun est Mulateiro ou Pau-Mulato et au P\u00e9rou, il est appel\u00e9 Capirona. Au Br\u00e9sil, son nom commun est Mulateiro ou Pau-Mulato et au P\u00e9rou, il est appel\u00e9 Capirona. Le Mulateiro produit une abondance de fleurs blanches et aromatiques pendant les mois d'\u00e9t\u00e9.<\/p>\n<p>Son \u00e9corce est \u00e9limin\u00e9e p\u00e9riodiquement pour \u00e9viter les lichens, les champignons, les \u00e9piphytes et les lianes. Il a une longue tradition dans la culture indig\u00e8ne amazonienne, y compris de nombreuses utilisations m\u00e9dicinales. L'\u00e9corce s\u00e9ch\u00e9e est efficace pour le traitement des champignons, des parasites, des infections, des blessures et des br\u00fblures.  Le mulateiro est parfois ajout\u00e9 comme ingr\u00e9dient suppl\u00e9mentaire dans l'ayahuasca amazonienne.<\/p>\n<p><a href=\"http:\/\/orisha-ossain.com\/wp-content\/uploads\/2023\/06\/Calycophyllum-spruceanum-Rape-Mulateiro.jpg\"><img decoding=\"async\" class=\"aligncenter wp-image-166 size-medium\" src=\"http:\/\/orisha-ossain.com\/wp-content\/uploads\/2023\/06\/Calycophyllum-spruceanum-Rape-Mulateiro-225x300.jpg\" alt=\"Tige rouge\u00e2tre d&#039;un grand arbre rap\u00e9 mulateiro sur fond bleu\" width=\"225\" height=\"300\" srcset=\"https:\/\/orisha-ossain.com\/wp-content\/uploads\/2023\/06\/Calycophyllum-spruceanum-Rape-Mulateiro-225x300.jpg 225w, https:\/\/orisha-ossain.com\/wp-content\/uploads\/2023\/06\/Calycophyllum-spruceanum-Rape-Mulateiro.jpg 750w\" sizes=\"(max-width: 225px) 100vw, 225px\" \/><\/a><\/p>","protected":false},"excerpt":{"rendered":"<p>Ce Mulateiro Yawanawa est un tabac \u00e0 priser fin et fluide, d'aspect gris clair, \u00e0 l'ar\u00f4me agr\u00e9able et tr\u00e8s puissant.<\/p>\n<p>Noms : Mulateiro, Capirona, Rap\u00e9 Pau-Mulato.<br \/>\nTribu :  Yawanawa<br \/>\nOrigine : Acre, Br\u00e9sil.<\/p>","protected":false},"featured_media":35642,"template":"","meta":{"_seopress_robots_primary_cat":"none","_seopress_titles_title":"Rap\u00e9 Mulateiro - Calycophyllum Spruceanum - Orisha Ossain","_seopress_titles_desc":"This Mulateiro Yawanawa offers a fine and flowing snuff with a light grey appearance, a pleasant aroma, and plenty of force.","_seopress_robots_index":"","_kad_blocks_custom_css":"","_kad_blocks_head_custom_js":"","_kad_blocks_body_custom_js":"","_kad_blocks_footer_custom_js":"","_kad_post_transparent":"default","_kad_post_title":"","_kad_post_layout":"default","_kad_post_sidebar_id":"","_kad_post_content_style":"default","_kad_post_vertical_padding":"default","_kad_post_feature":"","_kad_post_feature_position":"","_kad_post_header":false,"_kad_post_footer":false,"_kad_post_classname":""},"product_brand":[],"product_cat":[128,50],"product_tag":[62],"class_list":{"0":"post-288","1":"product","2":"type-product","3":"status-publish","4":"has-post-thumbnail","6":"product_cat-new","7":"product_cat-rape","8":"product_tag-yawanawa","10":"first","11":"instock","12":"taxable","13":"shipping-taxable","14":"purchasable","15":"product-type-variable","16":"entry","17":"content-bg","18":"loop-entry"},"taxonomy_info":{"product_cat":[{"value":128,"label":"New"},{"value":50,"label":"Rap\u00e9"}],"product_tag":[{"value":62,"label":"Yawanawa"}]},"featured_image_src_large":["https:\/\/orisha-ossain.com\/wp-content\/uploads\/2024\/11\/Mulateiro_Orisha_Ossain.png",736,736,false],"author_info":[],"comment_info":"","_links":{"self":[{"href":"https:\/\/orisha-ossain.com\/fr\/wp-json\/wp\/v2\/product\/288","targetHints":{"allow":["GET"]}}],"collection":[{"href":"https:\/\/orisha-ossain.com\/fr\/wp-json\/wp\/v2\/product"}],"about":[{"href":"https:\/\/orisha-ossain.com\/fr\/wp-json\/wp\/v2\/types\/product"}],"wp:featuredmedia":[{"embeddable":true,"href":"https:\/\/orisha-ossain.com\/fr\/wp-json\/wp\/v2\/media\/35642"}],"wp:attachment":[{"href":"https:\/\/orisha-ossain.com\/fr\/wp-json\/wp\/v2\/media?parent=288"}],"wp:term":[{"taxonomy":"product_brand","embeddable":true,"href":"https:\/\/orisha-ossain.com\/fr\/wp-json\/wp\/v2\/product_brand?post=288"},{"taxonomy":"product_cat","embeddable":true,"href":"https:\/\/orisha-ossain.com\/fr\/wp-json\/wp\/v2\/product_cat?post=288"},{"taxonomy":"product_tag","embeddable":true,"href":"https:\/\/orisha-ossain.com\/fr\/wp-json\/wp\/v2\/product_tag?post=288"}],"curies":[{"name":"wp","href":"https:\/\/api.w.org\/{rel}","templated":true}]}}