{"id":2550,"date":"2024-01-05T10:19:06","date_gmt":"2024-01-05T09:19:06","guid":{"rendered":"http:\/\/orisha-ossain.com\/?post_type=product&#038;p=2550"},"modified":"2026-04-16T21:16:50","modified_gmt":"2026-04-16T19:16:50","slug":"rape-ipe-roxo","status":"publish","type":"product","link":"https:\/\/orisha-ossain.com\/fr\/product\/rape-ipe-roxo\/","title":{"rendered":"Rap\u00e9 Ip\u00ea Roxo"},"content":{"rendered":"<h1>Rap\u00e9 Ip\u00ea Roxo<\/h1>\n<p>Il s'agit du dernier ajout \u00e0 la liste des types de rap\u00e9 fabriqu\u00e9s par une jeune g\u00e9n\u00e9ration d'aficionados br\u00e9siliens du rap\u00e9. Le rap\u00e9 ipe roxo n'est pas fabriqu\u00e9 dans la for\u00eat mais dans la ville de Sao Paulo. Il provient d'un jeune ami caboclo dont l'excellent tsunu Jurema rap\u00e9 occupe \u00e9galement une place de choix dans mon magasin.<\/p>\n<p>Le Rap\u00e9 Ip\u00ea Roxo utilise le tronc ash de l'arbre Ip\u00ea Roxo.<\/p>\n<h2>Handroanthus impetiginosus\/Ip\u00ea Roxo<\/h2>\n<p>est un arbre de la famille des Bignoniaceae, distribu\u00e9 dans toute l'Am\u00e9rique du Nord, l'Am\u00e9rique centrale et l'Am\u00e9rique du Sud, du nord du Mexique au nord de l'Argentine. Il prosp\u00e8re dans les for\u00eats primaires denses et dans les formations ouvertes et secondaires.<\/p>\n<figure id=\"attachment_2520\" aria-describedby=\"caption-attachment-2520\" style=\"width: 746px\" class=\"wp-caption aligncenter\"><a href=\"http:\/\/orisha-ossain.com\/wp-content\/uploads\/2024\/01\/Ipe-roxo.jpg\"><img decoding=\"async\" class=\"wp-image-2520 size-full\" src=\"http:\/\/orisha-ossain.com\/wp-content\/uploads\/2024\/01\/Ipe-roxo.jpg\" alt=\"Handroanthus impetiginosus \/ Rap\u00e9 Ip\u00ea Roxo\" width=\"746\" height=\"661\" srcset=\"https:\/\/orisha-ossain.com\/wp-content\/uploads\/2024\/01\/Ipe-roxo.jpg 746w, https:\/\/orisha-ossain.com\/wp-content\/uploads\/2024\/01\/Ipe-roxo-300x266.jpg 300w\" sizes=\"(max-width: 746px) 100vw, 746px\" \/><\/a><figcaption id=\"caption-attachment-2520\" class=\"wp-caption-text\">Handroanthus impetiginosus \/ Ip\u00ea Roxo<\/figcaption><\/figure>","protected":false},"excerpt":{"rendered":"<p>Le Rap\u00e9 Ip\u00ea Roxo utilise le tronc ash de l'arbre Ip\u00ea Roxo. Ceux qui savent ce que je fais et comment je travaille savent que tous les types que je pr\u00e9sente ici sont uniques en leur genre. Rap\u00e9 Ip\u00ea Roxo a un caract\u00e8re merveilleux \u00e0 vous faire d\u00e9couvrir.<\/p>","protected":false},"featured_media":35633,"template":"","meta":{"_seopress_robots_primary_cat":"none","_seopress_titles_title":"Rap\u00e9 Ipe\u0302 Roxo - Caboclo Rap\u00e9 - Orisha Ossain - High Quality Snuff","_seopress_titles_desc":"Rap\u00e9 Ipe\u0302 Roxo uses the trunk ash of the Ipe\u0302 Roxo tree. It has a wonderful character that awaits discovery.","_seopress_robots_index":"","_kad_blocks_custom_css":"","_kad_blocks_head_custom_js":"","_kad_blocks_body_custom_js":"","_kad_blocks_footer_custom_js":"","_kad_post_transparent":"default","_kad_post_title":"","_kad_post_layout":"default","_kad_post_sidebar_id":"","_kad_post_content_style":"default","_kad_post_vertical_padding":"default","_kad_post_feature":"","_kad_post_feature_position":"","_kad_post_header":false,"_kad_post_footer":false,"_kad_post_classname":""},"product_brand":[],"product_cat":[50],"product_tag":[54],"class_list":{"0":"post-2550","1":"product","2":"type-product","3":"status-publish","4":"has-post-thumbnail","6":"product_cat-rape","7":"product_tag-caboclo","9":"first","10":"instock","11":"taxable","12":"shipping-taxable","13":"purchasable","14":"product-type-variable","15":"entry","16":"content-bg","17":"loop-entry"},"taxonomy_info":{"product_cat":[{"value":50,"label":"Rap\u00e9"}],"product_tag":[{"value":54,"label":"Caboclo"}]},"featured_image_src_large":["https:\/\/orisha-ossain.com\/wp-content\/uploads\/2024\/11\/Ipe-Roxo_Orisha_Ossain.png",736,736,false],"author_info":[],"comment_info":"","_links":{"self":[{"href":"https:\/\/orisha-ossain.com\/fr\/wp-json\/wp\/v2\/product\/2550","targetHints":{"allow":["GET"]}}],"collection":[{"href":"https:\/\/orisha-ossain.com\/fr\/wp-json\/wp\/v2\/product"}],"about":[{"href":"https:\/\/orisha-ossain.com\/fr\/wp-json\/wp\/v2\/types\/product"}],"wp:featuredmedia":[{"embeddable":true,"href":"https:\/\/orisha-ossain.com\/fr\/wp-json\/wp\/v2\/media\/35633"}],"wp:attachment":[{"href":"https:\/\/orisha-ossain.com\/fr\/wp-json\/wp\/v2\/media?parent=2550"}],"wp:term":[{"taxonomy":"product_brand","embeddable":true,"href":"https:\/\/orisha-ossain.com\/fr\/wp-json\/wp\/v2\/product_brand?post=2550"},{"taxonomy":"product_cat","embeddable":true,"href":"https:\/\/orisha-ossain.com\/fr\/wp-json\/wp\/v2\/product_cat?post=2550"},{"taxonomy":"product_tag","embeddable":true,"href":"https:\/\/orisha-ossain.com\/fr\/wp-json\/wp\/v2\/product_tag?post=2550"}],"curies":[{"name":"wp","href":"https:\/\/api.w.org\/{rel}","templated":true}]}}