{"id":2516,"date":"2024-01-01T13:29:56","date_gmt":"2024-01-01T12:29:56","guid":{"rendered":"http:\/\/orisha-ossain.com\/?post_type=product&#038;p=2516"},"modified":"2026-04-06T13:07:24","modified_gmt":"2026-04-06T11:07:24","slug":"rape-sagrada","status":"publish","type":"product","link":"https:\/\/orisha-ossain.com\/fr\/product\/rape-sagrada\/","title":{"rendered":"Rap\u00e9 Sagrada"},"content":{"rendered":"<h2>Rap\u00e9 Sagrada.<\/h2>\n<p>Ce rap\u00e9 Sagrada est l'un des plus r\u00e9cents ajouts \u00e0 la collection. Il s'agit d'un rap\u00e9 d\u00e9velopp\u00e9 et cr\u00e9\u00e9 par les Indiens Kaxinawa (Huni Kuin). Sagrada est le mot br\u00e9silien qui signifie \"sacr\u00e9\". Le rap\u00e9 sagrada est un rap\u00e9 int\u00e9ressant avec des notes d'herbes de Nissural et Katseral.<\/p>\n<p>Le rap\u00e9 sagrada est un m\u00e9lange complexe utilisant trois types diff\u00e9rents de ash, Murici, Caneleiro et San\u00fa. Ils sont combin\u00e9s aux feuilles pulv\u00e9ris\u00e9es des deux herbes m\u00e9dicinales les plus connues historiquement et utilis\u00e9es par les tribus br\u00e9siliennes. Ces herbes sont le Nissural et le Katseral.<\/p>\n<p>L'\u00e9volution de rap\u00e9 a connu des changements majeurs au cours des 15 derni\u00e8res ann\u00e9es. L'utilisation de diff\u00e9rentes plantes et de ashes a connu de nombreux d\u00e9veloppements.<\/p>\n<h2>Nissural et Katseral<\/h2>\n<p>Le nissural est une plante m\u00e9dicinale traditionnellement utilis\u00e9e par la tribu des Kaxinawas, mais qui a trouv\u00e9 sa place dans les rap\u00e9 de diverses tribus. Le nissural est consid\u00e9r\u00e9 comme une plante m\u00e9dicinale. Selon les Kaxinawas, le Nissural a le pouvoir de gu\u00e9rir, qu'il soit utilis\u00e9 dans un Rap\u00e9 ou, par exemple, dans un bain. Dans leur langue maternelle, Nissu signifie maladie et ral signifie gu\u00e9rison. C'est donc le gu\u00e9risseur des maladies.<\/p>\n<p>Nissural est \u00e9troitement li\u00e9 \u00e0 la plante Katsaral (Catsaral). Aucune autre information (scientifique) n'est disponible sur cette plante merveilleuse.<\/p>\n<p>J'ai r\u00e9cemment re\u00e7u une courte vid\u00e9o des fabricants de rap\u00e9 sagrada montrant les feuilles de ces deux plantes curatives \u00e9troitement apparent\u00e9es.<\/p>\n<div style=\"width: 480px;\" class=\"wp-video\"><video class=\"wp-video-shortcode\" id=\"video-2516-1\" width=\"480\" height=\"864\" preload=\"metadata\" controls=\"controls\"><source type=\"video\/mp4\" src=\"http:\/\/orisha-ossain.com\/wp-content\/uploads\/2024\/01\/Nissural-Katseral.mp4?_=1\" \/><a href=\"http:\/\/orisha-ossain.com\/wp-content\/uploads\/2024\/01\/Nissural-Katseral.mp4\">http:\/\/orisha-ossain.com\/wp-content\/uploads\/2024\/01\/Nissural-Katseral.mp4<\/a><\/video><\/div>\n<p>Si vous voulez en savoir plus sur la tribu, lisez ce qui suit <a href=\"https:\/\/pib.socioambiental.org\/en\/Povo:Huni_Kuin_(Kaxinaw\u00e1)\" target=\"_blank\" rel=\"noopener\">ici<\/a>.<a href=\"http:\/\/orisha-ossain.com\/wp-content\/uploads\/2024\/01\/Huni-Kuin-15-scaled-1-2048x1367-1.jpg\"><img decoding=\"async\" class=\"alignnone wp-image-2587 size-large\" src=\"http:\/\/orisha-ossain.com\/wp-content\/uploads\/2024\/01\/Huni-Kuin-15-scaled-1-2048x1367-1-1024x684.jpg\" alt=\"Kaxinawa Indien rap\u00e9 sagrada\" width=\"1024\" height=\"684\" srcset=\"https:\/\/orisha-ossain.com\/wp-content\/uploads\/2024\/01\/Huni-Kuin-15-scaled-1-2048x1367-1-1024x684.jpg 1024w, https:\/\/orisha-ossain.com\/wp-content\/uploads\/2024\/01\/Huni-Kuin-15-scaled-1-2048x1367-1-300x200.jpg 300w, https:\/\/orisha-ossain.com\/wp-content\/uploads\/2024\/01\/Huni-Kuin-15-scaled-1-2048x1367-1-768x513.jpg 768w, https:\/\/orisha-ossain.com\/wp-content\/uploads\/2024\/01\/Huni-Kuin-15-scaled-1-2048x1367-1-1536x1025.jpg 1536w, https:\/\/orisha-ossain.com\/wp-content\/uploads\/2024\/01\/Huni-Kuin-15-scaled-1-2048x1367-1.jpg 2048w\" sizes=\"(max-width: 1024px) 100vw, 1024px\" \/><\/a><\/p>\n<p>&nbsp;<\/p>","protected":false},"excerpt":{"rendered":"<p>L'un des derniers ajouts \u00e0 la collection. En provenance directe de la tribu br\u00e9silienne des Kaxinaw\u00e1.<\/p>\n<p>Le rap\u00e9 sagrada est un m\u00e9lange complexe utilisant trois types diff\u00e9rents de ash, Murici, Caneleiro et San\u00fa, mais ce n'est pas tout, lisez la suite ci-dessous.<\/p>","protected":false},"featured_media":35661,"template":"","meta":{"_seopress_robots_primary_cat":"none","_seopress_titles_title":"Rap\u00e9 Sagrada - Kaxinaw\u00e1 - Ashes - Murici - Caneleiro - Sanu","_seopress_titles_desc":"Rap\u00e9 sagrada is a complex mix using 3 types of ash, Murici, Caneleiro, and San\u00fa, and the herbs Nissural and Katseral.","_seopress_robots_index":"","_kad_blocks_custom_css":"","_kad_blocks_head_custom_js":"","_kad_blocks_body_custom_js":"","_kad_blocks_footer_custom_js":"","_kad_post_transparent":"default","_kad_post_title":"","_kad_post_layout":"default","_kad_post_sidebar_id":"","_kad_post_content_style":"default","_kad_post_vertical_padding":"default","_kad_post_feature":"","_kad_post_feature_position":"","_kad_post_header":false,"_kad_post_footer":false,"_kad_post_classname":""},"product_brand":[],"product_cat":[50],"product_tag":[56],"class_list":{"0":"post-2516","1":"product","2":"type-product","3":"status-publish","4":"has-post-thumbnail","6":"product_cat-rape","7":"product_tag-kaxinawa","9":"first","10":"instock","11":"featured","12":"taxable","13":"shipping-taxable","14":"purchasable","15":"product-type-variable","16":"entry","17":"content-bg","18":"loop-entry"},"taxonomy_info":{"product_cat":[{"value":50,"label":"Rap\u00e9"}],"product_tag":[{"value":56,"label":"Kaxinawa"}]},"featured_image_src_large":["https:\/\/orisha-ossain.com\/wp-content\/uploads\/2024\/11\/Sagrada_Orisha_Ossain.png",736,736,false],"author_info":[],"comment_info":"","_links":{"self":[{"href":"https:\/\/orisha-ossain.com\/fr\/wp-json\/wp\/v2\/product\/2516","targetHints":{"allow":["GET"]}}],"collection":[{"href":"https:\/\/orisha-ossain.com\/fr\/wp-json\/wp\/v2\/product"}],"about":[{"href":"https:\/\/orisha-ossain.com\/fr\/wp-json\/wp\/v2\/types\/product"}],"wp:featuredmedia":[{"embeddable":true,"href":"https:\/\/orisha-ossain.com\/fr\/wp-json\/wp\/v2\/media\/35661"}],"wp:attachment":[{"href":"https:\/\/orisha-ossain.com\/fr\/wp-json\/wp\/v2\/media?parent=2516"}],"wp:term":[{"taxonomy":"product_brand","embeddable":true,"href":"https:\/\/orisha-ossain.com\/fr\/wp-json\/wp\/v2\/product_brand?post=2516"},{"taxonomy":"product_cat","embeddable":true,"href":"https:\/\/orisha-ossain.com\/fr\/wp-json\/wp\/v2\/product_cat?post=2516"},{"taxonomy":"product_tag","embeddable":true,"href":"https:\/\/orisha-ossain.com\/fr\/wp-json\/wp\/v2\/product_tag?post=2516"}],"curies":[{"name":"wp","href":"https:\/\/api.w.org\/{rel}","templated":true}]}}