{"id":2428,"date":"2023-12-11T17:03:58","date_gmt":"2023-12-11T16:03:58","guid":{"rendered":"http:\/\/orisha-ossain.com\/?post_type=product&#038;p=2428"},"modified":"2025-11-02T13:02:05","modified_gmt":"2025-11-02T12:02:05","slug":"rape-tres-ervas","status":"publish","type":"product","link":"https:\/\/orisha-ossain.com\/fr\/product\/rape-tres-ervas\/","title":{"rendered":"Rap\u00e9 Tres Ervas"},"content":{"rendered":"<h1>Rap\u00e9 Tres Ervas<\/h1>\n<p>Ce Tres Ervas Rap\u00e9 est fabriqu\u00e9 par des amis dans les montagnes de S\u00e3o Thom\u00e9 das Letras au Br\u00e9sil. Je leur ai rendu visite \u00e0 plusieurs reprises et je travaille avec eux depuis de nombreuses ann\u00e9es. Tres Ervas signifie trois herbes. Le Moi Mapacho, le Pau Pereira et le Parika ash biologiques combin\u00e9s aux herbes Alfavaca (Basilic), Copaiba et Emburana (Amburana cearensis) font de ce Rap\u00e9 un produit tr\u00e8s aromatique et puissant.<\/p>\n<div class=\"mceTemp\"><\/div>\n<h2 style=\"text-align: center;\"><span style=\"font-size: 12pt;\"><a href=\"http:\/\/orisha-ossain.com\/fr\/product-category\/tepi\/\">Tepi <\/a>et <a href=\"http:\/\/orisha-ossain.com\/fr\/product-category\/kuripe\/\">Kuripe<\/a><\/span><\/h2>\n<p style=\"text-align: center;\">Jetez un coup d'\u0153il \u00e0 la collection de Tepi et Kuripe. Diff\u00e9rents styles de diff\u00e9rents artistes sont disponibles. <a style=\"font-weight: bold; font-family: var(--global-body-font-family);\" href=\"http:\/\/orisha-ossain.com\/wp-content\/uploads\/2023\/06\/Tepi-Blessings.jpg\"><img decoding=\"async\" class=\"wp-image-55 size-medium aligncenter\" src=\"http:\/\/orisha-ossain.com\/wp-content\/uploads\/2023\/06\/Tepi-Blessings-300x199.jpg\" alt=\"Tepis recevant les b\u00e9n\u00e9dictions de leurs cr\u00e9ateurs\" width=\"300\" height=\"199\" srcset=\"https:\/\/orisha-ossain.com\/wp-content\/uploads\/2023\/06\/Tepi-Blessings-300x199.jpg 300w, https:\/\/orisha-ossain.com\/wp-content\/uploads\/2023\/06\/Tepi-Blessings.jpg 640w\" sizes=\"(max-width: 300px) 100vw, 300px\" \/><\/a><span style=\"font-size: 14px; font-family: var(--global-body-font-family);\">Tepis recevant les b\u00e9n\u00e9dictions de leurs cr\u00e9ateurs<\/span><\/p>","protected":false},"excerpt":{"rendered":"<p>Un nouveau lot tr\u00e8s frais de Tres Ervas.<\/p>\n<p>Ce Tres Ervas Rap\u00e9 est fabriqu\u00e9 par des amis dans les montagnes de S\u00e3o Thom\u00e9 das Letras au Br\u00e9sil. Je leur ai rendu visite \u00e0 plusieurs reprises et je travaille avec eux depuis de nombreuses ann\u00e9es.<\/p>","protected":false},"featured_media":35669,"template":"","meta":{"_seopress_robots_primary_cat":"none","_seopress_titles_title":"Rap\u00e9 Tres Ervas - Alfavaca Copaiba & Emburana - Herbal Power","_seopress_titles_desc":"Tres Ervas Rap\u00e9 is made by good friends of mine. Besides moi & ash it holds Alfavaca  Copaiba & Emburana.","_seopress_robots_index":"","_kad_blocks_custom_css":"","_kad_blocks_head_custom_js":"","_kad_blocks_body_custom_js":"","_kad_blocks_footer_custom_js":"","_kad_post_transparent":"default","_kad_post_title":"","_kad_post_layout":"default","_kad_post_sidebar_id":"","_kad_post_content_style":"default","_kad_post_vertical_padding":"default","_kad_post_feature":"","_kad_post_feature_position":"","_kad_post_header":false,"_kad_post_footer":false,"_kad_post_classname":""},"product_brand":[],"product_cat":[50],"product_tag":[54],"class_list":{"0":"post-2428","1":"product","2":"type-product","3":"status-publish","4":"has-post-thumbnail","6":"product_cat-rape","7":"product_tag-caboclo","9":"first","10":"instock","11":"taxable","12":"shipping-taxable","13":"purchasable","14":"product-type-variable","15":"entry","16":"content-bg","17":"loop-entry"},"taxonomy_info":{"product_cat":[{"value":50,"label":"Rap\u00e9"}],"product_tag":[{"value":54,"label":"Caboclo"}]},"featured_image_src_large":["https:\/\/orisha-ossain.com\/wp-content\/uploads\/2024\/11\/Tres-Ervas_Orisha_Ossain.png",736,736,false],"author_info":[],"comment_info":"","_links":{"self":[{"href":"https:\/\/orisha-ossain.com\/fr\/wp-json\/wp\/v2\/product\/2428","targetHints":{"allow":["GET"]}}],"collection":[{"href":"https:\/\/orisha-ossain.com\/fr\/wp-json\/wp\/v2\/product"}],"about":[{"href":"https:\/\/orisha-ossain.com\/fr\/wp-json\/wp\/v2\/types\/product"}],"wp:featuredmedia":[{"embeddable":true,"href":"https:\/\/orisha-ossain.com\/fr\/wp-json\/wp\/v2\/media\/35669"}],"wp:attachment":[{"href":"https:\/\/orisha-ossain.com\/fr\/wp-json\/wp\/v2\/media?parent=2428"}],"wp:term":[{"taxonomy":"product_brand","embeddable":true,"href":"https:\/\/orisha-ossain.com\/fr\/wp-json\/wp\/v2\/product_brand?post=2428"},{"taxonomy":"product_cat","embeddable":true,"href":"https:\/\/orisha-ossain.com\/fr\/wp-json\/wp\/v2\/product_cat?post=2428"},{"taxonomy":"product_tag","embeddable":true,"href":"https:\/\/orisha-ossain.com\/fr\/wp-json\/wp\/v2\/product_tag?post=2428"}],"curies":[{"name":"wp","href":"https:\/\/api.w.org\/{rel}","templated":true}]}}