{"id":230,"date":"2023-06-27T12:17:21","date_gmt":"2023-06-27T10:17:21","guid":{"rendered":"http:\/\/orisha-ossain.com\/?post_type=product&#038;p=230"},"modified":"2026-04-14T14:49:27","modified_gmt":"2026-04-14T12:49:27","slug":"rape-estrelar","status":"publish","type":"product","link":"https:\/\/orisha-ossain.com\/fr\/product\/rape-estrelar\/","title":{"rendered":"Rap\u00e9 Estrelar"},"content":{"rendered":"<h2>Rap\u00e9 Estrelar<\/h2>\n<p>Les membres de la tribu Yawanawa ont d\u00e9velopp\u00e9 ce type de Rap\u00e9. L'utilisation de quatre types diff\u00e9rents de ashes rend le Rap\u00e9 Estrelar sp\u00e9cial. \u00c0 ma connaissance, personne n'a jamais cr\u00e9\u00e9 un tabac \u00e0 priser aussi complexe. C'est le seul Rap\u00e9 que je connaisse avec ce type d'alchimie unique.<\/p>\n<ul>\n<li>Sanu<\/li>\n<li>Bashawa<\/li>\n<li>Murici<\/li>\n<li>Cacao<\/li>\n<\/ul>\n<h2>Symbolique d'Estrelar<\/h2>\n<p><a href=\"http:\/\/orisha-ossain.com\/wp-content\/uploads\/2023\/06\/dream-01.png\"><img decoding=\"async\" class=\"wp-image-247 size-medium alignright\" src=\"http:\/\/orisha-ossain.com\/wp-content\/uploads\/2023\/06\/dream-01-300x300.png\" alt=\"Chaman au lit de la rivi\u00e8re r\u00eavant de rap\u00e9 estrelar\" width=\"300\" height=\"300\" srcset=\"https:\/\/orisha-ossain.com\/wp-content\/uploads\/2023\/06\/dream-01-300x300.png 300w, https:\/\/orisha-ossain.com\/wp-content\/uploads\/2023\/06\/dream-01-100x100.png 100w, https:\/\/orisha-ossain.com\/wp-content\/uploads\/2023\/06\/dream-01-150x150.png 150w, https:\/\/orisha-ossain.com\/wp-content\/uploads\/2023\/06\/dream-01.png 320w\" sizes=\"(max-width: 300px) 100vw, 300px\" \/><\/a><\/p>\n<ul>\n<li>Le mot \"estrelar\" se traduit directement par \"des \u00e9toiles\" et fait r\u00e9f\u00e9rence \u00e0 l'\u00e9toile du matin. De nombreuses cultures, notamment les cultures chamaniques d'Am\u00e9rique du Sud, mettent l'accent sur un lien spirituel avec le symbolisme de l'\u00e9toile du matin. Ce lien d\u00e9coule du fait que l'\u00e9toile du matin signale l'aube d'un nouveau jour, refl\u00e9tant le r\u00f4le du chaman qui guide les individus dans la transformation et l'\u00e9veil spirituel.<\/li>\n<li>Le symbole de l'\u00e9toile du matin d\u00e9livre un message fort et intemporel et reste tr\u00e8s significatif aujourd'hui. Elle jette un pont entre les mondes spirituel et mat\u00e9riel et symbolise l'amour, la lumi\u00e8re, le bonheur et l'\u00e9quilibre, nous rappelant notre lien avec le monde et nous apportant du r\u00e9confort.<\/li>\n<li>L'\u00e9toile \u00e0 quatre branches ressemble \u00e0 une croix, qui unit les oppos\u00e9s et repr\u00e9sente l'\u00e9quilibre. En outre, l'\u00e9toile \u00e0 quatre branches adapte sa signification en fonction du contexte.<\/li>\n<li>Rap\u00e9 Estrelar relie activement les mondes spirituel et mat\u00e9riel, incarnant l'harmonie, la bont\u00e9 et la paix.<\/li>\n<\/ul>\n<p><a href=\"http:\/\/orisha-ossain.com\/wp-content\/uploads\/2023\/06\/dream-02.png\"><img decoding=\"async\" class=\"wp-image-248 size-medium aligncenter\" src=\"http:\/\/orisha-ossain.com\/wp-content\/uploads\/2023\/06\/dream-02-300x300.png\" alt=\"Chaman au lit de la rivi\u00e8re r\u00eavant de rap\u00e9 estrelar\" width=\"300\" height=\"300\" srcset=\"https:\/\/orisha-ossain.com\/wp-content\/uploads\/2023\/06\/dream-02-300x300.png 300w, https:\/\/orisha-ossain.com\/wp-content\/uploads\/2023\/06\/dream-02-100x100.png 100w, https:\/\/orisha-ossain.com\/wp-content\/uploads\/2023\/06\/dream-02-150x150.png 150w, https:\/\/orisha-ossain.com\/wp-content\/uploads\/2023\/06\/dream-02.png 320w\" sizes=\"(max-width: 300px) 100vw, 300px\" \/><\/a><\/p>","protected":false},"excerpt":{"rendered":"<p>La tribu Yawanawa a r\u00e9cemment d\u00e9velopp\u00e9 le Rap\u00e9 Estrelar, un nouveau m\u00e9lange de leur rap\u00e9. Ce m\u00e9lange incorpore quatre types de ash, un remarquable exemple d'alchimie !<\/p>\n<p>Les ashes sont.<\/p>\n<ul>\n<li>Sanu<\/li>\n<li>Bashawa<\/li>\n<li>Murici<\/li>\n<li>Cacao<\/li>\n<\/ul>","protected":false},"featured_media":35630,"template":"","meta":{"_seopress_robots_primary_cat":"none","_seopress_titles_title":"Rap\u00e9 Estrelar- Incorporates 4 Types of Ash - Orisha Ossain","_seopress_titles_desc":"Rap\u00e9 Estrelar uses  4 types of ash. Very nice Alchemy! The ashes are. Sanu, Bashawa, Murici and Cacoa","_seopress_robots_index":"","_kad_blocks_custom_css":"","_kad_blocks_head_custom_js":"","_kad_blocks_body_custom_js":"","_kad_blocks_footer_custom_js":"","_kad_post_transparent":"default","_kad_post_title":"","_kad_post_layout":"default","_kad_post_sidebar_id":"","_kad_post_content_style":"default","_kad_post_vertical_padding":"default","_kad_post_feature":"","_kad_post_feature_position":"","_kad_post_header":false,"_kad_post_footer":false,"_kad_post_classname":""},"product_brand":[],"product_cat":[50],"product_tag":[62],"class_list":{"0":"post-230","1":"product","2":"type-product","3":"status-publish","4":"has-post-thumbnail","6":"product_cat-rape","7":"product_tag-yawanawa","9":"first","10":"instock","11":"taxable","12":"shipping-taxable","13":"purchasable","14":"product-type-variable","15":"entry","16":"content-bg","17":"loop-entry"},"taxonomy_info":{"product_cat":[{"value":50,"label":"Rap\u00e9"}],"product_tag":[{"value":62,"label":"Yawanawa"}]},"featured_image_src_large":["https:\/\/orisha-ossain.com\/wp-content\/uploads\/2024\/11\/Estrelar_Orisha_Ossain.png",736,736,false],"author_info":[],"comment_info":"","_links":{"self":[{"href":"https:\/\/orisha-ossain.com\/fr\/wp-json\/wp\/v2\/product\/230","targetHints":{"allow":["GET"]}}],"collection":[{"href":"https:\/\/orisha-ossain.com\/fr\/wp-json\/wp\/v2\/product"}],"about":[{"href":"https:\/\/orisha-ossain.com\/fr\/wp-json\/wp\/v2\/types\/product"}],"wp:featuredmedia":[{"embeddable":true,"href":"https:\/\/orisha-ossain.com\/fr\/wp-json\/wp\/v2\/media\/35630"}],"wp:attachment":[{"href":"https:\/\/orisha-ossain.com\/fr\/wp-json\/wp\/v2\/media?parent=230"}],"wp:term":[{"taxonomy":"product_brand","embeddable":true,"href":"https:\/\/orisha-ossain.com\/fr\/wp-json\/wp\/v2\/product_brand?post=230"},{"taxonomy":"product_cat","embeddable":true,"href":"https:\/\/orisha-ossain.com\/fr\/wp-json\/wp\/v2\/product_cat?post=230"},{"taxonomy":"product_tag","embeddable":true,"href":"https:\/\/orisha-ossain.com\/fr\/wp-json\/wp\/v2\/product_tag?post=230"}],"curies":[{"name":"wp","href":"https:\/\/api.w.org\/{rel}","templated":true}]}}