{"id":2271,"date":"2023-11-13T19:38:11","date_gmt":"2023-11-13T18:38:11","guid":{"rendered":"http:\/\/orisha-ossain.com\/?post_type=product&#038;p=2271"},"modified":"2026-04-14T11:53:50","modified_gmt":"2026-04-14T09:53:50","slug":"rape-murici-cacao","status":"publish","type":"product","link":"https:\/\/orisha-ossain.com\/fr\/product\/rape-murici-cacao\/","title":{"rendered":"Rap\u00e9 Murici Cacao"},"content":{"rendered":"<h2>Rap\u00e9 Murici Cacao<\/h2>\n<p>Ce cacao rap\u00e9 murici de la tribu Kaxinawa est le r\u00e9sultat de leurs exp\u00e9riences de m\u00e9lange de diff\u00e9rents ashes.<\/p>\n<p>Les Indiens Kaxinamwa disent que Murici poss\u00e8de une \u00e9nergie forte mais f\u00e9minine qui agit sp\u00e9cifiquement sur les chakras sup\u00e9rieurs. Associ\u00e9 \u00e0 un puissant cacao ash, ce m\u00e9lange apporte une grande capacit\u00e9 d'endurance et de vivacit\u00e9, ainsi qu'un pouvoir de nettoyage et de purification.<\/p>\n<h2>Murici &amp; Cacao ash<\/h2>\n<p>Pour fabriquer ce tabac \u00e0 priser, des parties de l'arbre Murici (Byrsonima Crassifolia) sont r\u00e9duites, filtr\u00e9es et nettoy\u00e9es jusqu'\u00e0 l'obtention d'un ash blanch\u00e2tre. Les Indiens Kaxinamwa disent que le Murici poss\u00e8de une \u00e9nergie forte mais f\u00e9minine qui agit sp\u00e9cifiquement sur les chakras sup\u00e9rieurs.<\/p>\n<p>Le cacao ash provient du tronc du th\u00e9obroma cacao sauvage.<\/p>\n<figure id=\"attachment_2333\" aria-describedby=\"caption-attachment-2333\" style=\"width: 225px\" class=\"wp-caption alignleft\"><a href=\"http:\/\/orisha-ossain.com\/wp-content\/uploads\/2023\/11\/Byrsonima-Crassifolia-tree.jpg\"><img decoding=\"async\" class=\"wp-image-2333 size-medium\" src=\"http:\/\/orisha-ossain.com\/wp-content\/uploads\/2023\/11\/Byrsonima-Crassifolia-tree-225x300.jpg\" alt=\"Arbre Byrsonima-Crassifolia le ash est utilis\u00e9 pour Murici cacao rap\u00e9\" width=\"225\" height=\"300\" srcset=\"https:\/\/orisha-ossain.com\/wp-content\/uploads\/2023\/11\/Byrsonima-Crassifolia-tree-225x300.jpg 225w, https:\/\/orisha-ossain.com\/wp-content\/uploads\/2023\/11\/Byrsonima-Crassifolia-tree-768x1024.jpg 768w, https:\/\/orisha-ossain.com\/wp-content\/uploads\/2023\/11\/Byrsonima-Crassifolia-tree.jpg 800w\" sizes=\"(max-width: 225px) 100vw, 225px\" \/><\/a><figcaption id=\"caption-attachment-2333\" class=\"wp-caption-text\">Arbre Murici (Byrsonima Crassifolia)<\/figcaption><\/figure>\n<figure id=\"attachment_2331\" aria-describedby=\"caption-attachment-2331\" style=\"width: 201px\" class=\"wp-caption alignright\"><a href=\"http:\/\/orisha-ossain.com\/wp-content\/uploads\/2023\/11\/theobroma-cacao-scaled.jpg\"><img decoding=\"async\" class=\"wp-image-2331 size-medium\" src=\"http:\/\/orisha-ossain.com\/wp-content\/uploads\/2023\/11\/theobroma-cacao-201x300.jpg\" alt=\"\" width=\"201\" height=\"300\" srcset=\"https:\/\/orisha-ossain.com\/wp-content\/uploads\/2023\/11\/theobroma-cacao-201x300.jpg 201w, https:\/\/orisha-ossain.com\/wp-content\/uploads\/2023\/11\/theobroma-cacao-685x1024.jpg 685w, https:\/\/orisha-ossain.com\/wp-content\/uploads\/2023\/11\/theobroma-cacao-768x1147.jpg 768w, https:\/\/orisha-ossain.com\/wp-content\/uploads\/2023\/11\/theobroma-cacao-1028x1536.jpg 1028w, https:\/\/orisha-ossain.com\/wp-content\/uploads\/2023\/11\/theobroma-cacao-1371x2048.jpg 1371w, https:\/\/orisha-ossain.com\/wp-content\/uploads\/2023\/11\/theobroma-cacao-scaled.jpg 1714w\" sizes=\"(max-width: 201px) 100vw, 201px\" \/><\/a><figcaption id=\"caption-attachment-2331\" class=\"wp-caption-text\">Th\u00e9obroma cacao sauvage<\/figcaption><\/figure>\n<p>&nbsp;<\/p>\n<p>&nbsp;<\/p>\n<p>&nbsp;<\/p>\n<p>&nbsp;<\/p>\n<p>&nbsp;<\/p>\n<p>&nbsp;<\/p>\n<p>&nbsp;<\/p>\n<h2>Usage tribal<\/h2>\n<p>La tribu Kaxinawa utilise son Rap\u00e9 \u00e0 diff\u00e9rentes fins, notamment pour soulager les douleurs physiques et les maux de t\u00eate et pour nettoyer les sinus. En outre, les Kaxinawas utilisent le Rap\u00e9 pour la gu\u00e9rison mentale, le plus souvent en combinaison avec des chants.<br \/>\nLe rap\u00e9 relie la tribu aux esprits de la jungle et, selon les ingr\u00e9dients sp\u00e9cifiques, il peut gu\u00e9rir, augmenter la concentration, am\u00e9liorer la chasse ou \u00eatre un lien avec l'esprit de la nature. Les Kaxinawa aiment exp\u00e9rimenter et utiliser un large \u00e9ventail d'ingr\u00e9dients pour leur rap\u00e9.<\/p>\n<p><a href=\"http:\/\/orisha-ossain.com\/wp-content\/uploads\/2023\/11\/kaxinawa.jpg\"><img decoding=\"async\" class=\"aligncenter wp-image-2334 size-full\" src=\"http:\/\/orisha-ossain.com\/wp-content\/uploads\/2023\/11\/kaxinawa.jpg\" alt=\"Indiens Kaxinawa rap\u00e9 murici cacao\" width=\"964\" height=\"639\" srcset=\"https:\/\/orisha-ossain.com\/wp-content\/uploads\/2023\/11\/kaxinawa.jpg 964w, https:\/\/orisha-ossain.com\/wp-content\/uploads\/2023\/11\/kaxinawa-300x199.jpg 300w, https:\/\/orisha-ossain.com\/wp-content\/uploads\/2023\/11\/kaxinawa-768x509.jpg 768w\" sizes=\"(max-width: 964px) 100vw, 964px\" \/><\/a><\/p>","protected":false},"excerpt":{"rendered":"<p>Ce rap\u00e9 Murici Cacao est le dernier n\u00e9 de la tribu cr\u00e9ative Kaxinawa. Ce m\u00e9lange r\u00e9unit les merveilleuses \u00e9nergies du murici et du cacao ashes.<\/p>","protected":false},"featured_media":35647,"template":"","meta":{"_seopress_robots_primary_cat":"none","_seopress_titles_title":"Rap\u00e9 Murici Cacao - A Snuff With 2 Types of Ash - Kaxinawa","_seopress_titles_desc":"Rap\u00e9 Murici Cacao is the latest creation from the Kaxinawa tribe. This blend combines the ashes of murici and cacao.","_seopress_robots_index":"","_kad_blocks_custom_css":"","_kad_blocks_head_custom_js":"","_kad_blocks_body_custom_js":"","_kad_blocks_footer_custom_js":"","_kad_post_transparent":"default","_kad_post_title":"","_kad_post_layout":"default","_kad_post_sidebar_id":"","_kad_post_content_style":"default","_kad_post_vertical_padding":"default","_kad_post_feature":"","_kad_post_feature_position":"","_kad_post_header":false,"_kad_post_footer":false,"_kad_post_classname":""},"product_brand":[],"product_cat":[50],"product_tag":[56],"class_list":{"0":"post-2271","1":"product","2":"type-product","3":"status-publish","4":"has-post-thumbnail","6":"product_cat-rape","7":"product_tag-kaxinawa","9":"first","10":"instock","11":"taxable","12":"shipping-taxable","13":"purchasable","14":"product-type-variable","15":"entry","16":"content-bg","17":"loop-entry"},"taxonomy_info":{"product_cat":[{"value":50,"label":"Rap\u00e9"}],"product_tag":[{"value":56,"label":"Kaxinawa"}]},"featured_image_src_large":["https:\/\/orisha-ossain.com\/wp-content\/uploads\/2024\/11\/Muruci-Cacau_Orisha_Ossain.png",736,736,false],"author_info":[],"comment_info":"","_links":{"self":[{"href":"https:\/\/orisha-ossain.com\/fr\/wp-json\/wp\/v2\/product\/2271","targetHints":{"allow":["GET"]}}],"collection":[{"href":"https:\/\/orisha-ossain.com\/fr\/wp-json\/wp\/v2\/product"}],"about":[{"href":"https:\/\/orisha-ossain.com\/fr\/wp-json\/wp\/v2\/types\/product"}],"wp:featuredmedia":[{"embeddable":true,"href":"https:\/\/orisha-ossain.com\/fr\/wp-json\/wp\/v2\/media\/35647"}],"wp:attachment":[{"href":"https:\/\/orisha-ossain.com\/fr\/wp-json\/wp\/v2\/media?parent=2271"}],"wp:term":[{"taxonomy":"product_brand","embeddable":true,"href":"https:\/\/orisha-ossain.com\/fr\/wp-json\/wp\/v2\/product_brand?post=2271"},{"taxonomy":"product_cat","embeddable":true,"href":"https:\/\/orisha-ossain.com\/fr\/wp-json\/wp\/v2\/product_cat?post=2271"},{"taxonomy":"product_tag","embeddable":true,"href":"https:\/\/orisha-ossain.com\/fr\/wp-json\/wp\/v2\/product_tag?post=2271"}],"curies":[{"name":"wp","href":"https:\/\/api.w.org\/{rel}","templated":true}]}}