{"id":1921,"date":"2023-10-04T13:34:26","date_gmt":"2023-10-04T11:34:26","guid":{"rendered":"http:\/\/orisha-ossain.com\/?post_type=product&#038;p=1921"},"modified":"2025-09-02T12:48:03","modified_gmt":"2025-09-02T10:48:03","slug":"incense-tweezer","status":"publish","type":"product","link":"https:\/\/orisha-ossain.com\/fr\/product\/incense-tweezer\/","title":{"rendered":"Pince \u00e0 encens"},"content":{"rendered":"<p><a href=\"http:\/\/orisha-ossain.com\/wp-content\/uploads\/2023\/08\/t001.jpg\"><img decoding=\"async\" class=\"aligncenter wp-image-1392 size-large\" src=\"http:\/\/orisha-ossain.com\/wp-content\/uploads\/2023\/08\/t001-1024x985.jpg\" alt=\"\" width=\"1024\" height=\"985\" srcset=\"https:\/\/orisha-ossain.com\/wp-content\/uploads\/2023\/08\/t001-1024x985.jpg 1024w, https:\/\/orisha-ossain.com\/wp-content\/uploads\/2023\/08\/t001-300x289.jpg 300w, https:\/\/orisha-ossain.com\/wp-content\/uploads\/2023\/08\/t001-768x739.jpg 768w, https:\/\/orisha-ossain.com\/wp-content\/uploads\/2023\/08\/t001.jpg 1486w\" sizes=\"(max-width: 1024px) 100vw, 1024px\" \/><\/a><\/p>","protected":false},"excerpt":{"rendered":"<p>Simple, bon march\u00e9 et efficace. Outil tr\u00e8s pratique pour placer votre encens ou d\u00e9placer votre charbon de bois br\u00fblant.<\/p>\n<p>Longueur : 14 cm<\/p>","protected":false},"featured_media":1393,"template":"","meta":{"_seopress_robots_primary_cat":"none","_seopress_titles_title":"","_seopress_titles_desc":"","_seopress_robots_index":"","_kad_blocks_custom_css":"","_kad_blocks_head_custom_js":"","_kad_blocks_body_custom_js":"","_kad_blocks_footer_custom_js":"","_kad_post_transparent":"default","_kad_post_title":"","_kad_post_layout":"default","_kad_post_sidebar_id":"","_kad_post_content_style":"default","_kad_post_vertical_padding":"default","_kad_post_feature":"","_kad_post_feature_position":"","_kad_post_header":false,"_kad_post_footer":false,"_kad_post_classname":""},"product_brand":[],"product_cat":[126],"product_tag":[115,79,117],"class_list":{"0":"post-1921","1":"product","2":"type-product","3":"status-publish","4":"has-post-thumbnail","6":"product_cat-incense-burners","7":"product_tag-frankinsence","8":"product_tag-incense","9":"product_tag-incense-burner","11":"first","12":"instock","13":"taxable","14":"shipping-taxable","15":"purchasable","16":"product-type-simple","17":"entry","18":"content-bg","19":"loop-entry"},"taxonomy_info":{"product_cat":[{"value":126,"label":"Incense Burners"}],"product_tag":[{"value":115,"label":"Frankinsence"},{"value":79,"label":"Incense"},{"value":117,"label":"Incense Burner"}]},"featured_image_src_large":["https:\/\/orisha-ossain.com\/wp-content\/uploads\/2023\/08\/t01-1-1024x763.jpg",1024,763,true],"author_info":[],"comment_info":"","_links":{"self":[{"href":"https:\/\/orisha-ossain.com\/fr\/wp-json\/wp\/v2\/product\/1921","targetHints":{"allow":["GET"]}}],"collection":[{"href":"https:\/\/orisha-ossain.com\/fr\/wp-json\/wp\/v2\/product"}],"about":[{"href":"https:\/\/orisha-ossain.com\/fr\/wp-json\/wp\/v2\/types\/product"}],"wp:featuredmedia":[{"embeddable":true,"href":"https:\/\/orisha-ossain.com\/fr\/wp-json\/wp\/v2\/media\/1393"}],"wp:attachment":[{"href":"https:\/\/orisha-ossain.com\/fr\/wp-json\/wp\/v2\/media?parent=1921"}],"wp:term":[{"taxonomy":"product_brand","embeddable":true,"href":"https:\/\/orisha-ossain.com\/fr\/wp-json\/wp\/v2\/product_brand?post=1921"},{"taxonomy":"product_cat","embeddable":true,"href":"https:\/\/orisha-ossain.com\/fr\/wp-json\/wp\/v2\/product_cat?post=1921"},{"taxonomy":"product_tag","embeddable":true,"href":"https:\/\/orisha-ossain.com\/fr\/wp-json\/wp\/v2\/product_tag?post=1921"}],"curies":[{"name":"wp","href":"https:\/\/api.w.org\/{rel}","templated":true}]}}