{"id":1914,"date":"2023-09-16T12:11:54","date_gmt":"2023-09-16T10:11:54","guid":{"rendered":"http:\/\/orisha-ossain.com\/?post_type=product&#038;p=1914"},"modified":"2026-04-02T23:34:20","modified_gmt":"2026-04-02T21:34:20","slug":"incense-burner-small-brass","status":"publish","type":"product","link":"https:\/\/orisha-ossain.com\/fr\/product\/incense-burner-small-brass\/","title":{"rendered":"Br\u00fbleur d'encens - Petit\/laiton"},"content":{"rendered":"<p>Br\u00fbleur d'encens de style classique pour parfumer votre maison. Peut \u00eatre utilis\u00e9 avec des herbes, <a href=\"http:\/\/orisha-ossain.com\/wp-admin\/edit.php?product_cat=mt-athos-incense&amp;post_type=product\">Encens Antonite<\/a>et <a href=\"http:\/\/orisha-ossain.com\/wp-admin\/edit.php?product_cat=frankincense&amp;post_type=product\">encens<\/a>.<\/p>\n<p>Attention \u00e0 ne pas r\u00e9gler la hauteur de la plate-forme sup\u00e9rieure lorsque votre bougie chauffe-plat br\u00fble pendant une longue p\u00e9riode. Le bouton de desserrage s'\u00e9chauffe.<\/p>\n<p>Pour \u00e9viter que l'\u00e9cran d'encens ne se salisse, vous pouvez le recouvrir d'une feuille d'aluminium.<\/p>\n<p>Ce br\u00fbleur est livr\u00e9 sans bougie. Vous pouvez ajouter une <a href=\"http:\/\/orisha-ossain.com\/fr\/produit\/incense-tweezer\/\">pince \u00e0 encens.<\/a><\/p>","protected":false},"excerpt":{"rendered":"<p>Joli br\u00fbleur d'encens compact. R\u00e9glable en hauteur avec un \u00e9cran amovible.<\/p>\n<p>Laiton poli<br \/>\nDiam\u00e8tre : 8 cm<br \/>\nHauteur : 12 cm<\/p>\n<p>&nbsp;<\/p>","protected":false},"featured_media":1908,"template":"","meta":{"_seopress_robots_primary_cat":"none","_seopress_titles_title":"","_seopress_titles_desc":"","_seopress_robots_index":"","_kad_blocks_custom_css":"","_kad_blocks_head_custom_js":"","_kad_blocks_body_custom_js":"","_kad_blocks_footer_custom_js":"","_kad_post_transparent":"default","_kad_post_title":"","_kad_post_layout":"default","_kad_post_sidebar_id":"","_kad_post_content_style":"default","_kad_post_vertical_padding":"default","_kad_post_feature":"","_kad_post_feature_position":"","_kad_post_header":false,"_kad_post_footer":false,"_kad_post_classname":""},"product_brand":[],"product_cat":[126],"product_tag":[115,79,117],"class_list":{"0":"post-1914","1":"product","2":"type-product","3":"status-publish","4":"has-post-thumbnail","6":"product_cat-incense-burners","7":"product_tag-frankinsence","8":"product_tag-incense","9":"product_tag-incense-burner","11":"first","12":"instock","13":"taxable","14":"shipping-taxable","15":"purchasable","16":"product-type-simple","17":"entry","18":"content-bg","19":"loop-entry"},"taxonomy_info":{"product_cat":[{"value":126,"label":"Incense Burners"}],"product_tag":[{"value":115,"label":"Frankinsence"},{"value":79,"label":"Incense"},{"value":117,"label":"Incense Burner"}]},"featured_image_src_large":["https:\/\/orisha-ossain.com\/wp-content\/uploads\/2023\/09\/gs01-1024x1024.jpg",1024,1024,true],"author_info":[],"comment_info":"","_links":{"self":[{"href":"https:\/\/orisha-ossain.com\/fr\/wp-json\/wp\/v2\/product\/1914","targetHints":{"allow":["GET"]}}],"collection":[{"href":"https:\/\/orisha-ossain.com\/fr\/wp-json\/wp\/v2\/product"}],"about":[{"href":"https:\/\/orisha-ossain.com\/fr\/wp-json\/wp\/v2\/types\/product"}],"wp:featuredmedia":[{"embeddable":true,"href":"https:\/\/orisha-ossain.com\/fr\/wp-json\/wp\/v2\/media\/1908"}],"wp:attachment":[{"href":"https:\/\/orisha-ossain.com\/fr\/wp-json\/wp\/v2\/media?parent=1914"}],"wp:term":[{"taxonomy":"product_brand","embeddable":true,"href":"https:\/\/orisha-ossain.com\/fr\/wp-json\/wp\/v2\/product_brand?post=1914"},{"taxonomy":"product_cat","embeddable":true,"href":"https:\/\/orisha-ossain.com\/fr\/wp-json\/wp\/v2\/product_cat?post=1914"},{"taxonomy":"product_tag","embeddable":true,"href":"https:\/\/orisha-ossain.com\/fr\/wp-json\/wp\/v2\/product_tag?post=1914"}],"curies":[{"name":"wp","href":"https:\/\/api.w.org\/{rel}","templated":true}]}}