{"id":1843,"date":"2023-09-21T20:11:11","date_gmt":"2023-09-21T18:11:11","guid":{"rendered":"http:\/\/orisha-ossain.com\/?post_type=product&#038;p=1843"},"modified":"2024-11-14T14:46:47","modified_gmt":"2024-11-14T13:46:47","slug":"cypress-incense","status":"publish","type":"product","link":"https:\/\/orisha-ossain.com\/fr\/product\/cypress-incense\/","title":{"rendered":"Encens Cypr\u00e8s"},"content":{"rendered":"<h2>Encens Cypr\u00e8s<\/h2>\n<p>L'encens Cypr\u00e8s du Mont Athos incarne l'essence sereine du cypr\u00e8s sacr\u00e9, symbole de vie \u00e9ternelle et de force spirituelle. M\u00e9ticuleusement fabriqu\u00e9 \u00e0 la main par des moines \u00e0 l'aide de r\u00e9sines naturelles, d'huiles aromatiques et du riche parfum bois\u00e9 du cypr\u00e8s, cet encens est impr\u00e9gn\u00e9 de la tradition athonite s\u00e9culaire.<\/p>\n<p>Son ar\u00f4me de terre et d'ancrage, rehauss\u00e9 par des notes subtiles de feuilles persistantes fra\u00eeches, cr\u00e9e une ambiance apaisante et spirituellement \u00e9difiante. L'encens Cypr\u00e8s est id\u00e9al pour la pri\u00e8re, la m\u00e9ditation ou la r\u00e9flexion silencieuse et apporte un sentiment de paix et de connexion \u00e0 la beaut\u00e9 intemporelle de la nature.<a href=\"http:\/\/orisha-ossain.com\/wp-content\/uploads\/2023\/08\/ath01.jpg\"><img decoding=\"async\" class=\"size-medium wp-image-1627 aligncenter\" src=\"http:\/\/orisha-ossain.com\/wp-content\/uploads\/2023\/08\/ath01-300x300.jpg\" alt=\"\" width=\"300\" height=\"300\" srcset=\"https:\/\/orisha-ossain.com\/wp-content\/uploads\/2023\/08\/ath01-300x300.jpg 300w, https:\/\/orisha-ossain.com\/wp-content\/uploads\/2023\/08\/ath01-1024x1024.jpg 1024w, https:\/\/orisha-ossain.com\/wp-content\/uploads\/2023\/08\/ath01-150x150.jpg 150w, https:\/\/orisha-ossain.com\/wp-content\/uploads\/2023\/08\/ath01-768x768.jpg 768w, https:\/\/orisha-ossain.com\/wp-content\/uploads\/2023\/08\/ath01-465x465.jpg 465w, https:\/\/orisha-ossain.com\/wp-content\/uploads\/2023\/08\/ath01-100x100.jpg 100w, https:\/\/orisha-ossain.com\/wp-content\/uploads\/2023\/08\/ath01.jpg 1500w\" sizes=\"(max-width: 300px) 100vw, 300px\" \/><\/a><\/p>\n<h2>Encens du Mt. Athos<\/h2>\n<p>L'encens provenant du Mont Athos est produit dans un grand nombre de monast\u00e8res orthodoxes de la p\u00e9ninsule. Pour les moines, la fabrication de l'encens fait partie de leur pratique religieuse m\u00e9ditative. C'est dans le silence et la pri\u00e8re que sont \u00e9labor\u00e9s leurs m\u00e9langes haut de gamme. <a href=\"http:\/\/orisha-ossain.com\/wp-content\/uploads\/2023\/07\/Athos.jpg\"><img decoding=\"async\" class=\"aligncenter wp-image-809\" src=\"http:\/\/orisha-ossain.com\/wp-content\/uploads\/2023\/07\/Athos-1024x768.jpg\" alt=\"Production d&#039;encens du Mont Athos\" width=\"750\" height=\"563\" srcset=\"https:\/\/orisha-ossain.com\/wp-content\/uploads\/2023\/07\/Athos-1024x768.jpg 1024w, https:\/\/orisha-ossain.com\/wp-content\/uploads\/2023\/07\/Athos-300x225.jpg 300w, https:\/\/orisha-ossain.com\/wp-content\/uploads\/2023\/07\/Athos-768x576.jpg 768w, https:\/\/orisha-ossain.com\/wp-content\/uploads\/2023\/07\/Athos-1536x1152.jpg 1536w, https:\/\/orisha-ossain.com\/wp-content\/uploads\/2023\/07\/Athos.jpg 1600w\" sizes=\"(max-width: 750px) 100vw, 750px\" \/><\/a><\/p>\n<h2>Mont Athos<\/h2>\n<p>Le Mont Athos (Montagne Sainte) est une montagne situ\u00e9e sur la p\u00e9ninsule de l'Athos, dans le nord-est de la Gr\u00e8ce. C'est un centre important du monachisme orthodoxe oriental. La montagne et la majeure partie de la p\u00e9ninsule de l'Athos sont gouvern\u00e9es comme une r\u00e9gion autonome en Gr\u00e8ce par la communaut\u00e9 monastique du Mont Athos.<\/p>\n<figure id=\"attachment_827\" aria-describedby=\"caption-attachment-827\" style=\"width: 600px\" class=\"wp-caption aligncenter\"><a href=\"http:\/\/orisha-ossain.com\/wp-content\/uploads\/2023\/07\/mount-athos.jpg\"><img decoding=\"async\" class=\"wp-image-827\" src=\"http:\/\/orisha-ossain.com\/wp-content\/uploads\/2023\/07\/mount-athos-1024x536.jpg\" alt=\"Mont Athos vu du ciel. C\u00e9l\u00e8bre pour son encens du mont Athos\" width=\"600\" height=\"314\" srcset=\"https:\/\/orisha-ossain.com\/wp-content\/uploads\/2023\/07\/mount-athos-1024x536.jpg 1024w, https:\/\/orisha-ossain.com\/wp-content\/uploads\/2023\/07\/mount-athos-300x157.jpg 300w, https:\/\/orisha-ossain.com\/wp-content\/uploads\/2023\/07\/mount-athos-768x402.jpg 768w, https:\/\/orisha-ossain.com\/wp-content\/uploads\/2023\/07\/mount-athos.jpg 1200w\" sizes=\"(max-width: 600px) 100vw, 600px\" \/><\/a><figcaption id=\"caption-attachment-827\" class=\"wp-caption-text\">Mont Athos<\/figcaption><\/figure>\n<p>Le mont Athos est habit\u00e9 depuis l'Antiquit\u00e9 et est connu pour sa longue pr\u00e9sence chr\u00e9tienne et ses traditions monastiques historiques, qui remontent au moins \u00e0 l'an 800 de l'\u00e8re byzantine. En raison de sa longue histoire religieuse, de l'architecture agraire bien pr\u00e9serv\u00e9e des monast\u00e8res et de la pr\u00e9servation de la flore et de la faune autour de la montagne, le mont Athos a \u00e9t\u00e9 inscrit sur la Liste du patrimoine mondial de l'UNESCO.\u00a0<a href=\"https:\/\/whc.unesco.org\/en\/list\/454\/\">Liste du patrimoine mondial de l'UNESCO\u00a0<\/a>en 1988.<\/p>","protected":false},"excerpt":{"rendered":"<p>D\u00e9couvrez l'ar\u00f4me de cypr\u00e8s, fabriqu\u00e9 \u00e0 la main par les moines du Mont Athos \u00e0 l'aide de r\u00e9sines naturelles et de l'essence du cypr\u00e8s sacr\u00e9.<\/p>","protected":false},"featured_media":1628,"template":"","meta":{"_seopress_robots_primary_cat":"none","_seopress_titles_title":"","_seopress_titles_desc":"","_seopress_robots_index":"","_kad_blocks_custom_css":"","_kad_blocks_head_custom_js":"","_kad_blocks_body_custom_js":"","_kad_blocks_footer_custom_js":"","_kad_post_transparent":"default","_kad_post_title":"","_kad_post_layout":"default","_kad_post_sidebar_id":"","_kad_post_content_style":"default","_kad_post_vertical_padding":"default","_kad_post_feature":"","_kad_post_feature_position":"","_kad_post_header":false,"_kad_post_footer":false,"_kad_post_classname":""},"product_brand":[],"product_cat":[102],"product_tag":[115,79,117],"class_list":{"0":"post-1843","1":"product","2":"type-product","3":"status-publish","4":"has-post-thumbnail","6":"product_cat-mt-athos-incense","7":"product_tag-frankinsence","8":"product_tag-incense","9":"product_tag-incense-burner","11":"first","12":"instock","13":"taxable","14":"shipping-taxable","15":"purchasable","16":"product-type-variable","17":"entry","18":"content-bg","19":"loop-entry"},"taxonomy_info":{"product_cat":[{"value":102,"label":"Mt. Athos Incense"}],"product_tag":[{"value":115,"label":"Frankinsence"},{"value":79,"label":"Incense"},{"value":117,"label":"Incense Burner"}]},"featured_image_src_large":["https:\/\/orisha-ossain.com\/wp-content\/uploads\/2023\/08\/ATHH001-1024x1024.jpg",1024,1024,true],"author_info":[],"comment_info":"","_links":{"self":[{"href":"https:\/\/orisha-ossain.com\/fr\/wp-json\/wp\/v2\/product\/1843","targetHints":{"allow":["GET"]}}],"collection":[{"href":"https:\/\/orisha-ossain.com\/fr\/wp-json\/wp\/v2\/product"}],"about":[{"href":"https:\/\/orisha-ossain.com\/fr\/wp-json\/wp\/v2\/types\/product"}],"wp:featuredmedia":[{"embeddable":true,"href":"https:\/\/orisha-ossain.com\/fr\/wp-json\/wp\/v2\/media\/1628"}],"wp:attachment":[{"href":"https:\/\/orisha-ossain.com\/fr\/wp-json\/wp\/v2\/media?parent=1843"}],"wp:term":[{"taxonomy":"product_brand","embeddable":true,"href":"https:\/\/orisha-ossain.com\/fr\/wp-json\/wp\/v2\/product_brand?post=1843"},{"taxonomy":"product_cat","embeddable":true,"href":"https:\/\/orisha-ossain.com\/fr\/wp-json\/wp\/v2\/product_cat?post=1843"},{"taxonomy":"product_tag","embeddable":true,"href":"https:\/\/orisha-ossain.com\/fr\/wp-json\/wp\/v2\/product_tag?post=1843"}],"curies":[{"name":"wp","href":"https:\/\/api.w.org\/{rel}","templated":true}]}}