{"id":1841,"date":"2023-09-15T19:47:39","date_gmt":"2023-09-15T17:47:39","guid":{"rendered":"http:\/\/orisha-ossain.com\/?post_type=product&#038;p=1841"},"modified":"2026-01-19T14:22:27","modified_gmt":"2026-01-19T13:22:27","slug":"incense-burner-deluxe-brass","status":"publish","type":"product","link":"https:\/\/orisha-ossain.com\/fr\/product\/incense-burner-deluxe-brass\/","title":{"rendered":"Br\u00fbleur d'encens - Laiton de luxe"},"content":{"rendered":"<p>Br\u00fbleur d'encens de style classique pour parfumer votre maison. Il peut \u00eatre utilis\u00e9 avec des herbes, de l'encens Antonite et de l'encens.<\/p>\n<p>Attention \u00e0 ne pas r\u00e9gler la hauteur de la plate-forme sup\u00e9rieure lorsque votre bougie chauffe-plat br\u00fble pendant une longue p\u00e9riode. Le bouton de desserrage s'\u00e9chauffe.<\/p>\n<p>Ce br\u00fbleur est livr\u00e9 sans bougie. Vous pouvez ajouter une <a href=\"http:\/\/orisha-ossain.com\/fr\/produit\/incense-tweezer\/\">pince \u00e0 encens.<\/a><\/p>","protected":false},"excerpt":{"rendered":"<p>Br\u00fbleur d'encens de luxe. Le plateau d'encens est r\u00e9glable en hauteur.<\/p>\n<p>Mat\u00e9riau ; Laiton poli<br \/>\nDiam\u00e8tre : 9,5 cm<br \/>\nHauteur : 15 cm<\/p>\n<p>&nbsp;<\/p>","protected":false},"featured_media":1391,"template":"","meta":{"_seopress_robots_primary_cat":"none","_seopress_titles_title":"","_seopress_titles_desc":"","_seopress_robots_index":"","_kad_blocks_custom_css":"","_kad_blocks_head_custom_js":"","_kad_blocks_body_custom_js":"","_kad_blocks_footer_custom_js":"","_kad_post_transparent":"default","_kad_post_title":"","_kad_post_layout":"default","_kad_post_sidebar_id":"","_kad_post_content_style":"default","_kad_post_vertical_padding":"default","_kad_post_feature":"","_kad_post_feature_position":"","_kad_post_header":false,"_kad_post_footer":false,"_kad_post_classname":""},"product_brand":[],"product_cat":[126],"product_tag":[115,79,117],"class_list":{"0":"post-1841","1":"product","2":"type-product","3":"status-publish","4":"has-post-thumbnail","6":"product_cat-incense-burners","7":"product_tag-frankinsence","8":"product_tag-incense","9":"product_tag-incense-burner","11":"first","12":"instock","13":"taxable","14":"shipping-taxable","15":"purchasable","16":"product-type-simple","17":"entry","18":"content-bg","19":"loop-entry"},"taxonomy_info":{"product_cat":[{"value":126,"label":"Incense Burners"}],"product_tag":[{"value":115,"label":"Frankinsence"},{"value":79,"label":"Incense"},{"value":117,"label":"Incense Burner"}]},"featured_image_src_large":["https:\/\/orisha-ossain.com\/wp-content\/uploads\/2023\/08\/gg02-1024x890.jpg",1024,890,true],"author_info":[],"comment_info":"","_links":{"self":[{"href":"https:\/\/orisha-ossain.com\/fr\/wp-json\/wp\/v2\/product\/1841","targetHints":{"allow":["GET"]}}],"collection":[{"href":"https:\/\/orisha-ossain.com\/fr\/wp-json\/wp\/v2\/product"}],"about":[{"href":"https:\/\/orisha-ossain.com\/fr\/wp-json\/wp\/v2\/types\/product"}],"wp:featuredmedia":[{"embeddable":true,"href":"https:\/\/orisha-ossain.com\/fr\/wp-json\/wp\/v2\/media\/1391"}],"wp:attachment":[{"href":"https:\/\/orisha-ossain.com\/fr\/wp-json\/wp\/v2\/media?parent=1841"}],"wp:term":[{"taxonomy":"product_brand","embeddable":true,"href":"https:\/\/orisha-ossain.com\/fr\/wp-json\/wp\/v2\/product_brand?post=1841"},{"taxonomy":"product_cat","embeddable":true,"href":"https:\/\/orisha-ossain.com\/fr\/wp-json\/wp\/v2\/product_cat?post=1841"},{"taxonomy":"product_tag","embeddable":true,"href":"https:\/\/orisha-ossain.com\/fr\/wp-json\/wp\/v2\/product_tag?post=1841"}],"curies":[{"name":"wp","href":"https:\/\/api.w.org\/{rel}","templated":true}]}}