{"id":1789,"date":"2023-09-21T20:11:12","date_gmt":"2023-09-21T18:11:12","guid":{"rendered":"http:\/\/orisha-ossain.com\/?post_type=product&#038;p=1789"},"modified":"2024-11-14T20:24:54","modified_gmt":"2024-11-14T19:24:54","slug":"bethlehem-incense","status":"publish","type":"product","link":"https:\/\/orisha-ossain.com\/fr\/product\/bethlehem-incense\/","title":{"rendered":"Encens de Bethl\u00e9em"},"content":{"rendered":"<h2>Encens de Bethl\u00e9em - Un m\u00e9lange sacr\u00e9 de tradition<\/h2>\n<p>L'encens Bethl\u00e9em est un hommage parfum\u00e9 \u00e0 l'essence spirituelle de Bethl\u00e9em, soigneusement fabriqu\u00e9 \u00e0 la main par des moines selon des recettes ancestrales. Cet encens combine une vari\u00e9t\u00e9 d'ingr\u00e9dients sacr\u00e9s pour cr\u00e9er un ar\u00f4me riche et stimulant, parfait pour la pri\u00e8re, la m\u00e9ditation ou la cr\u00e9ation d'une atmosph\u00e8re sacr\u00e9e.<\/p>\n<p><strong>Ingr\u00e9dients<\/strong><\/p>\n<ul>\n<li><strong>Encens<\/strong>: Provenant de l'Union europ\u00e9enne. <em>Boswellia<\/em> qui apporte une base chaude, citronn\u00e9e et r\u00e9sineuse.<\/li>\n<li><strong>Myrrhe<\/strong>: Extraits de la <em>Commiphora<\/em> arbre, offrant une richesse balsamique et terreuse.<\/li>\n<li><strong>R\u00e9sines naturelles<\/strong>: R\u00e9sines v\u00e9g\u00e9tales de haute qualit\u00e9 m\u00e9lang\u00e9es pour la long\u00e9vit\u00e9 et la profondeur aromatique.<\/li>\n<li><strong>Essence de rose<\/strong>: Ajoute une touche florale douce symbolisant la puret\u00e9 et l'amour.<\/li>\n<li><strong>Ambre<\/strong>: Apporte une douceur chaude et musqu\u00e9e pour l'\u00e9quilibre et la profondeur.<\/li>\n<li><strong>Huiles essentielles<\/strong>: Am\u00e9liore le m\u00e9lange avec des notes subtiles pour une exp\u00e9rience olfactive plus compl\u00e8te.<\/li>\n<\/ul>\n<h2><a href=\"http:\/\/orisha-ossain.com\/wp-content\/uploads\/2023\/08\/ath01.jpg\"><img decoding=\"async\" class=\"size-medium wp-image-1627 aligncenter\" src=\"http:\/\/orisha-ossain.com\/wp-content\/uploads\/2023\/08\/ath01-300x300.jpg\" alt=\"\" width=\"300\" height=\"300\" srcset=\"https:\/\/orisha-ossain.com\/wp-content\/uploads\/2023\/08\/ath01-300x300.jpg 300w, https:\/\/orisha-ossain.com\/wp-content\/uploads\/2023\/08\/ath01-1024x1024.jpg 1024w, https:\/\/orisha-ossain.com\/wp-content\/uploads\/2023\/08\/ath01-150x150.jpg 150w, https:\/\/orisha-ossain.com\/wp-content\/uploads\/2023\/08\/ath01-768x768.jpg 768w, https:\/\/orisha-ossain.com\/wp-content\/uploads\/2023\/08\/ath01-465x465.jpg 465w, https:\/\/orisha-ossain.com\/wp-content\/uploads\/2023\/08\/ath01-100x100.jpg 100w, https:\/\/orisha-ossain.com\/wp-content\/uploads\/2023\/08\/ath01.jpg 1500w\" sizes=\"(max-width: 300px) 100vw, 300px\" \/><\/a><\/h2>\n<h2>Encens du Mt. Athos<\/h2>\n<p>L'encens provenant du Mont Athos est produit dans un grand nombre de monast\u00e8res orthodoxes de la p\u00e9ninsule. Pour les moines, la fabrication de l'encens fait partie de leur pratique religieuse m\u00e9ditative. C'est dans le silence et la pri\u00e8re que sont \u00e9labor\u00e9s leurs m\u00e9langes haut de gamme. <a href=\"http:\/\/orisha-ossain.com\/wp-content\/uploads\/2023\/07\/Athos.jpg\"><img decoding=\"async\" class=\"aligncenter wp-image-809\" src=\"http:\/\/orisha-ossain.com\/wp-content\/uploads\/2023\/07\/Athos-1024x768.jpg\" alt=\"Production d&#039;encens du Mont Athos\" width=\"750\" height=\"563\" srcset=\"https:\/\/orisha-ossain.com\/wp-content\/uploads\/2023\/07\/Athos-1024x768.jpg 1024w, https:\/\/orisha-ossain.com\/wp-content\/uploads\/2023\/07\/Athos-300x225.jpg 300w, https:\/\/orisha-ossain.com\/wp-content\/uploads\/2023\/07\/Athos-768x576.jpg 768w, https:\/\/orisha-ossain.com\/wp-content\/uploads\/2023\/07\/Athos-1536x1152.jpg 1536w, https:\/\/orisha-ossain.com\/wp-content\/uploads\/2023\/07\/Athos.jpg 1600w\" sizes=\"(max-width: 750px) 100vw, 750px\" \/><\/a><\/p>\n<h2>Mont Athos<\/h2>\n<p>Le Mont Athos (Montagne Sainte) est une montagne situ\u00e9e sur la p\u00e9ninsule de l'Athos, dans le nord-est de la Gr\u00e8ce. C'est un centre important du monachisme orthodoxe oriental. La montagne et la majeure partie de la p\u00e9ninsule de l'Athos sont gouvern\u00e9es comme une r\u00e9gion autonome en Gr\u00e8ce par la communaut\u00e9 monastique du Mont Athos.<\/p>\n<figure id=\"attachment_827\" aria-describedby=\"caption-attachment-827\" style=\"width: 600px\" class=\"wp-caption aligncenter\"><a href=\"http:\/\/orisha-ossain.com\/wp-content\/uploads\/2023\/07\/mount-athos.jpg\"><img decoding=\"async\" class=\"wp-image-827\" src=\"http:\/\/orisha-ossain.com\/wp-content\/uploads\/2023\/07\/mount-athos-1024x536.jpg\" alt=\"Mont Athos vu du ciel. C\u00e9l\u00e8bre pour son encens du mont Athos\" width=\"600\" height=\"314\" srcset=\"https:\/\/orisha-ossain.com\/wp-content\/uploads\/2023\/07\/mount-athos-1024x536.jpg 1024w, https:\/\/orisha-ossain.com\/wp-content\/uploads\/2023\/07\/mount-athos-300x157.jpg 300w, https:\/\/orisha-ossain.com\/wp-content\/uploads\/2023\/07\/mount-athos-768x402.jpg 768w, https:\/\/orisha-ossain.com\/wp-content\/uploads\/2023\/07\/mount-athos.jpg 1200w\" sizes=\"(max-width: 600px) 100vw, 600px\" \/><\/a><figcaption id=\"caption-attachment-827\" class=\"wp-caption-text\">Mont Athos<\/figcaption><\/figure>\n<p>Le mont Athos est habit\u00e9 depuis l'Antiquit\u00e9 et est connu pour sa longue pr\u00e9sence chr\u00e9tienne et ses traditions monastiques historiques, qui remontent au moins \u00e0 l'an 800 de l'\u00e8re byzantine. En raison de sa longue histoire religieuse, de l'architecture agraire bien pr\u00e9serv\u00e9e des monast\u00e8res et de la pr\u00e9servation de la flore et de la faune autour de la montagne, le mont Athos a \u00e9t\u00e9 inscrit sur la Liste du patrimoine mondial de l'UNESCO.\u00a0<a href=\"https:\/\/whc.unesco.org\/en\/list\/454\/\">Liste du patrimoine mondial de l'UNESCO\u00a0<\/a>en 1988.<\/p>","protected":false},"excerpt":{"rendered":"<p>Fabriqu\u00e9 par les moines du Mty Athos en Gr\u00e8ce selon des m\u00e9thodes traditionnelles, cet encens terreux classique rappelle les champs odorants autour desquels le Christ est n\u00e9.<\/p>","protected":false},"featured_media":1628,"template":"","meta":{"_seopress_robots_primary_cat":"none","_seopress_titles_title":"Bethlehem Incense - A Sacred Blend of Tradition,Orsiha Osain","_seopress_titles_desc":"Bethlehem Incense is a fragrant homage to the spiritual essence of Bethlehem, carefully handcrafted by monks using time-honored recipes.","_seopress_robots_index":"","_kad_blocks_custom_css":"","_kad_blocks_head_custom_js":"","_kad_blocks_body_custom_js":"","_kad_blocks_footer_custom_js":"","_kad_post_transparent":"default","_kad_post_title":"","_kad_post_layout":"default","_kad_post_sidebar_id":"","_kad_post_content_style":"default","_kad_post_vertical_padding":"default","_kad_post_feature":"","_kad_post_feature_position":"","_kad_post_header":false,"_kad_post_footer":false,"_kad_post_classname":""},"product_brand":[],"product_cat":[102],"product_tag":[115,79,117],"class_list":{"0":"post-1789","1":"product","2":"type-product","3":"status-publish","4":"has-post-thumbnail","6":"product_cat-mt-athos-incense","7":"product_tag-frankinsence","8":"product_tag-incense","9":"product_tag-incense-burner","11":"first","12":"instock","13":"taxable","14":"shipping-taxable","15":"purchasable","16":"product-type-variable","17":"entry","18":"content-bg","19":"loop-entry"},"taxonomy_info":{"product_cat":[{"value":102,"label":"Mt. Athos Incense"}],"product_tag":[{"value":115,"label":"Frankinsence"},{"value":79,"label":"Incense"},{"value":117,"label":"Incense Burner"}]},"featured_image_src_large":["https:\/\/orisha-ossain.com\/wp-content\/uploads\/2023\/08\/ATHH001-1024x1024.jpg",1024,1024,true],"author_info":[],"comment_info":"","_links":{"self":[{"href":"https:\/\/orisha-ossain.com\/fr\/wp-json\/wp\/v2\/product\/1789","targetHints":{"allow":["GET"]}}],"collection":[{"href":"https:\/\/orisha-ossain.com\/fr\/wp-json\/wp\/v2\/product"}],"about":[{"href":"https:\/\/orisha-ossain.com\/fr\/wp-json\/wp\/v2\/types\/product"}],"wp:featuredmedia":[{"embeddable":true,"href":"https:\/\/orisha-ossain.com\/fr\/wp-json\/wp\/v2\/media\/1628"}],"wp:attachment":[{"href":"https:\/\/orisha-ossain.com\/fr\/wp-json\/wp\/v2\/media?parent=1789"}],"wp:term":[{"taxonomy":"product_brand","embeddable":true,"href":"https:\/\/orisha-ossain.com\/fr\/wp-json\/wp\/v2\/product_brand?post=1789"},{"taxonomy":"product_cat","embeddable":true,"href":"https:\/\/orisha-ossain.com\/fr\/wp-json\/wp\/v2\/product_cat?post=1789"},{"taxonomy":"product_tag","embeddable":true,"href":"https:\/\/orisha-ossain.com\/fr\/wp-json\/wp\/v2\/product_tag?post=1789"}],"curies":[{"name":"wp","href":"https:\/\/api.w.org\/{rel}","templated":true}]}}