{"id":1727,"date":"2023-09-01T00:25:32","date_gmt":"2023-08-31T22:25:32","guid":{"rendered":"http:\/\/orisha-ossain.com\/?post_type=product&#038;p=1727"},"modified":"2026-03-10T21:06:27","modified_gmt":"2026-03-10T20:06:27","slug":"adjustable-blowpipe","status":"publish","type":"product","link":"https:\/\/orisha-ossain.com\/fr\/product\/adjustable-blowpipe\/","title":{"rendered":"Sarbacane r\u00e9glable"},"content":{"rendered":"<p>Il s'agit d'une pipe r\u00e9glable.  Gr\u00e2ce \u00e0 cette conception ing\u00e9nieuse et solide en bois de bambou, vous disposez d'un Kuripe et d'un Tepi en une seule pipe. Le m\u00e9canisme d'assemblage permet de r\u00e9gler l'angle.<\/p>\n<p>Deux tubes en bois s'ins\u00e8rent dans une pi\u00e8ce de base cylindrique qui se tourne, permettant \u00e0 l'utilisateur de r\u00e9gler l'angle et la distance des tubes. Les dimensions sont les suivantes : 13,5 cm (tube le plus long) x 13 cm (tube le plus court) x 1 cm (diam\u00e8tre ext\u00e9rieur du tube r\u00e9cepteur).<\/p>\n<p><img decoding=\"async\" class=\"aligncenter wp-image-1729 size-full\" src=\"https:\/\/orisha-ossain.com\/wp-content\/uploads\/2023\/09\/Ad0111.jpg\" alt=\"ajuste bl;owpipe kuripe tepi\" width=\"600\" height=\"772\" srcset=\"https:\/\/orisha-ossain.com\/wp-content\/uploads\/2023\/09\/Ad0111.jpg 600w, https:\/\/orisha-ossain.com\/wp-content\/uploads\/2023\/09\/Ad0111-233x300.jpg 233w\" sizes=\"(max-width: 600px) 100vw, 600px\" \/><\/p>\n<p>&nbsp;<\/p>\n<h2 style=\"text-align: center;\"><a href=\"http:\/\/orisha-ossain.com\/fr\/product-category\/tepi\/\">Tepi<\/a> et Kuripe<span style=\"font-size: 16px;\">\u00a0<\/span><\/h2>\n<p style=\"text-align: center;\">Jetez un coup d'\u0153il \u00e0 la collection de Tepi et Kuripe. Diff\u00e9rents styles de diff\u00e9rents artistes sont disponibles. <a style=\"font-weight: bold; font-family: var(--global-body-font-family);\" href=\"http:\/\/orisha-ossain.com\/wp-content\/uploads\/2023\/06\/Tepi-Blessings.jpg\"><img decoding=\"async\" class=\"wp-image-55 size-medium aligncenter\" src=\"http:\/\/orisha-ossain.com\/wp-content\/uploads\/2023\/06\/Tepi-Blessings-300x199.jpg\" alt=\"Tepis recevant les b\u00e9n\u00e9dictions de leurs cr\u00e9ateurs\" width=\"300\" height=\"199\" srcset=\"https:\/\/orisha-ossain.com\/wp-content\/uploads\/2023\/06\/Tepi-Blessings-300x199.jpg 300w, https:\/\/orisha-ossain.com\/wp-content\/uploads\/2023\/06\/Tepi-Blessings.jpg 640w\" sizes=\"(max-width: 300px) 100vw, 300px\" \/><\/a><span style=\"font-size: 14px; font-family: var(--global-body-font-family);\">Tepis recevant les b\u00e9n\u00e9dictions de leurs cr\u00e9ateurs<\/span><\/p>","protected":false},"excerpt":{"rendered":"<p>Il s'agit d'une pipe r\u00e9glable.  Avec ce design tr\u00e8s intelligent et solide en bois de bambou, vous avez un Kuripe et un Tepi en une seule pipe.<br \/>\nLe m\u00e9canisme d'assemblage permet de r\u00e9gler l'angle.<\/p>","protected":false},"featured_media":1732,"template":"","meta":{"_seopress_robots_primary_cat":"none","_seopress_titles_title":"Adjustable Blowpipe - Kuripe - Tepi - Orisha Ossain","_seopress_titles_desc":"This is an adjustable blowpipe.\u00a0 With this very smart and solid bamboo wood design, you have a Kuripe and a Tepi in one pipe.","_seopress_robots_index":"","_kad_blocks_custom_css":"","_kad_blocks_head_custom_js":"","_kad_blocks_body_custom_js":"","_kad_blocks_footer_custom_js":"","_kad_post_transparent":"default","_kad_post_title":"","_kad_post_layout":"default","_kad_post_sidebar_id":"","_kad_post_content_style":"default","_kad_post_vertical_padding":"default","_kad_post_feature":"","_kad_post_feature_position":"","_kad_post_header":false,"_kad_post_footer":false,"_kad_post_classname":""},"product_brand":[],"product_cat":[67,66],"product_tag":[75,76],"class_list":{"0":"post-1727","1":"product","2":"type-product","3":"status-publish","4":"has-post-thumbnail","6":"product_cat-kuripe","7":"product_cat-tepi","8":"product_tag-kuripe","9":"product_tag-tepi","11":"first","12":"outofstock","13":"taxable","14":"shipping-taxable","15":"purchasable","16":"product-type-simple","17":"entry","18":"content-bg","19":"loop-entry"},"taxonomy_info":{"product_cat":[{"value":67,"label":"Kuripe"},{"value":66,"label":"Tepi"}],"product_tag":[{"value":75,"label":"Kuripe"},{"value":76,"label":"Tepi"}]},"featured_image_src_large":["https:\/\/orisha-ossain.com\/wp-content\/uploads\/2023\/09\/AD011111111.jpg",600,423,false],"author_info":[],"comment_info":"","_links":{"self":[{"href":"https:\/\/orisha-ossain.com\/fr\/wp-json\/wp\/v2\/product\/1727","targetHints":{"allow":["GET"]}}],"collection":[{"href":"https:\/\/orisha-ossain.com\/fr\/wp-json\/wp\/v2\/product"}],"about":[{"href":"https:\/\/orisha-ossain.com\/fr\/wp-json\/wp\/v2\/types\/product"}],"wp:featuredmedia":[{"embeddable":true,"href":"https:\/\/orisha-ossain.com\/fr\/wp-json\/wp\/v2\/media\/1732"}],"wp:attachment":[{"href":"https:\/\/orisha-ossain.com\/fr\/wp-json\/wp\/v2\/media?parent=1727"}],"wp:term":[{"taxonomy":"product_brand","embeddable":true,"href":"https:\/\/orisha-ossain.com\/fr\/wp-json\/wp\/v2\/product_brand?post=1727"},{"taxonomy":"product_cat","embeddable":true,"href":"https:\/\/orisha-ossain.com\/fr\/wp-json\/wp\/v2\/product_cat?post=1727"},{"taxonomy":"product_tag","embeddable":true,"href":"https:\/\/orisha-ossain.com\/fr\/wp-json\/wp\/v2\/product_tag?post=1727"}],"curies":[{"name":"wp","href":"https:\/\/api.w.org\/{rel}","templated":true}]}}