{"id":1713,"date":"2023-08-24T09:34:22","date_gmt":"2023-08-24T07:34:22","guid":{"rendered":"http:\/\/orisha-ossain.com\/?post_type=product&#038;p=1713"},"modified":"2026-04-18T23:29:11","modified_gmt":"2026-04-18T21:29:11","slug":"serpentine-kuripe","status":"publish","type":"product","link":"https:\/\/orisha-ossain.com\/fr\/product\/serpentine-kuripe\/","title":{"rendered":"Kuripe serpentine"},"content":{"rendered":"<h2><span style=\"font-size: 12pt;\">Serpentine Kuripe, Eagle, Jaguar &amp; condor<\/span><\/h2>\n<p>Kuripe en serpentine du P\u00e9rou. Taill\u00e9 dans un seul morceau de serpentine noire. Ces Kuripe repr\u00e9sentent cinq animaux totem diff\u00e9rents : l'aigle, le jaguar, le condor, le hibou et le serpent.<br \/>\nLa serpentine est une pierre dure semblable au marbre. Cette serpentine noire sp\u00e9cifique provient des pentes des montagnes du Machu Picchu. Dans la vall\u00e9e de l'Urubamba, \u00e9galement appel\u00e9e la vall\u00e9e sacr\u00e9e des Incas, les travailleurs de la pierre sculptent les pierres. Apr\u00e8s la sculpture, divers outils sont n\u00e9cessaires pour donner \u00e0 la pierre sa forme finale. Bien que certaines machines soient utilis\u00e9es, la majeure partie du travail se fait encore \u00e0 la main.<\/p>\n<h2 style=\"text-align: center;\"><a href=\"http:\/\/orisha-ossain.com\/fr\/product-category\/tepi\/\">Tepi<\/a> et Kuripe<span style=\"font-size: 16px;\">\u00a0<\/span><\/h2>\n<p style=\"text-align: center;\">Jetez un coup d'\u0153il \u00e0 la collection de Tepi et Kuripe. Diff\u00e9rents styles de diff\u00e9rents artistes sont disponibles. <a style=\"font-weight: bold; font-family: var(--global-body-font-family);\" href=\"http:\/\/orisha-ossain.com\/wp-content\/uploads\/2023\/06\/Tepi-Blessings.jpg\"><img decoding=\"async\" class=\"wp-image-55 size-medium aligncenter\" src=\"http:\/\/orisha-ossain.com\/wp-content\/uploads\/2023\/06\/Tepi-Blessings-300x199.jpg\" alt=\"Tepis recevant les b\u00e9n\u00e9dictions de leurs cr\u00e9ateurs\" width=\"300\" height=\"199\" srcset=\"https:\/\/orisha-ossain.com\/wp-content\/uploads\/2023\/06\/Tepi-Blessings-300x199.jpg 300w, https:\/\/orisha-ossain.com\/wp-content\/uploads\/2023\/06\/Tepi-Blessings.jpg 640w\" sizes=\"(max-width: 300px) 100vw, 300px\" \/><\/a><span style=\"font-size: 14px; font-family: var(--global-body-font-family);\">Tepis recevant les b\u00e9n\u00e9dictions de leurs cr\u00e9ateurs<\/span><\/p>","protected":false},"excerpt":{"rendered":"<p>Kuripe en serpentine du P\u00e9rou. Taill\u00e9 dans un morceau massif de serpentine noire. Repr\u00e9sentant cinq animaux totem diff\u00e9rents, l'aigle, le jaguar, le condor, le hibou et le serpent.<\/p>\n<p>Dimensions :<br \/>\n9,5 cm, longueur totale<br \/>\nDiam\u00e8tre ext\u00e9rieur de 0,8 cm<\/p>","protected":false},"featured_media":1720,"template":"","meta":{"_seopress_robots_primary_cat":"none","_seopress_titles_title":"Serpentine Kuripe from Peru - Eagle, Jaguar, Condor, Owl","_seopress_titles_desc":"Serpentine Kuripe from Peru. Cut from a solid piece of black Serpentine stone. Representing five different totem animals, Eagle, Jaguar, Condor, Owl","_seopress_robots_index":"","_kad_blocks_custom_css":"","_kad_blocks_head_custom_js":"","_kad_blocks_body_custom_js":"","_kad_blocks_footer_custom_js":"","_kad_post_transparent":"default","_kad_post_title":"","_kad_post_layout":"default","_kad_post_sidebar_id":"","_kad_post_content_style":"default","_kad_post_vertical_padding":"default","_kad_post_feature":"","_kad_post_feature_position":"","_kad_post_header":false,"_kad_post_footer":false,"_kad_post_classname":""},"product_brand":[],"product_cat":[67,128],"product_tag":[75],"class_list":{"0":"post-1713","1":"product","2":"type-product","3":"status-publish","4":"has-post-thumbnail","6":"product_cat-kuripe","7":"product_cat-new","8":"product_tag-kuripe","10":"first","11":"instock","12":"taxable","13":"shipping-taxable","14":"purchasable","15":"product-type-variable","16":"entry","17":"content-bg","18":"loop-entry"},"taxonomy_info":{"product_cat":[{"value":67,"label":"Kuripe"},{"value":128,"label":"New"}],"product_tag":[{"value":75,"label":"Kuripe"}]},"featured_image_src_large":["https:\/\/orisha-ossain.com\/wp-content\/uploads\/2023\/08\/st03.jpg",800,548,false],"author_info":[],"comment_info":"","_links":{"self":[{"href":"https:\/\/orisha-ossain.com\/fr\/wp-json\/wp\/v2\/product\/1713","targetHints":{"allow":["GET"]}}],"collection":[{"href":"https:\/\/orisha-ossain.com\/fr\/wp-json\/wp\/v2\/product"}],"about":[{"href":"https:\/\/orisha-ossain.com\/fr\/wp-json\/wp\/v2\/types\/product"}],"wp:featuredmedia":[{"embeddable":true,"href":"https:\/\/orisha-ossain.com\/fr\/wp-json\/wp\/v2\/media\/1720"}],"wp:attachment":[{"href":"https:\/\/orisha-ossain.com\/fr\/wp-json\/wp\/v2\/media?parent=1713"}],"wp:term":[{"taxonomy":"product_brand","embeddable":true,"href":"https:\/\/orisha-ossain.com\/fr\/wp-json\/wp\/v2\/product_brand?post=1713"},{"taxonomy":"product_cat","embeddable":true,"href":"https:\/\/orisha-ossain.com\/fr\/wp-json\/wp\/v2\/product_cat?post=1713"},{"taxonomy":"product_tag","embeddable":true,"href":"https:\/\/orisha-ossain.com\/fr\/wp-json\/wp\/v2\/product_tag?post=1713"}],"curies":[{"name":"wp","href":"https:\/\/api.w.org\/{rel}","templated":true}]}}