{"id":1637,"date":"2023-09-30T12:17:33","date_gmt":"2023-09-30T10:17:33","guid":{"rendered":"http:\/\/orisha-ossain.com\/?post_type=product&#038;p=1637"},"modified":"2023-09-30T12:17:33","modified_gmt":"2023-09-30T10:17:33","slug":"clear-hojari-frankincense","status":"publish","type":"product","link":"https:\/\/orisha-ossain.com\/fr\/product\/clear-hojari-frankincense\/","title":{"rendered":"Encens Hojari clair"},"content":{"rendered":"<h2>Encens Hojari clair<\/h2>\n<p>La r\u00e9sine d'encens Clear Hojari est la deuxi\u00e8me cat\u00e9gorie d'encens la plus \u00e9lev\u00e9e d'Oman. Il s'agit d'une r\u00e9sine d'encens connue pour ses propri\u00e9t\u00e9s m\u00e9dicinales et spirituelles.<br \/>\nSa fine odeur balsamique et l\u00e9g\u00e8rement citronn\u00e9e est en effet une exp\u00e9rience particuli\u00e8re et diff\u00e8re consid\u00e9rablement de ce que je connais de l'encens que j'ai l'habitude d'utiliser. On dit \u00e9galement que l'hojari vert a un effet relaxant et favorise la concentration.<\/p>\n<p><a href=\"http:\/\/orisha-ossain.com\/wp-content\/uploads\/2023\/08\/ghj01.jpg\"><img decoding=\"async\" class=\"size-medium wp-image-1498 alignright\" src=\"http:\/\/orisha-ossain.com\/wp-content\/uploads\/2023\/08\/ghj01-300x273.jpg\" alt=\"hojari royal vert\" width=\"300\" height=\"273\" srcset=\"https:\/\/orisha-ossain.com\/wp-content\/uploads\/2023\/08\/ghj01-300x273.jpg 300w, https:\/\/orisha-ossain.com\/wp-content\/uploads\/2023\/08\/ghj01-1024x933.jpg 1024w, https:\/\/orisha-ossain.com\/wp-content\/uploads\/2023\/08\/ghj01-768x700.jpg 768w, https:\/\/orisha-ossain.com\/wp-content\/uploads\/2023\/08\/ghj01-1536x1399.jpg 1536w, https:\/\/orisha-ossain.com\/wp-content\/uploads\/2023\/08\/ghj01-2048x1866.jpg 2048w\" sizes=\"(max-width: 300px) 100vw, 300px\" \/><\/a><\/p>\n<p>L'encens clair Hojari est br\u00fbl\u00e9 lors d'occasions sp\u00e9ciales pour la relaxation profonde et la m\u00e9ditation. Il d\u00e9gage un ar\u00f4me d\u00e9licat d'agrumes, des notes rafra\u00eechissantes de conif\u00e8res et de menthe, clarifiant les pens\u00e9es et \u00e9levant l'esprit. Traditionnellement, cette r\u00e9sine de haute qualit\u00e9 est utilis\u00e9e par les habitants d'Oman depuis des milliers d'ann\u00e9es dans la m\u00e9decine populaire, principalement sous forme de gomme \u00e0 m\u00e2cher. Selon eux, la r\u00e9sine d'encens renforce les dents et les gencives, aide \u00e0 la digestion, donne une odeur fra\u00eeche et agr\u00e9able et absorbe toutes les propri\u00e9t\u00e9s harmonisantes de l'encens.<\/p>\n<h2><\/h2>\n<h2>Encens Royal Hojari<\/h2>\n<p>Depuis l'Antiquit\u00e9, le meilleur encens fran\u00e7ais du monde provient du sud d'Oman, \u00e0 la fronti\u00e8re du Y\u00e9men. C'est de l\u00e0 que partait la c\u00e9l\u00e8bre route de l'encens. Cet encens balsamique tr\u00e8s fin et traditionnel des monts Dhofar lib\u00e8re des ar\u00f4mes intenses gr\u00e2ce \u00e0 sa teneur \u00e9lev\u00e9e en huiles essentielles.<\/p>\n<p>Cet encens de haute qualit\u00e9 Royal Hojari est produit dans les meilleures conditions de culture d'encens au monde. Cet encens de haute qualit\u00e9 se d\u00e9cline en diff\u00e9rents niveaux de qualit\u00e9. Ses couleurs varient du blanch\u00e2tre au jaune, en passant par l'ambre et diverses nuances de brun.<\/p>\n<p><a href=\"http:\/\/orisha-ossain.com\/wp-content\/uploads\/2023\/07\/hojari-on-table.png\"><img decoding=\"async\" class=\"size-medium wp-image-1020 alignright\" src=\"http:\/\/orisha-ossain.com\/wp-content\/uploads\/2023\/07\/hojari-on-table-300x227.png\" alt=\"\" width=\"300\" height=\"227\" srcset=\"https:\/\/orisha-ossain.com\/wp-content\/uploads\/2023\/07\/hojari-on-table-300x227.png 300w, https:\/\/orisha-ossain.com\/wp-content\/uploads\/2023\/07\/hojari-on-table-1024x776.png 1024w, https:\/\/orisha-ossain.com\/wp-content\/uploads\/2023\/07\/hojari-on-table-768x582.png 768w, https:\/\/orisha-ossain.com\/wp-content\/uploads\/2023\/07\/hojari-on-table-1536x1164.png 1536w, https:\/\/orisha-ossain.com\/wp-content\/uploads\/2023\/07\/hojari-on-table-2048x1552.png 2048w\" sizes=\"(max-width: 300px) 100vw, 300px\" \/><\/a><\/p>\n<p>Les pi\u00e8ces encore plus exotiques et rares de couleur blanc-vert-gris ou blanc pur sont souvent compl\u00e8tement achet\u00e9es par les n\u00e9gociants arabes, de sorte qu'il est assez rare de trouver en Occident ces encens de la plus haute qualit\u00e9. J'ai la chance d'avoir un contact qui me l'exporte directement d'Oman.<\/p>\n<p>Depuis des si\u00e8cles, l'encens est utilis\u00e9 pour la cons\u00e9cration, la b\u00e9n\u00e9diction, la purification et la protection. Le parfum de Royal Hojari est doux et lourd et cr\u00e9e une atmosph\u00e8re de clart\u00e9, de puret\u00e9 et de tranquillit\u00e9. Il est \u00e0 la fois stimulant et relaxant. La fum\u00e9e dissipe \u00e9galement l'\u00e9nergie n\u00e9gative entre les personnes pr\u00e9sentes dans une pi\u00e8ce.<\/p>\n<h2>Royal Hojari Histoire et utilisations<\/h2>\n<p>L'encens Hojari est consid\u00e9r\u00e9 comme le meilleur encens au monde et son utilisation historique remonte \u00e0 des mill\u00e9naires. On dit que l'un des trois rois de l'histoire chr\u00e9tienne de No\u00ebl est venu d'Oman \u00e0 Bethl\u00e9em et a apport\u00e9 de l'encens en guise de cadeau pr\u00e9cieux.<\/p>\n<p>L'encens Hojari est utilis\u00e9 lors d'occasions sociales, dans la fabrication de m\u00e9dicaments, de fragrances, de poudres, de parfums et de bougies, ainsi que dans les lieux de culte du monde entier. \u00c0 Oman, la fum\u00e9e est utilis\u00e9e pour parfumer les v\u00eatements et d\u00e9sinfecter. Elle est m\u00e2ch\u00e9e pour rafra\u00eechir l'haleine et pr\u00e9venir les rhumes, et elle est bonne pour la digestion.<\/p>\n<p><span lang=\"en-US\">F<\/span><span lang=\"en-US\">L'encens relie les villes omanaises\u00a0<\/span><span lang=\"en-US\">vie<\/span><span lang=\"en-US\">\u00a0\u00e0 leur patrimoine, \u00e0 la nature et \u00e0 la vie spirituelle. A l'occasion de la\u00a0<em>Sultan Qaboos<\/em> La Grande Mosqu\u00e9e, l'encens de haute qualit\u00e9 br\u00fble dans l'installation de climatisation souterraine, et l'encens de haute qualit\u00e9 br\u00fble dans l'installation de climatisation souterraine.\u00a0<\/span><span lang=\"en-US\">Son odeur flotte sur les \u00e9tag\u00e8res contenant les corans et dans la salle des hommes qui peut accueillir six mille fid\u00e8les.<\/span><\/p>\n<p>\"Sentir bon dans la mosqu\u00e9e est un signe de respect pour sa religion et son prochain\".<br \/>\n<span lang=\"en-US\">\"Il<\/span><span lang=\"en-US\">\u00a0pr\u00e9pare votre petite \u00e2me \u00e0 rencontrer la grande \u00e2me\".\u00a0<\/span><\/p>\n<p><a href=\"http:\/\/orisha-ossain.com\/wp-content\/uploads\/2023\/07\/incense-01.png\"><img decoding=\"async\" class=\"aligncenter wp-image-819 size-full\" src=\"http:\/\/orisha-ossain.com\/wp-content\/uploads\/2023\/07\/incense-01.png\" alt=\"\" width=\"800\" height=\"554\" srcset=\"https:\/\/orisha-ossain.com\/wp-content\/uploads\/2023\/07\/incense-01.png 800w, https:\/\/orisha-ossain.com\/wp-content\/uploads\/2023\/07\/incense-01-300x208.png 300w, https:\/\/orisha-ossain.com\/wp-content\/uploads\/2023\/07\/incense-01-768x532.png 768w\" sizes=\"(max-width: 800px) 100vw, 800px\" \/><\/a><\/p>\n<p>Sa fine odeur balsamique et l\u00e9g\u00e8rement citronn\u00e9e, lorsque l'encens est une exp\u00e9rience, diff\u00e8re sensiblement de ce que l'on conna\u00eet g\u00e9n\u00e9ralement de la liturgie chr\u00e9tienne aujourd'hui. On lui attribue \u00e9galement un effet relaxant et favorisant la concentration.<\/p>\n<h2>L'arbre Boswellia Sacra<\/h2>\n<p>Boswellia sacra (ou encens et oliban) est un arbre de la famille des Burseraceae, qui est l'arbre principal du genre\u00a0<i>Boswellia<\/i> d'o\u00f9 l'on r\u00e9colte l'encens (une s\u00e8ve r\u00e9sineuse s\u00e9ch\u00e9e).<\/p>\n<p>L'arbre rustique Boswellia sacra prosp\u00e8re sur le terrain inhospitalier de la province m\u00e9ridionale d'Oman, le Dhofar. La valeur de la r\u00e9sine d'encens est d\u00e9termin\u00e9e par sa couleur, la taille des touffes et la concentration en huile. La qualit\u00e9 la plus pr\u00e9cieuse, connue sous le nom de royal Hojari, provient d'une \u00e9troite ceinture de microclimats secs des montagnes du Dhofar, juste hors de port\u00e9e de la mousson d'\u00e9t\u00e9 qui recouvre de brume la pointe de la p\u00e9ninsule arabique.<\/p>\n<p><span lang=\"en-US\">Les <\/span><span lang=\"en-US\">Arbre Boswellia<i>,<\/i><\/span><span lang=\"en-US\">\u00a0qui produit le\u00a0<\/span><span lang=\"en-US\">r\u00e9sine d'encens\u00a0<\/span><span lang=\"en-US\">gomme, se trouve non seulement dans le sud de l'Europe, mais aussi dans le sud de l'Am\u00e9rique du Nord.\u00a0<\/span><span lang=\"en-US\">Arabie, mais aussi en Somalie et en Inde. Mais sur les quelque 25 esp\u00e8ces de <\/span><span lang=\"en-US\"><i>Boswellia,<\/i><\/span><span lang=\"en-US\">\u00a0l'encens le plus fin est celui dont on s'accorde g\u00e9n\u00e9ralement \u00e0 dire qu'il est\u00a0<\/span><span lang=\"en-US\"><i>Boswellia sacra,<\/i><\/span><span lang=\"en-US\">\u00a0qui pousse exclusivement dans le Dhofar et, dans une moindre mesure, dans les r\u00e9gions d'al-Mahrah et d'Hadhramaut au Y\u00e9men.<\/span><span lang=\"en-US\"><a href=\"http:\/\/orisha-ossain.com\/wp-content\/uploads\/2023\/07\/436498Image1.jpg\"><img decoding=\"async\" class=\"aligncenter wp-image-1018 size-large\" src=\"http:\/\/orisha-ossain.com\/wp-content\/uploads\/2023\/07\/436498Image1-1024x459.jpg\" alt=\"\" width=\"1024\" height=\"459\" srcset=\"https:\/\/orisha-ossain.com\/wp-content\/uploads\/2023\/07\/436498Image1-1024x459.jpg 1024w, https:\/\/orisha-ossain.com\/wp-content\/uploads\/2023\/07\/436498Image1-300x134.jpg 300w, https:\/\/orisha-ossain.com\/wp-content\/uploads\/2023\/07\/436498Image1-768x344.jpg 768w, https:\/\/orisha-ossain.com\/wp-content\/uploads\/2023\/07\/436498Image1.jpg 1500w\" sizes=\"(max-width: 1024px) 100vw, 1024px\" \/><\/a><\/span><\/p>\n<h2>R\u00e9colte de r\u00e9sine<\/h2>\n<p>La r\u00e9colte des arbres situ\u00e9s sur la plaine c\u00f4ti\u00e8re se fait de fin mars \u00e0 juin environ. Pour ceux situ\u00e9s derri\u00e8re la montagne du Dhofar (zone d\u00e9sertique), la r\u00e9colte de la r\u00e9sine se fait d'avril \u00e0 septembre. D\u00e8s que les temp\u00e9ratures commencent \u00e0 monter, les cueilleurs d'encens coupent les arbres de Boswellia \u00e0 l'aide d'un\u00a0<em>manqaf<\/em>\u00a0(outil traditionnel arabe ressemblant \u00e0 une faux miniature).<\/p>\n<p><a href=\"http:\/\/orisha-ossain.com\/wp-content\/uploads\/2023\/07\/manqaf-ae861e26.jpeg\"><img decoding=\"async\" class=\"size-medium wp-image-1015 aligncenter\" src=\"http:\/\/orisha-ossain.com\/wp-content\/uploads\/2023\/07\/manqaf-ae861e26-300x110.jpeg\" alt=\"\" width=\"300\" height=\"110\" srcset=\"https:\/\/orisha-ossain.com\/wp-content\/uploads\/2023\/07\/manqaf-ae861e26-300x110.jpeg 300w, https:\/\/orisha-ossain.com\/wp-content\/uploads\/2023\/07\/manqaf-ae861e26.jpeg 381w\" sizes=\"(max-width: 300px) 100vw, 300px\" \/><\/a><\/p>\n<p>La premi\u00e8re \"coupe\" est appel\u00e9e\u00a0<em>tawqii<\/em> et consiste \u00e0 enlever l'\u00e9corce ext\u00e9rieure des branches et du tronc. Cela fait suinter de l'arbre un liquide blanc laiteux qui se solidifie rapidement et est laiss\u00e9 dans cet \u00e9tat pendant environ 14 jours. La deuxi\u00e8me \"coupe\", appel\u00e9e \"encens blanc\", qui suit cette p\u00e9riode, produit une r\u00e9sine de qualit\u00e9 inf\u00e9rieure et la v\u00e9ritable r\u00e9colte commence deux semaines apr\u00e8s la deuxi\u00e8me \"coupe\". Avec cette troisi\u00e8me \"coupe\", l'arbre produit une r\u00e9sine d'encens de couleur jaun\u00e2tre. L'\"encens brun\" n'est r\u00e9colt\u00e9 que sur la plaine c\u00f4ti\u00e8re apr\u00e8s les incisions hivernales.<\/p>\n<p>Diff\u00e9rents types de r\u00e9sine se forment \u00e9galement sur un m\u00eame arbre et plus encore sur des arbres diff\u00e9rents.<br \/>\nCela d\u00e9pend :<\/p>\n<p><a href=\"http:\/\/orisha-ossain.com\/wp-content\/uploads\/2023\/07\/frank-ooze-01.jpg\"><img decoding=\"async\" class=\"alignright wp-image-1016\" src=\"http:\/\/orisha-ossain.com\/wp-content\/uploads\/2023\/07\/frank-ooze-01-1024x685.jpg\" alt=\"\" width=\"500\" height=\"334\" srcset=\"https:\/\/orisha-ossain.com\/wp-content\/uploads\/2023\/07\/frank-ooze-01-1024x685.jpg 1024w, https:\/\/orisha-ossain.com\/wp-content\/uploads\/2023\/07\/frank-ooze-01-300x201.jpg 300w, https:\/\/orisha-ossain.com\/wp-content\/uploads\/2023\/07\/frank-ooze-01-768x514.jpg 768w, https:\/\/orisha-ossain.com\/wp-content\/uploads\/2023\/07\/frank-ooze-01.jpg 1500w\" sizes=\"(max-width: 500px) 100vw, 500px\" \/><\/a><\/p>\n<ul>\n<li>\u00a0Emplacement de la blessure sur l'arbre<\/li>\n<li><span style=\"font-family: var(--global-body-font-family);\">\u00a0exposition au soleil<\/span><\/li>\n<li><span style=\"font-family: var(--global-body-font-family);\">\u00a0\u00c2ge de l'arbre<\/span><\/li>\n<li><span style=\"font-family: var(--global-body-font-family);\">\u00a0\u00c9l\u00e9ments nutritifs sur le site<\/span><\/li>\n<li><span style=\"font-family: var(--global-body-font-family);\">\u00a0Microclimat du site<\/span><\/li>\n<li><span style=\"font-family: var(--global-body-font-family);\">\u00a0Climat saisonnier, tel que l'humidit\u00e9 et la temp\u00e9rature<\/span><\/li>\n<li><span style=\"font-family: var(--global-body-font-family);\">\u00a0Inclusions dans la r\u00e9sine de sable, d'\u00e9corce<\/span><\/li>\n<li><span style=\"font-family: var(--global-body-font-family);\">\u00a0Taille des morceaux de r\u00e9sine en raison des diff\u00e9rents flux de r\u00e9sine<\/span><\/li>\n<li><span style=\"font-family: var(--global-body-font-family);\">\u00a0Certaines pi\u00e8ces en r\u00e9sine peuvent \u00e9galement tomber sur le sol et sont toujours collect\u00e9es.<\/span><\/li>\n<\/ul>\n<p>&nbsp;<\/p>\n<h2>Composition chimique<\/h2>\n<p>Ce sont quelques-uns des compos\u00e9s chimiques pr\u00e9sents dans l'encens :<\/p>\n<ul>\n<li lang=\"en-US\">R\u00e9sine acide (6%), soluble dans l'alcool et de formule C20H32O4<\/li>\n<li lang=\"en-US\">Gomme (similaire \u00e0 la gomme arabique) 30-36%<\/li>\n<li lang=\"en-US\">Acide 3-ac\u00e9tyl-b\u00eata-boswellique<\/li>\n<li lang=\"en-US\">Acide alpha-boswellique<\/li>\n<li lang=\"en-US\">Ac\u00e9tate d'incensole, C21H34O3<\/li>\n<li lang=\"en-US\">Phellandr\u00e8ne<\/li>\n<\/ul>\n<h2>Psychoactivit\u00e9 de l'encens<\/h2>\n<p>Il n'y a pas si longtemps (2008), la Federation of American Societies for Experimental Biology a publi\u00e9 ses conclusions pr\u00e9liminaires selon lesquelles l'inhalation d'encens br\u00fbl\u00e9 a des propri\u00e9t\u00e9s antid\u00e9pressives.<\/p>\n<p>Cette publication peut \u00eatre consult\u00e9e <a href=\"https:\/\/www.sciencedaily.com\/releases\/2008\/05\/080520110415.htm\">ici<\/a>.<\/p>\n<p>Un blog tr\u00e8s d\u00e9taill\u00e9 sur l'encens Hojai se trouve \u00e0 l'adresse suivante <a href=\"https:\/\/www.earthstoriez.com\/oman-myth-history-folklore-use-of-frankincense-hojari\/\">ici<\/a>.<\/p>\n<h2 style=\"text-align: center;\">Patrimoine mondial de l'UNESCO<\/h2>\n<p>L'encens est toujours un produit important \u00e0 Oman et est inscrit au patrimoine mondial de l'UNESCO depuis 2000. Pour plus d'informations sur ce sujet, voir <em><a href=\"https:\/\/whc.unesco.org\/en\/list\/1010\">ici<\/a><\/em><\/p>\n<p><b>L'encens offert ne doit \u00eatre utilis\u00e9 que pour \u00eatre br\u00fbl\u00e9. Il convient de souligner que les informations contenues dans la description concernant les effets de la fum\u00e9e ne sont pas \u00e9tay\u00e9es scientifiquement. Ces notes proviennent des coutumes traditionnelles des Omanais.<\/b><\/p>\n<p><strong>Il convient de demander l'avis d'un m\u00e9decin avant de l'utiliser \u00e0 des fins m\u00e9dicinales. L'acheteur est responsable de l'utilisation et du dosage appropri\u00e9s.<\/strong><\/p>","protected":false},"excerpt":{"rendered":"<p>Il s'agit d'un lot de Frankeninsence Hojari claire. Elle est consid\u00e9r\u00e9e comme \u00e9tant de grade II. Pi\u00e8ces de taille moyenne en r\u00e9sine Hojari d'aspect clair et translucide et de teinte verte.<\/p>","protected":false},"featured_media":1273,"template":"","meta":{"_seopress_robots_primary_cat":"none","_seopress_titles_title":"Clear Hojari Frankincense - Grade II - Oman&#039;s Finest for you","_seopress_titles_desc":"This is a batch of clear Hojari Frankeninsence. This is considered grade II. Medium-sized pieces of resin with clear translucent appearance\r\n","_seopress_robots_index":"","_kad_blocks_custom_css":"","_kad_blocks_head_custom_js":"","_kad_blocks_body_custom_js":"","_kad_blocks_footer_custom_js":"","_kad_post_transparent":"default","_kad_post_title":"","_kad_post_layout":"default","_kad_post_sidebar_id":"","_kad_post_content_style":"default","_kad_post_vertical_padding":"default","_kad_post_feature":"","_kad_post_feature_position":"","_kad_post_header":false,"_kad_post_footer":false,"_kad_post_classname":""},"product_brand":[],"product_cat":[101],"product_tag":[115,80],"class_list":{"0":"post-1637","1":"product","2":"type-product","3":"status-publish","4":"has-post-thumbnail","6":"product_cat-frankincense","7":"product_tag-frankinsence","8":"product_tag-oman","10":"first","11":"instock","12":"taxable","13":"shipping-taxable","14":"purchasable","15":"product-type-variable","16":"entry","17":"content-bg","18":"loop-entry"},"taxonomy_info":{"product_cat":[{"value":101,"label":"Frankincense"}],"product_tag":[{"value":115,"label":"Frankinsence"},{"value":80,"label":"Oman"}]},"featured_image_src_large":["https:\/\/orisha-ossain.com\/wp-content\/uploads\/2023\/08\/hbr001-1024x818.jpg",1024,818,true],"author_info":[],"comment_info":"","_links":{"self":[{"href":"https:\/\/orisha-ossain.com\/fr\/wp-json\/wp\/v2\/product\/1637","targetHints":{"allow":["GET"]}}],"collection":[{"href":"https:\/\/orisha-ossain.com\/fr\/wp-json\/wp\/v2\/product"}],"about":[{"href":"https:\/\/orisha-ossain.com\/fr\/wp-json\/wp\/v2\/types\/product"}],"wp:featuredmedia":[{"embeddable":true,"href":"https:\/\/orisha-ossain.com\/fr\/wp-json\/wp\/v2\/media\/1273"}],"wp:attachment":[{"href":"https:\/\/orisha-ossain.com\/fr\/wp-json\/wp\/v2\/media?parent=1637"}],"wp:term":[{"taxonomy":"product_brand","embeddable":true,"href":"https:\/\/orisha-ossain.com\/fr\/wp-json\/wp\/v2\/product_brand?post=1637"},{"taxonomy":"product_cat","embeddable":true,"href":"https:\/\/orisha-ossain.com\/fr\/wp-json\/wp\/v2\/product_cat?post=1637"},{"taxonomy":"product_tag","embeddable":true,"href":"https:\/\/orisha-ossain.com\/fr\/wp-json\/wp\/v2\/product_tag?post=1637"}],"curies":[{"name":"wp","href":"https:\/\/api.w.org\/{rel}","templated":true}]}}