{"id":1615,"date":"2023-08-19T18:14:13","date_gmt":"2023-08-19T16:14:13","guid":{"rendered":"http:\/\/orisha-ossain.com\/?post_type=product&#038;p=1615"},"modified":"2026-04-20T17:49:38","modified_gmt":"2026-04-20T15:49:38","slug":"big-tepi-bone","status":"publish","type":"product","link":"https:\/\/orisha-ossain.com\/fr\/product\/big-tepi-bone\/","title":{"rendered":"Grand os de Tepi"},"content":{"rendered":"<h2><a href=\"http:\/\/orisha-ossain.com\/wp-content\/uploads\/2023\/08\/fw1111.jpg\"><img decoding=\"async\" class=\"aligncenter wp-image-53025 size-full\" src=\"https:\/\/orisha-ossain.com\/wp-content\/uploads\/2026\/02\/sbbozw-011-1-scaled.jpg\" alt=\"\" width=\"1701\" height=\"2560\" srcset=\"https:\/\/orisha-ossain.com\/wp-content\/uploads\/2026\/02\/sbbozw-011-1-scaled.jpg 1701w, https:\/\/orisha-ossain.com\/wp-content\/uploads\/2026\/02\/sbbozw-011-1-199x300.jpg 199w, https:\/\/orisha-ossain.com\/wp-content\/uploads\/2026\/02\/sbbozw-011-1-680x1024.jpg 680w, https:\/\/orisha-ossain.com\/wp-content\/uploads\/2026\/02\/sbbozw-011-1-768x1156.jpg 768w, https:\/\/orisha-ossain.com\/wp-content\/uploads\/2026\/02\/sbbozw-011-1-1020x1536.jpg 1020w, https:\/\/orisha-ossain.com\/wp-content\/uploads\/2026\/02\/sbbozw-011-1-1361x2048.jpg 1361w, https:\/\/orisha-ossain.com\/wp-content\/uploads\/2026\/02\/sbbozw-011-1-8x12.jpg 8w\" sizes=\"(max-width: 1701px) 100vw, 1701px\" \/><\/a><\/h2>\n<h2 style=\"text-align: center;\">Tepi et <a href=\"http:\/\/orisha-ossain.com\/fr\/product-category\/tepi\/\">Kuripe<span style=\"font-size: 16px;\">\u00a0<\/span><\/a><\/h2>\n<p style=\"text-align: center;\">Jetez un coup d'\u0153il \u00e0 la collection de Tepi et Kuripe. Diff\u00e9rents styles de diff\u00e9rents artistes sont disponibles. <a style=\"font-weight: bold; font-family: var(--global-body-font-family);\" href=\"http:\/\/orisha-ossain.com\/wp-content\/uploads\/2023\/06\/Tepi-Blessings.jpg\"><img decoding=\"async\" class=\"wp-image-55 size-medium aligncenter\" src=\"http:\/\/orisha-ossain.com\/wp-content\/uploads\/2023\/06\/Tepi-Blessings-300x199.jpg\" alt=\"Tepis recevant les b\u00e9n\u00e9dictions de leurs cr\u00e9ateurs\" width=\"300\" height=\"199\" srcset=\"https:\/\/orisha-ossain.com\/wp-content\/uploads\/2023\/06\/Tepi-Blessings-300x199.jpg 300w, https:\/\/orisha-ossain.com\/wp-content\/uploads\/2023\/06\/Tepi-Blessings.jpg 640w\" sizes=\"(max-width: 300px) 100vw, 300px\" \/><\/a><span style=\"font-size: 14px; font-family: var(--global-body-font-family);\">Tepis recevant les b\u00e9n\u00e9dictions de leurs cr\u00e9ateurs<\/span><\/p>","protected":false},"excerpt":{"rendered":"<p>Grand Tepi avec des os tr\u00e8s propres. La qualit\u00e9 de fabrication de cette pi\u00e8ce est absolument remarquable. Ce Tepi d\u00e9livre un coup puissant.<\/p>\n<p>L'os de la bouche provient d'un tatou.<\/p>\n<p>Ce Tepi est fabriqu\u00e9 \u00e0 Acre, au Br\u00e9sil.<\/p>\n<p>Longueur : 40 cm<\/p>\n<p>&nbsp;<\/p>","protected":false},"featured_media":53026,"template":"","meta":{"_seopress_robots_primary_cat":"none","_seopress_titles_title":"","_seopress_titles_desc":"Big Tepi with very clean bones. The craftsmanship of this piece of absolutely great. This Tepi delivers a strong blow.\r\n\r\nThis Tepi is made in Acre, Brazil.","_seopress_robots_index":"","_kad_blocks_custom_css":"","_kad_blocks_head_custom_js":"","_kad_blocks_body_custom_js":"","_kad_blocks_footer_custom_js":"","_kad_post_transparent":"default","_kad_post_title":"","_kad_post_layout":"default","_kad_post_sidebar_id":"","_kad_post_content_style":"default","_kad_post_vertical_padding":"default","_kad_post_feature":"","_kad_post_feature_position":"","_kad_post_header":false,"_kad_post_footer":false,"_kad_post_classname":""},"product_brand":[],"product_cat":[128,66],"product_tag":[76],"class_list":{"0":"post-1615","1":"product","2":"type-product","3":"status-publish","4":"has-post-thumbnail","6":"product_cat-new","7":"product_cat-tepi","8":"product_tag-tepi","10":"first","11":"outofstock","12":"sale","13":"taxable","14":"shipping-taxable","15":"purchasable","16":"product-type-simple","17":"entry","18":"content-bg","19":"loop-entry"},"taxonomy_info":{"product_cat":[{"value":128,"label":"New"},{"value":66,"label":"Tepi"}],"product_tag":[{"value":76,"label":"Tepi"}]},"featured_image_src_large":["https:\/\/orisha-ossain.com\/wp-content\/uploads\/2026\/02\/sbbozw-1-1024x964.jpg",1024,964,true],"author_info":[],"comment_info":"","_links":{"self":[{"href":"https:\/\/orisha-ossain.com\/fr\/wp-json\/wp\/v2\/product\/1615","targetHints":{"allow":["GET"]}}],"collection":[{"href":"https:\/\/orisha-ossain.com\/fr\/wp-json\/wp\/v2\/product"}],"about":[{"href":"https:\/\/orisha-ossain.com\/fr\/wp-json\/wp\/v2\/types\/product"}],"wp:featuredmedia":[{"embeddable":true,"href":"https:\/\/orisha-ossain.com\/fr\/wp-json\/wp\/v2\/media\/53026"}],"wp:attachment":[{"href":"https:\/\/orisha-ossain.com\/fr\/wp-json\/wp\/v2\/media?parent=1615"}],"wp:term":[{"taxonomy":"product_brand","embeddable":true,"href":"https:\/\/orisha-ossain.com\/fr\/wp-json\/wp\/v2\/product_brand?post=1615"},{"taxonomy":"product_cat","embeddable":true,"href":"https:\/\/orisha-ossain.com\/fr\/wp-json\/wp\/v2\/product_cat?post=1615"},{"taxonomy":"product_tag","embeddable":true,"href":"https:\/\/orisha-ossain.com\/fr\/wp-json\/wp\/v2\/product_tag?post=1615"}],"curies":[{"name":"wp","href":"https:\/\/api.w.org\/{rel}","templated":true}]}}