{"id":1565,"date":"2023-08-19T11:13:27","date_gmt":"2023-08-19T09:13:27","guid":{"rendered":"http:\/\/orisha-ossain.com\/?post_type=product&#038;p=1565"},"modified":"2024-01-07T17:00:04","modified_gmt":"2024-01-07T16:00:04","slug":"painted-tepi","status":"publish","type":"product","link":"https:\/\/orisha-ossain.com\/fr\/product\/painted-tepi\/","title":{"rendered":"Tepi peint"},"content":{"rendered":"<p>Cette \u0153uvre d'art provient d'un ami br\u00e9silien de Sao Paulo. C'est un Br\u00e9silien ordinaire de la grande ville. Au fil des ans, il a d\u00e9velopp\u00e9 un style unique pour les Tepi et les kuripe qu'il fabrique. Il s'inspire de la nature, des animaux et de la spiritualit\u00e9 indienne. Ces pi\u00e8ces sont toutes uniques. Personnellement, je n'ai jamais vu ce style auparavant et je suis heureux de pr\u00e9senter le travail de mon ami dans ma boutique.<\/p>\n<p><a href=\"http:\/\/orisha-ossain.com\/wp-content\/uploads\/2023\/08\/20210108_224807-rotated-1.jpg\"><img decoding=\"async\" class=\"aligncenter wp-image-1598 size-full\" src=\"http:\/\/orisha-ossain.com\/wp-content\/uploads\/2023\/08\/20210108_224807-rotated-1.jpg\" alt=\"tepi peint\" width=\"600\" height=\"450\" \/><\/a><\/p>\n<p>Le bambou est utilis\u00e9 pour le tuyau lui-m\u00eame, mais aussi pour les diff\u00e9rentes structures et formes. Certaines pi\u00e8ces sont \u00e9galement enduites de porcelaine froide, puis fa\u00e7onn\u00e9es selon la forme souhait\u00e9e. Toutes les pi\u00e8ces sont tr\u00e8s d\u00e9taill\u00e9es. Elles sont d\u00e9cor\u00e9es avec de la peinture normale, mais aussi avec une peinture sp\u00e9ciale qui brille lorsqu'elle est expos\u00e9e \u00e0 la lumi\u00e8re noire. Au Br\u00e9sil, divers groupes organisent leurs c\u00e9r\u00e9monies dans l'obscurit\u00e9 et \u00e0 la lumi\u00e8re noire. C'est dans cette lumi\u00e8re que la magie suppl\u00e9mentaire de ses pi\u00e8ces se manifeste.<\/p>\n<p>&nbsp;<\/p>\n<figure id=\"attachment_1590\" aria-describedby=\"caption-attachment-1590\" style=\"width: 510px\" class=\"wp-caption aligncenter\"><a href=\"http:\/\/orisha-ossain.com\/wp-content\/uploads\/2023\/08\/blck.jpeg\"><img decoding=\"async\" class=\"wp-image-1590 size-full\" src=\"http:\/\/orisha-ossain.com\/wp-content\/uploads\/2023\/08\/blck.jpeg\" alt=\"fabricant de tepi peint\" width=\"510\" height=\"800\" srcset=\"https:\/\/orisha-ossain.com\/wp-content\/uploads\/2023\/08\/blck.jpeg 510w, https:\/\/orisha-ossain.com\/wp-content\/uploads\/2023\/08\/blck-191x300.jpeg 191w\" sizes=\"(max-width: 510px) 100vw, 510px\" \/><\/a><figcaption id=\"caption-attachment-1590\" class=\"wp-caption-text\">Mon ami artiste de Sao Paulo<\/figcaption><\/figure>\n<h2 style=\"text-align: center;\">Tepi et <a href=\"http:\/\/orisha-ossain.com\/fr\/product-category\/tepi\/\">Kuripe<span style=\"font-size: 16px;\">\u00a0<\/span><\/a><\/h2>\n<p style=\"text-align: center;\">Jetez un coup d'\u0153il \u00e0 la collection de Tepi et Kuripe. Diff\u00e9rents styles de diff\u00e9rents artistes sont disponibles. <a style=\"font-weight: bold; font-family: var(--global-body-font-family);\" href=\"http:\/\/orisha-ossain.com\/wp-content\/uploads\/2023\/06\/Tepi-Blessings.jpg\"><img decoding=\"async\" class=\"wp-image-55 size-medium aligncenter\" src=\"http:\/\/orisha-ossain.com\/wp-content\/uploads\/2023\/06\/Tepi-Blessings-300x199.jpg\" alt=\"Tepis recevant les b\u00e9n\u00e9dictions de leurs cr\u00e9ateurs\" width=\"300\" height=\"199\" srcset=\"https:\/\/orisha-ossain.com\/wp-content\/uploads\/2023\/06\/Tepi-Blessings-300x199.jpg 300w, https:\/\/orisha-ossain.com\/wp-content\/uploads\/2023\/06\/Tepi-Blessings.jpg 640w\" sizes=\"(max-width: 300px) 100vw, 300px\" \/><\/a><span style=\"font-size: 14px; font-family: var(--global-body-font-family);\">Tepis recevant les b\u00e9n\u00e9dictions de leurs cr\u00e9ateurs<\/span><\/p>","protected":false},"excerpt":{"rendered":"<p>La sir\u00e8ne de ce Tepi est remarquable !<br \/>\nQuelle belle \u0153uvre d'art !<\/p>","protected":false},"featured_media":0,"template":"","meta":{"_seopress_robots_primary_cat":"none","_seopress_titles_title":"","_seopress_titles_desc":"The mermaid on this painted Tepi is outstanding!\r\nWhat a great piece of art !","_seopress_robots_index":"yes","_kad_blocks_custom_css":"","_kad_blocks_head_custom_js":"","_kad_blocks_body_custom_js":"","_kad_blocks_footer_custom_js":"","_kad_post_transparent":"default","_kad_post_title":"","_kad_post_layout":"default","_kad_post_sidebar_id":"","_kad_post_content_style":"default","_kad_post_vertical_padding":"default","_kad_post_feature":"","_kad_post_feature_position":"","_kad_post_header":false,"_kad_post_footer":false,"_kad_post_classname":""},"product_brand":[],"product_cat":[66],"product_tag":[76],"class_list":{"0":"post-1565","1":"product","2":"type-product","3":"status-publish","5":"product_cat-tepi","6":"product_tag-tepi","8":"first","9":"outofstock","10":"taxable","11":"shipping-taxable","12":"purchasable","13":"product-type-simple","14":"entry","15":"content-bg","16":"loop-entry"},"taxonomy_info":{"product_cat":[{"value":66,"label":"Tepi"}],"product_tag":[{"value":76,"label":"Tepi"}]},"featured_image_src_large":false,"author_info":[],"comment_info":"","_links":{"self":[{"href":"https:\/\/orisha-ossain.com\/fr\/wp-json\/wp\/v2\/product\/1565","targetHints":{"allow":["GET"]}}],"collection":[{"href":"https:\/\/orisha-ossain.com\/fr\/wp-json\/wp\/v2\/product"}],"about":[{"href":"https:\/\/orisha-ossain.com\/fr\/wp-json\/wp\/v2\/types\/product"}],"wp:attachment":[{"href":"https:\/\/orisha-ossain.com\/fr\/wp-json\/wp\/v2\/media?parent=1565"}],"wp:term":[{"taxonomy":"product_brand","embeddable":true,"href":"https:\/\/orisha-ossain.com\/fr\/wp-json\/wp\/v2\/product_brand?post=1565"},{"taxonomy":"product_cat","embeddable":true,"href":"https:\/\/orisha-ossain.com\/fr\/wp-json\/wp\/v2\/product_cat?post=1565"},{"taxonomy":"product_tag","embeddable":true,"href":"https:\/\/orisha-ossain.com\/fr\/wp-json\/wp\/v2\/product_tag?post=1565"}],"curies":[{"name":"wp","href":"https:\/\/api.w.org\/{rel}","templated":true}]}}