{"id":1564,"date":"2023-08-19T11:12:49","date_gmt":"2023-08-19T09:12:49","guid":{"rendered":"http:\/\/orisha-ossain.com\/?post_type=product&#038;p=1564"},"modified":"2026-02-23T16:12:00","modified_gmt":"2026-02-23T15:12:00","slug":"painted-tepi-2","status":"publish","type":"product","link":"https:\/\/orisha-ossain.com\/fr\/product\/painted-tepi-2\/","title":{"rendered":"Tepi peint"},"content":{"rendered":"<p>Cette \u0153uvre d'art provient d'un ami br\u00e9silien de S\u00e3o Paulo. C'est un Br\u00e9silien ordinaire de la grande ville. Au fil des ans, il a d\u00e9velopp\u00e9 un style unique pour le Tepi et le kuripe qu'il fabrique. Il s'inspire de la nature, des animaux et de la spiritualit\u00e9 indienne. Ces pi\u00e8ces sont toutes uniques. Personnellement, je n'ai jamais vu ce style auparavant et je suis heureux de pr\u00e9senter le travail de mon ami dans ma boutique.<\/p>\n<p><img decoding=\"async\" class=\"aligncenter wp-image-53066 size-full\" src=\"https:\/\/orisha-ossain.com\/wp-content\/uploads\/2026\/02\/tb000001.jpg\" alt=\"\" width=\"1884\" height=\"2432\" srcset=\"https:\/\/orisha-ossain.com\/wp-content\/uploads\/2026\/02\/tb000001.jpg 1884w, https:\/\/orisha-ossain.com\/wp-content\/uploads\/2026\/02\/tb000001-232x300.jpg 232w, https:\/\/orisha-ossain.com\/wp-content\/uploads\/2026\/02\/tb000001-793x1024.jpg 793w, https:\/\/orisha-ossain.com\/wp-content\/uploads\/2026\/02\/tb000001-768x991.jpg 768w, https:\/\/orisha-ossain.com\/wp-content\/uploads\/2026\/02\/tb000001-1190x1536.jpg 1190w, https:\/\/orisha-ossain.com\/wp-content\/uploads\/2026\/02\/tb000001-1587x2048.jpg 1587w, https:\/\/orisha-ossain.com\/wp-content\/uploads\/2026\/02\/tb000001-9x12.jpg 9w\" sizes=\"(max-width: 1884px) 100vw, 1884px\" \/><\/p>\n<p>&nbsp;<\/p>\n<p>Le bambou est utilis\u00e9 pour le tuyau lui-m\u00eame, mais aussi pour les diff\u00e9rentes structures, formes et formes. Certaines pi\u00e8ces sont \u00e9galement enduites de porcelaine froide, puis fa\u00e7onn\u00e9es selon la forme souhait\u00e9e. Toutes les pi\u00e8ces sont tr\u00e8s d\u00e9taill\u00e9es. Elles sont d\u00e9cor\u00e9es avec de la peinture normale, mais aussi avec une peinture sp\u00e9ciale qui brille lorsqu'elle est expos\u00e9e \u00e0 la lumi\u00e8re noire. Au Br\u00e9sil, plusieurs groupes c\u00e9l\u00e8brent leurs c\u00e9r\u00e9monies dans l'obscurit\u00e9, combin\u00e9e \u00e0 la lumi\u00e8re noire. C'est \u00e0 cette lumi\u00e8re que la magie suppl\u00e9mentaire de ses pi\u00e8ces se manifeste.<\/p>\n<p>&nbsp;<\/p>\n<figure id=\"attachment_1590\" aria-describedby=\"caption-attachment-1590\" style=\"width: 510px\" class=\"wp-caption aligncenter\"><a href=\"http:\/\/orisha-ossain.com\/wp-content\/uploads\/2023\/08\/blck.jpeg\"><img decoding=\"async\" class=\"wp-image-1590 size-full\" src=\"http:\/\/orisha-ossain.com\/wp-content\/uploads\/2023\/08\/blck.jpeg\" alt=\"\" width=\"510\" height=\"800\" srcset=\"https:\/\/orisha-ossain.com\/wp-content\/uploads\/2023\/08\/blck.jpeg 510w, https:\/\/orisha-ossain.com\/wp-content\/uploads\/2023\/08\/blck-191x300.jpeg 191w\" sizes=\"(max-width: 510px) 100vw, 510px\" \/><\/a><figcaption id=\"caption-attachment-1590\" class=\"wp-caption-text\">Mon ami artiste de Sao Paulo<\/figcaption><\/figure>\n<h2 style=\"text-align: center;\">Tepi et <a href=\"http:\/\/orisha-ossain.com\/fr\/product-category\/tepi\/\">Kuripe<span style=\"font-size: 16px;\">\u00a0<\/span><\/a><\/h2>\n<p style=\"text-align: center;\">Jetez un coup d'\u0153il \u00e0 la collection de Tepi et Kuripe. Diff\u00e9rents styles de diff\u00e9rents artistes sont disponibles. <a style=\"font-weight: bold; font-family: var(--global-body-font-family);\" href=\"http:\/\/orisha-ossain.com\/wp-content\/uploads\/2023\/06\/Tepi-Blessings.jpg\"><img decoding=\"async\" class=\"wp-image-55 size-medium aligncenter\" src=\"http:\/\/orisha-ossain.com\/wp-content\/uploads\/2023\/06\/Tepi-Blessings-300x199.jpg\" alt=\"Tepis recevant les b\u00e9n\u00e9dictions de leurs cr\u00e9ateurs\" width=\"300\" height=\"199\" srcset=\"https:\/\/orisha-ossain.com\/wp-content\/uploads\/2023\/06\/Tepi-Blessings-300x199.jpg 300w, https:\/\/orisha-ossain.com\/wp-content\/uploads\/2023\/06\/Tepi-Blessings.jpg 640w\" sizes=\"(max-width: 300px) 100vw, 300px\" \/><\/a><span style=\"font-size: 14px; font-family: var(--global-body-font-family);\">Tepis recevant les b\u00e9n\u00e9dictions de leurs cr\u00e9ateurs<\/span><\/p>","protected":false},"excerpt":{"rendered":"<p>Tepi s'inspire d'un esprit f\u00e9minin de la for\u00eat<br \/>\nTrait\u00e9e avec la peinture incandescente \u00e0 la lumi\u00e8re noire.<\/p>","protected":false},"featured_media":53070,"template":"","meta":{"_seopress_robots_primary_cat":"none","_seopress_titles_title":"","_seopress_titles_desc":"","_seopress_robots_index":"yes","_kad_blocks_custom_css":"","_kad_blocks_head_custom_js":"","_kad_blocks_body_custom_js":"","_kad_blocks_footer_custom_js":"","_kad_post_transparent":"default","_kad_post_title":"","_kad_post_layout":"default","_kad_post_sidebar_id":"","_kad_post_content_style":"default","_kad_post_vertical_padding":"default","_kad_post_feature":"","_kad_post_feature_position":"","_kad_post_header":false,"_kad_post_footer":false,"_kad_post_classname":""},"product_brand":[],"product_cat":[66],"product_tag":[76],"class_list":{"0":"post-1564","1":"product","2":"type-product","3":"status-publish","4":"has-post-thumbnail","6":"product_cat-tepi","7":"product_tag-tepi","9":"first","10":"outofstock","11":"taxable","12":"shipping-taxable","13":"purchasable","14":"product-type-simple","15":"entry","16":"content-bg","17":"loop-entry"},"taxonomy_info":{"product_cat":[{"value":66,"label":"Tepi"}],"product_tag":[{"value":76,"label":"Tepi"}]},"featured_image_src_large":["https:\/\/orisha-ossain.com\/wp-content\/uploads\/2026\/02\/TB01-788x1024.jpg",788,1024,true],"author_info":[],"comment_info":"","_links":{"self":[{"href":"https:\/\/orisha-ossain.com\/fr\/wp-json\/wp\/v2\/product\/1564","targetHints":{"allow":["GET"]}}],"collection":[{"href":"https:\/\/orisha-ossain.com\/fr\/wp-json\/wp\/v2\/product"}],"about":[{"href":"https:\/\/orisha-ossain.com\/fr\/wp-json\/wp\/v2\/types\/product"}],"wp:featuredmedia":[{"embeddable":true,"href":"https:\/\/orisha-ossain.com\/fr\/wp-json\/wp\/v2\/media\/53070"}],"wp:attachment":[{"href":"https:\/\/orisha-ossain.com\/fr\/wp-json\/wp\/v2\/media?parent=1564"}],"wp:term":[{"taxonomy":"product_brand","embeddable":true,"href":"https:\/\/orisha-ossain.com\/fr\/wp-json\/wp\/v2\/product_brand?post=1564"},{"taxonomy":"product_cat","embeddable":true,"href":"https:\/\/orisha-ossain.com\/fr\/wp-json\/wp\/v2\/product_cat?post=1564"},{"taxonomy":"product_tag","embeddable":true,"href":"https:\/\/orisha-ossain.com\/fr\/wp-json\/wp\/v2\/product_tag?post=1564"}],"curies":[{"name":"wp","href":"https:\/\/api.w.org\/{rel}","templated":true}]}}