{"id":1504,"date":"2023-08-17T17:33:10","date_gmt":"2023-08-17T15:33:10","guid":{"rendered":"http:\/\/orisha-ossain.com\/?post_type=product&#038;p=1504"},"modified":"2024-11-05T22:41:52","modified_gmt":"2024-11-05T21:41:52","slug":"myrrh-kua-resin","status":"publish","type":"product","link":"https:\/\/orisha-ossain.com\/fr\/product\/myrrh-kua-resin\/","title":{"rendered":"Myrrhe Kua R\u00e9sine"},"content":{"rendered":"<h2>Myrrhe Kua R\u00e9sine<\/h2>\n<p>Il s'agit d'un type de Mhyyr provenant du Y\u00e9men. Plus pr\u00e9cis\u00e9ment, il provient de l'\u00eele isol\u00e9e de Socrota, au bord du golfe d'Aden. La r\u00e9sine de Myrrhe Kua a un aspect translucide. Cette r\u00e9sine est unique, avec un m\u00e9lange complexe de notes sucr\u00e9es, ambr\u00e9es et terreuses qui cr\u00e9ent une exp\u00e9rience aromatique inoubliable.<\/p>\n<p><a href=\"http:\/\/orisha-ossain.com\/wp-content\/uploads\/2023\/08\/Kua01.jpg\"><img decoding=\"async\" class=\"aligncenter wp-image-1630 size-full\" src=\"http:\/\/orisha-ossain.com\/wp-content\/uploads\/2023\/08\/Kua01.jpg\" alt=\"Myrrhe Kua r\u00e9sine Commiphora Kua\" width=\"794\" height=\"526\" srcset=\"https:\/\/orisha-ossain.com\/wp-content\/uploads\/2023\/08\/Kua01.jpg 794w, https:\/\/orisha-ossain.com\/wp-content\/uploads\/2023\/08\/Kua01-300x199.jpg 300w, https:\/\/orisha-ossain.com\/wp-content\/uploads\/2023\/08\/Kua01-768x509.jpg 768w\" sizes=\"(max-width: 794px) 100vw, 794px\" \/><\/a><\/p>\n<h2>Commiphora Kua<\/h2>\n<p><span class=\"jCAhz ChMk0b\"><span class=\"ryNqvb\">Commiphora kua est une esp\u00e8ce v\u00e9g\u00e9tale appartenant \u00e0 la famille des Burseraceae.<\/span><\/span> <span class=\"jCAhz ChMk0b\"><span class=\"ryNqvb\">Il s'agit d'un arbuste ou d'un petit arbre \u00e0 l'\u00e9corce lisse et aux branches souvent \u00e9pineuses.<br \/>\n<\/span><\/span>L'arbre se trouve en Afrique de l'Est, de l'\u00c9rythr\u00e9e \u00e0 la Zambie, et dans la partie sud de la p\u00e9ninsule arabique. L'arbuste pousse dans des zones plus s\u00e8ches au climat (sub)tropical, principalement en groupes d'arbustes le long des rives des lacs et au milieu des sous-bois et des for\u00eats.<br \/>\n<a style=\"font-weight: bold; font-family: var(--global-body-font-family);\" href=\"http:\/\/orisha-ossain.com\/wp-content\/uploads\/2023\/08\/kua.jpg\"><img decoding=\"async\" class=\"alignnone wp-image-1515 size-full\" src=\"http:\/\/orisha-ossain.com\/wp-content\/uploads\/2023\/08\/kua.jpg\" alt=\"Myrrhe Kua r\u00e9sine Commiphora Kua\" width=\"1000\" height=\"645\" srcset=\"https:\/\/orisha-ossain.com\/wp-content\/uploads\/2023\/08\/kua.jpg 1000w, https:\/\/orisha-ossain.com\/wp-content\/uploads\/2023\/08\/kua-300x194.jpg 300w, https:\/\/orisha-ossain.com\/wp-content\/uploads\/2023\/08\/kua-768x495.jpg 768w\" sizes=\"(max-width: 1000px) 100vw, 1000px\" \/><\/a><span style=\"font-size: 14px; font-family: var(--global-body-font-family);\">Commiphora Kua arbre<\/span><\/p>\n<p><span style=\"font-family: inherit; font-size: 20px; font-weight: bold;\">Myrrhe du Y\u00e9men.<\/span><\/p>\n<p>La myrrhe que je propose provient du Y\u00e9men. Il est commun\u00e9ment admis que la meilleure qualit\u00e9 de myrrhe provient de l'\u00eele de Socrota et du sud-est du Y\u00e9men. Les morceaux de r\u00e9sine sont de couleur brun rouge\u00e2tre et le parfum est tr\u00e8s intense et propre.<\/p>\n<p><a href=\"http:\/\/orisha-ossain.com\/wp-content\/uploads\/2023\/08\/mrtrs0001-scaled.jpg\"><img decoding=\"async\" class=\"aligncenter wp-image-1500 size-medium\" src=\"http:\/\/orisha-ossain.com\/wp-content\/uploads\/2023\/08\/mrtrs0001-277x300.jpg\" alt=\"R\u00e9sine de myrrhe Kua sur un br\u00fbleur d&#039;encens Commiphora Kua\" width=\"277\" height=\"300\" srcset=\"https:\/\/orisha-ossain.com\/wp-content\/uploads\/2023\/08\/mrtrs0001-277x300.jpg 277w, https:\/\/orisha-ossain.com\/wp-content\/uploads\/2023\/08\/mrtrs0001-946x1024.jpg 946w, https:\/\/orisha-ossain.com\/wp-content\/uploads\/2023\/08\/mrtrs0001-768x831.jpg 768w, https:\/\/orisha-ossain.com\/wp-content\/uploads\/2023\/08\/mrtrs0001-1419x1536.jpg 1419w, https:\/\/orisha-ossain.com\/wp-content\/uploads\/2023\/08\/mrtrs0001-1893x2048.jpg 1893w\" sizes=\"(max-width: 277px) 100vw, 277px\" \/><\/a><\/p>\n<h2>R\u00e9sine de myrrhe<\/h2>\n<p>La myrrhe est la r\u00e9sine extraite de l'arbre Commiphora myrrha. La r\u00e9sine rouge\u00e2tre se forme dans l'\u00e9corce de la plante. Le processus d'extraction consiste \u00e0 couper la plante dans le sens de la longueur pour en extraire l'\u00e9corce, d'o\u00f9 suinte la gomme. Le liquide s'\u00e9coule et s\u00e8che en formant une substance dure en forme de goutte. Le processus prend au moins 14 jours. Cependant, l'arbre est entaill\u00e9 trois fois cons\u00e9cutives \u00e0 deux semaines d'intervalle. Le tapotement constant augmente la quantit\u00e9 de r\u00e9sine produite, car l'arbre essaie de combattre les infections qui se produisent \u00e0 la suite des blessures inflig\u00e9es.<\/p>\n<p><a href=\"http:\/\/orisha-ossain.com\/wp-content\/uploads\/2023\/07\/Weihrauch.jpg\"><img decoding=\"async\" class=\"wp-image-814 size-medium aligncenter\" src=\"http:\/\/orisha-ossain.com\/wp-content\/uploads\/2023\/07\/Weihrauch-279x300.jpg\" alt=\"Myrrhe br\u00fblant sur un charbon\" width=\"279\" height=\"300\" srcset=\"https:\/\/orisha-ossain.com\/wp-content\/uploads\/2023\/07\/Weihrauch-279x300.jpg 279w, https:\/\/orisha-ossain.com\/wp-content\/uploads\/2023\/07\/Weihrauch-952x1024.jpg 952w, https:\/\/orisha-ossain.com\/wp-content\/uploads\/2023\/07\/Weihrauch-768x827.jpg 768w, https:\/\/orisha-ossain.com\/wp-content\/uploads\/2023\/07\/Weihrauch-1427x1536.jpg 1427w, https:\/\/orisha-ossain.com\/wp-content\/uploads\/2023\/07\/Weihrauch.jpg 1536w\" sizes=\"(max-width: 279px) 100vw, 279px\" \/><\/a><\/p>\n<h2>Utilisations<\/h2>\n<p>L'utilisation de la myrrhe est profond\u00e9ment li\u00e9e \u00e0 la religion. D'un point de vue biblique, elle fait partie des cadeaux offerts \u00e0 l'enfant J\u00e9sus \u00e0 sa naissance par les trois rois mages. Cela montre \u00e0 quel point ce produit est pr\u00e9cieux depuis l'Antiquit\u00e9.<br \/>\nCe produit est \u00e9galement utilis\u00e9 dans la fabrication de parfums et d'autres produits cosm\u00e9tiques. Le produit a un ar\u00f4me doux et il est essentiel dans la production d'ar\u00f4mes complexes.<\/p>\n<h2>Quelle est l'odeur de la myrrhe ?<\/h2>\n<p>L'odeur bois\u00e9e de la myrrhe est tr\u00e8s distincte<strong>.<\/strong>\u00a0Il s'agit d'un bois tr\u00e8s aromatique (semblable \u00e0 d'autres bois aromatiques comme le santal). Son ar\u00f4me est complexe et souvent associ\u00e9 \u00e0 des rites religieux. Par cons\u00e9quent, la myrrhe est \u00e9galement utilis\u00e9e en aromath\u00e9rapie dans les bougies ou en parfumerie pour donner une odeur aromatique aux parfums. Son ar\u00f4me est parfois utilis\u00e9 pour parfumer divers plats traditionnels.<\/p>\n<h2>Myhhr Grades de qualit\u00e9<\/h2>\n<p>La myrrhe de meilleure qualit\u00e9 provient de Commiphora myrrha. Il existe cependant d'autres arbres produisant de la myrrhe, tels que <span class=\"jCAhz ChMk0b\"><span class=\"ryNqvb\">Commiphora kua, <\/span><\/span>Commiphora serrulata, Commiphora payfairii, Commiphora foliacea, Commiphora erythraea, Commiphora guidotti, Commiphora holiziana, Commiphora habessinica, entre autres.<\/p>\n<p><a href=\"http:\/\/orisha-ossain.com\/wp-content\/uploads\/2023\/07\/frankincense.harvesting.jpg\"><img decoding=\"async\" class=\"aligncenter wp-image-1063 size-full\" src=\"http:\/\/orisha-ossain.com\/wp-content\/uploads\/2023\/07\/frankincense.harvesting.jpg\" alt=\"\" width=\"939\" height=\"532\" srcset=\"https:\/\/orisha-ossain.com\/wp-content\/uploads\/2023\/07\/frankincense.harvesting.jpg 939w, https:\/\/orisha-ossain.com\/wp-content\/uploads\/2023\/07\/frankincense.harvesting-300x170.jpg 300w, https:\/\/orisha-ossain.com\/wp-content\/uploads\/2023\/07\/frankincense.harvesting-768x435.jpg 768w\" sizes=\"(max-width: 939px) 100vw, 939px\" \/><\/a><\/p>\n<p>La r\u00e9sine de myrrhe obtenue \u00e0 partir de l'arbre est d\u00e9barrass\u00e9e des feuilles, des morceaux d'\u00e9corce et des particules de terre. La qualit\u00e9 du produit d\u00e9pend de sa couleur et de son odeur. La meilleure qualit\u00e9 est rouge ou brune, d\u00e9finie comme grade A++. La myrrhe (tr\u00e8s) fonc\u00e9e, en revanche, est impure et contient des particules \u00e9trang\u00e8res.<\/p>","protected":false},"excerpt":{"rendered":"<p>La r\u00e9sine de myrrhe Kua du Y\u00e9men est assez rare. Il s'agit d'un type unique de r\u00e9sine d'encens provenant de l'\u00eele isol\u00e9e de Socrota, qui appartient au Y\u00e9men.<\/p>\n<p>Encens sacr\u00e9 \u00e0 base de r\u00e9sine de myrrhe<\/p>\n<p><strong>Grade : <\/strong>1+<br \/>\n<strong>Origine :<\/strong> Socrota (\u00eele), Y\u00e9men<br \/>\n<strong>Nom de l'esp\u00e8ce :<\/strong> Commiphora Kua<br \/>\n<strong>Couleur :<\/strong> Brun rouge\u00e2tre translucide<\/p>\n<p>&nbsp;<\/p>","protected":false},"featured_media":1501,"template":"","meta":{"_seopress_robots_primary_cat":"none","_seopress_titles_title":"Myrrh Kua Resin -Sacred Myrrh from Socrota Island - Yemen -","_seopress_titles_desc":"Myrrh Kua resin from Yemen is quite rare. This is a unique type of incense resin from the isolated Socrota island belonging to Yemen. Commiphora Kua","_seopress_robots_index":"","_kad_blocks_custom_css":"","_kad_blocks_head_custom_js":"","_kad_blocks_body_custom_js":"","_kad_blocks_footer_custom_js":"","_kad_post_transparent":"default","_kad_post_title":"","_kad_post_layout":"default","_kad_post_sidebar_id":"","_kad_post_content_style":"default","_kad_post_vertical_padding":"default","_kad_post_feature":"","_kad_post_feature_position":"","_kad_post_header":false,"_kad_post_footer":false,"_kad_post_classname":""},"product_brand":[],"product_cat":[101,125],"product_tag":[115,79,81],"class_list":{"0":"post-1504","1":"product","2":"type-product","3":"status-publish","4":"has-post-thumbnail","6":"product_cat-frankincense","7":"product_cat-incense","8":"product_tag-frankinsence","9":"product_tag-incense","10":"product_tag-yemen","12":"first","13":"instock","14":"taxable","15":"shipping-taxable","16":"purchasable","17":"product-type-variable","18":"entry","19":"content-bg","20":"loop-entry"},"taxonomy_info":{"product_cat":[{"value":101,"label":"Frankincense"},{"value":125,"label":"Incense"}],"product_tag":[{"value":115,"label":"Frankinsence"},{"value":79,"label":"Incense"},{"value":81,"label":"Yemen"}]},"featured_image_src_large":["https:\/\/orisha-ossain.com\/wp-content\/uploads\/2023\/08\/mtrs001-1024x762.jpg",1024,762,true],"author_info":[],"comment_info":"","_links":{"self":[{"href":"https:\/\/orisha-ossain.com\/fr\/wp-json\/wp\/v2\/product\/1504","targetHints":{"allow":["GET"]}}],"collection":[{"href":"https:\/\/orisha-ossain.com\/fr\/wp-json\/wp\/v2\/product"}],"about":[{"href":"https:\/\/orisha-ossain.com\/fr\/wp-json\/wp\/v2\/types\/product"}],"wp:featuredmedia":[{"embeddable":true,"href":"https:\/\/orisha-ossain.com\/fr\/wp-json\/wp\/v2\/media\/1501"}],"wp:attachment":[{"href":"https:\/\/orisha-ossain.com\/fr\/wp-json\/wp\/v2\/media?parent=1504"}],"wp:term":[{"taxonomy":"product_brand","embeddable":true,"href":"https:\/\/orisha-ossain.com\/fr\/wp-json\/wp\/v2\/product_brand?post=1504"},{"taxonomy":"product_cat","embeddable":true,"href":"https:\/\/orisha-ossain.com\/fr\/wp-json\/wp\/v2\/product_cat?post=1504"},{"taxonomy":"product_tag","embeddable":true,"href":"https:\/\/orisha-ossain.com\/fr\/wp-json\/wp\/v2\/product_tag?post=1504"}],"curies":[{"name":"wp","href":"https:\/\/api.w.org\/{rel}","templated":true}]}}