{"id":1306,"date":"2023-08-12T13:46:45","date_gmt":"2023-08-12T11:46:45","guid":{"rendered":"http:\/\/orisha-ossain.com\/?post_type=product&#038;p=1306"},"modified":"2026-02-27T10:33:33","modified_gmt":"2026-02-27T09:33:33","slug":"simple-tepi","status":"publish","type":"product","link":"https:\/\/orisha-ossain.com\/fr\/product\/simple-tepi\/","title":{"rendered":"Simple Tepi"},"content":{"rendered":"<p>Tepi simple, efficace et bon march\u00e9. Du m\u00eame fabricant que ces Kuripe<br \/>\nTrois parties de bois r\u00e9nov\u00e9 sont solidement coll\u00e9es ensemble et joliment finies.<\/p>\n<p><a href=\"http:\/\/orisha-ossain.com\/wp-content\/uploads\/2023\/08\/t03-1.jpg\"><img decoding=\"async\" class=\"aligncenter wp-image-1478 size-full\" src=\"http:\/\/orisha-ossain.com\/wp-content\/uploads\/2023\/08\/t03-1.jpg\" alt=\"\" width=\"553\" height=\"800\" srcset=\"https:\/\/orisha-ossain.com\/wp-content\/uploads\/2023\/08\/t03-1.jpg 553w, https:\/\/orisha-ossain.com\/wp-content\/uploads\/2023\/08\/t03-1-207x300.jpg 207w\" sizes=\"(max-width: 553px) 100vw, 553px\" \/><\/a><\/p>\n<p>Diff\u00e9rence de couleur, durable<br \/>\nLorsque ce bois a \u00e9t\u00e9 coup\u00e9 en morceaux et s\u00e9ch\u00e9, il l'a \u00e9t\u00e9 dans des conditions claires ou sombres, ce qui donne au bois sa couleur finale. C'est le processus d'oxydation dans les diff\u00e9rentes conditions qui cr\u00e9e diff\u00e9rentes r\u00e9actions \"chimiques\" dans le bois qui d\u00e9termine sa couleur finale. Le bois dont sont faits ces Tepis provient de maisons d\u00e9molies dans le sud du Br\u00e9sil. Des parties de meubles, de lits et de toits ont \u00e9t\u00e9 r\u00e9cup\u00e9r\u00e9es, coup\u00e9es \u00e0 nouveau et utilis\u00e9es pour vous.<\/p>\n<p><a href=\"http:\/\/orisha-ossain.com\/wp-content\/uploads\/2023\/08\/0009.jpg\"><img decoding=\"async\" class=\"size-medium wp-image-1479 aligncenter\" src=\"http:\/\/orisha-ossain.com\/wp-content\/uploads\/2023\/08\/0009-201x300.jpg\" alt=\"\" width=\"201\" height=\"300\" srcset=\"https:\/\/orisha-ossain.com\/wp-content\/uploads\/2023\/08\/0009-201x300.jpg 201w, https:\/\/orisha-ossain.com\/wp-content\/uploads\/2023\/08\/0009-686x1024.jpg 686w, https:\/\/orisha-ossain.com\/wp-content\/uploads\/2023\/08\/0009-768x1147.jpg 768w, https:\/\/orisha-ossain.com\/wp-content\/uploads\/2023\/08\/0009-1028x1536.jpg 1028w, https:\/\/orisha-ossain.com\/wp-content\/uploads\/2023\/08\/0009.jpg 1080w\" sizes=\"(max-width: 201px) 100vw, 201px\" \/><\/a><\/p>\n<h2 style=\"text-align: center;\">Tepi et <a href=\"http:\/\/orisha-ossain.com\/fr\/product-category\/tepi\/\">Kuripe<span style=\"font-size: 16px;\">\u00a0<\/span><\/a><\/h2>\n<p style=\"text-align: center;\">Jetez un coup d'\u0153il \u00e0 la collection de Tepi et Kuripe. Diff\u00e9rents styles de diff\u00e9rents artistes sont disponibles. <a style=\"font-weight: bold; font-family: var(--global-body-font-family);\" href=\"http:\/\/orisha-ossain.com\/wp-content\/uploads\/2023\/06\/Tepi-Blessings.jpg\"><img decoding=\"async\" class=\"wp-image-55 size-medium aligncenter\" src=\"http:\/\/orisha-ossain.com\/wp-content\/uploads\/2023\/06\/Tepi-Blessings-300x199.jpg\" alt=\"Tepis recevant les b\u00e9n\u00e9dictions de leurs cr\u00e9ateurs\" width=\"300\" height=\"199\" srcset=\"https:\/\/orisha-ossain.com\/wp-content\/uploads\/2023\/06\/Tepi-Blessings-300x199.jpg 300w, https:\/\/orisha-ossain.com\/wp-content\/uploads\/2023\/06\/Tepi-Blessings.jpg 640w\" sizes=\"(max-width: 300px) 100vw, 300px\" \/><\/a><span style=\"font-size: 14px; font-family: var(--global-body-font-family);\">Tepis recevant les b\u00e9n\u00e9dictions de leurs cr\u00e9ateurs<\/span><\/p>","protected":false},"excerpt":{"rendered":"<p>Tepi simple, efficace et bon march\u00e9. Du m\u00eame fabricant que ces Kuripe<br \/>\nTrois parties de bois r\u00e9nov\u00e9 sont solidement coll\u00e9es ensemble et joliment finies.<\/p>\n<p>Poids : 75 grammes<\/p>","protected":false},"featured_media":1476,"template":"","meta":{"_seopress_robots_primary_cat":"none","_seopress_titles_title":"","_seopress_titles_desc":"","_seopress_robots_index":"","_kad_blocks_custom_css":"","_kad_blocks_head_custom_js":"","_kad_blocks_body_custom_js":"","_kad_blocks_footer_custom_js":"","_kad_post_transparent":"default","_kad_post_title":"","_kad_post_layout":"default","_kad_post_sidebar_id":"","_kad_post_content_style":"default","_kad_post_vertical_padding":"default","_kad_post_feature":"","_kad_post_feature_position":"","_kad_post_header":false,"_kad_post_footer":false,"_kad_post_classname":""},"product_brand":[],"product_cat":[66],"product_tag":[76],"class_list":{"0":"post-1306","1":"product","2":"type-product","3":"status-publish","4":"has-post-thumbnail","6":"product_cat-tepi","7":"product_tag-tepi","9":"first","10":"instock","11":"taxable","12":"shipping-taxable","13":"purchasable","14":"product-type-simple","15":"entry","16":"content-bg","17":"loop-entry"},"taxonomy_info":{"product_cat":[{"value":66,"label":"Tepi"}],"product_tag":[{"value":76,"label":"Tepi"}]},"featured_image_src_large":["https:\/\/orisha-ossain.com\/wp-content\/uploads\/2023\/08\/t01-2.jpg",800,572,false],"author_info":[],"comment_info":"","_links":{"self":[{"href":"https:\/\/orisha-ossain.com\/fr\/wp-json\/wp\/v2\/product\/1306","targetHints":{"allow":["GET"]}}],"collection":[{"href":"https:\/\/orisha-ossain.com\/fr\/wp-json\/wp\/v2\/product"}],"about":[{"href":"https:\/\/orisha-ossain.com\/fr\/wp-json\/wp\/v2\/types\/product"}],"wp:featuredmedia":[{"embeddable":true,"href":"https:\/\/orisha-ossain.com\/fr\/wp-json\/wp\/v2\/media\/1476"}],"wp:attachment":[{"href":"https:\/\/orisha-ossain.com\/fr\/wp-json\/wp\/v2\/media?parent=1306"}],"wp:term":[{"taxonomy":"product_brand","embeddable":true,"href":"https:\/\/orisha-ossain.com\/fr\/wp-json\/wp\/v2\/product_brand?post=1306"},{"taxonomy":"product_cat","embeddable":true,"href":"https:\/\/orisha-ossain.com\/fr\/wp-json\/wp\/v2\/product_cat?post=1306"},{"taxonomy":"product_tag","embeddable":true,"href":"https:\/\/orisha-ossain.com\/fr\/wp-json\/wp\/v2\/product_tag?post=1306"}],"curies":[{"name":"wp","href":"https:\/\/api.w.org\/{rel}","templated":true}]}}