{"id":1298,"date":"2023-08-17T00:34:35","date_gmt":"2023-08-16T22:34:35","guid":{"rendered":"http:\/\/orisha-ossain.com\/?post_type=product&#038;p=1298"},"modified":"2026-04-12T18:04:51","modified_gmt":"2026-04-12T16:04:51","slug":"rape-dosage-scoop","status":"publish","type":"product","link":"https:\/\/orisha-ossain.com\/fr\/product\/rape-dosage-scoop\/","title":{"rendered":"Rap\u00e9 Dosage Scoop"},"content":{"rendered":"<h2>Scoop de dosage en bambou Rap\u00e9<\/h2>\n<p>La pelle doseuse rap\u00e9 est un outil simple qui permet de faire passer le tabac \u00e0 priser de son contenant \u00e0 sa pipe facilement et proprement. Fabriqu\u00e9es au Br\u00e9sil en bambou dur et d\u00e9cor\u00e9es de motifs indig\u00e8nes. Elles ont des largeurs diff\u00e9rentes et sont orn\u00e9es d'argile d'artiste. Disponibles en 2 styles diff\u00e9rents. L'un a une graine noire et une graine rouge \u00e0 la pointe appel\u00e9e Olho de Cabra. L'autre a une graine appel\u00e9e Rusraksa \u00e0 sa pointe...<a href=\"http:\/\/orisha-ossain.com\/wp-content\/uploads\/2023\/08\/099.jpg\"><img decoding=\"async\" class=\"aligncenter wp-image-1301 size-medium\" src=\"http:\/\/orisha-ossain.com\/wp-content\/uploads\/2023\/08\/099-300x227.jpg\" alt=\"rap\u00e9 dose scoop \" width=\"300\" height=\"227\" srcset=\"https:\/\/orisha-ossain.com\/wp-content\/uploads\/2023\/08\/099-300x227.jpg 300w, https:\/\/orisha-ossain.com\/wp-content\/uploads\/2023\/08\/099-768x580.jpg 768w, https:\/\/orisha-ossain.com\/wp-content\/uploads\/2023\/08\/099.jpg 794w\" sizes=\"(max-width: 300px) 100vw, 300px\" \/><\/a><\/p>\n<h2>Dosage traditionnel du Rap\u00e9<\/h2>\n<p>Lorsque les Br\u00e9siliens prennent leur rap\u00e9, il atterrit d'abord sur leur main. En g\u00e9n\u00e9ral, tous les Indiens br\u00e9siliens, caboclos et autres utilisateurs de rap\u00e9 que j'ai rencontr\u00e9s au cours des dix ann\u00e9es pendant lesquelles j'ai visit\u00e9 ce pays intense et magnifique prennent leur bouteille de rap\u00e9 et mettent ensuite une quantit\u00e9 de tabac \u00e0 priser dans leur main. Ils aplatissent le rap\u00e9 avec la pointe de leur tepi et le divisent en portions \u00e9gales. Une pour chaque narine.<\/p>\n<p>Lorsque le rap\u00e9 repose sur la main, c'est le moment de l'affirmation de la pri\u00e8re et de l'intention. Ensuite, une dose est pr\u00e9lev\u00e9e sur la main et vers\u00e9e dans le tepi. Apr\u00e8s la deuxi\u00e8me application, la main est souffl\u00e9e et les restes sont essuy\u00e9s.<\/p>\n<p><a href=\"http:\/\/orisha-ossain.com\/wp-content\/uploads\/2023\/08\/dos03.jpg\"><img decoding=\"async\" class=\"size-medium wp-image-1304 aligncenter\" src=\"http:\/\/orisha-ossain.com\/wp-content\/uploads\/2023\/08\/dos03-300x254.jpg\" alt=\"multipe rap\u00e9 dose scoop\" width=\"300\" height=\"254\" srcset=\"https:\/\/orisha-ossain.com\/wp-content\/uploads\/2023\/08\/dos03-300x254.jpg 300w, https:\/\/orisha-ossain.com\/wp-content\/uploads\/2023\/08\/dos03.jpg 710w\" sizes=\"(max-width: 300px) 100vw, 300px\" \/><\/a><\/p>\n<h2>L'invention du doseur Dosador\/Rap\u00e9<\/h2>\n<p>Lorsque je suis entr\u00e9 en contact avec rap\u00e9 pour la premi\u00e8re fois, un de mes amis utilisait un petit b\u00e2ton de bambou pour pr\u00e9parer l'application du tabac \u00e0 priser. Cela m'a sembl\u00e9 \u00eatre une m\u00e9thode de travail tr\u00e8s simple et propre. Lorsque j'ai demand\u00e9 \u00e0 mon ami d'o\u00f9 venait l'id\u00e9e de proc\u00e9der ainsi, il m'a racont\u00e9 une petite histoire. Mon ami Marco se trouvait dans la for\u00eat d'Acre avec son professeur de chaman caboclo et son ami Antonio. Lorsqu'ils \u00e9taient sur le point d'appliquer le rap\u00e9, Francisco a pris son couteau et, en quelques minutes, il a fabriqu\u00e9 une simple cuill\u00e8re de dosage \u00e0 partir d'un petit b\u00e2ton de bois. Lorsque mon ami Marco a demand\u00e9 \u00e0 Antonio comment l'appeler, il a r\u00e9pondu : \"C'est un dosador\". Cette histoire que mon ami Marco m'a racont\u00e9e s'est d\u00e9roul\u00e9e il y a 18 ans.<\/p>\n<figure id=\"attachment_1305\" aria-describedby=\"caption-attachment-1305\" style=\"width: 240px\" class=\"wp-caption aligncenter\"><a href=\"http:\/\/orisha-ossain.com\/wp-content\/uploads\/2023\/08\/Antonio-Francisco-dos-Santos-Francisquinho.jpg\"><img decoding=\"async\" class=\"wp-image-1305 size-medium\" src=\"http:\/\/orisha-ossain.com\/wp-content\/uploads\/2023\/08\/Antonio-Francisco-dos-Santos-Francisquinho-240x300.jpg\" alt=\"Antonio Francisco dos Santos , l&#039;un des inventeurs du dosador, rap\u00e9 dosage scoop\" width=\"240\" height=\"300\" srcset=\"https:\/\/orisha-ossain.com\/wp-content\/uploads\/2023\/08\/Antonio-Francisco-dos-Santos-Francisquinho-240x300.jpg 240w, https:\/\/orisha-ossain.com\/wp-content\/uploads\/2023\/08\/Antonio-Francisco-dos-Santos-Francisquinho.jpg 480w\" sizes=\"(max-width: 240px) 100vw, 240px\" \/><\/a><figcaption id=\"caption-attachment-1305\" class=\"wp-caption-text\">Antonio Francisco dos Santos<\/figcaption><\/figure>\n<h2>Avantages de l'utilisation d'un doseur<\/h2>\n<p>Il est tr\u00e8s facile de constater que l'utilisation d'une pelle doseuse permet de garder les mains propres. De plus, vous \u00e9viterez de perdre votre pr\u00e9cieux tabac \u00e0 priser. En outre, c'est un moyen plus efficace et plus pr\u00e9cis de pr\u00e9parer deux doses identiques.<\/p>\n<h2>Fabriquer son propre doseur de Rap\u00e9<\/h2>\n<p>Pour fabriquer votre pelle, vous avez besoin de bambou s\u00e9ch\u00e9, d'un petit couteau de cuisine et d'une petite scie \u00e0 main. Le bambou pousse dans de nombreux endroits et peut \u00e9galement \u00eatre achet\u00e9 sec dans les magasins de jardinage. L'esprit cr\u00e9atif n'aura aucun mal \u00e0 fabriquer son dosador.<\/p>\n<h2 style=\"text-align: center;\"><a href=\"http:\/\/orisha-ossain.com\/fr\/product-category\/tepi\/\">Tepi<\/a> et <a href=\"http:\/\/orisha-ossain.com\/fr\/kuripe\/\">Kuripe<\/a><span style=\"font-size: 16px;\">\u00a0<\/span><\/h2>\n<p style=\"text-align: center;\">Jetez un coup d'\u0153il \u00e0 la collection de Tepi et Kuripe. Diff\u00e9rents styles de diff\u00e9rents artistes sont disponibles. <a style=\"font-weight: bold; font-family: var(--global-body-font-family);\" href=\"http:\/\/orisha-ossain.com\/wp-content\/uploads\/2023\/06\/Tepi-Blessings.jpg\"><img decoding=\"async\" class=\"wp-image-55 size-medium aligncenter\" src=\"http:\/\/orisha-ossain.com\/wp-content\/uploads\/2023\/06\/Tepi-Blessings-300x199.jpg\" alt=\"Tepis recevant les b\u00e9n\u00e9dictions de leurs cr\u00e9ateurs\" width=\"300\" height=\"199\" srcset=\"https:\/\/orisha-ossain.com\/wp-content\/uploads\/2023\/06\/Tepi-Blessings-300x199.jpg 300w, https:\/\/orisha-ossain.com\/wp-content\/uploads\/2023\/06\/Tepi-Blessings.jpg 640w\" sizes=\"(max-width: 300px) 100vw, 300px\" \/><\/a><span style=\"font-size: 14px; font-family: var(--global-body-font-family);\">Tepis recevant les b\u00e9n\u00e9dictions de leurs cr\u00e9ateurs<\/span><\/p>","protected":false},"excerpt":{"rendered":"<p>La pelle doseuse rap\u00e9 est un outil simple qui permet de faire passer le tabac \u00e0 priser de son contenant \u00e0 sa pipe d'une mani\u00e8re simple et propre. Fabriqu\u00e9es au Br\u00e9sil en bambou dur et d\u00e9cor\u00e9es de motifs indig\u00e8nes. Ils ont des largeurs diff\u00e9rentes et sont d\u00e9cor\u00e9s avec de l'argile d'artiste. Maintenant disponible en 2 styles diff\u00e9rents, Olho de Cabra et Rusraksa.<\/p>\n<p>S'adapte \u00e0 la plupart des Tepi.<br \/>\nAttention ! Si vous avez un kuripe avec un petit diam\u00e8tre, l'\u00e9cope ne rentrera pas !<\/p>","protected":false},"featured_media":3581,"template":"","meta":{"_seopress_robots_primary_cat":"none","_seopress_titles_title":"Rap\u00e9 Dosage Scoop - Easy ,Clean & Precise - Orisha Ossain","_seopress_titles_desc":"A rap\u00e9 dosage scoop is a simple tool to get your snuff from your container in your blowpipe in a easy and clean way. Now availeble in two styles.","_seopress_robots_index":"","_kad_blocks_custom_css":"","_kad_blocks_head_custom_js":"","_kad_blocks_body_custom_js":"","_kad_blocks_footer_custom_js":"","_kad_post_transparent":"default","_kad_post_title":"","_kad_post_layout":"default","_kad_post_sidebar_id":"","_kad_post_content_style":"default","_kad_post_vertical_padding":"default","_kad_post_feature":"","_kad_post_feature_position":"","_kad_post_header":false,"_kad_post_footer":false,"_kad_post_classname":""},"product_brand":[],"product_cat":[67,66],"product_tag":[75,76],"class_list":{"0":"post-1298","1":"product","2":"type-product","3":"status-publish","4":"has-post-thumbnail","6":"product_cat-kuripe","7":"product_cat-tepi","8":"product_tag-kuripe","9":"product_tag-tepi","11":"first","12":"instock","13":"featured","14":"taxable","15":"shipping-taxable","16":"purchasable","17":"product-type-variable","18":"entry","19":"content-bg","20":"loop-entry"},"taxonomy_info":{"product_cat":[{"value":67,"label":"Kuripe"},{"value":66,"label":"Tepi"}],"product_tag":[{"value":75,"label":"Kuripe"},{"value":76,"label":"Tepi"}]},"featured_image_src_large":["https:\/\/orisha-ossain.com\/wp-content\/uploads\/2024\/07\/scoopr-011-1024x906.jpg",1024,906,true],"author_info":[],"comment_info":"","_links":{"self":[{"href":"https:\/\/orisha-ossain.com\/fr\/wp-json\/wp\/v2\/product\/1298","targetHints":{"allow":["GET"]}}],"collection":[{"href":"https:\/\/orisha-ossain.com\/fr\/wp-json\/wp\/v2\/product"}],"about":[{"href":"https:\/\/orisha-ossain.com\/fr\/wp-json\/wp\/v2\/types\/product"}],"wp:featuredmedia":[{"embeddable":true,"href":"https:\/\/orisha-ossain.com\/fr\/wp-json\/wp\/v2\/media\/3581"}],"wp:attachment":[{"href":"https:\/\/orisha-ossain.com\/fr\/wp-json\/wp\/v2\/media?parent=1298"}],"wp:term":[{"taxonomy":"product_brand","embeddable":true,"href":"https:\/\/orisha-ossain.com\/fr\/wp-json\/wp\/v2\/product_brand?post=1298"},{"taxonomy":"product_cat","embeddable":true,"href":"https:\/\/orisha-ossain.com\/fr\/wp-json\/wp\/v2\/product_cat?post=1298"},{"taxonomy":"product_tag","embeddable":true,"href":"https:\/\/orisha-ossain.com\/fr\/wp-json\/wp\/v2\/product_tag?post=1298"}],"curies":[{"name":"wp","href":"https:\/\/api.w.org\/{rel}","templated":true}]}}