{"id":1176,"date":"2023-08-01T15:49:41","date_gmt":"2023-08-01T13:49:41","guid":{"rendered":"http:\/\/orisha-ossain.com\/?post_type=product&#038;p=1176"},"modified":"2025-12-15T14:37:34","modified_gmt":"2025-12-15T13:37:34","slug":"breu-branco-incense-resin","status":"publish","type":"product","link":"https:\/\/orisha-ossain.com\/fr\/product\/breu-branco-incense-resin\/","title":{"rendered":"R\u00e9sine d'encens Breu Branco"},"content":{"rendered":"<h2>Breu Branco<\/h2>\n<p>Le Breu Branco est la r\u00e9sine sacr\u00e9e de la for\u00eat amazonienne, au parfum agr\u00e9able et frais. Les Indiens l'utilisent dans les c\u00e9r\u00e9monies, les rituels de gu\u00e9rison et pour cr\u00e9er une bonne \u00e9nergie. Il est r\u00e9colt\u00e9 au c\u0153ur du tronc de l'arbre connu localement sous le nom d'Almecegueira. Ses principales propri\u00e9t\u00e9s th\u00e9rapeutiques sont le nettoyage du champ astral et l'\u00e9l\u00e9vation spirituelle.<\/p>\n<figure id=\"attachment_1185\" aria-describedby=\"caption-attachment-1185\" style=\"width: 300px\" class=\"wp-caption alignright\"><a href=\"http:\/\/orisha-ossain.com\/wp-content\/uploads\/2023\/08\/Breu-branco-1-1.jpg\"><img decoding=\"async\" class=\"size-medium wp-image-1185\" src=\"http:\/\/orisha-ossain.com\/wp-content\/uploads\/2023\/08\/Breu-branco-1-1-300x185.jpg\" alt=\"breu branco\" width=\"300\" height=\"185\" srcset=\"https:\/\/orisha-ossain.com\/wp-content\/uploads\/2023\/08\/Breu-branco-1-1-300x185.jpg 300w, https:\/\/orisha-ossain.com\/wp-content\/uploads\/2023\/08\/Breu-branco-1-1.jpg 680w\" sizes=\"(max-width: 300px) 100vw, 300px\" \/><\/a><figcaption id=\"caption-attachment-1185\" class=\"wp-caption-text\">R\u00e9sine Breu Branco s'\u00e9coulant d'un arbre<\/figcaption><\/figure>\n<p class=\"font-weight-bold text-white line-height-lg\">Le Breu Branco est l'un des myst\u00e9rieux tr\u00e9sors de l'Amazonie. Issue d'un tronc d'arbre \u00e0 l'ombre de la for\u00eat, la r\u00e9sine de couleur blanche qui s'\u00e9coule parfume naturellement l'environnement d'une senteur rare et surprenante. Une fois s\u00e9ch\u00e9e, la r\u00e9sine qui reste dans le tronc peut \u00eatre retir\u00e9e \u00e0 la main.<\/p>\n<p>Bien que le mot \"branco\" signifie blanc, la couleur de la r\u00e9sine change compl\u00e8tement apr\u00e8s le s\u00e9chage.<\/p>\n<h2>Breu branco, <span class=\"tile--img__title\">Protium heptaphyllum<\/span><\/h2>\n<p>Le Protium heptaphyllum est un grand arbre ligneux \u00e0 feuilles persistantes qui peut atteindre 10 \u00e0 20 m\u00e8tres de haut. <i>Protium heptaphyllum<\/i>\u00a0a \u00e9t\u00e9 d\u00e9couverte en Amazonie. Le biome que cette esp\u00e8ce occupe est la for\u00eat tropicale humide. On peut trouver cette esp\u00e8ce dans les sols sablonneux de ces r\u00e9gions humides.<\/p>\n<figure id=\"attachment_1181\" aria-describedby=\"caption-attachment-1181\" style=\"width: 300px\" class=\"wp-caption aligncenter\"><a href=\"http:\/\/orisha-ossain.com\/wp-content\/uploads\/2023\/08\/breu_branco_tree.jpg\"><img decoding=\"async\" class=\"wp-image-1181 size-medium\" src=\"http:\/\/orisha-ossain.com\/wp-content\/uploads\/2023\/08\/breu_branco_tree-300x199.jpg\" alt=\"Breu branco\" width=\"300\" height=\"199\" srcset=\"https:\/\/orisha-ossain.com\/wp-content\/uploads\/2023\/08\/breu_branco_tree-300x199.jpg 300w, https:\/\/orisha-ossain.com\/wp-content\/uploads\/2023\/08\/breu_branco_tree-768x511.jpg 768w, https:\/\/orisha-ossain.com\/wp-content\/uploads\/2023\/08\/breu_branco_tree.jpg 940w\" sizes=\"(max-width: 300px) 100vw, 300px\" \/><\/a><figcaption id=\"caption-attachment-1181\" class=\"wp-caption-text\">Protium heptaphyllum arbre<\/figcaption><\/figure>","protected":false},"excerpt":{"rendered":"<p>Gros morceaux de r\u00e9sine Breu branco<\/p>\n<p><strong>Grade : <\/strong>A<br \/>\n<strong>Origine :<\/strong> Br\u00e9sil<br \/>\n<strong>Nom de l'esp\u00e8ce :<\/strong> Protium heptaphyllum alm\u00e9cega, breu, alm\u00edscar, breuzinho<br \/>\n<strong>Couleurs :<\/strong> Gris, gris fonc\u00e9<\/p>\n<p>&nbsp;<\/p>","protected":false},"featured_media":1290,"template":"","meta":{"_seopress_robots_primary_cat":"none","_seopress_titles_title":"Breu Branco Resin - Protium Heptaphyllum - Orisha Ossain","_seopress_titles_desc":"Big chunks of Breu branco Resin\r\n\r\nGrade: A\r\nOrigin: Brazil\r\nSpecies Name: Protium heptaphyllum alm\u00e9cega,\u00a0breu, alm\u00edscar, breuzinho\r\nColors: Grey, dark grey","_seopress_robots_index":"","_kad_blocks_custom_css":"","_kad_blocks_head_custom_js":"","_kad_blocks_body_custom_js":"","_kad_blocks_footer_custom_js":"","_kad_post_transparent":"default","_kad_post_title":"","_kad_post_layout":"default","_kad_post_sidebar_id":"","_kad_post_content_style":"default","_kad_post_vertical_padding":"default","_kad_post_feature":"","_kad_post_feature_position":"","_kad_post_header":false,"_kad_post_footer":false,"_kad_post_classname":""},"product_brand":[],"product_cat":[101],"product_tag":[94,115],"class_list":{"0":"post-1176","1":"product","2":"type-product","3":"status-publish","4":"has-post-thumbnail","6":"product_cat-frankincense","7":"product_tag-brazil","8":"product_tag-frankinsence","10":"first","11":"outofstock","12":"taxable","13":"shipping-taxable","14":"purchasable","15":"product-type-variable","16":"entry","17":"content-bg","18":"loop-entry"},"taxonomy_info":{"product_cat":[{"value":101,"label":"Frankincense"}],"product_tag":[{"value":94,"label":"Brazil"},{"value":115,"label":"Frankinsence"}]},"featured_image_src_large":["https:\/\/orisha-ossain.com\/wp-content\/uploads\/2023\/08\/breu01-1024x736.jpg",1024,736,true],"author_info":[],"comment_info":"","_links":{"self":[{"href":"https:\/\/orisha-ossain.com\/fr\/wp-json\/wp\/v2\/product\/1176","targetHints":{"allow":["GET"]}}],"collection":[{"href":"https:\/\/orisha-ossain.com\/fr\/wp-json\/wp\/v2\/product"}],"about":[{"href":"https:\/\/orisha-ossain.com\/fr\/wp-json\/wp\/v2\/types\/product"}],"wp:featuredmedia":[{"embeddable":true,"href":"https:\/\/orisha-ossain.com\/fr\/wp-json\/wp\/v2\/media\/1290"}],"wp:attachment":[{"href":"https:\/\/orisha-ossain.com\/fr\/wp-json\/wp\/v2\/media?parent=1176"}],"wp:term":[{"taxonomy":"product_brand","embeddable":true,"href":"https:\/\/orisha-ossain.com\/fr\/wp-json\/wp\/v2\/product_brand?post=1176"},{"taxonomy":"product_cat","embeddable":true,"href":"https:\/\/orisha-ossain.com\/fr\/wp-json\/wp\/v2\/product_cat?post=1176"},{"taxonomy":"product_tag","embeddable":true,"href":"https:\/\/orisha-ossain.com\/fr\/wp-json\/wp\/v2\/product_tag?post=1176"}],"curies":[{"name":"wp","href":"https:\/\/api.w.org\/{rel}","templated":true}]}}